{"id":1393,"date":"2021-11-10T18:19:58","date_gmt":"2021-11-10T17:19:58","guid":{"rendered":"https:\/\/agora.xtec.cat\/ehtg\/?page_id=1393"},"modified":"2023-09-21T17:34:43","modified_gmt":"2023-09-21T15:34:43","slug":"restaurante-de-deguistacion","status":"publish","type":"page","link":"https:\/\/agora.xtec.cat\/ehtg\/restaurante-de-deguistacion\/","title":{"rendered":"Restaurante de degustaci\u00f3n"},"content":{"rendered":"<h1>Qu\u00e9 ofrecemos<\/h1>\n<div class=\"text mb15\">\n<p>Un men\u00fa degustaci\u00f3n integrado por platos de diversas cartas tem\u00e1ticas que se cambian a lo largo del curso.<\/p>\n<p>Este men\u00fa confeccionado por los alumnos y profesores de la Escuela est\u00e1 formado por: aperitivo, entrante fr\u00edo, entrante caliente, pescado, carne, prepostres, postres, caf\u00e9 o infusi\u00f3n y <em>petits fours<\/em>.<\/p>\n<p>Precio: <strong>35 \u20ac<\/strong> con el maridaje de vinos. IVA incluido.<\/p>\n<p><strong>\u00a0 \u00a0 \u00a0 \u00a0 \u00a0 \u00a0 30 \u20ac<\/strong> sin vinos. IVA incluido.<\/p>\n<h1>Horario<\/h1>\n<p>Horario de entrada: de 13:30 h a 14:30 h. <strong>Solo mediod\u00edas. Lunes cerrado.<\/strong><\/p>\n<p>De martes a viernes, los d\u00edas lectivos. Cerrado en periodo de vacaciones escolares o d\u00edas festivos.<\/p>\n<p><strong>Se ruega puntualidad. Para poder acabar la clase correctamente los clientes han de finalizar su estancia en el comedor no m\u00e1s tarde de las 16:30 h.<\/strong><\/p>\n<p>Gracias por su comprensi\u00f3n.<\/p>\n<p><strong>Para reservas llamen al 972 22 01 22.<\/strong><\/p>\n<p>&nbsp;<\/p>\n<p>En el restaurante de la EHTG cumplimos con la normativa COVID-19 vigente, a partir de la aplicaci\u00f3n de las medidas indicadas por la autoridad competente. Para cualquier aclaraci\u00f3n o consulta pueden dirigirse al personal de Sala.<\/p>\n<p>&nbsp;<\/p>\n<\/div>\n","protected":false},"excerpt":{"rendered":"<p>Qu\u00e9 ofrecemos<\/p>\n<p>Un men\u00fa degustaci\u00f3n integrado por platos de diversas cartas tem\u00e1ticas que se cambian a lo largo del curso.<br \/>\nEste men\u00fa confeccionado por los alumnos y profesores de la Escuela est\u00e1 formado por: aperitivo, entrante fr\u00edo, entrante caliente, pescado, carne, prepostres, postres, caf\u00e9 o infusi\u00f3n y&hellip;  <a href=\"https:\/\/agora.xtec.cat\/ehtg\/restaurante-de-deguistacion\/\" title=\"Read Restaurante de degustaci\u00f3n\">Llegeix m\u00e9s\u00bb<\/a><\/p>\n","protected":false},"author":1,"featured_media":0,"parent":0,"menu_order":0,"comment_status":"closed","ping_status":"closed","template":"","meta":{"_bbp_topic_count":0,"_bbp_reply_count":0,"_bbp_total_topic_count":0,"_bbp_total_reply_count":0,"_bbp_voice_count":0,"_bbp_anonymous_reply_count":0,"_bbp_topic_count_hidden":0,"_bbp_reply_count_hidden":0,"_bbp_forum_subforum_count":0,"footnotes":""},"class_list":["post-1393","page","type-page","status-publish","hentry"],"post_mailing_queue_ids":[],"_links":{"self":[{"href":"https:\/\/agora.xtec.cat\/ehtg\/wp-json\/wp\/v2\/pages\/1393","targetHints":{"allow":["GET"]}}],"collection":[{"href":"https:\/\/agora.xtec.cat\/ehtg\/wp-json\/wp\/v2\/pages"}],"about":[{"href":"https:\/\/agora.xtec.cat\/ehtg\/wp-json\/wp\/v2\/types\/page"}],"author":[{"embeddable":true,"href":"https:\/\/agora.xtec.cat\/ehtg\/wp-json\/wp\/v2\/users\/1"}],"replies":[{"embeddable":true,"href":"https:\/\/agora.xtec.cat\/ehtg\/wp-json\/wp\/v2\/comments?post=1393"}],"version-history":[{"count":3,"href":"https:\/\/agora.xtec.cat\/ehtg\/wp-json\/wp\/v2\/pages\/1393\/revisions"}],"predecessor-version":[{"id":3972,"href":"https:\/\/agora.xtec.cat\/ehtg\/wp-json\/wp\/v2\/pages\/1393\/revisions\/3972"}],"wp:attachment":[{"href":"https:\/\/agora.xtec.cat\/ehtg\/wp-json\/wp\/v2\/media?parent=1393"}],"curies":[{"name":"wp","href":"https:\/\/api.w.org\/{rel}","templated":true}]}}