{"id":1358,"date":"2021-11-10T17:26:10","date_gmt":"2021-11-10T16:26:10","guid":{"rendered":"https:\/\/agora.xtec.cat\/ehtg\/?page_id=1358"},"modified":"2025-04-01T15:08:32","modified_gmt":"2025-04-01T13:08:32","slug":"medi-ambient","status":"publish","type":"page","link":"https:\/\/agora.xtec.cat\/ehtg\/medi-ambient\/","title":{"rendered":"Medi ambient"},"content":{"rendered":"<div>\n<div>\n<div><\/div>\n<p><span style=\"font-family: inherit; font-size: 1em;\">A l&#8217;Escola d&#8217;Hostaleria i Turisme de Girona estem orientats al medi ambient. Funcionem amb criteris de sostenibilitat amb la participaci\u00f3 de tota la comunitat educativa. El nostre comportament ambiental t\u00e9 repercussions directes sobre el nostre entorn m\u00e9s immediat i m\u00e9s enll\u00e0.<\/span><\/p>\n<\/div>\n<p>La incorporaci\u00f3 de criteris ambientals t\u00e9 els objectius seg\u00fcents:<\/p>\n<ul>\n<li>Reduir la despesa energ\u00e8tica del centre.<\/li>\n<li>Conscienciar la comunitat educativa de la import\u00e0ncia de reduir, reciclar i reutilitzar.<\/li>\n<li>Planificar la gesti\u00f3 ambiental al centre i procurar que l\u2019esperit mediambiental sigui present a totes les activitats de l&#8217;EHTG, ja siguin estructurals o b\u00e9 de formaci\u00f3.<\/li>\n<\/ul>\n<\/div>\n<ul>\n<li><a href=\"https:\/\/padlet.com\/fmasip4\/venda-de-material-i-llibres-de-2a-m-azomix6mmpum3eml\" target=\"_blank\" rel=\"noopener\">Venta de llibres i material de segona m\u00e0<\/a><\/li>\n<li style=\"text-align: left;\">Sostenibilitat als centres<\/li>\n<\/ul>\n<p><a href=\"https:\/\/agora.xtec.cat\/ehtg\/wp-content\/uploads\/usu2642\/2021\/11\/medi-ambient-2.jpg\"><img loading=\"lazy\" decoding=\"async\" class=\"size-medium wp-image-1396 aligncenter\" src=\"https:\/\/agora.xtec.cat\/ehtg\/wp-content\/uploads\/usu2642\/2021\/11\/medi-ambient-2-300x300.jpg\" alt=\"\" width=\"300\" height=\"300\" srcset=\"https:\/\/agora.xtec.cat\/ehtg\/wp-content\/uploads\/usu2642\/2021\/11\/medi-ambient-2-300x300.jpg 300w, https:\/\/agora.xtec.cat\/ehtg\/wp-content\/uploads\/usu2642\/2021\/11\/medi-ambient-2-150x150.jpg 150w, https:\/\/agora.xtec.cat\/ehtg\/wp-content\/uploads\/usu2642\/2021\/11\/medi-ambient-2.jpg 346w\" sizes=\"auto, (max-width: 300px) 100vw, 300px\" \/><\/a><\/p>\n<p style=\"text-align: right;\">\n","protected":false},"excerpt":{"rendered":"<p>A l&#8217;Escola d&#8217;Hostaleria i Turisme de Girona estem orientats al medi ambient. Funcionem amb criteris de sostenibilitat amb la participaci\u00f3 de tota la comunitat educativa. El nostre comportament ambiental t\u00e9 repercussions directes sobre el nostre entorn m\u00e9s immediat i m\u00e9s enll\u00e0.<\/p>\n<p>La incorporaci\u00f3 de criteris ambientals&hellip;  <a href=\"https:\/\/agora.xtec.cat\/ehtg\/medi-ambient\/\" title=\"Read Medi ambient\">Llegeix m\u00e9s\u00bb<\/a><\/p>\n","protected":false},"author":1,"featured_media":0,"parent":0,"menu_order":0,"comment_status":"closed","ping_status":"closed","template":"","meta":{"_bbp_topic_count":0,"_bbp_reply_count":0,"_bbp_total_topic_count":0,"_bbp_total_reply_count":0,"_bbp_voice_count":0,"_bbp_anonymous_reply_count":0,"_bbp_topic_count_hidden":0,"_bbp_reply_count_hidden":0,"_bbp_forum_subforum_count":0,"footnotes":""},"class_list":["post-1358","page","type-page","status-publish","hentry"],"post_mailing_queue_ids":[],"_links":{"self":[{"href":"https:\/\/agora.xtec.cat\/ehtg\/wp-json\/wp\/v2\/pages\/1358","targetHints":{"allow":["GET"]}}],"collection":[{"href":"https:\/\/agora.xtec.cat\/ehtg\/wp-json\/wp\/v2\/pages"}],"about":[{"href":"https:\/\/agora.xtec.cat\/ehtg\/wp-json\/wp\/v2\/types\/page"}],"author":[{"embeddable":true,"href":"https:\/\/agora.xtec.cat\/ehtg\/wp-json\/wp\/v2\/users\/1"}],"replies":[{"embeddable":true,"href":"https:\/\/agora.xtec.cat\/ehtg\/wp-json\/wp\/v2\/comments?post=1358"}],"version-history":[{"count":5,"href":"https:\/\/agora.xtec.cat\/ehtg\/wp-json\/wp\/v2\/pages\/1358\/revisions"}],"predecessor-version":[{"id":13178,"href":"https:\/\/agora.xtec.cat\/ehtg\/wp-json\/wp\/v2\/pages\/1358\/revisions\/13178"}],"wp:attachment":[{"href":"https:\/\/agora.xtec.cat\/ehtg\/wp-json\/wp\/v2\/media?parent=1358"}],"curies":[{"name":"wp","href":"https:\/\/api.w.org\/{rel}","templated":true}]}}