{"id":13501,"date":"2025-10-14T16:53:50","date_gmt":"2025-10-14T14:53:50","guid":{"rendered":"https:\/\/agora.xtec.cat\/ehtg\/?page_id=13501"},"modified":"2025-10-14T16:53:50","modified_gmt":"2025-10-14T14:53:50","slug":"eleccions-al-consell-escolar-des-centre","status":"publish","type":"page","link":"https:\/\/agora.xtec.cat\/ehtg\/eleccions-al-consell-escolar-des-centre\/","title":{"rendered":"Eleccions al Consell Escolar des centre"},"content":{"rendered":"<p>Durant aquest mes de novembre es portaran a terme les eleccions per a la renovaci\u00f3 de la meitat dels membres del consell escolar del centre, del sector professorat, alumnat, fam\u00edlies, PAS i PAE.<\/p>\n<p>Els membres que es renovaran s\u00f3n 4 professors, 3 mares i pares, 3 alumnes, 1 PAS i 1 PAE.<\/p>\n<p><strong>Des de l&#8217;equip directiu us encoratgem a participar-hi donada la import\u00e0ncia del Consell Escolar, ja que \u00e9s el m\u00e0xim \u00f2rgan de govern i gesti\u00f3 del centre i \u00e9s on es troben representats tots els sectors de la comunitat educativa.<\/strong><\/p>\n<p>Calendari:<\/p>\n<ul>\n<li>El sorteig per designar els membres de les meses electorals es far\u00e0 a les 12.00h del 3 de novembre a la Sala d&#8217;Actes del centre.<\/li>\n<li>Les meses electorals es constituiran el 10 de novembre a l&#8217;edifici escolar.<\/li>\n<li>Els censos electorals estaran exposats al tauler d&#8217;anuncis del centre fins el 3 de novembre.<\/li>\n<li>Del 3 al 6 de novembre\u00a0 es poden presentar al\u00b7legacions al cens.<\/li>\n<li>Fins al 11 de novembre es poden presentar candidatures (<a href=\"https:\/\/agora.xtec.cat\/ehtg\/wp-content\/uploads\/usu2642\/2025\/10\/Presentacio_candidatura.pdf\">Presentaci\u00f3_candidatura<\/a>)<\/li>\n<li>Les candidatures admeses es publicaran el 12 de novembre al tauler d&#8217;anuncis del centre.<\/li>\n<li>Les sol\u00b7licituds per actuar com a supervisor es faran abans del dia 13 de novembre<\/li>\n<li>Votacions:\n<ul>\n<li>Professors:\u00a0 17\/11\/2025\u00a0 \u00a0de les 8.00h a les 19.00h\u00a0 a la Secretaria del centre.<\/li>\n<li>Mares i pares:\u00a0 18\/11\/2025\u00a0 de les 9.00h a les 20.00h a la Secretaria del centre.<\/li>\n<li>Alumnes: 19\/11\/2025 de les 8.00h a les 19.00h a la Secretaria del centre.<\/li>\n<li>PAS i PAE: 20\/11\/2025 de les 14.00h a les 16.00h a la Secretaria del centre.<\/li>\n<\/ul>\n<\/li>\n<\/ul>\n<p><strong>Actualitzat 15\/09\/25<\/strong><\/p>\n","protected":false},"excerpt":{"rendered":"<p>Durant aquest mes de novembre es portaran a terme les eleccions per a la renovaci\u00f3 de la meitat dels membres del consell escolar del centre, del sector professorat, alumnat, fam\u00edlies, PAS i PAE.<br \/>\nEls membres que es renovaran s\u00f3n 4 professors, 3 mares i pares, 3&hellip;  <a href=\"https:\/\/agora.xtec.cat\/ehtg\/eleccions-al-consell-escolar-des-centre\/\" title=\"Read Eleccions al Consell Escolar des centre\">Llegeix m\u00e9s\u00bb<\/a><\/p>\n","protected":false},"author":1,"featured_media":0,"parent":0,"menu_order":0,"comment_status":"closed","ping_status":"closed","template":"","meta":{"_bbp_topic_count":0,"_bbp_reply_count":0,"_bbp_total_topic_count":0,"_bbp_total_reply_count":0,"_bbp_voice_count":0,"_bbp_anonymous_reply_count":0,"_bbp_topic_count_hidden":0,"_bbp_reply_count_hidden":0,"_bbp_forum_subforum_count":0,"footnotes":""},"class_list":["post-13501","page","type-page","status-publish","hentry"],"post_mailing_queue_ids":[],"_links":{"self":[{"href":"https:\/\/agora.xtec.cat\/ehtg\/wp-json\/wp\/v2\/pages\/13501","targetHints":{"allow":["GET"]}}],"collection":[{"href":"https:\/\/agora.xtec.cat\/ehtg\/wp-json\/wp\/v2\/pages"}],"about":[{"href":"https:\/\/agora.xtec.cat\/ehtg\/wp-json\/wp\/v2\/types\/page"}],"author":[{"embeddable":true,"href":"https:\/\/agora.xtec.cat\/ehtg\/wp-json\/wp\/v2\/users\/1"}],"replies":[{"embeddable":true,"href":"https:\/\/agora.xtec.cat\/ehtg\/wp-json\/wp\/v2\/comments?post=13501"}],"version-history":[{"count":1,"href":"https:\/\/agora.xtec.cat\/ehtg\/wp-json\/wp\/v2\/pages\/13501\/revisions"}],"predecessor-version":[{"id":13503,"href":"https:\/\/agora.xtec.cat\/ehtg\/wp-json\/wp\/v2\/pages\/13501\/revisions\/13503"}],"wp:attachment":[{"href":"https:\/\/agora.xtec.cat\/ehtg\/wp-json\/wp\/v2\/media?parent=13501"}],"curies":[{"name":"wp","href":"https:\/\/api.w.org\/{rel}","templated":true}]}}