{"id":13476,"date":"2025-10-05T11:38:46","date_gmt":"2025-10-05T09:38:46","guid":{"rendered":"https:\/\/agora.xtec.cat\/ehtg\/?page_id=13476"},"modified":"2026-03-26T11:42:53","modified_gmt":"2026-03-26T10:42:53","slug":"sollicutud-i-recollida-de-titols","status":"publish","type":"page","link":"https:\/\/agora.xtec.cat\/ehtg\/sollicutud-i-recollida-de-titols\/","title":{"rendered":"Sol\u00b7licitud i recollida de t\u00edtols"},"content":{"rendered":"<h4 style=\"text-align: center;\">Sol\u00b7licitud<\/h4>\n<div>\n<p>Els t\u00edtols acad\u00e8mics es poden sol.licitar a partir de la finalitzaci\u00f3 dels estudis, sense data l\u00edmit, un cop avaluat l\u2019alumnat i tancades les Juntes d\u2019Avaluaci\u00f3, nom\u00e9s cal esperar que es carreguin les dades a l\u2019aplicatiu inform\u00e0tic.<\/p>\n<ul>\n<li style=\"text-align: left;\">L&#8217;alumnat que aprova en 1a convocat\u00f2ria pot tramitar el t\u00edtol a partir del 15 de juny.<\/li>\n<li style=\"text-align: left;\">L&#8217;alumnat que aprova en 2a convocat\u00f2ria pot tramitar el t\u00edtol a partir del 20 juny.<\/li>\n<li style=\"text-align: left;\">L&#8217;alumnat que acaba l&#8217;estada a l&#8217;empresa m\u00e9s tard de la 2a convocat\u00f2ria i ho tenen tot aprovat pot tramitar el t\u00edtol a partir del 30 de juny.<\/li>\n<li style=\"text-align: left;\">L&#8217;alumnat que va a l&#8217;avaluaci\u00f3 de juliol per haver acabat l&#8217;estada a l&#8217;empresa la primera quinzena de juliol han de tramitar el t\u00edtol el dia 26 de juliol.<\/li>\n<li style=\"text-align: left;\">L&#8217;alumnat que va a l&#8217;avaluaci\u00f3 de setembre per haver acabat l&#8217;estada a l&#8217;empresa la segona quinzena de juliol o primera de setembre han de tramitar el t\u00edtol el dia 26 de setembre.<\/li>\n<\/ul>\n<p><strong>NOVETAT (GENER-2026) CICLES FORMATIUS:<\/strong><\/p>\n<p>Per a sol.licitar el t\u00edtol acad\u00e8mic o duplicat de <strong>CICLES FORMATIUS (FP)\u00a0<\/strong>s\u2019ha de demanar\u00a0<strong>a partir del 2 de febrer de 2026\u00a0<\/strong>online mitjan\u00e7ant l\u2019enlla\u00e7\u00a0<a href=\"https:\/\/tramits.gencat.cat\/ca\/tramits\/tramits-temes\/titols-academics-no-universitaris\">https:\/\/tramits.gencat.cat\/ca\/tramits\/tramits-temes\/titols-academics-no-universitaris<\/a><\/p>\n<p><strong>IMPORTANT!! Un cop pagada la taxa haureu de fer arribar a la secretaria del centre <a href=\"mailto:titols@ehtg.cat\">titols@ehtg.cat<\/a>, no m\u00e9s tard de 48 hores, el resguard de sol\u00b7licitud i del pagament, per tal que podem validar-la i fer-vos arribar el certificat segellat perqu\u00e8 tingui validesa.<\/strong><\/p>\n<p>Cal que junt al resguard ens feu arribar c\u00f2pia de:<\/p>\n<ol>\n<li><em>Alumnat de nacionalitat espanyola: <\/em>DNI en vigor<\/li>\n<li><em style=\"font-family: inherit; font-size: 1em;\">Alumnat nacional d\u2019un estat membre de la UE: <\/em>Carta d\u2019identitat de l\u2019estat membre de la UE en vigor o passaport en vigor. Els estats membres de la UE s\u00f3n els seg\u00fcents: https:\/\/europa.eu\/european-union\/about-eu\/countries_es<\/li>\n<li><em style=\"font-family: inherit; font-size: 1em;\">Alumnat nacional d\u2019un estat no membre de la UE: <\/em>NIE: s\u2019ha d\u2019acreditar necess\u00e0riament mitjan\u00e7ant la targeta de resid\u00e8ncia en vigor o passaport en vigor.<\/li>\n<li>Si un\/a alumne\/a t\u00e9 doble nacionalitat, i una d\u2019aquestes nacionalitats \u00e9s l\u2019espanyola, s\u2019ha d\u2019identificar sempre amb el DNI en vigor.<\/li>\n<\/ol>\n<p>En cas de tenir alguna bonificaci\u00f3 cal que ens feu arribar el document acreditatiu de la mateixa.<\/p>\n<p><strong>Taxa per l&#8217;expedici\u00f3 de t\u00edtols acad\u00e8mics i professionals<\/strong><\/p>\n<p>Formaci\u00f3 professional:<\/p>\n<ul>\n<li>T\u00edtol de t\u00e8cnic\/a: 69,65 euros<\/li>\n<li>T\u00edtol de t\u00e8cnic\/a superior: 78 euros<\/li>\n<\/ul>\n<p>Bonificaci\u00f3 del 50%\u00a0de l&#8217;import\u00a0per a:<\/p>\n<ul>\n<li>membres de fam\u00edlia nombrosa de categoria general i<\/li>\n<li>membres de fam\u00edlies monoparentals.<\/li>\n<\/ul>\n<p>Exempci\u00f3 del 100%\u00a0del pagament per a:<\/p>\n<ul>\n<li>membres de fam\u00edlia nombrosa de categoria especial,<\/li>\n<li>v\u00edctimes del terrorisme (i els seus c\u00f2njuges i els seus fills i filles),<\/li>\n<li>persones amb discapacitat igual o superior al 33% i<\/li>\n<li>infants o adolescents en acolliment familiar.<\/li>\n<\/ul>\n<p>&nbsp;<\/p>\n<h4 style=\"text-align: center;\">Recollida<\/h4>\n<div>\n<p>Quan el t\u00edtol arribi a l&#8217;EHTG, us contactarem per informar-vos que ja podeu venir a recollir-lo.<\/p>\n<p>Aleshores, heu d&#8217;adre\u00e7ar-vos a la secretaria del centre. \u00c9s imprescindible presentar el resguard del t\u00edtol i el DNI (original).<\/p>\n<p>En cas que no pugui venir la persona interessada, es pot autoritzar alg\u00fa altre per venir a recollir-lo. En aquest cas, caldr\u00e0 portar l&#8217;impr\u00e8s d&#8217;autoritzaci\u00f3 (<a href=\"https:\/\/docs.google.com\/forms\/d\/e\/1FAIpQLSdDEAVIPiPVXzahnjOyKH3BhcUWG48GI243uzXFQSpcu0HNAw\/viewform?usp=sharing&amp;ouid=115161167227128493547\" target=\"_blank\" rel=\"noopener\">autoritzaci\u00f3 a tercers<\/a>) signat i l&#8217;original i fotoc\u00f2pia del DNI de la persona interessada i d&#8217;aquella que vingui a fer el tr\u00e0mit, tr\u00e0mit presencial.<\/p>\n<\/div>\n<p style=\"text-align: right;\"><strong>Actualitzaci\u00f3: 23\/02\/26<\/strong><\/p>\n<\/div>\n","protected":false},"excerpt":{"rendered":"<p>Sol\u00b7licitud<\/p>\n<p>Els t\u00edtols acad\u00e8mics es poden sol.licitar a partir de la finalitzaci\u00f3 dels estudis, sense data l\u00edmit, un cop avaluat l\u2019alumnat i tancades les Juntes d\u2019Avaluaci\u00f3, nom\u00e9s cal esperar que es carreguin les dades a l\u2019aplicatiu inform\u00e0tic.<\/p>\n<ul>\n<li style=\"text-align: left;\">L&#8217;alumnat que aprova en 1a convocat\u00f2ria pot tramitar&hellip;  <a href=\"https:\/\/agora.xtec.cat\/ehtg\/sollicutud-i-recollida-de-titols\/\" title=\"Read Sol\u00b7licitud i recollida de t\u00edtols\">Llegeix m\u00e9s\u00bb<\/a><br \/>\n","protected":false},"author":1,"featured_media":0,"parent":0,"menu_order":0,"comment_status":"closed","ping_status":"closed","template":"","meta":{"_bbp_topic_count":0,"_bbp_reply_count":0,"_bbp_total_topic_count":0,"_bbp_total_reply_count":0,"_bbp_voice_count":0,"_bbp_anonymous_reply_count":0,"_bbp_topic_count_hidden":0,"_bbp_reply_count_hidden":0,"_bbp_forum_subforum_count":0,"footnotes":""},"class_list":["post-13476","page","type-page","status-publish","hentry"],"post_mailing_queue_ids":[],"_links":{"self":[{"href":"https:\/\/agora.xtec.cat\/ehtg\/wp-json\/wp\/v2\/pages\/13476","targetHints":{"allow":["GET"]}}],"collection":[{"href":"https:\/\/agora.xtec.cat\/ehtg\/wp-json\/wp\/v2\/pages"}],"about":[{"href":"https:\/\/agora.xtec.cat\/ehtg\/wp-json\/wp\/v2\/types\/page"}],"author":[{"embeddable":true,"href":"https:\/\/agora.xtec.cat\/ehtg\/wp-json\/wp\/v2\/users\/1"}],"replies":[{"embeddable":true,"href":"https:\/\/agora.xtec.cat\/ehtg\/wp-json\/wp\/v2\/comments?post=13476"}],"version-history":[{"count":6,"href":"https:\/\/agora.xtec.cat\/ehtg\/wp-json\/wp\/v2\/pages\/13476\/revisions"}],"predecessor-version":[{"id":13588,"href":"https:\/\/agora.xtec.cat\/ehtg\/wp-json\/wp\/v2\/pages\/13476\/revisions\/13588"}],"wp:attachment":[{"href":"https:\/\/agora.xtec.cat\/ehtg\/wp-json\/wp\/v2\/media?parent=13476"}],"curies":[{"name":"wp","href":"https:\/\/api.w.org\/{rel}","templated":true}]}}