{"id":13464,"date":"2025-09-29T12:20:14","date_gmt":"2025-09-29T10:20:14","guid":{"rendered":"https:\/\/agora.xtec.cat\/ehtg\/?page_id=13464"},"modified":"2026-03-20T10:14:08","modified_gmt":"2026-03-20T09:14:08","slug":"proves-de-complecio","status":"publish","type":"page","link":"https:\/\/agora.xtec.cat\/ehtg\/proves-de-complecio\/","title":{"rendered":"Proves de compleci\u00f3"},"content":{"rendered":"<h4>Proves de compleci\u00f3<\/h4>\n<h2><a href=\"https:\/\/docs.google.com\/spreadsheets\/d\/1gM2xKLFfH5b-rUZVy8YAoc9bAvdzjJcWAFrro4CsXkg\/edit?usp=sharing\" target=\"_blank\" rel=\"noopener\">Enlla\u00e7 a informaci\u00f3 m\u00f2duls<\/a><\/h2>\n<h2><a href=\"https:\/\/docs.google.com\/spreadsheets\/d\/1O-CkJPFd5ztjfZG7MH4-uL28DjiVzbnq3iaickHPBMI\/edit?usp=sharing\" target=\"_blank\" rel=\"noopener\">Enlla\u00e7 a calendari\u00a0<\/a><\/h2>\n<table style=\"border-collapse: collapse; width: 100%; height: 482px;\">\n<tbody>\n<tr style=\"height: 32px;\">\n<td style=\"width: 100%; height: 32px;\"><strong>Objectiu<\/strong><\/td>\n<\/tr>\n<tr style=\"height: 32px;\">\n<td style=\"width: 100%; height: 32px;\">Facilitar a l&#8217;alumnat que ha cursat un cicle formatiu de Formaci\u00f3 Professional LOE, que estan en extinci\u00f3, a l&#8217;EHTG per tal de que el pugui completar. El darrer centre on ho hagi fet, ha d&#8217;\u00e9sser l&#8217;EHTG.<\/td>\n<\/tr>\n<tr style=\"height: 32px;\">\n<td style=\"width: 100%; height: 32px;\"><strong>Fins quan puc optar-hi?<\/strong><\/td>\n<\/tr>\n<tr style=\"height: 32px;\">\n<td style=\"width: 100%; height: 32px;\">Es poden completar durant els dos cursos acad\u00e8mics seg\u00fcents a l&#8217;extinci\u00f3. Cursos 2025-2026 i 2026-2027.<\/td>\n<\/tr>\n<tr style=\"height: 32px;\">\n<td style=\"width: 100%; height: 32px;\"><strong>Per\u00edode d&#8217;inscripci\u00f3 (persones que es presenten per proves d&#8217;avaluaci\u00f3)<\/strong><\/td>\n<\/tr>\n<tr style=\"height: 32px;\">\n<td style=\"width: 100%; height: 32px;\">De l&#8217;1 al 15 d&#8217;octubre. Que permet participar a la convocat\u00f2ria de novembre.<br \/>\nDe l&#8217;1 al 15 de mar\u00e7. Que permet participar a la convocat\u00f2ria d&#8217;abril.<\/td>\n<\/tr>\n<tr style=\"height: 32px;\">\n<td style=\"width: 100%; height: 32px;\"><strong>Convocat\u00f2ries<\/strong><\/td>\n<\/tr>\n<tr style=\"height: 32px;\">\n<td style=\"width: 100%; height: 32px;\">Per a la convocat\u00f2ria de novembre, entre l&#8217;1 i el 30 de novembre.*<br \/>\nPer a la convocat\u00f2ria d&#8217;abril, entre l&#8217;1 i el 30 d&#8217;abril.**<br \/>\n*El calendari d&#8217;ex\u00e0mens es penjar\u00e0 al web del centre del centre el dia 20 d&#8217;octubre<br \/>\n**El calendari d&#8217;ex\u00e0mens es penjar\u00e0 al web del centre del centre el dia 20 de mar\u00e7<\/td>\n<\/tr>\n<tr style=\"height: 32px;\">\n<td style=\"width: 100%; height: 34px;\"><strong>Cicles en proc\u00e9s de compleci\u00f3 per l&#8217;any 2025-2026 i 2026-2027<\/strong><\/td>\n<\/tr>\n<tr style=\"height: 32px;\">\n<td style=\"width: 100%; height: 32px;\">Tots el cicles LOE que s&#8217;han impartit a l&#8217;EHTG.<\/td>\n<\/tr>\n<tr style=\"height: 32px;\">\n<td style=\"width: 100%; height: 32px;\"><strong>Documentaci\u00f3 a aportar durant la matr\u00edcula<\/strong><\/td>\n<\/tr>\n<tr style=\"height: 48px;\">\n<td style=\"width: 100%; height: 48px;\">Original i c\u00f2pia del DNI<br \/>\nDocument d&#8217;inscripci\u00f3 <a href=\"https:\/\/forms.gle\/L9yB67rMM5XH2VKx8\" target=\"_blank\" rel=\"noopener\">ENLLA\u00c7<\/a><\/td>\n<\/tr>\n<tr style=\"height: 32px;\">\n<td style=\"width: 100%; height: 32px;\"><strong>Informaci\u00f3 pel pagament<\/strong><\/td>\n<\/tr>\n<tr style=\"height: 48px;\">\n<td style=\"width: 100%; height: 48px;\">Ingr\u00e9s del preu p\u00fablic de 25\u20ac per m\u00f2dul als CFGS<br \/>\nIngr\u00e9s material fungible per proves de cada m\u00f2duls pr\u00e0ctic 20\u20ac als CFGM i CFGS<\/td>\n<\/tr>\n<\/tbody>\n<\/table>\n<p style=\"text-align: right;\"><strong>Actualitzat: 20\/03\/26<\/strong><\/p>\n","protected":false},"excerpt":{"rendered":"<p>Proves de compleci\u00f3<br \/>\n<a href=\"https:\/\/docs.google.com\/spreadsheets\/d\/1gM2xKLFfH5b-rUZVy8YAoc9bAvdzjJcWAFrro4CsXkg\/edit?usp=sharing\" target=\"_blank\" rel=\"noopener\">Enlla\u00e7 a informaci\u00f3 m\u00f2duls<\/a><br \/>\n<a href=\"https:\/\/docs.google.com\/spreadsheets\/d\/1O-CkJPFd5ztjfZG7MH4-uL28DjiVzbnq3iaickHPBMI\/edit?usp=sharing\" target=\"_blank\" rel=\"noopener\">Enlla\u00e7 a calendari\u00a0<\/a><\/p>\n<p>Objectiu<\/p>\n<p>Facilitar a l&#8217;alumnat que ha cursat un cicle formatiu de Formaci\u00f3 Professional LOE, que estan en extinci\u00f3, a l&#8217;EHTG per tal de que el pugui completar. El darrer centre on ho hagi&hellip;  <a href=\"https:\/\/agora.xtec.cat\/ehtg\/proves-de-complecio\/\" title=\"Read Proves de compleci\u00f3\">Llegeix m\u00e9s\u00bb<\/a><\/p>\n","protected":false},"author":1,"featured_media":0,"parent":0,"menu_order":0,"comment_status":"closed","ping_status":"closed","template":"","meta":{"_bbp_topic_count":0,"_bbp_reply_count":0,"_bbp_total_topic_count":0,"_bbp_total_reply_count":0,"_bbp_voice_count":0,"_bbp_anonymous_reply_count":0,"_bbp_topic_count_hidden":0,"_bbp_reply_count_hidden":0,"_bbp_forum_subforum_count":0,"footnotes":""},"class_list":["post-13464","page","type-page","status-publish","hentry"],"post_mailing_queue_ids":[],"_links":{"self":[{"href":"https:\/\/agora.xtec.cat\/ehtg\/wp-json\/wp\/v2\/pages\/13464","targetHints":{"allow":["GET"]}}],"collection":[{"href":"https:\/\/agora.xtec.cat\/ehtg\/wp-json\/wp\/v2\/pages"}],"about":[{"href":"https:\/\/agora.xtec.cat\/ehtg\/wp-json\/wp\/v2\/types\/page"}],"author":[{"embeddable":true,"href":"https:\/\/agora.xtec.cat\/ehtg\/wp-json\/wp\/v2\/users\/1"}],"replies":[{"embeddable":true,"href":"https:\/\/agora.xtec.cat\/ehtg\/wp-json\/wp\/v2\/comments?post=13464"}],"version-history":[{"count":5,"href":"https:\/\/agora.xtec.cat\/ehtg\/wp-json\/wp\/v2\/pages\/13464\/revisions"}],"predecessor-version":[{"id":13577,"href":"https:\/\/agora.xtec.cat\/ehtg\/wp-json\/wp\/v2\/pages\/13464\/revisions\/13577"}],"wp:attachment":[{"href":"https:\/\/agora.xtec.cat\/ehtg\/wp-json\/wp\/v2\/media?parent=13464"}],"curies":[{"name":"wp","href":"https:\/\/api.w.org\/{rel}","templated":true}]}}