{"id":1336,"date":"2021-11-10T16:53:03","date_gmt":"2021-11-10T15:53:03","guid":{"rendered":"https:\/\/agora.xtec.cat\/ehtg\/?page_id=1336"},"modified":"2023-10-21T17:12:07","modified_gmt":"2023-10-21T15:12:07","slug":"pla-tac","status":"publish","type":"page","link":"https:\/\/agora.xtec.cat\/ehtg\/pla-tac\/","title":{"rendered":"Pla TAC"},"content":{"rendered":"<p><a href=\"https:\/\/sites.google.com\/xtec.cat\/ehtggestiotac\/inici\" target=\"_blank\" rel=\"noopener\">Pla TAC<\/a><\/p>\n<div class=\"oKdM2c\">\n<div id=\"h.p_-kfiJXFdGclP\" class=\"hJDwNd-AhqUyc-wNfPc pSzOP-AhqUyc-wNfPc jXK9ad D2fZ2 GNzUNc\">\n<div class=\"jXK9ad-SmKAyb\">\n<div class=\"tyJCtd mGzaTb baZpAe\">\n<p id=\"h.p_QjcwrPA3GclR\" class=\"CDt4Ke zfr3Q\">EL PAPER DE LES TECNOLOGIES A L&#8217;ESCOLA<\/p>\n<\/div>\n<\/div>\n<\/div>\n<\/div>\n<div class=\"oKdM2c\">\n<div id=\"h.p_X8HWmALlGclT\" class=\"hJDwNd-AhqUyc-wNfPc pSzOP-AhqUyc-wNfPc jXK9ad D2fZ2 GNzUNc\">\n<div class=\"jXK9ad-SmKAyb\">\n<div class=\"tyJCtd mGzaTb baZpAe\">\n<p id=\"h.p_bXzppeX3GclV\" class=\"CDt4Ke zfr3Q\">La governan\u00e7a de les tecnologies en el centre pertoca a tota la comunitat educativa, ja que aquest pot esdevenir un poder\u00f3s mecanisme d&#8217;innovaci\u00f3.<\/p>\n<p id=\"h.p_k9ANfVbGfv-2\" class=\"CDt4Ke zfr3Q\">Ens estar\u00edem equivocant si cregu\u00e9ssim que pel sol fet d\u2019incorporar tecnologies a l\u2019escola es produeix innovaci\u00f3 i canvi metodol\u00f2gic. Tanmateix, aquest proc\u00e9s d\u2019implementaci\u00f3 s\u00ed que pot propiciar el replantejament compartit de moltes rutines escolars i la reflexi\u00f3 col\u00b7lectiva sobre quines estrat\u00e8gies adoptar per afavorir l\u2019aprenentatge de l\u2019alumnat.<\/p>\n<\/div>\n<\/div>\n<\/div>\n<\/div>\n","protected":false},"excerpt":{"rendered":"<p><a href=\"https:\/\/sites.google.com\/xtec.cat\/ehtggestiotac\/inici\" target=\"_blank\" rel=\"noopener\">Pla TAC<\/a><\/p>\n<p>EL PAPER DE LES TECNOLOGIES A L&#8217;ESCOLA<\/p>\n<p>La governan\u00e7a de les tecnologies en el centre pertoca a tota la comunitat educativa, ja que aquest pot esdevenir un poder\u00f3s mecanisme d&#8217;innovaci\u00f3.<br \/>\nEns estar\u00edem equivocant si cregu\u00e9ssim que pel sol fet d\u2019incorporar tecnologies a l\u2019escola&hellip;  <a href=\"https:\/\/agora.xtec.cat\/ehtg\/pla-tac\/\" title=\"Read Pla TAC\">Llegeix m\u00e9s\u00bb<\/a><\/p>\n","protected":false},"author":1,"featured_media":0,"parent":0,"menu_order":0,"comment_status":"closed","ping_status":"closed","template":"","meta":{"_bbp_topic_count":0,"_bbp_reply_count":0,"_bbp_total_topic_count":0,"_bbp_total_reply_count":0,"_bbp_voice_count":0,"_bbp_anonymous_reply_count":0,"_bbp_topic_count_hidden":0,"_bbp_reply_count_hidden":0,"_bbp_forum_subforum_count":0,"footnotes":""},"class_list":["post-1336","page","type-page","status-publish","hentry"],"post_mailing_queue_ids":[],"_links":{"self":[{"href":"https:\/\/agora.xtec.cat\/ehtg\/wp-json\/wp\/v2\/pages\/1336","targetHints":{"allow":["GET"]}}],"collection":[{"href":"https:\/\/agora.xtec.cat\/ehtg\/wp-json\/wp\/v2\/pages"}],"about":[{"href":"https:\/\/agora.xtec.cat\/ehtg\/wp-json\/wp\/v2\/types\/page"}],"author":[{"embeddable":true,"href":"https:\/\/agora.xtec.cat\/ehtg\/wp-json\/wp\/v2\/users\/1"}],"replies":[{"embeddable":true,"href":"https:\/\/agora.xtec.cat\/ehtg\/wp-json\/wp\/v2\/comments?post=1336"}],"version-history":[{"count":3,"href":"https:\/\/agora.xtec.cat\/ehtg\/wp-json\/wp\/v2\/pages\/1336\/revisions"}],"predecessor-version":[{"id":1649,"href":"https:\/\/agora.xtec.cat\/ehtg\/wp-json\/wp\/v2\/pages\/1336\/revisions\/1649"}],"wp:attachment":[{"href":"https:\/\/agora.xtec.cat\/ehtg\/wp-json\/wp\/v2\/media?parent=1336"}],"curies":[{"name":"wp","href":"https:\/\/api.w.org\/{rel}","templated":true}]}}