{"id":13288,"date":"2025-06-17T13:18:37","date_gmt":"2025-06-17T11:18:37","guid":{"rendered":"https:\/\/agora.xtec.cat\/ehtg\/?page_id=13288"},"modified":"2025-07-17T19:01:08","modified_gmt":"2025-07-17T17:01:08","slug":"matricula-ife","status":"publish","type":"page","link":"https:\/\/agora.xtec.cat\/ehtg\/matricula-ife\/","title":{"rendered":"Matr\u00edcula IFE"},"content":{"rendered":"<p style=\"text-align: left;\">L&#8217;alumnat que ja ha estat matr\u00edculat al centre, han de fer la matr\u00edcula per al curs 25\/26 el divendres <strong>4 de juliol <\/strong>de les<strong> 9:00 a les 13:00.<\/strong> &#8212; <a href=\"https:\/\/docs.google.com\/spreadsheets\/d\/1yFneQP41T4efEezPnz5hDuCWMoKzzykVAFl4IiHxdmU\/edit?usp=sharing\" target=\"_blank\" rel=\"noopener\">Enlla\u00e7 Horari<\/a><\/p>\n<p>Els nous alumnes admesos han de formalitzar la matr\u00edcula del <strong>19\u00a0al 27 de juny de 2025, ambd\u00f3s dies inclosos<\/strong> (en cas contrari es considera que renuncien a la pla\u00e7a adjudicada, llevat que es produeixi un endarreriment per causes justificades i aix\u00ed ho hagin comunicat al centre).\u00a0 &#8212; <a href=\"https:\/\/preinscripcio.gencat.cat\/ca\/estudis\/ife\/matriculat\/formalitzacio\/\" target=\"_blank\" rel=\"noopener\">Enlla\u00e7 Gencat<\/a><\/p>\n<p><strong>Documents per omplir i portar el dia de matr\u00edcula:<\/strong><\/p>\n<p><span style=\"color: #ff0000;\"><strong>L\u2019ALUMNAT QUE ES MATRICULI, CAL QUE PORTI (sigui alumnat nou o del centre), ORIGINAL I FOTOC\u00d2PIA<br \/>\n<\/strong><\/span><\/p>\n<ol>\n<li aria-level=\"1\">DNI.<\/li>\n<li aria-level=\"1\">Targeta sanit\u00e0ria.<\/li>\n<li aria-level=\"1\">Informe EAP<\/li>\n<li aria-level=\"1\">Informe valoraci\u00f3 del centre anterior<\/li>\n<\/ol>\n<p>En el cas d\u2019<b>alumnat menor<\/b>\u00a0d\u2019edat tamb\u00e9 cal:<\/p>\n<ol>\n<li aria-level=\"1\">DNI pare\/mare i\/o tutor\/a legal.<\/li>\n<li aria-level=\"1\">Llibre de fam\u00edlia o document que justifiqui el parentiu.<\/li>\n<\/ol>\n<p><strong>Altres documents per omplir i portar el dia de matr\u00edcula:<\/strong><\/p>\n<ul>\n<li><a style=\"font-family: inherit; font-size: 1em;\" href=\"https:\/\/agora.xtec.cat\/ehtg\/wp-content\/uploads\/usu2642\/2025\/06\/IFE-2025-26.pdf\" target=\"_blank\" rel=\"noopener\">Pagament matr\u00edcula IFE 2025-26<\/a><\/li>\n<li><strong>Resguard del pagament+<\/strong><\/li>\n<li><strong>Cal omplir el formulari seg\u00fcent, el qual us generar\u00e0 un .pdf al e-mail informat al mateix formulari. El dia de la matr\u00edcula cal portar-lo signat a la secretaria del centre.<\/strong><\/li>\n<li><a style=\"font-family: inherit; font-size: 1em;\" href=\"https:\/\/forms.gle\/tbMzazMSY78H7tE7A\" target=\"_blank\" rel=\"noopener\">Enlla\u00e7 al formulari de dades d&#8217;alumnat.<\/a><\/li>\n<\/ul>\n<p><strong>Informaci\u00f3 d\u2019uniformes, llibres i eines:<\/strong><\/p>\n<p><a href=\"https:\/\/agora.xtec.cat\/ehtg\/wp-content\/uploads\/usu2642\/2025\/07\/UNIFORMES-IFE.pdf\" target=\"_blank\" rel=\"noopener\">UNIFORMES IFE<\/a><\/p>\n<p><a href=\"https:\/\/agora.xtec.cat\/ehtg\/wp-content\/uploads\/usu2642\/2025\/07\/Informacio-general-del-curs_IFE.pdf\">Informaci\u00f3 general del curs &#8211; IFE &#8211; 2025 &#8211; 2026<\/a><\/p>\n<p><a href=\"https:\/\/agora.xtec.cat\/ehtg\/wp-content\/uploads\/usu2642\/2023\/07\/Mapa-esmpreses-material.pdf\">Mapa empreses material<\/a><\/p>\n<div class=\"article-content\">\n<div id=\"ctl00_PlaceHolderMain_ctl05__ControlWrapper_RichHtmlField\" class=\"ms-rtestate-field\" aria-labelledby=\"ctl00_PlaceHolderMain_ctl05_label\">\n<p style=\"text-align: right;\"><strong>Actualitzat:17\/07\/2024<\/strong><\/p>\n<\/div>\n<\/div>\n<p>&nbsp;<\/p>\n","protected":false},"excerpt":{"rendered":"<p>L&#8217;alumnat que ja ha estat matr\u00edculat al centre, han de fer la matr\u00edcula per al curs 25\/26 el divendres 4 de juliol de les 9:00 a les 13:00. &#8212; <a href=\"https:\/\/docs.google.com\/spreadsheets\/d\/1yFneQP41T4efEezPnz5hDuCWMoKzzykVAFl4IiHxdmU\/edit?usp=sharing\" target=\"_blank\" rel=\"noopener\">Enlla\u00e7 Horari<\/a><br \/>\nEls nous alumnes admesos han de formalitzar la matr\u00edcula del 19\u00a0al 27&hellip;  <a href=\"https:\/\/agora.xtec.cat\/ehtg\/matricula-ife\/\" title=\"Read Matr\u00edcula IFE\">Llegeix m\u00e9s\u00bb<\/a><\/p>\n","protected":false},"author":1,"featured_media":0,"parent":0,"menu_order":0,"comment_status":"closed","ping_status":"closed","template":"","meta":{"_bbp_topic_count":0,"_bbp_reply_count":0,"_bbp_total_topic_count":0,"_bbp_total_reply_count":0,"_bbp_voice_count":0,"_bbp_anonymous_reply_count":0,"_bbp_topic_count_hidden":0,"_bbp_reply_count_hidden":0,"_bbp_forum_subforum_count":0,"footnotes":""},"class_list":["post-13288","page","type-page","status-publish","hentry"],"post_mailing_queue_ids":[],"_links":{"self":[{"href":"https:\/\/agora.xtec.cat\/ehtg\/wp-json\/wp\/v2\/pages\/13288","targetHints":{"allow":["GET"]}}],"collection":[{"href":"https:\/\/agora.xtec.cat\/ehtg\/wp-json\/wp\/v2\/pages"}],"about":[{"href":"https:\/\/agora.xtec.cat\/ehtg\/wp-json\/wp\/v2\/types\/page"}],"author":[{"embeddable":true,"href":"https:\/\/agora.xtec.cat\/ehtg\/wp-json\/wp\/v2\/users\/1"}],"replies":[{"embeddable":true,"href":"https:\/\/agora.xtec.cat\/ehtg\/wp-json\/wp\/v2\/comments?post=13288"}],"version-history":[{"count":6,"href":"https:\/\/agora.xtec.cat\/ehtg\/wp-json\/wp\/v2\/pages\/13288\/revisions"}],"predecessor-version":[{"id":13349,"href":"https:\/\/agora.xtec.cat\/ehtg\/wp-json\/wp\/v2\/pages\/13288\/revisions\/13349"}],"wp:attachment":[{"href":"https:\/\/agora.xtec.cat\/ehtg\/wp-json\/wp\/v2\/media?parent=13288"}],"curies":[{"name":"wp","href":"https:\/\/api.w.org\/{rel}","templated":true}]}}