{"id":1327,"date":"2021-11-10T13:54:59","date_gmt":"2021-11-10T12:54:59","guid":{"rendered":"https:\/\/agora.xtec.cat\/ehtg\/?page_id=1327"},"modified":"2021-11-11T13:27:00","modified_gmt":"2021-11-11T12:27:00","slug":"instalaciones","status":"publish","type":"page","link":"https:\/\/agora.xtec.cat\/ehtg\/instalaciones\/","title":{"rendered":"Instalaciones"},"content":{"rendered":"<p style=\"text-align: center;\"><strong>VISITA VIRTUAL<\/strong><\/p>\n<p><a href=\"https:\/\/visitavirtual.ehtg.cat\/\" target=\"_blank\" rel=\"noopener\"><img loading=\"lazy\" decoding=\"async\" class=\"aligncenter wp-image-546\" src=\"https:\/\/agora.xtec.cat\/ehtg\/wp-content\/uploads\/usu2642\/2021\/09\/de-logo_esc.-fons-blanc.jpg\" alt=\"VISITA VIRTUAL\" width=\"109\" height=\"105\" srcset=\"https:\/\/agora.xtec.cat\/ehtg\/wp-content\/uploads\/usu2642\/2021\/09\/de-logo_esc.-fons-blanc.jpg 565w, https:\/\/agora.xtec.cat\/ehtg\/wp-content\/uploads\/usu2642\/2021\/09\/de-logo_esc.-fons-blanc-300x291.jpg 300w\" sizes=\"auto, (max-width: 109px) 100vw, 109px\" \/><\/a><\/p>\n<p>&nbsp;<\/p>\n<header class=\"entry-header\">\n<p class=\"entry-title\" style=\"text-align: center;\"><strong><span style=\"font-family: inherit; font-size: 1em;\">Con la inauguraci\u00f3n de la nueva Escuela por parte del Presidente de la Generalitat en septiembre de 1992, se cierra el importante proceso de ampliaci\u00f3n y de reforma que supuso la transformaci\u00f3n de la antigua Escuela de Sant Narc\u00eds. Os presentamos unas fotograf\u00edas que ilustran los diferentes espacios e instalaciones de las que dispone nuestro centro.<\/span><\/strong><\/p>\n<p>&nbsp;<\/p>\n<\/header>\n<div class=\"entry-content\">\n<p><strong><em>Hall<\/em> de entrada<\/strong><\/p>\n<hr \/>\n<div class=\"slideshow_container slideshow_container_style-light\" data-slideshow-id=\"304\" data-style-name=\"style-light\" data-style-version=\"2.3.1\" data-slideshow-active=\"1\">\n<div class=\"slideshow_content\">\n<div class=\"slideshow_view\">\n<div class=\"slideshow_slide slideshow_slide_image\">\n<div class=\"slideshow_description_box slideshow_transparent\">\n<div class=\"slideshow_title\" style=\"text-align: justify;\"><em>Hall<\/em> entrada<\/div>\n<\/div>\n<\/div>\n<div style=\"text-align: justify;\"><\/div>\n<\/div>\n<div class=\"slideshow_view\" style=\"text-align: justify;\">\n<div class=\"slideshow_slide slideshow_slide_image\">\n<div class=\"slideshow_description_box slideshow_transparent\">\n<div class=\"slideshow_title\"><em>Hall<\/em> acceso<\/div>\n<\/div>\n<\/div>\n<div><\/div>\n<\/div>\n<div class=\"slideshow_view slideshow_currentView\" style=\"text-align: justify;\">\n<div class=\"slideshow_slide slideshow_slide_image\">\n<div class=\"slideshow_description_box slideshow_transparent\">\n<div class=\"slideshow_title\">Entrada principal<\/div>\n<\/div>\n<\/div>\n<div><\/div>\n<\/div>\n<div class=\"slideshow_view\" style=\"text-align: justify;\">\n<div class=\"slideshow_slide slideshow_slide_image\">\n<div class=\"slideshow_description_box slideshow_transparent\">\n<div class=\"slideshow_title\">Acceso principal<\/div>\n<\/div>\n<\/div>\n<div><\/div>\n<\/div>\n<\/div>\n<div class=\"slideshow_button slideshow_next slideshow_transparent\" style=\"text-align: justify;\" tabindex=\"0\" title=\"Seg\u00fcent\" role=\"button\" data-next-text=\"Seg\u00fcent\"><\/div>\n<div style=\"text-align: justify;\" tabindex=\"0\" title=\"Seg\u00fcent\" role=\"button\" data-next-text=\"Seg\u00fcent\"><\/div>\n<\/div>\n<p style=\"text-align: justify;\">La EHTG se caracteriza por su luminosidad y apertura al exterior. La luz y los espacios amigables son unas de las caracter\u00edsticas que definen la arquitectura de las instalaciones del centro.<\/p>\n<p>&nbsp;<\/p>\n<p><strong>Sala de actos<\/strong><\/p>\n<div class=\"slideshow_container slideshow_container_style-light\" data-slideshow-id=\"305\" data-style-name=\"style-light\" data-style-version=\"2.3.1\" data-slideshow-active=\"1\">\n<div class=\"slideshow_content\">\n<div class=\"slideshow_view slideshow_currentView\">\n<div class=\"slideshow_slide slideshow_slide_image\">\n<div class=\"slideshow_description_box slideshow_transparent\"><\/div>\n<\/div>\n<\/div>\n<\/div>\n<\/div>\n<p style=\"text-align: justify;\">La sala de actos, con una capacidad para unas 50 personas y equipada con instalaciones audiovisuales, es el lugar en el que se llevan a cabo presentaciones y actividades cada curso. Tambi\u00e9n se organizan actos institucionales del Departamento de Educaci\u00f3n y otras entidades.<\/p>\n<p>&nbsp;<\/p>\n<p><strong>Aula demostraciones<\/strong><\/p>\n<div class=\"slideshow_container slideshow_container_style-light\" data-slideshow-id=\"306\" data-style-name=\"style-light\" data-style-version=\"2.3.1\" data-slideshow-active=\"1\">\n<div class=\"slideshow_content\">\n<div class=\"slideshow_view\">\n<div class=\"slideshow_slide slideshow_slide_image\">\n<div class=\"slideshow_description_box slideshow_transparent\"><\/div>\n<\/div>\n<\/div>\n<\/div>\n<\/div>\n<p>Este aula sirve para hacer clases y actividades practicas. Se hacen tambi\u00e9n demostraciones llevadas a cabo por nuestro alumnado y profesorado, y por profesionales y empresas del sector.<\/p>\n<p>&nbsp;<\/p>\n<p><strong><span class=\"blanc\">Restaurantes y bar<\/span><br \/>\n<\/strong><\/p>\n<hr \/>\n<div class=\"slideshow_container slideshow_container_style-light\" data-slideshow-id=\"308\" data-style-name=\"style-light\" data-style-version=\"2.3.1\" data-slideshow-active=\"1\">\n<div class=\"slideshow_content\">\n<div class=\"slideshow_view\">\n<div class=\"slideshow_slide slideshow_slide_image\">\n<div class=\"slideshow_description_box slideshow_transparent\">\n<div class=\"slideshow_title\">Restaurante pedag\u00f3gico<\/div>\n<\/div>\n<\/div>\n<div><\/div>\n<\/div>\n<div class=\"slideshow_view slideshow_currentView\">\n<div class=\"slideshow_slide slideshow_slide_image\">\n<div class=\"slideshow_description_box slideshow_transparent\">\n<div class=\"slideshow_title\">Restaurante de degustaci\u00f3n<\/div>\n<\/div>\n<\/div>\n<div><\/div>\n<\/div>\n<div class=\"slideshow_view\">\n<div class=\"slideshow_slide slideshow_slide_image\">\n<div class=\"slideshow_description_box slideshow_transparent\">\n<div class=\"slideshow_title\">La tienda<\/div>\n<\/div>\n<\/div>\n<\/div>\n<div class=\"slideshow_view\">\n<div class=\"slideshow_slide slideshow_slide_image\">\n<div class=\"slideshow_description_box slideshow_transparent\">\n<div class=\"slideshow_title\"><\/div>\n<\/div>\n<\/div>\n<\/div>\n<div class=\"slideshow_view\">\n<div class=\"slideshow_slide slideshow_slide_image\">\n<div class=\"slideshow_description_box slideshow_transparent\">\n<div class=\"slideshow_title\">El bar-cafeter\u00eda<\/div>\n<\/div>\n<\/div>\n<div><\/div>\n<\/div>\n<div class=\"slideshow_view\">\n<div class=\"slideshow_slide slideshow_slide_image\">\n<div class=\"slideshow_description_box slideshow_transparent\">\n<div class=\"slideshow_title\"><\/div>\n<\/div>\n<\/div>\n<\/div>\n<\/div>\n<\/div>\n<p style=\"text-align: justify;\">Las aulas restaurante son los espacios en los que el alumnado de los ciclos de hosteler\u00eda realizan sus clases pr\u00e1cticas. El centro dispone de varios espacios restaurante separados por muros correderos que permiten separar o comunicar los espacios. Dos de estos restaurantes est\u00e1n abiertos al p\u00fablico externo al centre.<\/p>\n<p style=\"text-align: justify;\">El restaurante de degustaci\u00f3n es donde se sirven los platos m\u00e1s elaborados. Es un restaurante con men\u00fa cerrado y temporal, y est\u00e1 abierto a todos. Se sirven \u00fanicamente comidas durante el curso acad\u00e9mico.<\/p>\n<p style=\"text-align: justify;\">El restaurante de aplicaci\u00f3n tambi\u00e9n abre sus puertas al p\u00fablico externo al centro. Se sirven \u00fanicamente comidas y es un restaurante de men\u00fa, el cual cambia semanalmente.<\/p>\n<p style=\"text-align: justify;\">En la tienda hacemos oferta de las elaboraciones del ciclo de pasteler\u00eda, y est\u00e1 abierta al p\u00fablico.<\/p>\n<p style=\"text-align: justify;\">La cafeter\u00eda-bar no est\u00e1 abierta al p\u00fablico, es un espacio de uso y oferta para la comunidad educativa del centro.<\/p>\n<p>&nbsp;<\/p>\n<p><strong><span class=\"blanc\">Cocina \u2013 Panader\u00eda, pasteler\u00eda y confiter\u00eda<\/span><\/strong><\/p>\n<hr \/>\n<div class=\"slideshow_container slideshow_container_style-light\" data-slideshow-id=\"309\" data-style-name=\"style-light\" data-style-version=\"2.3.1\" data-slideshow-active=\"1\">\n<div class=\"slideshow_content\">\n<div class=\"slideshow_view\">\n<div class=\"slideshow_slide slideshow_slide_image\">\n<div class=\"slideshow_description_box slideshow_transparent\">\n<div class=\"slideshow_title\">Espacios cocina<\/div>\n<\/div>\n<\/div>\n<\/div>\n<div class=\"slideshow_view\">\n<div><\/div>\n<\/div>\n<div class=\"slideshow_view slideshow_currentView\">\n<div class=\"slideshow_slide slideshow_slide_image\">\n<div class=\"slideshow_description_box slideshow_transparent\">\n<div class=\"slideshow_title\">Aula de pasteler\u00eda<\/div>\n<\/div>\n<\/div>\n<div><\/div>\n<\/div>\n<div class=\"slideshow_view\">\n<div class=\"slideshow_slide slideshow_slide_image\">\n<div class=\"slideshow_description_box slideshow_transparent\">\n<div class=\"slideshow_title\">Aula de panificaci\u00f3n<\/div>\n<\/div>\n<\/div>\n<div><\/div>\n<\/div>\n<\/div>\n<div class=\"slideshow_button slideshow_next slideshow_transparent\" tabindex=\"0\" title=\"Seg\u00fcent\" role=\"button\" data-next-text=\"Seg\u00fcent\"><\/div>\n<\/div>\n<p style=\"text-align: justify;\">El aula de pasteler\u00eda es el espacio en el que se hacen las clases pr\u00e1cticas de pasteler\u00eda y confiter\u00eda. En el aula de panificaci\u00f3n se hacen las pr\u00e1cticas de panader\u00eda.<\/p>\n<p style=\"text-align: justify;\">Las cocinas ocupan una gran superficie. Este espacio est\u00e1 organizado en diferentes zonas:<\/p>\n<ul>\n<li style=\"text-align: justify;\">El \u00e1rea de preelaboraci\u00f3n de alimentos es donde se cortan y preparan los alimentos que constituir\u00e1n los platos de los restaurantes.<\/li>\n<li style=\"text-align: justify;\">El \u00e1rea de cocina pedag\u00f3gica es el lugar en el que cada alumno tiene sus fogones y todo lo necesario para la elaboraci\u00f3n de los platos.<\/li>\n<li style=\"text-align: justify;\">El \u00e1rea de cocina central que funciona como la cocina de un restaurante, una sola cocina en la que se trabaja en equipo.<\/li>\n<li style=\"text-align: justify;\">El \u00e1rea de cocina de colectividades en la que se cocina para vol\u00famenes m\u00e1s grandes.<\/li>\n<\/ul>\n<p>&nbsp;<\/p>\n<p><strong><span class=\"blanc\">Habitaci\u00f3n de hotel y lavander\u00eda, aula recepci\u00f3n, y de turismo<\/span><\/strong><\/p>\n<div class=\"slideshow_container slideshow_container_style-light\" data-slideshow-id=\"310\" data-style-name=\"style-light\" data-style-version=\"2.3.1\" data-slideshow-active=\"1\">\n<div class=\"slideshow_button slideshow_next slideshow_transparent\" style=\"text-align: justify;\" tabindex=\"0\" title=\"Seg\u00fcent\" role=\"button\" data-next-text=\"Seg\u00fcent\"><\/div>\n<\/div>\n<p style=\"text-align: justify;\">El aula lavander\u00eda es el espacio en el que se hacen pr\u00e1cticas de lavado y planchado de la ropa para hotel y restaurante.<\/p>\n<p style=\"text-align: justify;\">En la habitaci\u00f3n aprendemos sobre la preparaci\u00f3n y la realizaci\u00f3n de la limpieza de una habitaci\u00f3n de hotel.<\/p>\n<p>&nbsp;<\/p>\n<\/div>\n","protected":false},"excerpt":{"rendered":"<p>VISITA VIRTUAL<br \/>\n<a href=\"https:\/\/visitavirtual.ehtg.cat\/\" target=\"_blank\" rel=\"noopener\"><\/a><br \/>\n&nbsp;<\/p>\n<p>Con la inauguraci\u00f3n de la nueva Escuela por parte del Presidente de la Generalitat en septiembre de 1992, se cierra el importante proceso de ampliaci\u00f3n y de reforma que supuso la transformaci\u00f3n de la antigua Escuela de Sant Narc\u00eds. Os presentamos&hellip;  <a href=\"https:\/\/agora.xtec.cat\/ehtg\/instalaciones\/\" title=\"Read Instalaciones\">Llegeix m\u00e9s\u00bb<\/a><\/p>\n","protected":false},"author":1,"featured_media":0,"parent":0,"menu_order":30,"comment_status":"closed","ping_status":"closed","template":"page-templates\/side-menu.php","meta":{"_bbp_topic_count":0,"_bbp_reply_count":0,"_bbp_total_topic_count":0,"_bbp_total_reply_count":0,"_bbp_voice_count":0,"_bbp_anonymous_reply_count":0,"_bbp_topic_count_hidden":0,"_bbp_reply_count_hidden":0,"_bbp_forum_subforum_count":0,"footnotes":""},"class_list":["post-1327","page","type-page","status-publish","hentry"],"post_mailing_queue_ids":[],"_links":{"self":[{"href":"https:\/\/agora.xtec.cat\/ehtg\/wp-json\/wp\/v2\/pages\/1327","targetHints":{"allow":["GET"]}}],"collection":[{"href":"https:\/\/agora.xtec.cat\/ehtg\/wp-json\/wp\/v2\/pages"}],"about":[{"href":"https:\/\/agora.xtec.cat\/ehtg\/wp-json\/wp\/v2\/types\/page"}],"author":[{"embeddable":true,"href":"https:\/\/agora.xtec.cat\/ehtg\/wp-json\/wp\/v2\/users\/1"}],"replies":[{"embeddable":true,"href":"https:\/\/agora.xtec.cat\/ehtg\/wp-json\/wp\/v2\/comments?post=1327"}],"version-history":[{"count":3,"href":"https:\/\/agora.xtec.cat\/ehtg\/wp-json\/wp\/v2\/pages\/1327\/revisions"}],"predecessor-version":[{"id":1459,"href":"https:\/\/agora.xtec.cat\/ehtg\/wp-json\/wp\/v2\/pages\/1327\/revisions\/1459"}],"wp:attachment":[{"href":"https:\/\/agora.xtec.cat\/ehtg\/wp-json\/wp\/v2\/media?parent=1327"}],"curies":[{"name":"wp","href":"https:\/\/api.w.org\/{rel}","templated":true}]}}