{"id":1306,"date":"2021-11-10T11:06:47","date_gmt":"2021-11-10T10:06:47","guid":{"rendered":"https:\/\/agora.xtec.cat\/ehtg\/?page_id=1306"},"modified":"2026-04-13T18:01:56","modified_gmt":"2026-04-13T16:01:56","slug":"mobilitat","status":"publish","type":"page","link":"https:\/\/agora.xtec.cat\/ehtg\/mobilitat\/","title":{"rendered":"Mobilitat"},"content":{"rendered":"<h4 style=\"text-align: center;\"><\/h4>\n<p><span style=\"font-weight: 400;\"><strong>Declaraci\u00f3 de Pol\u00edtica Erasmus<\/strong> \u00a0<\/span><a href=\"https:\/\/erasmus-plus.ec.europa.eu\/es\" target=\"_blank\" rel=\"noopener\"><img loading=\"lazy\" decoding=\"async\" class=\"wp-image-1650 alignnone\" src=\"https:\/\/agora.xtec.cat\/ehtg\/wp-content\/uploads\/usu2642\/2021\/11\/erasmusplus-logo-all-en-300dpi-300x121.jpg\" alt=\"\" width=\"163\" height=\"66\" srcset=\"https:\/\/agora.xtec.cat\/ehtg\/wp-content\/uploads\/usu2642\/2021\/11\/erasmusplus-logo-all-en-300dpi-300x121.jpg 300w, https:\/\/agora.xtec.cat\/ehtg\/wp-content\/uploads\/usu2642\/2021\/11\/erasmusplus-logo-all-en-300dpi-1024x415.jpg 1024w, https:\/\/agora.xtec.cat\/ehtg\/wp-content\/uploads\/usu2642\/2021\/11\/erasmusplus-logo-all-en-300dpi-768x311.jpg 768w, https:\/\/agora.xtec.cat\/ehtg\/wp-content\/uploads\/usu2642\/2021\/11\/erasmusplus-logo-all-en-300dpi.jpg 1042w\" sizes=\"auto, (max-width: 163px) 100vw, 163px\" \/><\/a><\/p>\n<p><span style=\"font-weight: 400;\">L\u2019Escola d\u2019Hostaleria i Turisme de Girona ha participat al llarg de la seva hist\u00f2ria en diferents projectes d\u2019\u00e0mbit europeu de mobilitat internacional,\u00a0 proporcionant ajudes econ\u00f2miques per l\u2019alumnat de formaci\u00f3 professional per tal que realitzin les pr\u00e0ctiques en empreses en pa\u00efsos de la UE.<\/span><\/p>\n<p><span style=\"font-weight: 400;\">L\u2019INS EHTG considera que la participaci\u00f3 en activitats\u00a0 de mobilitat del Programa Erasmus facilita la internacionalitzaci\u00f3 del centre i millora la qualitat dels ensenyaments que ofereix, les compet\u00e8ncies ling\u00fc\u00edstiques i interculturals de l\u2019alumnat i professorat, i la inserci\u00f3 laboral.<\/span><\/p>\n<p><span style=\"font-weight: 400;\">L\u2019INS EHTG ha obtingut la Carta ECHE per a Cicles de Grau Superior <a href=\"https:\/\/agora.xtec.cat\/ehtg\/wp-content\/uploads\/usu2642\/2021\/12\/Erasmus-Charter-for-Higher-Education-ECHE.pdf\">(Erasmus + Charter for Higher Education 2021-2027)<\/a><\/span><\/p>\n<p><span style=\"color: #0000ff;\"><b>OBJECTIUS<\/b><\/span><\/p>\n<p><span style=\"font-weight: 400;\">El nostre comprom\u00eds actual \u00e9s ampliar els projectes de mobilitat internacional a trav\u00e9s dels seg\u00fcents objectius:<\/span><\/p>\n<ul>\n<li style=\"font-weight: 400;\" aria-level=\"1\"><span style=\"font-weight: 400;\">Cursar tot o una part del m\u00f2dul de Formaci\u00f3 en Centres de Treball (FCT) en una empresa d&#8217;un altre pa\u00eds europeu.<\/span><\/li>\n<li style=\"font-weight: 400;\" aria-level=\"1\"><span style=\"font-weight: 400;\">Millorar la formaci\u00f3 t\u00e8cnica i capacitats clau mitjan\u00e7ant l&#8217;estada en una empresa a l&#8217;estranger.<\/span><\/li>\n<li style=\"font-weight: 400;\" aria-level=\"1\"><span style=\"font-weight: 400;\">Perfeccionar els coneixements ling\u00fc\u00edstics de la llengua estrangera del pa\u00eds de l\u2019estada.\u00a0<\/span><\/li>\n<li style=\"font-weight: 400;\" aria-level=\"1\"><span style=\"font-weight: 400;\">Desenvolupar el respecte i la toler\u00e0ncia envers altres cultures.<\/span><\/li>\n<li style=\"font-weight: 400;\" aria-level=\"1\"><span style=\"font-weight: 400;\">Afavorir la projecci\u00f3 europea del centre educatiu.<\/span><\/li>\n<li style=\"font-weight: 400;\" aria-level=\"1\"><span style=\"font-weight: 400;\">Fomentar i promocionar lla\u00e7os estables de cooperaci\u00f3 m\u00fatua amb altres organismes estrangers per fomentar l&#8217;intercanvi d&#8217;experi\u00e8ncies, aix\u00ed com la participaci\u00f3 en altres projectes educatius conjunts.<\/span><\/li>\n<\/ul>\n<p><span style=\"color: #0000ff;\"><b>CONTACTE<\/b><\/span><\/p>\n<p><span style=\"font-weight: 400;\">La coordinaci\u00f3 de mobilitat internacional FP gestiona, prepara i fa el seguiment de\u00a0 la mobilitat dels alumnes, professorat i PAS de l\u2019INS EHTG aix\u00ed com realitza accions d\u2019acollida d\u2019alumnat, professorat i PAS de centres d\u2019altres pa\u00efsos europeus.<\/span><\/p>\n<p><strong>Coordinadora: <\/strong>Aida Abtahizadeh Evoghli<\/p>\n<p><strong>Atenci\u00f3 personal: <\/strong>dimecres de 9h a 11h (departament d&#8217;Idiomes)<\/p>\n<p><strong>Contacte: <a href=\"mailto:cmobilitat@ehtg.cat\">cmobilitat@ehtg.cat<\/a><\/strong><\/p>\n<p>&nbsp;<\/p>\n<p><span style=\"color: #0000ff;\"><strong>BEQUES ERASMUS+ \/ALUMNAT<\/strong><\/span><\/p>\n<p>S\u00f3n les Beques:<\/p>\n<p>Erasmus + KA131 (Grau Superior) : s\u00f3n 60 dies d&#8217;estada en empresa a l&#8217;estranger<\/p>\n<p>Erasmus + KA121 (Grau Mitj\u00e0 i IFE):\u00a0 s\u00f3n 30 dies d&#8217;estada en empresa a l&#8217;estranger per GM i 7 dies per IFE.<\/p>\n<p><a href=\"https:\/\/docs.google.com\/document\/d\/1IqgRnNMmEuIN5e4Jyw9piliWODEmHBF7f5NtrtXTCtY\/edit?usp=sharing\">INFORMACI\u00d3 BEQUES ERASMUS+ \/ ALUMNAT 25-26<\/a><\/p>\n<p><a href=\"https:\/\/docs.google.com\/forms\/d\/e\/1FAIpQLSc05X5vxlG18kSW_TrVh9ZPPbS47Iy0F49zfisN4Tn0BBtHAg\/viewform\">FORMULARI DE SOL\u00b7LICITUD DE BECA<\/a><\/p>\n<p><a href=\"https:\/\/docs.google.com\/forms\/d\/e\/1FAIpQLSeCsASYIctrYIWmnyGdasazbIbC2CUmnC_KILBOUFJR0pl3TQ\/viewform\">FORMULARI INSCRIPCI\u00d3 CANDIDATS\/ES<\/a><\/p>\n<p><a href=\"https:\/\/docs.google.com\/document\/d\/1kaEP9ukExmsXIhkd2vk5dIOV_UAAFn_M\/edit?usp=sharing&amp;ouid=103731778650326079838&amp;rtpof=true&amp;sd=true\">LLISTA PROVISIONAL ADMESOS Alumnat Erasmus+ 25-26<\/a><\/p>\n<p><a href=\"https:\/\/docs.google.com\/document\/d\/1wuuydlaHYP12YOV_R_jTLsGsa1MWDlZI\/edit\">LLISTA DEFINITIVA ADMESOS Alumnat Erasmus+ 25-26<\/a><\/p>\n<p><b>SELECCI\u00d3 DELS CANDIDATS\/ES<\/b><\/p>\n<ul>\n<li style=\"font-weight: 400;\" aria-level=\"1\"><span style=\"font-weight: 400;\">Els interessats\/des a optar a una de les beques caldr\u00e0 fer-ho saber a la coordinadora de mobilitat dins els terminis que s\u2019estableixin. Caldr\u00e0 omplir un formulari lliurant el CV\/Europass i un v\u00eddeo curt de presentaci\u00f3.\u00a0\u00a0\u00a0<\/span><\/li>\n<li style=\"font-weight: 400;\" aria-level=\"1\"><span style=\"font-weight: 400;\">L\u2019equip docent i, a continuaci\u00f3, la comissi\u00f3 de mobilitat decideix quins\/es alumnes poden optar a les beques tenint en compte el<\/span> <span style=\"font-weight: 400;\">barem que s&#8217;indica a la informaci\u00f3 de les beques.<\/span><\/li>\n<li style=\"font-weight: 400;\" aria-level=\"1\">\u00c9s imprescindible per optar a l&#8217;Estada en empresa a l&#8217;estranger haver aprovat el primer curs sencer.<\/li>\n<\/ul>\n<p>&nbsp;<\/p>\n<p><span style=\"color: #0000ff;\"><strong>BEQUES ERASMUS+ \/PROFESSORAT<\/strong><\/span><\/p>\n<p><a href=\"https:\/\/docs.google.com\/document\/d\/1MpYndUOFk9aJe6HqKdTKegmlooRpObGpGM-QYmtFAR8\/edit?usp=sharing\">INFORMACI\u00d3 BEQUES ERASMUS+ \/ PROFESSORAT 25-26<\/a><\/p>\n<p><a href=\"https:\/\/docs.google.com\/forms\/d\/e\/1FAIpQLSf3239AATXOGh1_aQrohoG_Odqcon3JBgO6E1u2IdlAxLwugA\/viewform\">FORMULARI DE SOL\u00b7LICITUD DE BECA<\/a><\/p>\n<p><a href=\"https:\/\/agora.xtec.cat\/ehtg\/wp-content\/uploads\/usu2642\/2025\/11\/LLISTA-PROVISIONAL-Professorat-Erasmus-25-26.docx.pdf\">LLISTA PROVISIONAL Professorat Erasmus+ 25-26<\/a><\/p>\n<p><a href=\"https:\/\/docs.google.com\/document\/d\/1Aa5qMlkGcJPJwjHeGJFVIH6Z3mw6dFxi\/edit\">LLISTA DEFINITIVA ADMESOS Professorat Erasmus+ 25-26<\/a><\/p>\n<p><b>SELECCI\u00d3 PEL PROFESSORAT<\/b><\/p>\n<ul>\n<li style=\"font-weight: 400;\" aria-level=\"1\"><span style=\"font-weight: 400;\">Els interessats\/des a optar a una de les beques caldr\u00e0 omplir un formulari de sol\u00b7licitud dins el termini establert.<\/span><\/li>\n<li style=\"font-weight: 400;\" aria-level=\"1\"><span style=\"font-weight: 400;\">La comissi\u00f3 de mobilitat decideix quin professorat pot optar a la beca de mobilitat tenint en compte el<\/span> <span style=\"font-weight: 400;\">barem que consta a la informaci\u00f3 de les beques.<\/span><\/li>\n<li><span style=\"font-weight: 400;\">La resoluci\u00f3 dels candidats\/es es comunicar\u00e0 per correu electr\u00f2nic, i ho publicarem al web.<\/span><\/li>\n<\/ul>\n<p>&nbsp;<\/p>\n<p><a href=\"https:\/\/projectes.xtec.cat\/mobilitatfp\/inici\/\" target=\"_blank\" rel=\"noopener\"><img loading=\"lazy\" decoding=\"async\" class=\"wp-image-1654 alignnone\" src=\"https:\/\/agora.xtec.cat\/ehtg\/wp-content\/uploads\/usu2642\/2021\/11\/MobilitatFP-300x69.png\" alt=\"\" width=\"248\" height=\"57\" srcset=\"https:\/\/agora.xtec.cat\/ehtg\/wp-content\/uploads\/usu2642\/2021\/11\/MobilitatFP-300x69.png 300w, https:\/\/agora.xtec.cat\/ehtg\/wp-content\/uploads\/usu2642\/2021\/11\/MobilitatFP.png 656w\" sizes=\"auto, (max-width: 248px) 100vw, 248px\" \/><\/a><\/p>\n<p><a href=\"https:\/\/www.todofp.es\/orientacion-profesional\/itinerarios-formativos-profesionales\/movilidad\/mas-informacion.html\" target=\"_blank\" rel=\"noopener\"><img loading=\"lazy\" decoding=\"async\" class=\"wp-image-1653 alignnone\" src=\"https:\/\/agora.xtec.cat\/ehtg\/wp-content\/uploads\/usu2642\/2021\/11\/escudo-mefp.gif\" alt=\"\" width=\"247\" height=\"60\" \/><\/a><\/p>\n<p>&nbsp;<\/p>\n<p><strong>Actualitzat: 20\/10\/2025<\/strong><\/p>\n","protected":false},"excerpt":{"rendered":"<p>Declaraci\u00f3 de Pol\u00edtica Erasmus \u00a0<a href=\"https:\/\/erasmus-plus.ec.europa.eu\/es\" target=\"_blank\" rel=\"noopener\"><\/a><br \/>\nL\u2019Escola d\u2019Hostaleria i Turisme de Girona ha participat al llarg de la seva hist\u00f2ria en diferents projectes d\u2019\u00e0mbit europeu de mobilitat internacional,\u00a0 proporcionant ajudes econ\u00f2miques per l\u2019alumnat de formaci\u00f3 professional per tal que realitzin les pr\u00e0ctiques en empreses&hellip;  <a href=\"https:\/\/agora.xtec.cat\/ehtg\/mobilitat\/\" title=\"Read Mobilitat\">Llegeix m\u00e9s\u00bb<\/a><\/p>\n","protected":false},"author":1,"featured_media":0,"parent":0,"menu_order":0,"comment_status":"closed","ping_status":"closed","template":"","meta":{"_bbp_topic_count":0,"_bbp_reply_count":0,"_bbp_total_topic_count":0,"_bbp_total_reply_count":0,"_bbp_voice_count":0,"_bbp_anonymous_reply_count":0,"_bbp_topic_count_hidden":0,"_bbp_reply_count_hidden":0,"_bbp_forum_subforum_count":0,"footnotes":""},"class_list":["post-1306","page","type-page","status-publish","hentry"],"post_mailing_queue_ids":[],"_links":{"self":[{"href":"https:\/\/agora.xtec.cat\/ehtg\/wp-json\/wp\/v2\/pages\/1306","targetHints":{"allow":["GET"]}}],"collection":[{"href":"https:\/\/agora.xtec.cat\/ehtg\/wp-json\/wp\/v2\/pages"}],"about":[{"href":"https:\/\/agora.xtec.cat\/ehtg\/wp-json\/wp\/v2\/types\/page"}],"author":[{"embeddable":true,"href":"https:\/\/agora.xtec.cat\/ehtg\/wp-json\/wp\/v2\/users\/1"}],"replies":[{"embeddable":true,"href":"https:\/\/agora.xtec.cat\/ehtg\/wp-json\/wp\/v2\/comments?post=1306"}],"version-history":[{"count":6,"href":"https:\/\/agora.xtec.cat\/ehtg\/wp-json\/wp\/v2\/pages\/1306\/revisions"}],"predecessor-version":[{"id":13591,"href":"https:\/\/agora.xtec.cat\/ehtg\/wp-json\/wp\/v2\/pages\/1306\/revisions\/13591"}],"wp:attachment":[{"href":"https:\/\/agora.xtec.cat\/ehtg\/wp-json\/wp\/v2\/media?parent=1306"}],"curies":[{"name":"wp","href":"https:\/\/api.w.org\/{rel}","templated":true}]}}