{"id":1287,"date":"2021-11-08T21:44:13","date_gmt":"2021-11-08T20:44:13","guid":{"rendered":"https:\/\/agora.xtec.cat\/ehtg\/?page_id=1287"},"modified":"2023-10-21T19:06:53","modified_gmt":"2023-10-21T17:06:53","slug":"bienvenida","status":"publish","type":"page","link":"https:\/\/agora.xtec.cat\/ehtg\/bienvenida\/","title":{"rendered":"Bienvenida"},"content":{"rendered":"<p>Estimado alumnado y estimadas familias,<\/p>\n<p>Confiamos en que hay\u00e1is pasado un verano formidable y que hay\u00e1is disfrutado de las vacaciones, y durante este per\u00edodo de desconexi\u00f3n esperamos que hay\u00e1is cargado las pilas y que hay\u00e1is descansado.<\/p>\n<p>Muy pronto empezar\u00e1 el nuevo curso escolar, condicionado por las circunstancias sociosanitarias de la pandemia de la COVID.<\/p>\n<p>Os damos la bienvenida a la EHTG y aprovechamos para comentaros algunas cosas con el fin de encarar un per\u00edodo escolar que ser\u00e1 singular, pero que servir\u00e1 tambi\u00e9n para dar continuidad a la formaci\u00f3n y para seguir acompa\u00f1ando el crecimiento del alumnado y de la Escuela.<\/p>\n<p>Nosotros, al igual que muchos de vosotros, iniciamos una etapa nueva, no en el centro pero s\u00ed en responsabilidad. Como sab\u00e9is, este a\u00f1o ha habido cambio en el equipo directivo del centro, y con mucha responsabilidad y ganas tomamos este mandato, con el convencimiento de aportar el m\u00e1ximo de nosotros para seguir en la l\u00ednea de cualidad y excelencia que distingue al centro.<\/p>\n<p>Ahora s\u00ed, buenos d\u00edas a todos. Me llamo Jordi Garcia y soy el director de la Escuela, y tengo la suerte de liderar un equipo colosal, junto con Ra\u00fcl Cuadras, jefe de estudios; Gr\u00e0cia Mart\u00edn, secretaria; Imma Juli\u00e0, coordinadora pedag\u00f3gica, y Miquel Serramitja, administrador. Escuela que a partir de ahora es vuestra; espero que la disfrut\u00e9is, pero tambi\u00e9n que la cuid\u00e9is y que os la hag\u00e1is un poco vuestra.<\/p>\n<p>Durante el curso os iremos conociendo, en estos momentos de inicio de curso nos es dif\u00edcil, pero s\u00ed que querremos poder hacerlo durante este tiempo que compartiremos.<\/p>\n<p>Tengo la suerte de liderar un equipo fant\u00e1stico, din\u00e1mico y cercano, a partir de ahora tambi\u00e9n lo ir\u00e9is conociendo.<\/p>\n<p>Hace mucho tiempo que me dedico al sector en el cual vosotros os inici\u00e1is hoy, y os puedo decir que es apasionante, pero tambi\u00e9n duro, que requiere dedicaci\u00f3n, pasi\u00f3n y compromiso, y eso es lo que os pido.<\/p>\n<p>Y tambi\u00e9n os exijo un par de cosas: respetaos, disfrutad mucho, divert\u00edos y entablad amistad. Seguro que lo que hoy inici\u00e1is os acompa\u00f1ar\u00e1 de por vida.<\/p>\n<p>Finalmente, no nos podemos olvidar del marco normativo del que nos hemos dotado en el centre, es necesario que lo conozc\u00e1is y respet\u00e9is para lograr una buena convivencia. Vuestro\/a tutor\/a os lo expondr\u00e1, aclarar\u00e1 y explicar\u00e1.<\/p>\n<p>Para acabar, quiero deciros que inici\u00e1is un per\u00edodo de libertad, un postobligatorio, que ten\u00e9is que disfrutar como os dec\u00eda, pero tambi\u00e9n espero responsabilidad.<\/p>\n<p>Nada m\u00e1s; quiero explicaros que realmente no solo importa que cuando acabe el curso hay\u00e1is llegado a adquirir todos los conocimientos requeridos, sino que lo que m\u00e1s importa es vuestra evoluci\u00f3n como personas: querr\u00eda que fuerais personas \u00edntegras, con valores, cr\u00edticas y con autonom\u00eda, y sobre todo humanos, tolerantes y felices.<\/p>\n<p>A principios de septiembre se public\u00f3 en la web el Plan de Organizaci\u00f3n de Centro (POC) para el curso 21-22. Este plan ser\u00e1 revisado y actualizado de acuerdo con la situaci\u00f3n sanitaria a lo largo de todo el curso, mediante la participaci\u00f3n del conjunto de la comunidad educativa. El Plan de Organizaci\u00f3n de Centro contiene los protocolos que se habr\u00e1n de seguir en el d\u00eda a d\u00eda de la escuela: entradas y salidas escalonadas, higiene personal, distancies de seguridad, uso de mascarilla por parte de todos, declaraci\u00f3n de responsabilidad, etc.<\/p>\n<p>Cuando empiecen las clases, el pr\u00f3ximo 13 de septiembre, los\/las tutores\/as comentar\u00e1n a todo el alumnado un extracto de este plan. Es necesario que todos hagamos un esfuerzo para que este conjunto de pautas se conviertan en la herramienta que nos permita pasar el curso de la manera m\u00e1s sensata y creativa posible.<\/p>\n<p>Durante el mes de octubre convocaremos les reuniones de familias.<\/p>\n<p>Este es un curso que empieza en medio de una gran incertidumbre y que se ir\u00e1 desarrollando a merced de la evoluci\u00f3n de la pandemia. Sin embargo, tambi\u00e9n debemos tener claro que, en mayor medida de lo que quiz\u00e1 suponemos, tambi\u00e9n ser\u00e1 un curso formidable y provechoso, siempre en funci\u00f3n de la responsabilidad, la seriedad y el compromiso colectivos.<\/p>\n<p>En equipo, profesionales, alumnado y familias debemos conjurarnos para cuidar de todos y avanzar conjuntamente en el camino de crecimiento y aprendizaje que representa la Escuela.<\/p>\n<p>En nombre de todo el profesorado y el PAS de la Escuela, recibid un fuerte abrazo,<\/p>\n<ul>\n<li>Jordi Garcia, director<\/li>\n<li>Ra\u00fcl Cuadras, jefe de estudios<\/li>\n<li>Gr\u00e0cia Martinez, secretaria<\/li>\n<li>Imma Juli\u00e0, coordinadora pedag\u00f3gica<\/li>\n<li>Miquel Serramitja, administrador<\/li>\n<\/ul>\n<p>&nbsp;<\/p>\n","protected":false},"excerpt":{"rendered":"<p>Estimado alumnado y estimadas familias,<br \/>\nConfiamos en que hay\u00e1is pasado un verano formidable y que hay\u00e1is disfrutado de las vacaciones, y durante este per\u00edodo de desconexi\u00f3n esperamos que hay\u00e1is cargado las pilas y que hay\u00e1is descansado.<br \/>\nMuy pronto empezar\u00e1 el nuevo curso escolar, condicionado por las circunstancias&hellip;  <a href=\"https:\/\/agora.xtec.cat\/ehtg\/bienvenida\/\" title=\"Read Bienvenida\">Llegeix m\u00e9s\u00bb<\/a><\/p>\n","protected":false},"author":1,"featured_media":0,"parent":0,"menu_order":0,"comment_status":"closed","ping_status":"closed","template":"","meta":{"_bbp_topic_count":0,"_bbp_reply_count":0,"_bbp_total_topic_count":0,"_bbp_total_reply_count":0,"_bbp_voice_count":0,"_bbp_anonymous_reply_count":0,"_bbp_topic_count_hidden":0,"_bbp_reply_count_hidden":0,"_bbp_forum_subforum_count":0,"footnotes":""},"class_list":["post-1287","page","type-page","status-publish","hentry"],"post_mailing_queue_ids":[],"_links":{"self":[{"href":"https:\/\/agora.xtec.cat\/ehtg\/wp-json\/wp\/v2\/pages\/1287","targetHints":{"allow":["GET"]}}],"collection":[{"href":"https:\/\/agora.xtec.cat\/ehtg\/wp-json\/wp\/v2\/pages"}],"about":[{"href":"https:\/\/agora.xtec.cat\/ehtg\/wp-json\/wp\/v2\/types\/page"}],"author":[{"embeddable":true,"href":"https:\/\/agora.xtec.cat\/ehtg\/wp-json\/wp\/v2\/users\/1"}],"replies":[{"embeddable":true,"href":"https:\/\/agora.xtec.cat\/ehtg\/wp-json\/wp\/v2\/comments?post=1287"}],"version-history":[{"count":3,"href":"https:\/\/agora.xtec.cat\/ehtg\/wp-json\/wp\/v2\/pages\/1287\/revisions"}],"predecessor-version":[{"id":1333,"href":"https:\/\/agora.xtec.cat\/ehtg\/wp-json\/wp\/v2\/pages\/1287\/revisions\/1333"}],"wp:attachment":[{"href":"https:\/\/agora.xtec.cat\/ehtg\/wp-json\/wp\/v2\/media?parent=1287"}],"curies":[{"name":"wp","href":"https:\/\/api.w.org\/{rel}","templated":true}]}}