{"id":12828,"date":"2024-06-05T12:46:06","date_gmt":"2024-06-05T10:46:06","guid":{"rendered":"https:\/\/agora.xtec.cat\/ehtg\/?page_id=12828"},"modified":"2025-06-19T14:21:58","modified_gmt":"2025-06-19T12:21:58","slug":"matricula-pfi","status":"publish","type":"page","link":"https:\/\/agora.xtec.cat\/ehtg\/matricula-pfi\/","title":{"rendered":"Matr\u00edcula PFI"},"content":{"rendered":"<h1 style=\"text-align: center;\">Matr\u00edcula 25\/26<\/h1>\n<p>El per\u00edode de matriculaci\u00f3 dels programes de formaci\u00f3 i inserci\u00f3 per a l&#8217;alumnat preinscrit amb pla\u00e7a assignada \u00e9s del 7 a l&#8217;11 de juliol de 2025, ambd\u00f3s inclosos.<\/p>\n<p>Si no pots fer la matriculaci\u00f3 en aquestes dates per una causa extraordin\u00e0ria, cal que presentis un justificant que ser\u00e0 valorat per la direcci\u00f3 del centre.<\/p>\n<p>Cal que empleneu el formulari seg\u00fcent i porteu el pdf que us envien al correu informat a la secretaria del centre.<\/p>\n<h5><a href=\"https:\/\/forms.gle\/tbMzazMSY78H7tE7A\" target=\"_blank\" rel=\"noopener\">Enlla\u00e7 al formulari de dades d\u2019alumnat.<\/a><\/h5>\n<p><strong>Documents per omplir i portar el dia de matr\u00edcula:<\/strong><\/p>\n<p><span style=\"color: #ff0000;\"><strong>L\u2019ALUMNAT QUE ES MATRICULI, CAL QUE PORTI (sigui alumnat nou o del centre), ORIGINAL I FOTOC\u00d2PIA<br \/>\n<\/strong><\/span><\/p>\n<ol>\n<li aria-level=\"1\">DNI.<\/li>\n<li aria-level=\"1\">Targeta sanit\u00e0ria.<\/li>\n<li style=\"font-weight: 400;\" aria-level=\"1\">Certificat de qualificacions i\/o\u00a0 historial acad\u00e8mic i\/o t\u00edtol (nom\u00e9s alumnat no matriculat al centre durant el curs 24-25).<\/li>\n<li style=\"font-weight: 400;\" aria-level=\"1\">Per alumnat assignat en segona opci\u00f3, cal que portin el resguard de preinscripci\u00f3.<\/li>\n<\/ol>\n<p>En el cas d\u2019<b>alumnat menor<\/b>\u00a0d\u2019edat tamb\u00e9 cal:<\/p>\n<ol>\n<li aria-level=\"1\">DNI pare\/mare i\/o tutor\/a legal.<\/li>\n<li aria-level=\"1\">Llibre de fam\u00edlia o document que justifiqui el parentiu.<\/li>\n<\/ol>\n<p style=\"text-align: right;\"><strong>Actualitzat:19\/06\/2024<\/strong><\/p>\n","protected":false},"excerpt":{"rendered":"<p>Matr\u00edcula 25\/26<br \/>\nEl per\u00edode de matriculaci\u00f3 dels programes de formaci\u00f3 i inserci\u00f3 per a l&#8217;alumnat preinscrit amb pla\u00e7a assignada \u00e9s del 7 a l&#8217;11 de juliol de 2025, ambd\u00f3s inclosos.<br \/>\nSi no pots fer la matriculaci\u00f3 en aquestes dates per una causa extraordin\u00e0ria, cal que presentis un&hellip;  <a href=\"https:\/\/agora.xtec.cat\/ehtg\/matricula-pfi\/\" title=\"Read Matr\u00edcula PFI\">Llegeix m\u00e9s\u00bb<\/a><\/p>\n","protected":false},"author":1,"featured_media":0,"parent":0,"menu_order":0,"comment_status":"closed","ping_status":"closed","template":"","meta":{"_bbp_topic_count":0,"_bbp_reply_count":0,"_bbp_total_topic_count":0,"_bbp_total_reply_count":0,"_bbp_voice_count":0,"_bbp_anonymous_reply_count":0,"_bbp_topic_count_hidden":0,"_bbp_reply_count_hidden":0,"_bbp_forum_subforum_count":0,"footnotes":""},"class_list":["post-12828","page","type-page","status-publish","hentry"],"post_mailing_queue_ids":[],"_links":{"self":[{"href":"https:\/\/agora.xtec.cat\/ehtg\/wp-json\/wp\/v2\/pages\/12828","targetHints":{"allow":["GET"]}}],"collection":[{"href":"https:\/\/agora.xtec.cat\/ehtg\/wp-json\/wp\/v2\/pages"}],"about":[{"href":"https:\/\/agora.xtec.cat\/ehtg\/wp-json\/wp\/v2\/types\/page"}],"author":[{"embeddable":true,"href":"https:\/\/agora.xtec.cat\/ehtg\/wp-json\/wp\/v2\/users\/1"}],"replies":[{"embeddable":true,"href":"https:\/\/agora.xtec.cat\/ehtg\/wp-json\/wp\/v2\/comments?post=12828"}],"version-history":[{"count":5,"href":"https:\/\/agora.xtec.cat\/ehtg\/wp-json\/wp\/v2\/pages\/12828\/revisions"}],"predecessor-version":[{"id":13299,"href":"https:\/\/agora.xtec.cat\/ehtg\/wp-json\/wp\/v2\/pages\/12828\/revisions\/13299"}],"wp:attachment":[{"href":"https:\/\/agora.xtec.cat\/ehtg\/wp-json\/wp\/v2\/media?parent=12828"}],"curies":[{"name":"wp","href":"https:\/\/api.w.org\/{rel}","templated":true}]}}