{"id":12808,"date":"2024-06-04T13:05:41","date_gmt":"2024-06-04T11:05:41","guid":{"rendered":"https:\/\/agora.xtec.cat\/ehtg\/?page_id=12808"},"modified":"2024-06-07T11:47:20","modified_gmt":"2024-06-07T09:47:20","slug":"pla-digital-de-centre","status":"publish","type":"page","link":"https:\/\/agora.xtec.cat\/ehtg\/pla-digital-de-centre\/","title":{"rendered":"Pla Digital de centre"},"content":{"rendered":"<header class=\"entry-header\">\n<h1 class=\"entry-title\">Pla Digital de Centre<\/h1>\n<\/header>\n<div class=\"entry-content\"><a href=\"https:\/\/sites.google.com\/xtec.cat\/edc-ehtg\/inici\">Pla Digital de Centre<\/a><\/div>\n<div class=\"entry-content\">\n<div class=\"oKdM2c\">\n<div id=\"h.p_-kfiJXFdGclP\" class=\"hJDwNd-AhqUyc-wNfPc pSzOP-AhqUyc-wNfPc jXK9ad D2fZ2 GNzUNc\">\n<div class=\"jXK9ad-SmKAyb\">\n<div class=\"tyJCtd mGzaTb baZpAe\">\n<p id=\"h.p_QjcwrPA3GclR\" class=\"CDt4Ke zfr3Q\">EL PAPER DE LES TECNOLOGIES A L\u2019ESCOLA<\/p>\n<\/div>\n<\/div>\n<\/div>\n<\/div>\n<div class=\"oKdM2c\">\n<div id=\"h.p_X8HWmALlGclT\" class=\"hJDwNd-AhqUyc-wNfPc pSzOP-AhqUyc-wNfPc jXK9ad D2fZ2 GNzUNc\">\n<div class=\"jXK9ad-SmKAyb\">\n<div class=\"tyJCtd mGzaTb baZpAe\">\n<p id=\"h.p_bXzppeX3GclV\" class=\"CDt4Ke zfr3Q\">La governan\u00e7a de les tecnologies en el centre pertoca a tota la comunitat educativa, ja que aquest pot esdevenir un poder\u00f3s mecanisme d\u2019innovaci\u00f3.<\/p>\n<p id=\"h.p_k9ANfVbGfv-2\" class=\"CDt4Ke zfr3Q\">Ens estar\u00edem equivocant si cregu\u00e9ssim que pel sol fet d\u2019incorporar tecnologies a l\u2019escola es produeix innovaci\u00f3 i canvi metodol\u00f2gic. Tanmateix, aquest proc\u00e9s d\u2019implementaci\u00f3 s\u00ed que pot propiciar el replantejament compartit de moltes rutines escolars i la reflexi\u00f3 col\u00b7lectiva sobre quines estrat\u00e8gies adoptar per afavorir l\u2019aprenentatge de l\u2019alumnat.<\/p>\n<\/div>\n<p><strong>Actualitzat: 03\/06\/24<\/strong><\/p>\n<\/div>\n<\/div>\n<\/div>\n<\/div>\n","protected":false},"excerpt":{"rendered":"<p>Pla Digital de Centre<\/p>\n<p><a href=\"https:\/\/sites.google.com\/xtec.cat\/edc-ehtg\/inici\">Pla Digital de Centre<\/a><\/p>\n<p>EL PAPER DE LES TECNOLOGIES A L\u2019ESCOLA<\/p>\n<p>La governan\u00e7a de les tecnologies en el centre pertoca a tota la comunitat educativa, ja que aquest pot esdevenir un poder\u00f3s mecanisme d\u2019innovaci\u00f3.<br \/>\nEns estar\u00edem equivocant si cregu\u00e9ssim que pel sol fet d\u2019incorporar&hellip;  <a href=\"https:\/\/agora.xtec.cat\/ehtg\/pla-digital-de-centre\/\" title=\"Read Pla Digital de centre\">Llegeix m\u00e9s\u00bb<\/a><\/p>\n","protected":false},"author":1,"featured_media":0,"parent":0,"menu_order":0,"comment_status":"closed","ping_status":"closed","template":"","meta":{"_bbp_topic_count":0,"_bbp_reply_count":0,"_bbp_total_topic_count":0,"_bbp_total_reply_count":0,"_bbp_voice_count":0,"_bbp_anonymous_reply_count":0,"_bbp_topic_count_hidden":0,"_bbp_reply_count_hidden":0,"_bbp_forum_subforum_count":0,"footnotes":""},"class_list":["post-12808","page","type-page","status-publish","hentry"],"post_mailing_queue_ids":[],"_links":{"self":[{"href":"https:\/\/agora.xtec.cat\/ehtg\/wp-json\/wp\/v2\/pages\/12808","targetHints":{"allow":["GET"]}}],"collection":[{"href":"https:\/\/agora.xtec.cat\/ehtg\/wp-json\/wp\/v2\/pages"}],"about":[{"href":"https:\/\/agora.xtec.cat\/ehtg\/wp-json\/wp\/v2\/types\/page"}],"author":[{"embeddable":true,"href":"https:\/\/agora.xtec.cat\/ehtg\/wp-json\/wp\/v2\/users\/1"}],"replies":[{"embeddable":true,"href":"https:\/\/agora.xtec.cat\/ehtg\/wp-json\/wp\/v2\/comments?post=12808"}],"version-history":[{"count":2,"href":"https:\/\/agora.xtec.cat\/ehtg\/wp-json\/wp\/v2\/pages\/12808\/revisions"}],"predecessor-version":[{"id":12857,"href":"https:\/\/agora.xtec.cat\/ehtg\/wp-json\/wp\/v2\/pages\/12808\/revisions\/12857"}],"wp:attachment":[{"href":"https:\/\/agora.xtec.cat\/ehtg\/wp-json\/wp\/v2\/media?parent=12808"}],"curies":[{"name":"wp","href":"https:\/\/api.w.org\/{rel}","templated":true}]}}