{"id":12730,"date":"2024-04-30T13:36:05","date_gmt":"2024-04-30T11:36:05","guid":{"rendered":"https:\/\/agora.xtec.cat\/ehtg\/?page_id=12730"},"modified":"2026-03-24T17:39:11","modified_gmt":"2026-03-24T16:39:11","slug":"preinscripcio-i-matricula-pfi-ptt","status":"publish","type":"page","link":"https:\/\/agora.xtec.cat\/ehtg\/preinscripcio-i-matricula-pfi-ptt\/","title":{"rendered":"Preinscripci\u00f3 PFI 26-27"},"content":{"rendered":"<h2 class=\"header2 pd-15 pd-30\" style=\"text-align: center;\"><\/h2>\n<div class=\"list-item-wrapper\" style=\"text-align: center;\">\n<div class=\"col icon-col\">\n<div class=\"icon\">\n<div class=\"border-start bgGrey\">\n<div id=\"impacteContainer\">\n<div class=\"fpca-subcapcalera \">\n<div class=\"NG-menu \">\n<div class=\"NG-container\">\n<div class=\"NG-menu__wrapper\">\n<div class=\"NG-menu__wrapper_title\" role=\"main\">\n<h1 class=\"NG-menu__title\"><span style=\"color: #ff6600;\">Coneix el calendari i els terminis<\/span><\/h1>\n<\/div>\n<div class=\"NG-menu__wrapper_title2\"><\/div>\n<\/div>\n<\/div>\n<\/div>\n<\/div>\n<\/div>\n<\/div>\n<p><main id=\"main\" class=\"preinscripci\u00f3eac\"><\/p>\n<div class=\"literalesAccesibilidad\" style=\"text-align: left;\"><\/div>\n<section class=\"padding-xs padding-sm padding-md colorSectionOdd\">\n<article class=\"container fullcontainer-xs\">\n<div class=\"row\">\n<div>\n<div id=\"center_1R\">\n<div class=\"fpca_descripciopagina formatter_body\">\n<div class=\"basic_text_peq pd-15 pd-30 link-dotted\">\n<p style=\"text-align: left;\">Si vols estar al cas de les diferents dates clau i dels terminis, has de tenir en compte alguns aspectes:<\/p>\n<p style=\"text-align: left;\">El proc\u00e9s de preinscripci\u00f3 escolar s&#8217;inicia a\u00a0<strong>comen\u00e7aments de maig i acaba amb la formalitzaci\u00f3 de la matr\u00edcula, a principis de juliol.<\/strong><\/p>\n<p style=\"text-align: left;\"><strong>Durant tot aquest temps, hi ha dates i terminis associats a actuacions clau<\/strong>\u00a0que has de tenir presents, ja que determinen l&#8217;assignaci\u00f3 final de places als centres educatius.<\/p>\n<p style=\"text-align: left;\">Aix\u00ed, has d&#8217;estar pendent de les dates i de les gestions espec\u00edfiques de cada moment del proc\u00e9s.<\/p>\n<hr \/>\n<p style=\"text-align: left;\">Sabem que costa tenir al cap tot el calendari; per aix\u00f2,\u00a0<strong>hem agrupat les dates i les actuacions m\u00e9s importants associades, en els tres moments d&#8217;aquest proc\u00e9s de la preinscripci\u00f3 per al curs 2026-2027: abans de la preinscripci\u00f3, durant la presentaci\u00f3 de la sol\u00b7licitud i a l&#8217;hora de formalitzar la matr\u00edcula<\/strong>.<\/p>\n<\/div>\n<\/div>\n<\/div>\n<\/div>\n<\/div>\n<\/article>\n<\/section>\n<section class=\"padding-xs padding-sm padding-md colorSectionOdd\">\n<article class=\"container fullcontainer-xs\">\n<div class=\"row\">\n<div id=\"center_2R\">\n<div id=\"llista_67e2b344-5c88-11eb-9783-005056924a59_67e2b345-5c88-11eb-9783-005056924a59\" class=\"fpca_llista_enllacIcones formatter_body\">\n<div class=\"wrapper_llista_enllacIcones\">\n<h2 class=\"header2 pd-15 pd-30\"><strong><span style=\"color: #ff6600;\">Abans de la preinscripci\u00f3<\/span><\/strong><\/h2>\n<div class=\"list-item-wrapper\">\n<div class=\"col icon-col\">\n<div class=\"icon\" style=\"text-align: left;\"><strong><span style=\"font-family: inherit; font-size: 1em;\">Entre febrer i abril de 2026: jornades de portes obertes i xerrades informatives als centres<\/span><\/strong><\/div>\n<\/div>\n<div class=\"col content-col\">\n<div class=\"bloc-mobil\">\n<div class=\"descripcio link-dotted\" style=\"text-align: left;\">\n<p style=\"text-align: left;\">Aquestes trobades, que poden ser presencials o virtuals, s\u00f3n molt interessants, perqu\u00e8 permeten con\u00e8ixer de prop les caracter\u00edstiques de cada centre i la seva oferta educativa. Tamb\u00e9 s\u00f3n una oportunitat per plantejar preguntes i resoldre dubtes. Aix\u00ed podreu acabar de perfilar les vostres prefer\u00e8ncies i recollir-les a la sol\u00b7licitud de preinscripci\u00f3.<\/p>\n<p><strong><span style=\"font-family: inherit; font-size: 1em;\">30 d&#8217;abril de 2026: oferta inicial de places <\/span><\/strong><\/div>\n<div class=\"descripcio link-dotted\" style=\"text-align: left;\"><span style=\"font-family: inherit; font-size: 1em;\">Publicaci\u00f3 de l&#8217;oferta de places per centre i curs.<\/span><\/div>\n<div><\/div>\n<\/div>\n<\/div>\n<\/div>\n<\/div>\n<\/div>\n<\/div>\n<\/div>\n<\/article>\n<\/section>\n<section class=\"padding-xs padding-sm padding-md colorSectionOdd\">\n<article class=\"container fullcontainer-xs\">\n<div class=\"row\">\n<div id=\"center_3R\">\n<div id=\"llista_6a9613ad-5c88-11eb-9783-005056924a59_6a9613ae-5c88-11eb-9783-005056924a59\" class=\"fpca_llista_enllacIcones formatter_body\">\n<div class=\"wrapper_llista_enllacIcones\">\n<h2 class=\"header2 pd-15 pd-30\"><span style=\"color: #ff6600;\">Durant la preparaci\u00f3, presentaci\u00f3 i seguiment de la sol\u00b7licitud de preinscripci\u00f3<\/span><\/h2>\n<div class=\"list-item-wrapper\">\n<div class=\"col icon-col\">\n<div class=\"icon\" style=\"text-align: left;\"><strong><span style=\"font-family: inherit; font-size: 1em; text-align: left;\">Del 4 al 13 de maig de 2026: presentaci\u00f3 de sol\u00b7licituds<\/span><\/strong><\/div>\n<\/div>\n<div class=\"col content-col\" style=\"text-align: left;\">\n<div class=\"bloc-mobil\">\n<div class=\"descripcio link-dotted\">\n<p>\u00c9s molt important respectar les dates perqu\u00e8 no es poden presentar sol\u00b7licituds fora d&#8217;aquest termini.<\/p>\n<\/div>\n<\/div>\n<\/div>\n<\/div>\n<div class=\"list-item-wrapper\">\n<div class=\"col content-col\" style=\"text-align: left;\"><strong>Del 4 al 14 de maig de 2026: presentaci\u00f3 de documentaci\u00f3<\/strong><\/div>\n<div class=\"col content-col\" style=\"text-align: left;\"><span style=\"font-family: inherit; font-size: 1em; text-align: center;\">Fins aquest dia pots presentar la documentaci\u00f3 acreditativa que no hagis pogut adjuntar durant el per\u00edode de presentaci\u00f3 de sol\u00b7licituds.<\/span><\/div>\n<\/div>\n<div class=\"list-item-wrapper\">\n<div class=\"col icon-col\">\n<div class=\"icon\"><\/div>\n<\/div>\n<div class=\"col content-col\" style=\"text-align: left;\"><strong>Del 4 al 26 de maig de 2026 a les 14 hores: entrevistes d&#8217;orientaci\u00f3 i valoraci\u00f3<\/strong><\/div>\n<div class=\"col content-col\" style=\"text-align: left;\"><span style=\"font-family: inherit; font-size: 1em;\">Es tracta d&#8217;entrevistes d&#8217;orientaci\u00f3 i valoraci\u00f3 de l&#8217;adequaci\u00f3 del programa a la situaci\u00f3, els interessos, motivaci\u00f3 i aptituds de l&#8217;alumne\/a aix\u00ed com a la seva manca d&#8217;experi\u00e8ncia laboral. Tindran lloc segons la convocat\u00f2ria individual feta pel centre.<\/span><\/div>\n<\/div>\n<div class=\"list-item-wrapper\">\n<div class=\"col icon-col\">\n<div><\/div>\n<div class=\"icon\" style=\"text-align: left;\"><strong><span style=\"font-family: inherit; font-size: 1em;\">28 de maig de 2026: llista de sol\u00b7licituds amb la puntuaci\u00f3 provisional<\/span><\/strong><\/div>\n<\/div>\n<div class=\"col content-col\">\n<div class=\"bloc-mobil\">\n<div class=\"descripcio link-dotted\">\n<p style=\"text-align: left;\">Un cop acabat el per\u00edode de presentaci\u00f3 de sol\u00b7licituds, els centres educatius estudien cadascuna de les peticions que han rebut: n&#8217;analitzen les dades, els criteris de prioritat que les fam\u00edlies demanen que es tinguin en compte, i tamb\u00e9 els documents justificatius. Tot seguit, publiquen la llista de sol\u00b7licituds amb els barems provisionals. En aquesta llista hi ha les sol\u00b7licituds ordenades alfab\u00e8ticament amb la puntuaci\u00f3 que ha rebut cada sol\u00b7licitud en aplicar-hi el barem.<\/p>\n<\/div>\n<\/div>\n<\/div>\n<\/div>\n<div class=\"list-item-wrapper\">\n<div class=\"col content-col\" style=\"text-align: left;\"><strong>Del 28 de maig al 3 de juny de 2026: presentaci\u00f3 de reclamacions<\/strong><\/p>\n<div class=\"bloc-mobil\">\n<div class=\"descripcio link-dotted\" style=\"text-align: left;\">Durant aquest per\u00edode, si detectes alguna errada o anomalia en el barem assignat, pots presentar una reclamaci\u00f3 utilitzant l&#8217;eina electr\u00f2nica per adjuntar les reclamacions a la teva sol\u00b7licitud de preinscripci\u00f3.<\/div>\n<\/div>\n<\/div>\n<\/div>\n<div class=\"list-item-wrapper\">\n<div class=\"col icon-col\">\n<div class=\"icon\"><\/div>\n<\/div>\n<div class=\"col content-col\" style=\"text-align: left;\"><strong>8 de juny de 2026: llista de sol\u00b7licituds amb la puntuaci\u00f3 un cop resoltes les reclamacions<\/strong><\/p>\n<div class=\"bloc-mobil\">\n<div class=\"descripcio link-dotted\" style=\"text-align: left;\">Un cop resoltes totes les reclamacions presentades, el centre educatiu publica la llista ordenada de sol\u00b7licituds amb la puntuaci\u00f3 i el n\u00famero de desempat corresponent.<\/div>\n<\/div>\n<\/div>\n<\/div>\n<div class=\"list-item-wrapper\">\n<div class=\"col icon-col\">\n<div><\/div>\n<div class=\"icon\" style=\"text-align: left;\"><strong><span style=\"font-family: inherit; font-size: 1em;\">8 de juny de 2026: sorteig per resoldre les sol\u00b7licituds de preinscripci\u00f3 empatades en punts<\/span><\/strong><\/div>\n<\/div>\n<div class=\"col content-col\">\n<div class=\"bloc-mobil\">\n<div class=\"descripcio link-dotted\">\n<p style=\"text-align: left;\">El nombre de places a cada centre educatiu \u00e9s limitat. Si el nombre de peticions supera el d&#8217;alumnes que el centre educatiu pot acollir, cal aplicar un sistema de desempat entre les sol\u00b7licituds que tenen la mateixa puntuaci\u00f3. Per fer-ho, s&#8217;obt\u00e9 un n\u00famero per sorteig a partir del qual s&#8217;ordenen totes les peticions empatades en punts, tenint en compte el n\u00famero de desempat que s&#8217;ha assignat a cada sol\u00b7licitud. El sorteig tindr\u00e0 lloc a les 11 hores, als serveis centrals del Departament d&#8217;Educaci\u00f3 i Formaci\u00f3 Professional (Via Augusta, 202-226, Barcelona).<\/p>\n<\/div>\n<\/div>\n<\/div>\n<\/div>\n<div class=\"list-item-wrapper\">\n<div class=\"col icon-col\">\n<div class=\"icon\" style=\"text-align: left;\"><strong><span style=\"font-family: inherit; font-size: 1em;\">11 de juny de 2026: llista ordenada<\/span><\/strong><\/div>\n<\/div>\n<div class=\"col content-col\">\n<div class=\"bloc-mobil\">\n<div class=\"descripcio link-dotted\">\n<p style=\"text-align: left;\">Despr\u00e9s del sorteig, s&#8217;elabora la llista de sol\u00b7licituds per a l&#8217;assignaci\u00f3 de places. Per fer aquesta llista, en primer lloc es t\u00e9 en compte la puntuaci\u00f3 de criteris prioritaris, de m\u00e9s a menys, i en cas d&#8217;empat , es t\u00e9 en compte el n\u00famero de desempat.<\/p>\n<\/div>\n<\/div>\n<\/div>\n<\/div>\n<div class=\"list-item-wrapper\">\n<div class=\"col icon-col\">\n<div class=\"icon\" style=\"text-align: left;\"><strong><span style=\"font-family: inherit; font-size: 1em;\">Del 25 al 29 de juny de 2026: ampliaci\u00f3 de peticions de preinscripci\u00f3 per a alumnes sense pla\u00e7a assignada a cap centre<\/span><\/strong><\/div>\n<\/div>\n<div class=\"col content-col\">\n<div class=\"bloc-mobil\">\n<div class=\"descripcio link-dotted\">\n<p style=\"text-align: left;\">Si no s&#8217;ha obtingut cap pla\u00e7a en els centres demanats, durant aquest per\u00edode es poden ampliar les peticions originals i demanar places en centres que en tinguin de disponibles.<br \/>\nDespr\u00e9s d&#8217;aquesta ampliaci\u00f3 de la sol\u00b7licitud, es fa el proc\u00e9s definitiu d&#8217;assignaci\u00f3 tenint en compte aquestes peticions ampliades.<\/p>\n<\/div>\n<\/div>\n<\/div>\n<\/div>\n<div class=\"list-item-wrapper\">\n<div class=\"col icon-col\">\n<div class=\"icon\" style=\"text-align: left;\"><strong><span style=\"font-family: inherit; font-size: 1em;\">3 de juliol de 2026: oferta final de places<\/span><\/strong><\/div>\n<\/div>\n<div class=\"col content-col\">\n<div class=\"bloc-mobil\">\n<div class=\"descripcio link-dotted\">\n<p style=\"text-align: left;\">Publicaci\u00f3 del nombre de places per centre i curs.<\/p>\n<\/div>\n<\/div>\n<\/div>\n<\/div>\n<div class=\"list-item-wrapper\">\n<div class=\"col icon-col\">\n<div class=\"icon\" style=\"text-align: left;\"><strong><span style=\"font-family: inherit; font-size: 1em;\">3 de juliol de 2026: llista d&#8217;alumnes admesos i llista d&#8217;espera<\/span><\/strong><\/div>\n<\/div>\n<div class=\"col content-col\">\n<div class=\"bloc-mobil\">\n<div class=\"descripcio link-dotted\">\n<p style=\"text-align: left;\">Finalment, es publica la llista d&#8217;alumnes admesos al centre.<\/p>\n<\/div>\n<\/div>\n<\/div>\n<\/div>\n<\/div>\n<\/div>\n<\/div>\n<\/div>\n<\/article>\n<\/section>\n<section class=\"padding-xs padding-sm padding-md colorSectionOdd\">\n<article class=\"container fullcontainer-xs\">\n<div class=\"row\">\n<div id=\"center_4R\">\n<div id=\"llista_688c87e4-5c88-11eb-9783-005056924a59_688c87e5-5c88-11eb-9783-005056924a59\" class=\"fpca_llista_enllacIcones formatter_body\">\n<div class=\"wrapper_llista_enllacIcones\">\n<h2 class=\"header2 pd-15 pd-30\"><span style=\"color: #ff6600;\">A l&#8217;hora de formalitzar la matriculaci\u00f3<\/span><\/h2>\n<div class=\"list-item-wrapper\">\n<div class=\"col icon-col\" style=\"text-align: left;\">\n<div class=\"icon\"><strong><span style=\"font-family: inherit; font-size: 1em;\">Del 6 al 10 de juliol de 2026: matriculaci\u00f3<\/span><\/strong><\/div>\n<\/div>\n<div class=\"col content-col\">\n<div class=\"bloc-mobil\">\n<div class=\"descripcio link-dotted\">\n<p style=\"text-align: left;\"><span lang=\"CA-ES\" xml:lang=\"CA-ES\" data-contrast=\"auto\">U<\/span><span lang=\"CA-ES\" xml:lang=\"CA-ES\" data-contrast=\"auto\">n cop\u00a0<\/span><span lang=\"CA-ES\" xml:lang=\"CA-ES\" data-contrast=\"auto\">s&#8217;ha publicat<\/span><span lang=\"CA-ES\" xml:lang=\"CA-ES\" data-contrast=\"auto\">\u00a0la llista<\/span><span lang=\"CA-ES\" xml:lang=\"CA-ES\" data-contrast=\"auto\">\u00a0<\/span><span lang=\"CA-ES\" xml:lang=\"CA-ES\" data-contrast=\"auto\">d&#8217;alumnes admesos<\/span><span lang=\"CA-ES\" xml:lang=\"CA-ES\" data-contrast=\"auto\">\u00a0en cada centre<\/span><span lang=\"CA-ES\" xml:lang=\"CA-ES\" data-contrast=\"auto\">,<\/span><span lang=\"CA-ES\" xml:lang=\"CA-ES\" data-contrast=\"auto\">\u00a0comen\u00e7a<\/span><span lang=\"CA-ES\" xml:lang=\"CA-ES\" data-contrast=\"auto\">\u00a0el per\u00edode de matriculaci\u00f3\u00a0dels alumnes preinscrits amb pla\u00e7a assignada<\/span><span lang=\"CA-ES\" xml:lang=\"CA-ES\" data-contrast=\"auto\">.<br \/>\n<\/span><\/p>\n<\/div>\n<\/div>\n<\/div>\n<\/div>\n<\/div>\n<\/div>\n<\/div>\n<\/div>\n<\/article>\n<\/section>\n<p><\/main><\/div>\n<\/div>\n<\/div>\n<section class=\"padding-xs padding-sm padding-md colorSectionOdd\">\n<div style=\"text-align: right;\"><strong>Actualitzat 24\/03\/26<\/strong><\/div>\n<\/section>\n","protected":false},"excerpt":{"rendered":"<p>Coneix el calendari i els terminis<\/p>\n<p>Si vols estar al cas de les diferents dates clau i dels terminis, has de tenir en compte alguns aspectes:<br \/>\nEl proc\u00e9s de preinscripci\u00f3 escolar s&#8217;inicia a\u00a0comen\u00e7aments de maig i acaba amb la formalitzaci\u00f3 de la matr\u00edcula, a principis de juliol.<br \/>\nDurant&hellip;  <a href=\"https:\/\/agora.xtec.cat\/ehtg\/preinscripcio-i-matricula-pfi-ptt\/\" title=\"Read Preinscripci\u00f3 PFI 26-27\">Llegeix m\u00e9s\u00bb<\/a><\/p>\n","protected":false},"author":1,"featured_media":0,"parent":0,"menu_order":0,"comment_status":"closed","ping_status":"closed","template":"","meta":{"_bbp_topic_count":0,"_bbp_reply_count":0,"_bbp_total_topic_count":0,"_bbp_total_reply_count":0,"_bbp_voice_count":0,"_bbp_anonymous_reply_count":0,"_bbp_topic_count_hidden":0,"_bbp_reply_count_hidden":0,"_bbp_forum_subforum_count":0,"footnotes":""},"class_list":["post-12730","page","type-page","status-publish","hentry"],"post_mailing_queue_ids":[],"_links":{"self":[{"href":"https:\/\/agora.xtec.cat\/ehtg\/wp-json\/wp\/v2\/pages\/12730","targetHints":{"allow":["GET"]}}],"collection":[{"href":"https:\/\/agora.xtec.cat\/ehtg\/wp-json\/wp\/v2\/pages"}],"about":[{"href":"https:\/\/agora.xtec.cat\/ehtg\/wp-json\/wp\/v2\/types\/page"}],"author":[{"embeddable":true,"href":"https:\/\/agora.xtec.cat\/ehtg\/wp-json\/wp\/v2\/users\/1"}],"replies":[{"embeddable":true,"href":"https:\/\/agora.xtec.cat\/ehtg\/wp-json\/wp\/v2\/comments?post=12730"}],"version-history":[{"count":6,"href":"https:\/\/agora.xtec.cat\/ehtg\/wp-json\/wp\/v2\/pages\/12730\/revisions"}],"predecessor-version":[{"id":13584,"href":"https:\/\/agora.xtec.cat\/ehtg\/wp-json\/wp\/v2\/pages\/12730\/revisions\/13584"}],"wp:attachment":[{"href":"https:\/\/agora.xtec.cat\/ehtg\/wp-json\/wp\/v2\/media?parent=12730"}],"curies":[{"name":"wp","href":"https:\/\/api.w.org\/{rel}","templated":true}]}}