{"id":12621,"date":"2024-03-18T12:39:50","date_gmt":"2024-03-18T11:39:50","guid":{"rendered":"https:\/\/agora.xtec.cat\/ehtg\/?page_id=12621"},"modified":"2026-03-24T17:21:24","modified_gmt":"2026-03-24T16:21:24","slug":"preinscripcio-24-25-cfgm","status":"publish","type":"page","link":"https:\/\/agora.xtec.cat\/ehtg\/preinscripcio-24-25-cfgm\/","title":{"rendered":"Preinscripci\u00f3 26-27 CFGM"},"content":{"rendered":"<div class=\"border-start bgGrey\">\n<div id=\"impacteContainer\">\n<div class=\"fpca-subcapcalera \">\n<div class=\"NG-menu \">\n<div class=\"NG-container\">\n<div class=\"NG-menu__wrapper\">\n<div class=\"NG-menu__wrapper_title\" role=\"main\">\n<h3 style=\"text-align: center;\"><a href=\"https:\/\/preinscripcio.gencat.cat\/ca\/estudis\/fp-grau-mitja\/informat\/calendari\/\" target=\"_blank\" rel=\"noopener\">Acc\u00e9s a la preinscripci\u00f3<\/a><\/h3>\n<div class=\"border-start bgGrey\">\n<div id=\"impacteContainer\">\n<div class=\"fpca-subcapcalera \">\n<div class=\"NG-menu \">\n<div class=\"NG-container\">\n<div class=\"NG-menu__wrapper\">\n<div class=\"NG-menu__wrapper_title\" role=\"main\">\n<h1 class=\"NG-menu__title\" style=\"text-align: center;\"><span style=\"color: #ff9900;\">Coneix el calendari i els terminis<\/span><\/h1>\n<\/div>\n<\/div>\n<\/div>\n<\/div>\n<\/div>\n<\/div>\n<\/div>\n<p>&nbsp;<\/p>\n<section class=\"padding-xs padding-sm padding-md colorSectionOdd\">\n<article class=\"container fullcontainer-xs\">\n<div class=\"row\">\n<div id=\"center_1R\">\n<div class=\"fpca_descripciopagina formatter_body\">\n<div class=\"imatge_amb_peu amb_text clearfix\"><span style=\"font-family: inherit; font-size: 1em;\" data-contrast=\"none\">La preinscripci\u00f3 dels alumnes <\/span><span style=\"font-family: inherit; font-size: 1em;\" data-contrast=\"none\">en<\/span><span style=\"font-family: inherit; font-size: 1em;\" data-contrast=\"none\">\u00a0un cicle de formaci\u00f3 professional t\u00e9 dates i caracter\u00edstiques pr\u00f2pies. Si vols estar al cas de les diferents dates clau i dels terminis, has de tenir en compte alguns aspectes:<\/span><\/div>\n<div class=\"basic_text_peq pd-15 pd-30 link-dotted\">\n<ul>\n<li data-leveltext=\"\uf0b7\" data-font=\"Symbol\" data-listid=\"2\" aria-setsize=\"-1\" data-aria-posinset=\"1\" data-aria-level=\"1\"><span data-contrast=\"none\">El proc\u00e9s de preinscripci\u00f3\u00a0<\/span><strong><span data-contrast=\"none\">s<\/span><\/strong><strong><span data-contrast=\"none\">&#8216;<\/span><\/strong><strong><span data-contrast=\"none\">inicia a finals de maig i acaba amb la formalitzaci\u00f3 de la matr\u00edcula, a finals de juliol<\/span><\/strong><strong><span data-contrast=\"none\">.<\/span><\/strong><\/li>\n<li data-leveltext=\"\uf0b7\" data-font=\"Symbol\" data-listid=\"2\" aria-setsize=\"-1\" data-aria-posinset=\"2\" data-aria-level=\"1\"><strong><span data-contrast=\"none\">Durant tot aquest temps, hi ha dates i terminis associats a actuacions clau\u00a0<\/span><\/strong><span data-contrast=\"none\">que has de tenir presents, ja que determinen l<\/span><span data-contrast=\"none\">&#8216;<\/span><span data-contrast=\"none\">assignaci\u00f3 final de places als centres educatius.<\/span><\/li>\n<\/ul>\n<p><span data-contrast=\"none\">Aix\u00ed, has d<\/span><span data-contrast=\"none\">&#8216;<\/span><span data-contrast=\"none\">estar pendent de les dates i de les gestions espec\u00edfiques de cada moment del proc\u00e9s.<\/span><\/p>\n<hr \/>\n<p><span data-contrast=\"none\">Sabem que costa tenir al cap tot el calendari, i per aix\u00f2\u00a0<\/span><strong><span data-contrast=\"none\">hem agrupat les dates, i les actuacions m\u00e9s importants associades, en tres moments d<\/span><\/strong><strong><span data-contrast=\"none\">&#8216;<\/span><\/strong><strong><span data-contrast=\"none\">aquest proc\u00e9s de la preinscripci\u00f3 per al curs 2026-2027: abans de la preinscripci\u00f3, durant la tramitaci\u00f3 de la sol\u00b7licitud, i a l&#8217;hora de completar la matriculaci\u00f3<\/span><\/strong><span data-contrast=\"none\">. En aquest cas, hi ha un quart apartat: la\u00a0<strong>gesti\u00f3 de places vacants<\/strong>.\u00a0<\/span><\/p>\n<\/div>\n<\/div>\n<\/div>\n<\/div>\n<\/article>\n<\/section>\n<section class=\"padding-xs padding-sm padding-md colorSectionOdd\">\n<article class=\"container fullcontainer-xs\">\n<div class=\"row\">\n<div id=\"center_2R\">\n<div id=\"llista_d4b517b6-5c0d-11eb-9783-005056924a59_4ce3011c-dbb6-11ee-8555-005056ba51b2\" class=\"fpca_llista_enllacIcones formatter_body\">\n<div class=\"wrapper_llista_enllacIcones\">\n<h2 class=\"header2 pd-15 pd-30\" style=\"text-align: center;\"><span style=\"color: #ff9900;\">Abans de la preinscripci\u00f3<\/span><\/h2>\n<div class=\"list-item-wrapper\">\n<div class=\"col icon-col\">\n<div class=\"icon\"><strong><span style=\"font-family: inherit; font-size: 1em;\">Entre febrer i maig de 2026: jornades de portes obertes i xerrades informatives als centres<\/span><\/strong><\/div>\n<\/div>\n<div class=\"col content-col\">\n<div class=\"bloc-mobil\">\n<div class=\"descripcio link-dotted\">\n<p>Aquestes trobades, que poden ser presencials o virtuals, s\u00f3n molt interessants, perqu\u00e8 permeten con\u00e8ixer de prop les caracter\u00edstiques de cada centre i la seva oferta educativa. Tamb\u00e9 s\u00f3n una oportunitat per plantejar preguntes i resoldre dubtes. Aix\u00ed, podr\u00e0s acabar de perfilar les teves prefer\u00e8ncies i recollir-les a la llista definitiva de centres.<\/p>\n<\/div>\n<\/div>\n<\/div>\n<\/div>\n<div class=\"list-item-wrapper\">\n<div class=\"col icon-col\">\n<div class=\"icon\"><strong><span style=\"font-family: inherit; font-size: 1em;\">22 de maig de 2026: oferta inicial de places escolars<\/span><\/strong><\/div>\n<\/div>\n<div class=\"col content-col\">\n<div class=\"bloc-mobil\">\n<div class=\"descripcio link-dotted\">\n<p>Publicaci\u00f3 del nombre de places escolars per centre i curs.<\/p>\n<\/div>\n<\/div>\n<\/div>\n<\/div>\n<\/div>\n<\/div>\n<\/div>\n<\/div>\n<\/article>\n<\/section>\n<section class=\"padding-xs padding-sm padding-md colorSectionOdd\">\n<article class=\"container fullcontainer-xs\">\n<div class=\"row\">\n<div id=\"center_3R\">\n<div id=\"llista_d815a70d-5c0d-11eb-9783-005056924a59_49f9eac1-dbb6-11ee-8555-005056ba51b2\" class=\"fpca_llista_enllacIcones formatter_body\">\n<div class=\"wrapper_llista_enllacIcones\">\n<h2 class=\"header2 pd-15 pd-30\" style=\"text-align: center;\"><span style=\"color: #ff9900;\">Durant la preparaci\u00f3, presentaci\u00f3 i seguiment de la sol\u00b7licitud de preinscripci\u00f3<\/span><\/h2>\n<div class=\"list-item-wrapper\">\n<div class=\"col icon-col\">\n<div class=\"icon\"><strong><span style=\"font-family: inherit; font-size: 1em;\">Del 26 de maig a l&#8217;1 de juny de 2026: presentaci\u00f3 de sol\u00b7licituds<\/span><\/strong><\/div>\n<\/div>\n<div class=\"col content-col\">\n<div class=\"bloc-mobil\">\n<div class=\"descripcio link-dotted\">\n<p>\u00c9s molt important respectar les dates, perqu\u00e8 per a aquests ensenyaments no s&#8217;accepten sol\u00b7licituds fora de termini. Els criteris de prioritat serveixen per donar una puntuaci\u00f3 a cada sol\u00b7licitud. D&#8217;aquesta manera s&#8217;estableix l&#8217;ordre d&#8217;acc\u00e9s a les places de cada centre.<\/p>\n<\/div>\n<\/div>\n<\/div>\n<\/div>\n<div class=\"list-item-wrapper\">\n<div class=\"col icon-col\">\n<div class=\"icon\"><strong><span style=\"font-family: inherit; font-size: 1em;\">Del 26 de maig al 2 de juny de 2026: presentaci\u00f3 de documentaci\u00f3<\/span><\/strong><\/div>\n<\/div>\n<div class=\"col content-col\">\n<div class=\"bloc-mobil\">\n<div class=\"descripcio link-dotted\">\n<p>Aquests dies pots presentar la documentaci\u00f3 acreditativa que justifica les prioritats de cada alumne o alumna.<\/p>\n<\/div>\n<\/div>\n<\/div>\n<\/div>\n<div class=\"list-item-wrapper\">\n<div class=\"col icon-col\">\n<div class=\"icon\"><strong><span style=\"font-family: inherit; font-size: 1em;\">29 de juny de 2026: llista de sol\u00b7licituds amb la puntuaci\u00f3 provisional<\/span><\/strong><\/div>\n<\/div>\n<div class=\"col content-col\">\n<div class=\"bloc-mobil\">\n<div class=\"descripcio link-dotted\">\n<p>Un cop acabat el per\u00edode de presentaci\u00f3 de sol\u00b7licituds, els centres educatius estudien cadascuna de les peticions que han rebut: n&#8217;analitzen les dades, els criteris de prioritat que es demana que es tinguin en compte, i tamb\u00e9 els documents justificatius. Tot seguit, publiquen la llista de sol\u00b7licituds amb els barems provisionals. En aquesta llista hi ha les sol\u00b7licituds ordenades alfab\u00e8ticament amb la puntuaci\u00f3 que ha rebut cada sol\u00b7licitud en aplicar-hi el barem.<\/p>\n<\/div>\n<\/div>\n<\/div>\n<\/div>\n<div class=\"list-item-wrapper\">\n<div class=\"col icon-col\">\n<div class=\"icon\"><strong><span style=\"font-family: inherit; font-size: 1em;\">Del 29 de juny al 2 de juliol de 2026: presentaci\u00f3 de reclamacions<\/span><\/strong><\/div>\n<\/div>\n<div class=\"col content-col\">\n<div class=\"bloc-mobil\">\n<div class=\"descripcio link-dotted\">\n<p>Durant aquest per\u00edode, si detectes alguna errada o anomalia en el barem assignat, pots presentar una reclamaci\u00f3, utilitzant l&#8217;eina electr\u00f2nica per a presentar reclamacions.<\/p>\n<\/div>\n<\/div>\n<\/div>\n<\/div>\n<div class=\"list-item-wrapper\">\n<div class=\"col icon-col\">\n<div class=\"icon\"><strong><span style=\"font-family: inherit; font-size: 1em;\">6 de juliol de 2026: sorteig per resoldre les sol\u00b7licituds de preinscripci\u00f3 empatades en punts<\/span><\/strong><\/div>\n<\/div>\n<div class=\"col content-col\">\n<div class=\"bloc-mobil\">\n<div class=\"descripcio link-dotted\">\n<p>El nombre de places a cada centre \u00e9s limitat. Si el nombre de peticions supera el d&#8217;alumnes que es pot acollir, cal aplicar un sistema de desempat entre les sol\u00b7licituds que tenen la mateixa puntuaci\u00f3. Per fer-ho, s&#8217;obt\u00e9 un n\u00famero per sorteig a partir del qual s&#8217;ordenen totes les peticions empatades en punts, tenint en compte el n\u00famero de desempat que s&#8217;ha assignat a cada sol\u00b7licitud. El sorteig tindr\u00e0 lloc a les 11 hores, als serveis centrals del Departament d&#8217;Educaci\u00f3 i Formaci\u00f3 Professional (Via Augusta, 202-226, Barcelona).<\/p>\n<\/div>\n<\/div>\n<\/div>\n<\/div>\n<div class=\"list-item-wrapper\">\n<div class=\"col icon-col\">\n<div class=\"icon\"><strong><span style=\"font-family: inherit; font-size: 1em;\">7 de juliol de 2026: llista de sol\u00b7licituds amb la puntuaci\u00f3 un cop resoltes les reclamacions<\/span><\/strong><\/div>\n<\/div>\n<div class=\"col content-col\">\n<div class=\"bloc-mobil\">\n<div class=\"descripcio link-dotted\">\n<p>Un cop resoltes totes les reclamacions presentades, el centre publica la llista definitiva de sol\u00b7licituds amb la puntuaci\u00f3 i el n\u00famero de desempat corresponent.<\/p>\n<\/div>\n<\/div>\n<\/div>\n<\/div>\n<div class=\"list-item-wrapper\">\n<div class=\"col icon-col\">\n<div class=\"icon\"><strong><span style=\"font-family: inherit; font-size: 1em;\">10 de juliol de 2026: oferta final de places<\/span><\/strong><\/div>\n<\/div>\n<div class=\"col content-col\">\n<div class=\"bloc-mobil\">\n<div class=\"descripcio link-dotted\">\n<p>Publicaci\u00f3 del nombre de places per centre i curs.<\/p>\n<\/div>\n<\/div>\n<\/div>\n<\/div>\n<div class=\"list-item-wrapper\">\n<div class=\"col icon-col\">\n<div class=\"icon\"><strong><span style=\"font-family: inherit; font-size: 1em;\">10 de juliol de 2026: llista de places assignades de la primera tanda, amb indicaci\u00f3 de la petici\u00f3 atesa de l&#8217;alumne\/a<\/span><\/strong><\/div>\n<\/div>\n<div class=\"col content-col\">\n<div class=\"bloc-mobil\">\n<div class=\"descripcio link-dotted\">\n<p>Consulta la llista de places.<\/p>\n<\/div>\n<\/div>\n<\/div>\n<\/div>\n<div class=\"list-item-wrapper\">\n<div class=\"col icon-col\">\n<div class=\"icon\"><strong><span style=\"font-family: inherit; font-size: 1em;\">Del 10 al 14 de juliol de 2026: confirma la matr\u00edcula, millora l&#8217;assignaci\u00f3 o renuncia a la pla\u00e7a assignada<\/span><\/strong><\/div>\n<\/div>\n<div class=\"col content-col\">\n<div class=\"bloc-mobil\">\n<div class=\"descripcio link-dotted\">\n<p>En aquest per\u00edode, pots:<\/p>\n<ul>\n<li><strong>Confirmar la matr\u00edcula<\/strong>\u00a0en l\u00ednia si tens assignada la teva primera opci\u00f3 en la primera assignaci\u00f3; o<\/li>\n<li><strong>Millorar l&#8217;assignaci\u00f3<\/strong>; o<\/li>\n<li><strong>Renunciar<\/strong>\u00a0a la pla\u00e7a assignada.<\/li>\n<\/ul>\n<p>Has de tenir en compte que si renuncies o no fas la confirmaci\u00f3 de matr\u00edcula en l\u00ednia, perdr\u00e0s la pla\u00e7a assignada i quedar\u00e0s excl\u00f2s\/osa del proc\u00e9s.<\/p>\n<h1 style=\"text-align: center;\"><span style=\"color: #ff0000;\"><strong>Tot i haver confirmat la matr\u00edcula en l\u00ednia has de completar la matr\u00edcula adre\u00e7ant-te al centre assignat. Consulta l&#8217;apartat &#8216;A l&#8217;hora de completar la matriculaci\u00f3&#8217;.<\/strong><\/span><\/h1>\n<\/div>\n<\/div>\n<\/div>\n<\/div>\n<div class=\"list-item-wrapper\">\n<div class=\"col icon-col\">\n<div class=\"icon\"><strong><span style=\"font-family: inherit; font-size: 1em;\">24 de juliol de 2026: llista de places assignades en la segona tanda d&#8217;assignaci\u00f3 i en la proposta d&#8217;assignaci\u00f3<\/span><\/strong><\/div>\n<\/div>\n<div class=\"col content-col\">\n<div class=\"bloc-mobil\">\n<div class=\"descripcio link-dotted\">\n<p>Consulta la llista de places.<\/p>\n<\/div>\n<\/div>\n<\/div>\n<\/div>\n<div class=\"list-item-wrapper\">\n<div class=\"col icon-col\">\n<div class=\"icon\"><strong><span style=\"font-family: inherit; font-size: 1em;\">Del 24 al 28 de juliol de 2026: confirma la matr\u00edcula o renuncia a la pla\u00e7a assignada<\/span><\/strong><\/div>\n<\/div>\n<div class=\"col content-col\">\n<div class=\"bloc-mobil\">\n<div class=\"descripcio link-dotted\">\n<p>En aquest per\u00edode, pots:<\/p>\n<ul>\n<li><strong>Confirmar la matr\u00edcula<\/strong>\u00a0en l\u00ednia si acceptes la pla\u00e7a assignada en la segona tanda d&#8217;assignaci\u00f3 o en la proposta d&#8217;assignaci\u00f3; o<\/li>\n<li><strong>Renunciar<\/strong>\u00a0a la pla\u00e7a assignada.<\/li>\n<\/ul>\n<p>Has de tenir en compte que si renuncies o no fas la confirmaci\u00f3 de matr\u00edcula en l\u00ednia, perdr\u00e0s la pla\u00e7a assignada i quedar\u00e0s excl\u00f2s\/osa del proc\u00e9s.<\/p>\n<h1 style=\"text-align: center;\"><strong><span style=\"color: #ff0000;\">Tot i haver confirmat la matr\u00edcula en l\u00ednia has de completar la matr\u00edcula adre\u00e7ant-te al centre assignat. Consulta l&#8217;apartat &#8216;A l&#8217;hora de completar la matriculaci\u00f3&#8217;.<\/span><br \/>\n<\/strong><\/h1>\n<\/div>\n<\/div>\n<\/div>\n<\/div>\n<\/div>\n<\/div>\n<\/div>\n<\/div>\n<\/article>\n<\/section>\n<section class=\"padding-xs padding-sm padding-md colorSectionOdd\">\n<article class=\"container fullcontainer-xs\">\n<div class=\"row\">\n<div id=\"center_4R\">\n<div id=\"llista_d60899d9-5c0d-11eb-9783-005056924a59_4bd42917-dbb6-11ee-8555-005056ba51b2\" class=\"fpca_llista_enllacIcones formatter_body\">\n<div class=\"wrapper_llista_enllacIcones\">\n<h2 class=\"header2 pd-15 pd-30\" style=\"text-align: center;\"><span style=\"color: #ff9900;\">A l&#8217;hora de completar la matriculaci\u00f3<\/span><\/h2>\n<div class=\"basic_text_peq pd-15 pd-30 link-dotted\">\n<p><strong>L&#8217;alumnat que ha confirmat la matr\u00edcula en l\u00ednia sempre ha de completar la matr\u00edcula adre\u00e7ant-se al centre assignat<\/strong><\/p>\n<\/div>\n<div class=\"list-item-wrapper\">\n<div class=\"col icon-col\">\n<div class=\"icon\"><strong><span style=\"font-family: inherit; font-size: 1em;\">Del 10 al 16 de juliol de 2026, fins a les 14 h: per\u00edode per completar la matr\u00edcula al centre (primera tanda)<\/span><\/strong><\/div>\n<\/div>\n<div class=\"col content-col\">\n<div class=\"bloc-mobil\">\n<div class=\"descripcio link-dotted\">\n<p>Si has confirmat la matr\u00edcula en l\u00ednia de la pla\u00e7a assignada en la primera tanda d&#8217;assignaci\u00f3.<\/p>\n<\/div>\n<\/div>\n<\/div>\n<\/div>\n<div class=\"list-item-wrapper\">\n<div class=\"col icon-col\">\n<div class=\"icon\"><strong><span style=\"font-family: inherit; font-size: 1em;\">Del 24 al 29 de juliol de 2026, ambd\u00f3s inclosos: per\u00edode per completar la matr\u00edcula al centre (2a tanda i proposta d&#8217;assignaci\u00f3). Excepcionalment de l&#8217;1 al 3 de setembre de 2026.<\/span><\/strong><\/div>\n<\/div>\n<div class=\"col content-col\">\n<div class=\"bloc-mobil\">\n<div class=\"descripcio link-dotted\">\n<p>Si has confirmat la matr\u00edcula en l\u00ednia de la pla\u00e7a assignada en la segona tanda d&#8217;assignaci\u00f3.<\/p>\n<\/div>\n<\/div>\n<hr \/>\n<p>&nbsp;<\/p>\n<h1 style=\"text-align: center;\"><span style=\"color: #ff0000;\"><strong>Has de tenir en compte que si no fas la confirmaci\u00f3 de matr\u00edcula en l\u00ednia i no completes la matr\u00edcula adre\u00e7ant-te al centre educatiu, perdr\u00e0s la pla\u00e7a assignada i quedar\u00e0s excl\u00f2s\/osa del proc\u00e9s.<\/strong><\/span><\/h1>\n<\/div>\n<\/div>\n<\/div>\n<\/div>\n<\/div>\n<\/div>\n<\/article>\n<\/section>\n<p>&nbsp;<\/p>\n<\/div>\n<\/div>\n<\/div>\n<\/div>\n<\/div>\n<\/div>\n<\/div>\n<section class=\"padding-xs padding-sm padding-md colorSectionOdd\">\n<article class=\"container fullcontainer-xs\">\n<div class=\"row\">\n<div id=\"center_5R\">\n<div id=\"llista_211b9692-71fe-11eb-b36d-005056924a59_211b9693-71fe-11eb-b36d-005056924a59\" class=\"fpca_llista_enllacIcones formatter_body\">\n<div class=\"wrapper_llista_enllacIcones\">\n<div class=\"col content-col\" style=\"text-align: right;\"><strong>Actualitzat: 24\/03\/2026<\/strong><\/div>\n<\/div>\n<\/div>\n<\/div>\n<\/div>\n<\/article>\n<\/section>\n","protected":false},"excerpt":{"rendered":"<p><a href=\"https:\/\/preinscripcio.gencat.cat\/ca\/estudis\/fp-grau-mitja\/informat\/calendari\/\" target=\"_blank\" rel=\"noopener\">Acc\u00e9s a la preinscripci\u00f3<\/a><\/p>\n<p>Coneix el calendari i els terminis<\/p>\n<p>&nbsp;<\/p>\n<p>La preinscripci\u00f3 dels alumnes en\u00a0un cicle de formaci\u00f3 professional t\u00e9 dates i caracter\u00edstiques pr\u00f2pies. Si vols estar al cas de les diferents dates clau i dels terminis, has de tenir en compte alguns aspectes:<\/p>\n<ul>\n<li&hellip;  <a href=\"https:\/\/agora.xtec.cat\/ehtg\/preinscripcio-24-25-cfgm\/\" title=\"Read Preinscripci\u00f3 26-27 CFGM\">Llegeix m\u00e9s\u00bb<\/a><\/p>\n","protected":false},"author":1,"featured_media":0,"parent":0,"menu_order":0,"comment_status":"closed","ping_status":"closed","template":"","meta":{"_bbp_topic_count":0,"_bbp_reply_count":0,"_bbp_total_topic_count":0,"_bbp_total_reply_count":0,"_bbp_voice_count":0,"_bbp_anonymous_reply_count":0,"_bbp_topic_count_hidden":0,"_bbp_reply_count_hidden":0,"_bbp_forum_subforum_count":0,"footnotes":""},"class_list":["post-12621","page","type-page","status-publish","hentry"],"post_mailing_queue_ids":[],"_links":{"self":[{"href":"https:\/\/agora.xtec.cat\/ehtg\/wp-json\/wp\/v2\/pages\/12621","targetHints":{"allow":["GET"]}}],"collection":[{"href":"https:\/\/agora.xtec.cat\/ehtg\/wp-json\/wp\/v2\/pages"}],"about":[{"href":"https:\/\/agora.xtec.cat\/ehtg\/wp-json\/wp\/v2\/types\/page"}],"author":[{"embeddable":true,"href":"https:\/\/agora.xtec.cat\/ehtg\/wp-json\/wp\/v2\/users\/1"}],"replies":[{"embeddable":true,"href":"https:\/\/agora.xtec.cat\/ehtg\/wp-json\/wp\/v2\/comments?post=12621"}],"version-history":[{"count":6,"href":"https:\/\/agora.xtec.cat\/ehtg\/wp-json\/wp\/v2\/pages\/12621\/revisions"}],"predecessor-version":[{"id":13581,"href":"https:\/\/agora.xtec.cat\/ehtg\/wp-json\/wp\/v2\/pages\/12621\/revisions\/13581"}],"wp:attachment":[{"href":"https:\/\/agora.xtec.cat\/ehtg\/wp-json\/wp\/v2\/media?parent=12621"}],"curies":[{"name":"wp","href":"https:\/\/api.w.org\/{rel}","templated":true}]}}