{"id":12537,"date":"2024-01-22T13:30:17","date_gmt":"2024-01-22T12:30:17","guid":{"rendered":"https:\/\/agora.xtec.cat\/ehtg\/?page_id=12537"},"modified":"2024-01-22T13:31:37","modified_gmt":"2024-01-22T12:31:37","slug":"capacitacio-digital","status":"publish","type":"page","link":"https:\/\/agora.xtec.cat\/ehtg\/capacitacio-digital\/","title":{"rendered":"Capacitaci\u00f3 Digital"},"content":{"rendered":"<div class=\"border-start bgGrey\">\n<div id=\"impacteContainer\">\n<div class=\"fpca-subcapcalera \">\n<div class=\"NG-menu \">\n<div class=\"NG-container\">\n<div class=\"NG-menu__wrapper\">\n<div class=\"NG-menu__wrapper_title\" role=\"main\">\n<h1 class=\"NG-menu__title\" style=\"text-align: center;\">Formaci\u00f3 de l&#8217;\u00e0mbit digital per a adults i joves<\/h1>\n<h6 class=\"NG-menu__title\" style=\"text-align: center;\">La r\u00e0pida transformaci\u00f3 digital de l&#8217;economia i la societat ha convertit les compet\u00e8ncies digitals en eines b\u00e0siques per poder aprofitar les oportunitats que ofereixen des del punt de vista econ\u00f2mic, social i ambiental.<\/h6>\n<p>Per donar resposta a aquesta necessitat de formaci\u00f3 en compet\u00e8ncies digitals, el Departament d&#8217;Educaci\u00f3 ha creat una <strong style=\"font-family: inherit; font-size: 1em;\">xarxa de centres de capacitaci\u00f3 digital<\/strong><span style=\"font-family: inherit; font-size: 1em; font-weight: normal;\">, formada per instituts de formaci\u00f3 professional i escoles d&#8217;adults d&#8217;arreu de Catalunya que ofereixen un total de cinc cursos, des del nivell m\u00e9s b\u00e0sic fins a l&#8217;\u00e0mbit professional.<\/span><\/p>\n<p>Hi ha cinc cursos de formaci\u00f3 en l&#8217;\u00e0mbit digital, que van des del nivell m\u00e9s b\u00e0sic fins a l&#8217;\u00e0mbit professional.\u00a0<strong style=\"font-family: inherit; font-size: 1em;\">Aquests cursos s\u00f3n gratu\u00efts<\/strong><span style=\"font-family: inherit; font-size: 1em; font-weight: normal;\">.<\/span><\/p>\n<p>La formaci\u00f3 s&#8217;adre\u00e7a a adults i joves en risc d&#8217;exclusi\u00f3 digital que no estiguin al sistema educatiu ni formatiu i es pot estudiar a diferents\u00a0<strong style=\"font-family: inherit; font-size: 1em;\">instituts de formaci\u00f3 professional i escoles d&#8217;adults<\/strong><span style=\"font-family: inherit; font-size: 1em; font-weight: normal;\">\u00a0d&#8217;arreu de Catalunya. En finalitzar-la, s&#8217;obt\u00e9 una acreditaci\u00f3 del curs realitzat.<\/span><\/p>\n<\/div>\n<\/div>\n<h3><\/h3>\n<h3 style=\"text-align: center;\"><a href=\"https:\/\/educacio.gencat.cat\/ca\/serveis-tramits\/formacio-digital\/index.html\" target=\"_blank\" rel=\"noopener\">Enlla\u00e7 al web d&#8217;Educaci\u00f3<\/a><\/h3>\n<p>&nbsp;<\/p>\n<p><img decoding=\"async\" class=\"aligncenter\" src=\"https:\/\/educacio.gencat.cat\/web\/.content\/home\/departament\/publicacions\/campanyes\/darreres-campanyes\/formacio-ambit-ditigal\/baner-xxss-5-4.jpg_352737381.jpg\" alt=\"baner de la campanya format 5\/4\" \/><\/p>\n<\/div>\n<\/div>\n<\/div>\n<\/div>\n<\/div>\n<p>&nbsp;<\/p>\n","protected":false},"excerpt":{"rendered":"<p>Formaci\u00f3 de l&#8217;\u00e0mbit digital per a adults i joves<br \/>\nLa r\u00e0pida transformaci\u00f3 digital de l&#8217;economia i la societat ha convertit les compet\u00e8ncies digitals en eines b\u00e0siques per poder aprofitar les oportunitats que ofereixen des del punt de vista econ\u00f2mic, social i ambiental.<br \/>\nPer donar resposta a aquesta&hellip;  <a href=\"https:\/\/agora.xtec.cat\/ehtg\/capacitacio-digital\/\" title=\"Read Capacitaci\u00f3 Digital\">Llegeix m\u00e9s\u00bb<\/a><\/p>\n","protected":false},"author":1,"featured_media":0,"parent":0,"menu_order":0,"comment_status":"closed","ping_status":"closed","template":"","meta":{"_bbp_topic_count":0,"_bbp_reply_count":0,"_bbp_total_topic_count":0,"_bbp_total_reply_count":0,"_bbp_voice_count":0,"_bbp_anonymous_reply_count":0,"_bbp_topic_count_hidden":0,"_bbp_reply_count_hidden":0,"_bbp_forum_subforum_count":0,"footnotes":""},"class_list":["post-12537","page","type-page","status-publish","hentry"],"post_mailing_queue_ids":[],"_links":{"self":[{"href":"https:\/\/agora.xtec.cat\/ehtg\/wp-json\/wp\/v2\/pages\/12537","targetHints":{"allow":["GET"]}}],"collection":[{"href":"https:\/\/agora.xtec.cat\/ehtg\/wp-json\/wp\/v2\/pages"}],"about":[{"href":"https:\/\/agora.xtec.cat\/ehtg\/wp-json\/wp\/v2\/types\/page"}],"author":[{"embeddable":true,"href":"https:\/\/agora.xtec.cat\/ehtg\/wp-json\/wp\/v2\/users\/1"}],"replies":[{"embeddable":true,"href":"https:\/\/agora.xtec.cat\/ehtg\/wp-json\/wp\/v2\/comments?post=12537"}],"version-history":[{"count":2,"href":"https:\/\/agora.xtec.cat\/ehtg\/wp-json\/wp\/v2\/pages\/12537\/revisions"}],"predecessor-version":[{"id":12541,"href":"https:\/\/agora.xtec.cat\/ehtg\/wp-json\/wp\/v2\/pages\/12537\/revisions\/12541"}],"wp:attachment":[{"href":"https:\/\/agora.xtec.cat\/ehtg\/wp-json\/wp\/v2\/media?parent=12537"}],"curies":[{"name":"wp","href":"https:\/\/api.w.org\/{rel}","templated":true}]}}