{"id":1217,"date":"2021-11-05T15:01:54","date_gmt":"2021-11-05T14:01:54","guid":{"rendered":"https:\/\/agora.xtec.cat\/ehtg\/?page_id=1217"},"modified":"2026-01-12T11:52:44","modified_gmt":"2026-01-12T10:52:44","slug":"les-cartes","status":"publish","type":"page","link":"https:\/\/agora.xtec.cat\/ehtg\/les-cartes\/","title":{"rendered":"Les cartes"},"content":{"rendered":"<p>A continuaci\u00f3 presentem les diferents cartes que s&#8217;elaboraran al llarg del curs, en catal\u00e0, castell\u00e0, angl\u00e8s i franc\u00e8s. Cada plat es presenta amb els al\u00b7l\u00e8rgens corresponents:<\/p>\n<table style=\"border-collapse: collapse; width: 42.1622%;\">\n<tbody>\n<tr>\n<td style=\"width: 4.86486%;\">1<\/td>\n<td style=\"width: 20.8229%;\">Gluten<\/td>\n<td style=\"width: 3.20513%;\">8<\/td>\n<td style=\"width: 16.7949%;\">Fruits secs<\/td>\n<\/tr>\n<tr>\n<td style=\"width: 4.86486%;\">2<\/td>\n<td style=\"width: 20.8229%;\">Crustacis<\/td>\n<td style=\"width: 3.20513%;\">9<\/td>\n<td style=\"width: 16.7949%;\">Api<\/td>\n<\/tr>\n<tr>\n<td style=\"width: 4.86486%;\">3<\/td>\n<td style=\"width: 20.8229%;\">Ous<\/td>\n<td style=\"width: 3.20513%;\">10<\/td>\n<td style=\"width: 16.7949%;\">Mostassa<\/td>\n<\/tr>\n<tr>\n<td style=\"width: 4.86486%;\">4<\/td>\n<td style=\"width: 20.8229%;\">Peix<\/td>\n<td style=\"width: 3.20513%;\">11<\/td>\n<td style=\"width: 16.7949%;\">S\u00e8sam<\/td>\n<\/tr>\n<tr>\n<td style=\"width: 4.86486%;\">5<\/td>\n<td style=\"width: 20.8229%;\">Cacauets<\/td>\n<td style=\"width: 3.20513%;\">12<\/td>\n<td style=\"width: 16.7949%;\">Sulfits<\/td>\n<\/tr>\n<tr>\n<td style=\"width: 4.86486%;\">6<\/td>\n<td style=\"width: 20.8229%;\">Soja<\/td>\n<td style=\"width: 3.20513%;\">13<\/td>\n<td style=\"width: 16.7949%;\">Tramussos<\/td>\n<\/tr>\n<tr>\n<td style=\"width: 4.86486%;\">7<\/td>\n<td style=\"width: 20.8229%;\">Llet<\/td>\n<td style=\"width: 3.20513%;\">14<\/td>\n<td style=\"width: 16.7949%;\">Mol\u00b7luscs<\/td>\n<\/tr>\n<\/tbody>\n<\/table>\n<p><strong>CARTES EN CATAL\u00c0<\/strong><\/p>\n<table style=\"border-collapse: collapse; width: 100%;\">\n<tbody>\n<tr>\n<td style=\"width: 50%;\">Dilluns, dimarts i dimecres<\/td>\n<td style=\"width: 50%;\">Dijous i divendres<\/td>\n<\/tr>\n<tr>\n<td style=\"width: 50%;\">\n<ul>\n<li><a href=\"https:\/\/docs.google.com\/document\/d\/1lKhgRAolW45Fe7pc_UXxieH_YFObZGTW\/edit?usp=sharing&amp;ouid=108494461255659945724&amp;rtpof=true&amp;sd=true\">Carta catalana i peninsular<\/a> (del 29 setembre al 26 de novembre)<\/li>\n<li><a href=\"https:\/\/docs.google.com\/document\/d\/15Z-zuXZKWZ0G-lIyIPSQSvRKer0EEvo6sfEHY-mtEKM\/edit?usp=sharing\">Carta de Nadal<\/a> (del 1 de desembre al 17 de desembre)<\/li>\n<li><a href=\"https:\/\/docs.google.com\/document\/d\/1n2OlntM6y7ChNHLTK7DtsjfLaUosWUq0W6oFmP0xxmA\/edit?usp=sharing\">Carta internacional i d&#8217;autor<\/a> (del 12 de gener al 11 de mar\u00e7)<\/li>\n<li>Carta projectes alumnat de l&#8217;Escola (del 16 de mar\u00e7 al 29 d&#8217;abril; la carta s&#8217;adapta a la proposta de l&#8217;alumnat per a cada servei)<\/li>\n<\/ul>\n<\/td>\n<td style=\"width: 50%;\">\n<ul>\n<li><a href=\"https:\/\/docs.google.com\/document\/d\/1lKhgRAolW45Fe7pc_UXxieH_YFObZGTW\/edit?usp=sharing&amp;ouid=108494461255659945724&amp;rtpof=true&amp;sd=true\">Carta catalana i peninsular<\/a> (del 2 d&#8217;octubre al 14 de novembre)<\/li>\n<li>Carta ca\u00e7a i bolets ( del 20 de novembre al 28 de novembre)<\/li>\n<li><a href=\"https:\/\/docs.google.com\/document\/d\/15Z-zuXZKWZ0G-lIyIPSQSvRKer0EEvo6sfEHY-mtEKM\/edit?usp=sharing\">Carta de Nadal<\/a> (del 3 de desembre al 19 de desembre)<\/li>\n<li><a href=\"https:\/\/docs.google.com\/document\/d\/1n2OlntM6y7ChNHLTK7DtsjfLaUosWUq0W6oFmP0xxmA\/edit?usp=sharing\">Carta internacional i d&#8217;autor<\/a> (del 8 de gener al 30 de gener)<\/li>\n<li>Carta projectes alumnat de l&#8217;Escola (del 5 de febrer al 30 d&#8217;abril; la carta s&#8217;adapta a la proposta de l&#8217;alumnat per a cada servei)<\/li>\n<\/ul>\n<\/td>\n<\/tr>\n<\/tbody>\n<\/table>\n<p><strong>CARTAS EN CASTELLANO<\/strong><\/p>\n<table style=\"border-collapse: collapse; width: 100%;\">\n<tbody>\n<tr>\n<td style=\"width: 50%;\">Lunes, martes y miercoles<\/td>\n<td style=\"width: 50%;\">Jueves y viernes<\/td>\n<\/tr>\n<tr>\n<td style=\"width: 50%;\">\n<ul>\n<li><a href=\"https:\/\/docs.google.com\/document\/d\/1Wvl1RHlW45OFOkKf-HoAixrivzyo5AO3reWxZheKap0\/edit?usp=sharing\">Carta catalana y peninsular<\/a> (del 29 septiembre al 26 de noviembre)<\/li>\n<li><a href=\"https:\/\/docs.google.com\/document\/d\/1n_B7uvBz3fBoXUxsk9jTW_8FO9lrzNT423NFvn9fAas\/edit?usp=sharing\">Carta de Navidad<\/a> (del 1 de diciembre al 17 de diciembre)<\/li>\n<li><a href=\"https:\/\/docs.google.com\/document\/d\/1s2P_oYgYZEDWfBkwpxbA5y4-QrNQBjm0nY4C0zTybnI\/edit?usp=sharing\">Carta internacional y de autor<\/a> (del 12 de enero al 11 de marzo<span style=\"font-family: Consolas, Monaco, monospace; font-size: 1em;\">)<\/span><\/li>\n<li>Carta proyectos alumnado de la Escuela (del 16 de marzo al 29 de abril; la carta se adapta a la propuesta del alumnado para cada servicio)<\/li>\n<\/ul>\n<\/td>\n<td style=\"width: 50%;\">\n<ul>\n<li><a href=\"https:\/\/docs.google.com\/document\/d\/1Wvl1RHlW45OFOkKf-HoAixrivzyo5AO3reWxZheKap0\/edit?usp=sharing\">Carta catalana y peninsular<\/a> (del 2 de octubre al 14 de noviembre)<\/li>\n<li>Carta de caza y setas ( del 20 de noviembre al 28 de noviembre<\/li>\n<li><a href=\"https:\/\/docs.google.com\/document\/d\/1n_B7uvBz3fBoXUxsk9jTW_8FO9lrzNT423NFvn9fAas\/edit?usp=sharing\">Carta de Navidad<\/a> (del 3 de diciembre al 19 de diciembre)<\/li>\n<li><a href=\"https:\/\/docs.google.com\/document\/d\/1s2P_oYgYZEDWfBkwpxbA5y4-QrNQBjm0nY4C0zTybnI\/edit?usp=sharing\">Carta internacional y de autor<\/a> (del 8 de enero al 30 de enero<span style=\"font-family: Consolas, Monaco, monospace; font-size: 1em;\">)<\/span><\/li>\n<li>Carta proyectos alumnado de la Escuela (del 5 de febrero al 30 de abril; la carta se adapta a la propuesta del alumnado para cada servicio)<\/li>\n<\/ul>\n<\/td>\n<\/tr>\n<\/tbody>\n<\/table>\n<p><strong>ENGLISH MENUS<\/strong><\/p>\n<table style=\"border-collapse: collapse; width: 100%;\">\n<tbody>\n<tr>\n<td style=\"width: 50%;\">Monday, Tuesday and Wednesday<\/td>\n<td style=\"width: 50%;\">Thursday and Friday<\/td>\n<\/tr>\n<tr>\n<td style=\"width: 50%;\">\n<ul>\n<li><a href=\"https:\/\/docs.google.com\/document\/d\/1pItHHr1Rq3xOkx9gr8k2YMexyD8f00A2V2V8EThuHbk\/edit?usp=sharing\">Catalan and peninsular cuisine menu<\/a> (from September 29th to November 26th)<\/li>\n<li><a href=\"https:\/\/docs.google.com\/document\/d\/1JoFyMO-hOu8JmRt56YvJ_JELFvN2_ALfluXqPoHVWVM\/edit?usp=sharing\">Christmas menu<\/a> (from December 1st to December\u00a0 17th)<\/li>\n<li><a href=\"https:\/\/docs.google.com\/document\/d\/1iBmTbX77OQTgyl8-ekhPuzyEg7tyHldwkDYxVk0qeNA\/edit?usp=sharing\">International and signature menu<\/a><\/li>\n<li>(from 12th January to 11th March)<\/li>\n<li>School students&#8217; projects menu (from March 16th to April 29th; the menu adapts to the proposal of the students for each service)<\/li>\n<\/ul>\n<\/td>\n<td style=\"width: 50%;\">\n<ul>\n<li><a href=\"https:\/\/docs.google.com\/document\/d\/1pItHHr1Rq3xOkx9gr8k2YMexyD8f00A2V2V8EThuHbk\/edit?usp=sharing\">Catalan and peninsular Menu<\/a> (from October 2nd to November 14th)<\/li>\n<li>Game and mushrooms menu (from November 20th to November 28th)<\/li>\n<li><a href=\"https:\/\/docs.google.com\/document\/d\/1JoFyMO-hOu8JmRt56YvJ_JELFvN2_ALfluXqPoHVWVM\/edit?usp=sharing\">Christmas menu<\/a> (from December 3rd to December 19th )<\/li>\n<li><a href=\"https:\/\/docs.google.com\/document\/d\/1iBmTbX77OQTgyl8-ekhPuzyEg7tyHldwkDYxVk0qeNA\/edit?usp=sharing\">International and signature menu<\/a> (from January 8th to January 30th)<\/li>\n<li>School students&#8217; projects menu (from February 5th to April 30th; the menu adapts to the proposal of the students for each service)<\/li>\n<\/ul>\n<\/td>\n<\/tr>\n<\/tbody>\n<\/table>\n<p><strong>CARTES EN FRAN\u00c7AIS<\/strong><\/p>\n<table style=\"border-collapse: collapse; width: 100%;\">\n<tbody>\n<tr>\n<td style=\"width: 50%;\">Lundi, mardi et mercredi<\/td>\n<td style=\"width: 50%;\">jeudi et vendredi<\/td>\n<\/tr>\n<tr>\n<td style=\"width: 50%;\">\n<ul>\n<li><a href=\"https:\/\/docs.google.com\/document\/d\/1PWNW-ruqT49eeahI3Aqu3t1X5WmL1RSiWHD1jqxr3Y8\/edit?usp=sharing\">Carte catalane et p\u00e9ninsulaire<\/a> (du 29\u00a0septembre au 26\u00a0novembre)<\/li>\n<li><a href=\"https:\/\/docs.google.com\/document\/d\/1QZLrVAV1_vg8SfUgAtjO07TNciglJLTiO1Ai8Wh6gwE\/edit?usp=sharing\">Carte de N\u00f6el<\/a> (du 1\u00a0d\u00e9cembre au 17\u00a0d\u00e9cembre)<\/li>\n<li><a href=\"https:\/\/docs.google.com\/document\/d\/1fsWqyQOMD3yrxZwGBWmNwE0NKUi-SGhJiXEiLlcFdfQ\/edit?usp=sharing\">Carte internationale et d&#8217;auteur<\/a> (du 12\u00a0janvier au 11\u00a0mars)<\/li>\n<li>Carte projets des \u00e9l\u00e8ves de l&#8217;\u00c9cole (du 16\u00a0mars au 29\u00a0avril; la carte est adapt\u00e9e \u00e0 la proposition des \u00e9l\u00e8ves pour chaque service)<\/li>\n<\/ul>\n<\/td>\n<td style=\"width: 50%;\">\n<ul>\n<li><a href=\"https:\/\/docs.google.com\/document\/d\/1PWNW-ruqT49eeahI3Aqu3t1X5WmL1RSiWHD1jqxr3Y8\/edit?usp=sharing\">Carte catalane et p\u00e9ninsulaire<\/a> (du 2\u00a0octobre au 14\u00a0novembre)<\/li>\n<li>Carte de gibier et champignons (du 20 novembre au 28 novembre)<\/li>\n<li><a href=\"https:\/\/docs.google.com\/document\/d\/1QZLrVAV1_vg8SfUgAtjO07TNciglJLTiO1Ai8Wh6gwE\/edit?usp=sharing\">Carte de N\u00f6el<\/a> (du 3\u00a0d\u00e9cembre au 19\u00a0d\u00e9cembre)<\/li>\n<li><a href=\"https:\/\/docs.google.com\/document\/d\/1fsWqyQOMD3yrxZwGBWmNwE0NKUi-SGhJiXEiLlcFdfQ\/edit?usp=sharing\">Carte internationale et d&#8217;auteur<\/a> (du 8 au 30 janvier)<\/li>\n<li>Carte projets des \u00e9l\u00e8ves de l&#8217;\u00c9cole (du 5\u00a0f\u00e9vrier au 30\u00a0avril; la carte est adapt\u00e9e \u00e0 la proposition des \u00e9l\u00e8ves pour chaque service)<\/li>\n<\/ul>\n<\/td>\n<\/tr>\n<\/tbody>\n<\/table>\n<p><strong>Preguem respecte i paci\u00e8ncia.<\/strong> Recordin que som una escola, estem utilitzant l\u2019espai per fer unes pr\u00e0ctiques pedag\u00f2giques amb les quals l\u2019alumnat pugui aprendre de forma vivencial.<\/p>\n<p>L&#8217;escola es reserva el dret de modificar les cartes, pel bon funcionament de les classes.<\/p>\n<p><strong>Actualitzat: 12\/1\/2026<\/strong><\/p>\n","protected":false},"excerpt":{"rendered":"<p>A continuaci\u00f3 presentem les diferents cartes que s&#8217;elaboraran al llarg del curs, en catal\u00e0, castell\u00e0, angl\u00e8s i franc\u00e8s. Cada plat es presenta amb els al\u00b7l\u00e8rgens corresponents:<\/p>\n<p>1<br \/>\nGluten<br \/>\n8<br \/>\nFruits secs<\/p>\n<p>2<br \/>\nCrustacis<br \/>\n9<br \/>\nApi<\/p>\n<p>3<br \/>\nOus<br \/>\n10<br \/>\nMostassa<\/p>\n<p>4<br \/>\nPeix<br \/>\n11<br \/>\nS\u00e8sam<\/p>\n<p>5<br \/>\nCacauets<br \/>\n12<br \/>\nSulfits<\/p>\n<p>6<br \/>\nSoja<br \/>\n13<br \/>\nTramussos<\/p>\n<p>7<br \/>\nLlet<br \/>\n14<br \/>\nMol\u00b7luscs<\/p>\n<p>CARTES EN CATAL\u00c0<\/p>\n<p>Dilluns, dimarts i dimecres<br \/>\nDijous i divendres<\/p>\n<ul>\n<li><a href=\"https:\/\/docs.google.com\/document\/d\/1lKhgRAolW45Fe7pc_UXxieH_YFObZGTW\/edit?usp=sharing&amp;ouid=108494461255659945724&amp;rtpof=true&amp;sd=true\">Carta catalana i peninsular<\/a> (del 29 setembre al 26 de novembre)<\/li>\n<li><a&hellip;  <a href=\"https:\/\/agora.xtec.cat\/ehtg\/les-cartes\/\" title=\"Read Les cartes\">Llegeix m\u00e9s\u00bb<\/a><br \/>\n","protected":false},"author":1,"featured_media":0,"parent":0,"menu_order":0,"comment_status":"closed","ping_status":"closed","template":"","meta":{"_bbp_topic_count":0,"_bbp_reply_count":0,"_bbp_total_topic_count":0,"_bbp_total_reply_count":0,"_bbp_voice_count":0,"_bbp_anonymous_reply_count":0,"_bbp_topic_count_hidden":0,"_bbp_reply_count_hidden":0,"_bbp_forum_subforum_count":0,"footnotes":""},"class_list":["post-1217","page","type-page","status-publish","hentry"],"post_mailing_queue_ids":[],"_links":{"self":[{"href":"https:\/\/agora.xtec.cat\/ehtg\/wp-json\/wp\/v2\/pages\/1217","targetHints":{"allow":["GET"]}}],"collection":[{"href":"https:\/\/agora.xtec.cat\/ehtg\/wp-json\/wp\/v2\/pages"}],"about":[{"href":"https:\/\/agora.xtec.cat\/ehtg\/wp-json\/wp\/v2\/types\/page"}],"author":[{"embeddable":true,"href":"https:\/\/agora.xtec.cat\/ehtg\/wp-json\/wp\/v2\/users\/1"}],"replies":[{"embeddable":true,"href":"https:\/\/agora.xtec.cat\/ehtg\/wp-json\/wp\/v2\/comments?post=1217"}],"version-history":[{"count":7,"href":"https:\/\/agora.xtec.cat\/ehtg\/wp-json\/wp\/v2\/pages\/1217\/revisions"}],"predecessor-version":[{"id":13545,"href":"https:\/\/agora.xtec.cat\/ehtg\/wp-json\/wp\/v2\/pages\/1217\/revisions\/13545"}],"wp:attachment":[{"href":"https:\/\/agora.xtec.cat\/ehtg\/wp-json\/wp\/v2\/media?parent=1217"}],"curies":[{"name":"wp","href":"https:\/\/api.w.org\/{rel}","templated":true}]}}