{"id":612,"date":"2022-05-04T11:02:42","date_gmt":"2022-05-04T09:02:42","guid":{"rendered":"https:\/\/agora.xtec.cat\/eeilespurnajesus\/?page_id=612"},"modified":"2024-09-06T14:02:16","modified_gmt":"2024-09-06T12:02:16","slug":"vida-quotidiana","status":"publish","type":"page","link":"https:\/\/agora.xtec.cat\/eeilespurnajesus\/valors-pedagogics\/vida-quotidiana\/","title":{"rendered":"Vida quotidiana"},"content":{"rendered":"<p style=\"text-align: center;\"><span style=\"font-weight: 400;\">La <strong><span style=\"color: #800080;\">vida quotidiana<\/span><\/strong>, juntament amb el joc constitueixen l\u2019<span style=\"color: #800080;\"><strong>eix central de l\u2019ambient educatiu a l\u2019Espurna<\/strong><\/span>.\u00a0<\/span><\/p>\n<p style=\"text-align: center;\"><span style=\"font-weight: 400;\">La vida quotidiana que l\u2019infant viu a l\u2019escola <strong><span style=\"color: #800080;\">ho \u00e9s tot<\/span><\/strong>, les estones de vida quotidiana ocupen gran part del temps i de la vida dels infants i es van repetint al llarg del dia. L\u2019infant no separa la seva vida en moments de joc o altres, per tant no nom\u00e9s apr\u00e8n durant els moments de joc. <span style=\"color: #800080;\"><strong>Tot el temps que l\u2019infant passa a l\u2019escola \u00e9s educatiu. Tot \u00e9s activitat-aprenentatge<\/strong><\/span>. L\u2019infant viu, apr\u00e8n i creix d\u2019una manera conjunta i les experi\u00e8ncies que viu a l\u2019escola juntament amb les persones que l\u2019envolten s\u00f3n fonamentals.\u00a0<\/span><\/p>\n<p style=\"text-align: center;\"><i><span style=\"font-weight: 400;\">\u201cA trav\u00e9s del valor que d\u00f3na a les petites coses, l\u2019adult contribueix a la formaci\u00f3 de la personalitat de l\u2019infant. Els detalls de la vida quotidiana, aparentment insignificants i que moltes vegades passen desapercebuts per als adults, en realitat s\u00f3n elements b\u00e0sics de l\u2019educaci\u00f3 de l\u2019infant.\u201d<\/span><\/i><\/p>\n<p style=\"text-align: center;\"><i><span style=\"font-weight: 400;\">Pepa \u00d2dena<\/span><\/i><\/p>\n<p style=\"text-align: center;\"><span style=\"font-weight: 400;\">Els moments de canvi de bolquer, l\u2019hora dels \u00e0pats o el descans, les petites rutines s\u00f3n moments d\u2019aprenentatge de gran import\u00e0ncia per al desenvolupament aut\u00f2nom de l\u2019infant, i constitueixen moments d\u2019aprenentatge mutu entre l\u2019infant i la persona educadora. Aquests moments formen part del temps dels infants, formen part de la seva vida on s\u00f3n els protagonistes de la seva pr\u00f2pia acci\u00f3.<\/span><\/p>\n<p style=\"text-align: center;\"><span style=\"font-weight: 400;\">Des de l\u2019escola s\u2019acompanyen aquests processos tot respectant els interessos de cada infant, deixant que es desenvolupin al m\u00e0xim i d\u2019una manera aut\u00f2noma les seves capacitats. La persona educadora ha de proporcionar un ambient tranquil i un espai acollidor que propicii les relacions i experi\u00e8ncies i oferir als infants aquelles propostes o espais d&#8217;aprenentatge que consideri oportuns i que afavoreixen el desenvolupament i aprenentatge dels infants.<\/span><\/p>\n<p style=\"text-align: center;\"><i><span style=\"font-weight: 400;\">\u201cEn el dia a dia res \u00e9s banal, res \u00e9s rutina\u201d<\/span><\/i><\/p>\n<p style=\"text-align: center;\"><i><span style=\"font-weight: 400;\">Montserrat Fabr\u00e9s<\/span><\/i><\/p>\n","protected":false},"excerpt":{"rendered":"<p>La vida quotidiana, juntament amb el joc constitueixen l\u2019eix central de l\u2019ambient educatiu a l\u2019Espurna.\u00a0<br \/>\nLa vida quotidiana que l\u2019infant viu a l\u2019escola ho \u00e9s tot, les estones de vida quotidiana ocupen gran part del temps i de la vida dels infants i es van repetint&hellip;  <a href=\"https:\/\/agora.xtec.cat\/eeilespurnajesus\/valors-pedagogics\/vida-quotidiana\/\" title=\"Read Vida quotidiana\">Llegeix m\u00e9s\u00bb<\/a><\/p>\n","protected":false},"author":1,"featured_media":0,"parent":1079,"menu_order":0,"comment_status":"closed","ping_status":"closed","template":"page-templates\/side-menu.php","meta":{"_bbp_topic_count":0,"_bbp_reply_count":0,"_bbp_total_topic_count":0,"_bbp_total_reply_count":0,"_bbp_voice_count":0,"_bbp_anonymous_reply_count":0,"_bbp_topic_count_hidden":0,"_bbp_reply_count_hidden":0,"_bbp_forum_subforum_count":0,"footnotes":""},"class_list":["post-612","page","type-page","status-publish","hentry"],"post_mailing_queue_ids":[],"_links":{"self":[{"href":"https:\/\/agora.xtec.cat\/eeilespurnajesus\/wp-json\/wp\/v2\/pages\/612","targetHints":{"allow":["GET"]}}],"collection":[{"href":"https:\/\/agora.xtec.cat\/eeilespurnajesus\/wp-json\/wp\/v2\/pages"}],"about":[{"href":"https:\/\/agora.xtec.cat\/eeilespurnajesus\/wp-json\/wp\/v2\/types\/page"}],"author":[{"embeddable":true,"href":"https:\/\/agora.xtec.cat\/eeilespurnajesus\/wp-json\/wp\/v2\/users\/1"}],"replies":[{"embeddable":true,"href":"https:\/\/agora.xtec.cat\/eeilespurnajesus\/wp-json\/wp\/v2\/comments?post=612"}],"version-history":[{"count":4,"href":"https:\/\/agora.xtec.cat\/eeilespurnajesus\/wp-json\/wp\/v2\/pages\/612\/revisions"}],"predecessor-version":[{"id":1102,"href":"https:\/\/agora.xtec.cat\/eeilespurnajesus\/wp-json\/wp\/v2\/pages\/612\/revisions\/1102"}],"up":[{"embeddable":true,"href":"https:\/\/agora.xtec.cat\/eeilespurnajesus\/wp-json\/wp\/v2\/pages\/1079"}],"wp:attachment":[{"href":"https:\/\/agora.xtec.cat\/eeilespurnajesus\/wp-json\/wp\/v2\/media?parent=612"}],"curies":[{"name":"wp","href":"https:\/\/api.w.org\/{rel}","templated":true}]}}