{"id":610,"date":"2022-05-04T11:02:42","date_gmt":"2022-05-04T09:02:42","guid":{"rendered":"https:\/\/agora.xtec.cat\/eeilespurnajesus\/?page_id=610"},"modified":"2024-09-06T14:01:55","modified_gmt":"2024-09-06T12:01:55","slug":"concepte-dinfant","status":"publish","type":"page","link":"https:\/\/agora.xtec.cat\/eeilespurnajesus\/concepte-dinfant\/","title":{"rendered":"Concepte d&#8217;infant"},"content":{"rendered":"<p style=\"text-align: center;\">El concepte d&#8217;Infant del que partim guia la nostra pr\u00e0ctica educativa i d\u00f3na sentit al nostre projecte educatiu.<\/p>\n<p style=\"text-align: center;\">Hem de garantir, respectar i con\u00e8ixer els drets dels infants per tal de donar resposta al que necessiten, oferint-li experi\u00e8ncies educatives de qualitat per potenciar el seu desenvolupament integral.<\/p>\n<p style=\"text-align: center;\"><span style=\"font-weight: 400;\">Considerem a l\u2019<strong><span style=\"color: #800080;\">infant<\/span><\/strong> plenament <strong><span style=\"color: #800080;\">competent<\/span><\/strong>, <strong><span style=\"color: #800080;\">amb drets, capacitats i potencialitats<\/span><\/strong>. <\/span><\/p>\n<p style=\"text-align: center;\"><span style=\"font-weight: 400;\">Un infant plenament <span style=\"color: #800080;\"><strong>capa\u00e7<\/strong><\/span>, per\u00f2 a<span style=\"color: #800080;\"><strong>mb uns ritmes evolutius i de desenvolupament diversos<\/strong> <\/span>que han de ser respectats.\u00a0<\/span><span style=\"font-weight: 400;\">Cada infant \u00e9s una <span style=\"color: #800080;\"><strong>persona \u00fanica<\/strong><\/span>, amb unes inquietuds i interessos propis, per aix\u00f2 cal que garantim una <strong><span style=\"color: #800080;\">atenci\u00f3 individualitzada<\/span><\/strong>, que respecti la manera de ser i de fer de cada infant, oferint-li la m\u00e0xima estabilitat i regularitat en les relacions que mantenen tan amb les persones educadores com al grup d&#8217;iguals.<\/span><\/p>\n<p style=\"text-align: center;\">Un infant que ha de ser respectat, lliure, aut\u00f2nom, responsable i \u00fanic.<\/p>\n<p style=\"text-align: justify;\"><span style=\"font-weight: 400;\">Partir d&#8217;aquestes premises ens porta a considerar l&#8217;infant com a: <\/span><\/p>\n<p style=\"text-align: center;\"><span style=\"color: #800080;\"><strong>Protagonista del seu proc\u00e9s d\u2019aprenentatge<\/strong><\/span><\/p>\n<p>Els infants s\u00f3n curiosos per naturalesa, senten gran curiositat per totes les coses i exploren tot all\u00f2 que els cau a les mans. A trav\u00e9s de l&#8217;exploraci\u00f3 descobreixen el seu entorn i con\u00e8ixen el m\u00f3n que els envolta.<\/p>\n<p>&nbsp;<\/p>\n<p>&nbsp;<\/p>\n<p>&nbsp;<\/p>\n","protected":false},"excerpt":{"rendered":"<p>El concepte d&#8217;Infant del que partim guia la nostra pr\u00e0ctica educativa i d\u00f3na sentit al nostre projecte educatiu.<br \/>\nHem de garantir, respectar i con\u00e8ixer els drets dels infants per tal de donar resposta al que necessiten, oferint-li experi\u00e8ncies educatives de qualitat per potenciar el seu desenvolupament&hellip;  <a href=\"https:\/\/agora.xtec.cat\/eeilespurnajesus\/concepte-dinfant\/\" title=\"Read Concepte d&#8217;infant\">Llegeix m\u00e9s\u00bb<\/a><\/p>\n","protected":false},"author":1,"featured_media":0,"parent":0,"menu_order":0,"comment_status":"closed","ping_status":"closed","template":"","meta":{"_bbp_topic_count":0,"_bbp_reply_count":0,"_bbp_total_topic_count":0,"_bbp_total_reply_count":0,"_bbp_voice_count":0,"_bbp_anonymous_reply_count":0,"_bbp_topic_count_hidden":0,"_bbp_reply_count_hidden":0,"_bbp_forum_subforum_count":0,"footnotes":""},"class_list":["post-610","page","type-page","status-publish","hentry"],"post_mailing_queue_ids":[],"_links":{"self":[{"href":"https:\/\/agora.xtec.cat\/eeilespurnajesus\/wp-json\/wp\/v2\/pages\/610","targetHints":{"allow":["GET"]}}],"collection":[{"href":"https:\/\/agora.xtec.cat\/eeilespurnajesus\/wp-json\/wp\/v2\/pages"}],"about":[{"href":"https:\/\/agora.xtec.cat\/eeilespurnajesus\/wp-json\/wp\/v2\/types\/page"}],"author":[{"embeddable":true,"href":"https:\/\/agora.xtec.cat\/eeilespurnajesus\/wp-json\/wp\/v2\/users\/1"}],"replies":[{"embeddable":true,"href":"https:\/\/agora.xtec.cat\/eeilespurnajesus\/wp-json\/wp\/v2\/comments?post=610"}],"version-history":[{"count":5,"href":"https:\/\/agora.xtec.cat\/eeilespurnajesus\/wp-json\/wp\/v2\/pages\/610\/revisions"}],"predecessor-version":[{"id":1101,"href":"https:\/\/agora.xtec.cat\/eeilespurnajesus\/wp-json\/wp\/v2\/pages\/610\/revisions\/1101"}],"wp:attachment":[{"href":"https:\/\/agora.xtec.cat\/eeilespurnajesus\/wp-json\/wp\/v2\/media?parent=610"}],"curies":[{"name":"wp","href":"https:\/\/api.w.org\/{rel}","templated":true}]}}