{"id":547,"date":"2022-04-15T23:51:37","date_gmt":"2022-04-15T21:51:37","guid":{"rendered":"https:\/\/agora.xtec.cat\/eeilespurnajesus\/?page_id=547"},"modified":"2024-09-06T14:55:27","modified_gmt":"2024-09-06T12:55:27","slug":"qui-som","status":"publish","type":"page","link":"https:\/\/agora.xtec.cat\/eeilespurnajesus\/qui-som\/","title":{"rendered":"L&#8217;equip docent de l&#8217;Espurna"},"content":{"rendered":"<p>L&#8217;equip docent de l&#8217;Espurna el formen un conjunt de persones, amb una formaci\u00f3 i experi\u00e8ncia s\u00f2lida, que acompanyen els infants i les seves fam\u00edlies durant la seva estada a l&#8217;escola bressol i vetllen pel benestar dels infants.<\/p>\n<p>Aquest equip docent est\u00e0 format per 6 persones, una directora i 5 educadores, a m\u00e9s del personal del servei de la neteja i d&#8217;administraci\u00f3.<\/p>\n<p>Una de les premises b\u00e0siques del nostre projecte educatiu \u00e9s la formaci\u00f3 constant d&#8217;aquest equip.<\/p>\n<p>Basem el nostre projecte educatiu i la nostra manera de fer en les aporatacions de diferents corrents pedag\u00f2gics com Reggio Emilia i Loris Malaguzzi, Pickler, Montessori,&#8230;<\/p>\n<p>&nbsp;<\/p>\n","protected":false},"excerpt":{"rendered":"<p>L&#8217;equip docent de l&#8217;Espurna el formen un conjunt de persones, amb una formaci\u00f3 i experi\u00e8ncia s\u00f2lida, que acompanyen els infants i les seves fam\u00edlies durant la seva estada a l&#8217;escola bressol i vetllen pel benestar dels infants.<br \/>\nAquest equip docent est\u00e0 format per 6 persones, una&hellip;  <a href=\"https:\/\/agora.xtec.cat\/eeilespurnajesus\/qui-som\/\" title=\"Read L&#8217;equip docent de l&#8217;Espurna\">Llegeix m\u00e9s\u00bb<\/a><\/p>\n","protected":false},"author":1,"featured_media":0,"parent":0,"menu_order":0,"comment_status":"closed","ping_status":"closed","template":"","meta":{"_bbp_topic_count":0,"_bbp_reply_count":0,"_bbp_total_topic_count":0,"_bbp_total_reply_count":0,"_bbp_voice_count":0,"_bbp_anonymous_reply_count":0,"_bbp_topic_count_hidden":0,"_bbp_reply_count_hidden":0,"_bbp_forum_subforum_count":0,"footnotes":""},"class_list":["post-547","page","type-page","status-publish","hentry"],"post_mailing_queue_ids":[],"_links":{"self":[{"href":"https:\/\/agora.xtec.cat\/eeilespurnajesus\/wp-json\/wp\/v2\/pages\/547","targetHints":{"allow":["GET"]}}],"collection":[{"href":"https:\/\/agora.xtec.cat\/eeilespurnajesus\/wp-json\/wp\/v2\/pages"}],"about":[{"href":"https:\/\/agora.xtec.cat\/eeilespurnajesus\/wp-json\/wp\/v2\/types\/page"}],"author":[{"embeddable":true,"href":"https:\/\/agora.xtec.cat\/eeilespurnajesus\/wp-json\/wp\/v2\/users\/1"}],"replies":[{"embeddable":true,"href":"https:\/\/agora.xtec.cat\/eeilespurnajesus\/wp-json\/wp\/v2\/comments?post=547"}],"version-history":[{"count":4,"href":"https:\/\/agora.xtec.cat\/eeilespurnajesus\/wp-json\/wp\/v2\/pages\/547\/revisions"}],"predecessor-version":[{"id":1114,"href":"https:\/\/agora.xtec.cat\/eeilespurnajesus\/wp-json\/wp\/v2\/pages\/547\/revisions\/1114"}],"wp:attachment":[{"href":"https:\/\/agora.xtec.cat\/eeilespurnajesus\/wp-json\/wp\/v2\/media?parent=547"}],"curies":[{"name":"wp","href":"https:\/\/api.w.org\/{rel}","templated":true}]}}