{"id":540,"date":"2022-11-18T13:36:42","date_gmt":"2022-11-18T12:36:42","guid":{"rendered":"https:\/\/agora.xtec.cat\/eeilespurnajesus\/?page_id=540"},"modified":"2023-02-10T14:29:07","modified_gmt":"2023-02-10T13:29:07","slug":"__trashed","status":"publish","type":"page","link":"https:\/\/agora.xtec.cat\/eeilespurnajesus\/","title":{"rendered":"Escola Bressol l&#8217;Espurna"},"content":{"rendered":"<p><span style=\"color: #800080;\"><strong><em>Som un centre educatiu que acull infants i fam\u00edlies en la primera etapa educativa. Oferim als infants i les seves fam\u00edlies un espai de vida on trobar experi\u00e8ncies enriquidores i de qualitat que permetin desenvolupar les capacitats de cadasc\u00fa, respectant els ritmes i el temps necessaris.\u00a0<\/em><\/strong><\/span><\/p>\n","protected":false},"excerpt":{"rendered":"<p>Som un centre educatiu que acull infants i fam\u00edlies en la primera etapa educativa. Oferim als infants i les seves fam\u00edlies un espai de vida on trobar experi\u00e8ncies enriquidores i de qualitat que permetin desenvolupar les capacitats de cadasc\u00fa, respectant els ritmes i el temps&hellip;  <a href=\"https:\/\/agora.xtec.cat\/eeilespurnajesus\/\" title=\"Read Escola Bressol l&#8217;Espurna\">Llegeix m\u00e9s\u00bb<\/a><\/p>\n","protected":false},"author":1,"featured_media":0,"parent":0,"menu_order":0,"comment_status":"closed","ping_status":"closed","template":"","meta":{"_bbp_topic_count":0,"_bbp_reply_count":0,"_bbp_total_topic_count":0,"_bbp_total_reply_count":0,"_bbp_voice_count":0,"_bbp_anonymous_reply_count":0,"_bbp_topic_count_hidden":0,"_bbp_reply_count_hidden":0,"_bbp_forum_subforum_count":0,"footnotes":""},"class_list":["post-540","page","type-page","status-publish","hentry"],"post_mailing_queue_ids":[],"_links":{"self":[{"href":"https:\/\/agora.xtec.cat\/eeilespurnajesus\/wp-json\/wp\/v2\/pages\/540","targetHints":{"allow":["GET"]}}],"collection":[{"href":"https:\/\/agora.xtec.cat\/eeilespurnajesus\/wp-json\/wp\/v2\/pages"}],"about":[{"href":"https:\/\/agora.xtec.cat\/eeilespurnajesus\/wp-json\/wp\/v2\/types\/page"}],"author":[{"embeddable":true,"href":"https:\/\/agora.xtec.cat\/eeilespurnajesus\/wp-json\/wp\/v2\/users\/1"}],"replies":[{"embeddable":true,"href":"https:\/\/agora.xtec.cat\/eeilespurnajesus\/wp-json\/wp\/v2\/comments?post=540"}],"version-history":[{"count":3,"href":"https:\/\/agora.xtec.cat\/eeilespurnajesus\/wp-json\/wp\/v2\/pages\/540\/revisions"}],"predecessor-version":[{"id":877,"href":"https:\/\/agora.xtec.cat\/eeilespurnajesus\/wp-json\/wp\/v2\/pages\/540\/revisions\/877"}],"wp:attachment":[{"href":"https:\/\/agora.xtec.cat\/eeilespurnajesus\/wp-json\/wp\/v2\/media?parent=540"}],"curies":[{"name":"wp","href":"https:\/\/api.w.org\/{rel}","templated":true}]}}