{"id":30,"date":"2022-03-31T16:43:23","date_gmt":"2022-03-31T14:43:23","guid":{"rendered":"http:\/\/agora.xtec.cat\/eeilespurnajesus\/?page_id=30"},"modified":"2024-09-06T10:50:08","modified_gmt":"2024-09-06T08:50:08","slug":"instal%c2%b7lacions","status":"publish","type":"page","link":"https:\/\/agora.xtec.cat\/eeilespurnajesus\/lescola\/instal%c2%b7lacions\/","title":{"rendered":"Espais i organitzaci\u00f3"},"content":{"rendered":"<p>A L&#8217;escola bressol l&#8217;Espurna, hi trobem tres espais diferenciats amb acc\u00e9s directe a l&#8217;exterior. L&#8217;espai exterior es considerat un espai educatiu m\u00e9s de l&#8217;escola ple d&#8217;oportunitats de joc, descoberta i aprenentatges.<\/p>\n\r\n\t<div class=\"slideshow_container slideshow_container_style-light\" style=\"height: 200px; \" data-slideshow-id=\"142\" data-style-name=\"style-light\" data-style-version=\"2.3.1\" >\r\n\r\n\t\t\t\t\t<div class=\"slideshow_loading_icon\"><\/div>\r\n\t\t\r\n\t\t<div class=\"slideshow_content\" style=\"display: none;\">\r\n\r\n\t\t\t<div class=\"slideshow_view\">\r\n\t\t\t\t<div class=\"slideshow_slide slideshow_slide_image\">\r\n\t\t\t\t\t\t\t\t\t\t\t<img src=\"https:\/\/agora.xtec.cat\/eeilespurnajesus\/wp-content\/uploads\/usu2537\/2022\/12\/PHOTO-2022-10-21-20-42-53.jpg\" alt=\"HORTET\" width=\"1536\" height=\"2048\" \/>\r\n\t\t\t\t\t\t\t\t\t\t<div class=\"slideshow_description_box slideshow_transparent\">\r\n\t\t\t\t\t\t<div class=\"slideshow_title\">HORTET<\/div>\t\t\t\t\t\t\t\t\t\t\t<\/div>\r\n\t\t\t\t<\/div>\r\n\r\n\t\t\t\t\t\t\r\n\t\t\t\t<div class=\"slideshow_slide slideshow_slide_image\">\r\n\t\t\t\t\t\t\t\t\t\t\t<img src=\"https:\/\/agora.xtec.cat\/eeilespurnajesus\/wp-content\/uploads\/usu2537\/2023\/02\/IMG_3510-scaled.jpg\" alt=\"ENTRADA\" width=\"2560\" height=\"2292\" \/>\r\n\t\t\t\t\t\t\t\t\t\t<div class=\"slideshow_description_box slideshow_transparent\">\r\n\t\t\t\t\t\t<div class=\"slideshow_title\">ENTRADA<\/div>\t\t\t\t\t\t\t\t\t\t\t<\/div>\r\n\t\t\t\t<\/div>\r\n\r\n\t\t\t\t\t\t<div style=\"clear: both;\"><\/div><\/div><div class=\"slideshow_view\">\r\n\t\t\t\t<div class=\"slideshow_slide slideshow_slide_image\">\r\n\t\t\t\t\t\t\t\t\t\t\t<img src=\"https:\/\/agora.xtec.cat\/eeilespurnajesus\/wp-content\/uploads\/usu2537\/2023\/02\/Captura-de-pantalla-2023-02-10-105837.png\" alt=\"ESPAI EXTERIOR\" width=\"1057\" height=\"778\" \/>\r\n\t\t\t\t\t\t\t\t\t\t<div class=\"slideshow_description_box slideshow_transparent\">\r\n\t\t\t\t\t\t<div class=\"slideshow_title\">ESPAI EXTERIOR<\/div>\t\t\t\t\t\t\t\t\t\t\t<\/div>\r\n\t\t\t\t<\/div>\r\n\r\n\t\t\t\t\t\t\r\n\t\t\t\t<div class=\"slideshow_slide slideshow_slide_image\">\r\n\t\t\t\t\t\t\t\t\t\t\t<img src=\"https:\/\/agora.xtec.cat\/eeilespurnajesus\/wp-content\/uploads\/usu2537\/2023\/02\/Captura-de-pantalla-2023-02-13-114849-3.png\" alt=\"ENTRADA\" width=\"1063\" height=\"792\" \/>\r\n\t\t\t\t\t\t\t\t\t\t<div class=\"slideshow_description_box slideshow_transparent\">\r\n\t\t\t\t\t\t<div class=\"slideshow_title\">ENTRADA<\/div>\t\t\t\t\t\t\t\t\t\t\t<\/div>\r\n\t\t\t\t<\/div>\r\n\r\n\t\t\t\t\t\t<div style=\"clear: both;\"><\/div><\/div>\r\n\t\t<\/div>\r\n\r\n\t\t<div class=\"slideshow_controlPanel slideshow_transparent\" style=\"display: none;\"><ul><li class=\"slideshow_togglePlay\" data-play-text=\"Visualitza\" data-pause-text=\"Pausa\"><\/li><\/ul><\/div>\r\n\r\n\t\t<div class=\"slideshow_button slideshow_previous slideshow_transparent\" role=\"button\" data-previous-text=\"Anterior\" style=\"display: none;\"><\/div>\r\n\t\t<div class=\"slideshow_button slideshow_next slideshow_transparent\" role=\"button\" data-next-text=\"Seg\u00fcent\" style=\"display: none;\"><\/div>\r\n\r\n\t\t<div class=\"slideshow_pagination\" style=\"display: none;\" data-go-to-text=\"V\u00e9s a la diapositiva\"><div class=\"slideshow_pagination_center\"><\/div><\/div>\r\n\r\n\t\t<!-- WordPress Slideshow Version 2.3.1 -->\r\n\r\n\t\t\t<\/div>\r\n\r\n\n<p>La distribuci\u00f3 dels grups en aquests espais \u00e9s la seg\u00fcent:<\/p>\n<ul>\n<li>Espai Lluna (grup petits)<\/li>\n<li>Espai Sol (grup caminants)<\/li>\n<li>Espai Estel (grup grans).<\/li>\n<\/ul>\n<table style=\"border-collapse: collapse; width: 99.3549%; height: 160px;\">\n<tbody>\n<tr style=\"height: 32px;\">\n<td style=\"width: 25%; text-align: center; height: 32px;\"><strong>Les\u00a0 aules<\/strong><\/td>\n<td style=\"width: 25%; text-align: center; height: 32px;\"><strong>N\u00ba Unitats<\/strong><\/td>\n<td style=\"width: 25%; text-align: center; height: 32px;\"><strong>N\u00ba Alumnes<\/strong><\/td>\n<td style=\"width: 25%; text-align: center; height: 32px;\"><\/td>\n<\/tr>\n<tr style=\"height: 48px;\">\n<td style=\"width: 25%; height: 48px;\"><strong>Espai Lluna<\/strong><\/td>\n<td style=\"width: 25%; height: 48px; text-align: center;\">1<\/td>\n<td style=\"width: 25%; height: 48px; text-align: center;\">8<\/td>\n<td style=\"width: 25%; height: 48px;\"><\/td>\n<\/tr>\n<tr style=\"height: 48px;\">\n<td style=\"width: 25%; height: 48px;\"><strong>Espai Sol<\/strong><\/td>\n<td style=\"width: 25%; height: 48px; text-align: center;\">1<\/td>\n<td style=\"width: 25%; height: 48px; text-align: center;\">13<\/td>\n<td style=\"width: 25%; height: 48px;\"><\/td>\n<\/tr>\n<tr style=\"height: 32px;\">\n<td style=\"width: 25%; height: 32px;\"><strong>Espai Estel<\/strong><\/td>\n<td style=\"width: 25%; height: 32px; text-align: center;\">1<\/td>\n<td style=\"width: 25%; height: 32px; text-align: center;\">20<\/td>\n<td style=\"width: 25%; height: 32px;\"><\/td>\n<\/tr>\n<\/tbody>\n<\/table>\n<p>&nbsp;<\/p>\n","protected":false},"excerpt":{"rendered":"<p>A L&#8217;escola bressol l&#8217;Espurna, hi trobem tres espais diferenciats amb acc\u00e9s directe a l&#8217;exterior. L&#8217;espai exterior es considerat un espai educatiu m\u00e9s de l&#8217;escola ple d&#8217;oportunitats de joc, descoberta i aprenentatges.<\/p>\n<p>\t\t\t\t\t\tHORTET\t\t\t\t\t\t\t\t\t\t\t<\/p>\n<p>\t\t\t\t\t\tENTRADA\t\t\t\t\t\t\t\t\t\t\t<\/p>\n<p>\t\t\t\t\t\tESPAI EXTERIOR\t\t\t\t\t\t\t\t\t\t\t<\/p>\n<p>\t\t\t\t\t\tENTRADA\t\t\t\t\t\t\t\t\t\t\t<\/p>\n<ul>\n<li class=\"slideshow_togglePlay\" data-play-text=\"Visualitza\" data-pause-text=\"Pausa\"><\/li>\n<\/ul>\n<p>La distribuci\u00f3 dels grups en aquests espais \u00e9s la seg\u00fcent:<\/p>\n<ul>\n<li>Espai Lluna&hellip;  <a href=\"https:\/\/agora.xtec.cat\/eeilespurnajesus\/lescola\/instal%c2%b7lacions\/\" title=\"Read Espais i organitzaci\u00f3\">Llegeix m\u00e9s\u00bb<\/a><br \/>\n","protected":false},"author":1,"featured_media":0,"parent":22,"menu_order":40,"comment_status":"closed","ping_status":"closed","template":"page-templates\/side-menu.php","meta":{"_bbp_topic_count":0,"_bbp_reply_count":0,"_bbp_total_topic_count":0,"_bbp_total_reply_count":0,"_bbp_voice_count":0,"_bbp_anonymous_reply_count":0,"_bbp_topic_count_hidden":0,"_bbp_reply_count_hidden":0,"_bbp_forum_subforum_count":0,"footnotes":""},"class_list":["post-30","page","type-page","status-publish","hentry"],"post_mailing_queue_ids":[],"_links":{"self":[{"href":"https:\/\/agora.xtec.cat\/eeilespurnajesus\/wp-json\/wp\/v2\/pages\/30","targetHints":{"allow":["GET"]}}],"collection":[{"href":"https:\/\/agora.xtec.cat\/eeilespurnajesus\/wp-json\/wp\/v2\/pages"}],"about":[{"href":"https:\/\/agora.xtec.cat\/eeilespurnajesus\/wp-json\/wp\/v2\/types\/page"}],"author":[{"embeddable":true,"href":"https:\/\/agora.xtec.cat\/eeilespurnajesus\/wp-json\/wp\/v2\/users\/1"}],"replies":[{"embeddable":true,"href":"https:\/\/agora.xtec.cat\/eeilespurnajesus\/wp-json\/wp\/v2\/comments?post=30"}],"version-history":[{"count":6,"href":"https:\/\/agora.xtec.cat\/eeilespurnajesus\/wp-json\/wp\/v2\/pages\/30\/revisions"}],"predecessor-version":[{"id":1093,"href":"https:\/\/agora.xtec.cat\/eeilespurnajesus\/wp-json\/wp\/v2\/pages\/30\/revisions\/1093"}],"up":[{"embeddable":true,"href":"https:\/\/agora.xtec.cat\/eeilespurnajesus\/wp-json\/wp\/v2\/pages\/22"}],"wp:attachment":[{"href":"https:\/\/agora.xtec.cat\/eeilespurnajesus\/wp-json\/wp\/v2\/media?parent=30"}],"curies":[{"name":"wp","href":"https:\/\/api.w.org\/{rel}","templated":true}]}}