{"id":28,"date":"2014-09-18T12:29:35","date_gmt":"2014-09-18T11:29:35","guid":{"rendered":"http:\/\/agora.xtec.cat\/eeilespurnajesus\/?page_id=28"},"modified":"2024-09-06T15:11:16","modified_gmt":"2024-09-06T13:11:16","slug":"consell-escolar","status":"publish","type":"page","link":"https:\/\/agora.xtec.cat\/eeilespurnajesus\/lescola\/consell-escolar\/","title":{"rendered":"Consell escolar"},"content":{"rendered":"<p>D&#8217;acord amb la legislaci\u00f3 vigent (decret 282\/2006, de 4 de juliol, pel qual es regulen el primer cicle de l&#8217;educaci\u00f3 infantil i els requisits dels centres), el consell escolar de l&#8217;Escola Bressol l&#8217;Espurna \u00e9s l&#8217;\u00f2rgan de participaci\u00f3 en la gesti\u00f3 del centre, de tots els membres de la comunitat educativa.<\/p>\n<p>La composici\u00f3 del consell escolar \u00e9s la seg\u00fcent:<\/p>\n<ul>\n<li>La directora de l&#8217;escola bressol: Cinta Sabat\u00e9 Curto.<\/li>\n<li>Un representant de l&#8217;Emd de Jes\u00fas: Carolina Echevarria.<\/li>\n<li>Un representant del personal educador: Ainhoa Alcazar.<\/li>\n<li>Dos representants dels pares i mares dels infants: Cecilia Agramunt i \u00c0frica Valls.<\/li>\n<li>Un representant del personal d&#8217;administraci\u00f3 i serveis: Dolors Llasat.<\/li>\n<\/ul>\n<p>Actuar\u00e0 de secretri\/a del consell escolar de l&#8217;escola bressol el\/la representant del personal educador.<\/p>\n<p>Les funcions del consell escolar seran les que estableix l&#8217;article 148.3 de la Llei d&#8217;educaci\u00f3.<\/p>\n","protected":false},"excerpt":{"rendered":"<p>D&#8217;acord amb la legislaci\u00f3 vigent (decret 282\/2006, de 4 de juliol, pel qual es regulen el primer cicle de l&#8217;educaci\u00f3 infantil i els requisits dels centres), el consell escolar de l&#8217;Escola Bressol l&#8217;Espurna \u00e9s l&#8217;\u00f2rgan de participaci\u00f3 en la gesti\u00f3 del centre, de tots els&hellip;  <a href=\"https:\/\/agora.xtec.cat\/eeilespurnajesus\/lescola\/consell-escolar\/\" title=\"Read Consell escolar\">Llegeix m\u00e9s\u00bb<\/a><\/p>\n","protected":false},"author":1,"featured_media":0,"parent":22,"menu_order":30,"comment_status":"closed","ping_status":"closed","template":"page-templates\/side-menu.php","meta":{"_bbp_topic_count":0,"_bbp_reply_count":0,"_bbp_total_topic_count":0,"_bbp_total_reply_count":0,"_bbp_voice_count":0,"_bbp_anonymous_reply_count":0,"_bbp_topic_count_hidden":0,"_bbp_reply_count_hidden":0,"_bbp_forum_subforum_count":0,"footnotes":""},"class_list":["post-28","page","type-page","status-publish","hentry"],"post_mailing_queue_ids":[],"_links":{"self":[{"href":"https:\/\/agora.xtec.cat\/eeilespurnajesus\/wp-json\/wp\/v2\/pages\/28","targetHints":{"allow":["GET"]}}],"collection":[{"href":"https:\/\/agora.xtec.cat\/eeilespurnajesus\/wp-json\/wp\/v2\/pages"}],"about":[{"href":"https:\/\/agora.xtec.cat\/eeilespurnajesus\/wp-json\/wp\/v2\/types\/page"}],"author":[{"embeddable":true,"href":"https:\/\/agora.xtec.cat\/eeilespurnajesus\/wp-json\/wp\/v2\/users\/1"}],"replies":[{"embeddable":true,"href":"https:\/\/agora.xtec.cat\/eeilespurnajesus\/wp-json\/wp\/v2\/comments?post=28"}],"version-history":[{"count":3,"href":"https:\/\/agora.xtec.cat\/eeilespurnajesus\/wp-json\/wp\/v2\/pages\/28\/revisions"}],"predecessor-version":[{"id":1116,"href":"https:\/\/agora.xtec.cat\/eeilespurnajesus\/wp-json\/wp\/v2\/pages\/28\/revisions\/1116"}],"up":[{"embeddable":true,"href":"https:\/\/agora.xtec.cat\/eeilespurnajesus\/wp-json\/wp\/v2\/pages\/22"}],"wp:attachment":[{"href":"https:\/\/agora.xtec.cat\/eeilespurnajesus\/wp-json\/wp\/v2\/media?parent=28"}],"curies":[{"name":"wp","href":"https:\/\/api.w.org\/{rel}","templated":true}]}}