{"id":1052,"date":"2024-09-06T08:13:30","date_gmt":"2024-09-06T06:13:30","guid":{"rendered":"https:\/\/agora.xtec.cat\/eeilespurnajesus\/?page_id=1052"},"modified":"2024-09-06T14:16:08","modified_gmt":"2024-09-06T12:16:08","slug":"el-temps","status":"publish","type":"page","link":"https:\/\/agora.xtec.cat\/eeilespurnajesus\/valors-pedagogics\/el-temps\/","title":{"rendered":"El temps"},"content":{"rendered":"<p style=\"text-align: center;\">Es parteix de la consideraci\u00f3 que tot temps que passa l&#8217;infant a l&#8217;Escola Bressol \u00e9s educatiu. Totes i cada una de les experi\u00e8ncies que viu l&#8217;infant a l&#8217;escola s\u00f3n font d&#8217;aprenentatge.<\/p>\n<p style=\"text-align: center;\">Volem un temps tranquil que puguem veure a cada infant i oferir-li all\u00f2 que necessita, respectant el temps i ritmes de cadasc\u00fa.<\/p>\n<p style=\"text-align: center;\">Organitzem el temps respectant per una part la necessitat de joc que tenen els infants i per l&#8217;altra l&#8217;organitzaci\u00f3 di\u00e0ria de la vida quotidiana que es d\u00f3na a l&#8217;escola i de la qual l&#8217;infant n&#8217;\u00e9s el protagonista.<\/p>\n<p>&nbsp;<\/p>\n","protected":false},"excerpt":{"rendered":"<p>Es parteix de la consideraci\u00f3 que tot temps que passa l&#8217;infant a l&#8217;Escola Bressol \u00e9s educatiu. Totes i cada una de les experi\u00e8ncies que viu l&#8217;infant a l&#8217;escola s\u00f3n font d&#8217;aprenentatge.<br \/>\nVolem un temps tranquil que puguem veure a cada infant i oferir-li all\u00f2 que necessita,&hellip;  <a href=\"https:\/\/agora.xtec.cat\/eeilespurnajesus\/valors-pedagogics\/el-temps\/\" title=\"Read El temps\">Llegeix m\u00e9s\u00bb<\/a><\/p>\n","protected":false},"author":1,"featured_media":0,"parent":1079,"menu_order":0,"comment_status":"closed","ping_status":"closed","template":"page-templates\/side-menu.php","meta":{"_bbp_topic_count":0,"_bbp_reply_count":0,"_bbp_total_topic_count":0,"_bbp_total_reply_count":0,"_bbp_voice_count":0,"_bbp_anonymous_reply_count":0,"_bbp_topic_count_hidden":0,"_bbp_reply_count_hidden":0,"_bbp_forum_subforum_count":0,"footnotes":""},"class_list":["post-1052","page","type-page","status-publish","hentry"],"post_mailing_queue_ids":[],"_links":{"self":[{"href":"https:\/\/agora.xtec.cat\/eeilespurnajesus\/wp-json\/wp\/v2\/pages\/1052","targetHints":{"allow":["GET"]}}],"collection":[{"href":"https:\/\/agora.xtec.cat\/eeilespurnajesus\/wp-json\/wp\/v2\/pages"}],"about":[{"href":"https:\/\/agora.xtec.cat\/eeilespurnajesus\/wp-json\/wp\/v2\/types\/page"}],"author":[{"embeddable":true,"href":"https:\/\/agora.xtec.cat\/eeilespurnajesus\/wp-json\/wp\/v2\/users\/1"}],"replies":[{"embeddable":true,"href":"https:\/\/agora.xtec.cat\/eeilespurnajesus\/wp-json\/wp\/v2\/comments?post=1052"}],"version-history":[{"count":3,"href":"https:\/\/agora.xtec.cat\/eeilespurnajesus\/wp-json\/wp\/v2\/pages\/1052\/revisions"}],"predecessor-version":[{"id":1104,"href":"https:\/\/agora.xtec.cat\/eeilespurnajesus\/wp-json\/wp\/v2\/pages\/1052\/revisions\/1104"}],"up":[{"embeddable":true,"href":"https:\/\/agora.xtec.cat\/eeilespurnajesus\/wp-json\/wp\/v2\/pages\/1079"}],"wp:attachment":[{"href":"https:\/\/agora.xtec.cat\/eeilespurnajesus\/wp-json\/wp\/v2\/media?parent=1052"}],"curies":[{"name":"wp","href":"https:\/\/api.w.org\/{rel}","templated":true}]}}