{"id":1051,"date":"2024-09-06T08:13:30","date_gmt":"2024-09-06T06:13:30","guid":{"rendered":"https:\/\/agora.xtec.cat\/eeilespurnajesus\/?page_id=1051"},"modified":"2024-09-06T14:01:32","modified_gmt":"2024-09-06T12:01:32","slug":"el-material","status":"publish","type":"page","link":"https:\/\/agora.xtec.cat\/eeilespurnajesus\/valors-pedagogics\/el-material\/","title":{"rendered":"El material"},"content":{"rendered":"<p style=\"text-align: center;\">Tal com apareix al Curriculum i Orientacions d&#8217;Educaci\u00f3 Infantil de primer cicle: &#8220;Cal oferir una gran varietat de manterials als infants i preveure l&#8217;acc\u00e9s a materials de la vida quotidiana, materials de l&#8217;entorn natural, materials inespec\u00edfics i de recuperaci\u00f3, materials espec\u00edfics de l&#8217;entorn cultural, aix\u00ed com joguines.&#8221;<\/p>\n<p style=\"text-align: center;\">Els materials han de ser seleccionats per les possibilitats d&#8217;afavorir l&#8217;acci\u00f3 de l&#8217;infant, de tal manera que quan l&#8217;infant manipula un objecte obtingui diversitat de respostes, que l&#8217;informen de les seves qualitats naturals i li donen identitat. Seleccionem els materials i el presentem als infants per donar una resposta a les seves inquietuds.<\/p>\n<p>&nbsp;<\/p>\n","protected":false},"excerpt":{"rendered":"<p>Tal com apareix al Curriculum i Orientacions d&#8217;Educaci\u00f3 Infantil de primer cicle: &#8220;Cal oferir una gran varietat de manterials als infants i preveure l&#8217;acc\u00e9s a materials de la vida quotidiana, materials de l&#8217;entorn natural, materials inespec\u00edfics i de recuperaci\u00f3, materials espec\u00edfics de l&#8217;entorn cultural, aix\u00ed&hellip;  <a href=\"https:\/\/agora.xtec.cat\/eeilespurnajesus\/valors-pedagogics\/el-material\/\" title=\"Read El material\">Llegeix m\u00e9s\u00bb<\/a><\/p>\n","protected":false},"author":1,"featured_media":0,"parent":1079,"menu_order":0,"comment_status":"closed","ping_status":"closed","template":"page-templates\/side-menu.php","meta":{"_bbp_topic_count":0,"_bbp_reply_count":0,"_bbp_total_topic_count":0,"_bbp_total_reply_count":0,"_bbp_voice_count":0,"_bbp_anonymous_reply_count":0,"_bbp_topic_count_hidden":0,"_bbp_reply_count_hidden":0,"_bbp_forum_subforum_count":0,"footnotes":""},"class_list":["post-1051","page","type-page","status-publish","hentry"],"post_mailing_queue_ids":[],"_links":{"self":[{"href":"https:\/\/agora.xtec.cat\/eeilespurnajesus\/wp-json\/wp\/v2\/pages\/1051","targetHints":{"allow":["GET"]}}],"collection":[{"href":"https:\/\/agora.xtec.cat\/eeilespurnajesus\/wp-json\/wp\/v2\/pages"}],"about":[{"href":"https:\/\/agora.xtec.cat\/eeilespurnajesus\/wp-json\/wp\/v2\/types\/page"}],"author":[{"embeddable":true,"href":"https:\/\/agora.xtec.cat\/eeilespurnajesus\/wp-json\/wp\/v2\/users\/1"}],"replies":[{"embeddable":true,"href":"https:\/\/agora.xtec.cat\/eeilespurnajesus\/wp-json\/wp\/v2\/comments?post=1051"}],"version-history":[{"count":3,"href":"https:\/\/agora.xtec.cat\/eeilespurnajesus\/wp-json\/wp\/v2\/pages\/1051\/revisions"}],"predecessor-version":[{"id":1100,"href":"https:\/\/agora.xtec.cat\/eeilespurnajesus\/wp-json\/wp\/v2\/pages\/1051\/revisions\/1100"}],"up":[{"embeddable":true,"href":"https:\/\/agora.xtec.cat\/eeilespurnajesus\/wp-json\/wp\/v2\/pages\/1079"}],"wp:attachment":[{"href":"https:\/\/agora.xtec.cat\/eeilespurnajesus\/wp-json\/wp\/v2\/media?parent=1051"}],"curies":[{"name":"wp","href":"https:\/\/api.w.org\/{rel}","templated":true}]}}