{"id":1050,"date":"2024-09-06T08:13:29","date_gmt":"2024-09-06T06:13:29","guid":{"rendered":"https:\/\/agora.xtec.cat\/eeilespurnajesus\/?page_id=1050"},"modified":"2024-09-06T13:36:51","modified_gmt":"2024-09-06T11:36:51","slug":"el-joc","status":"publish","type":"page","link":"https:\/\/agora.xtec.cat\/eeilespurnajesus\/valors-pedagogics\/el-joc\/","title":{"rendered":"El joc"},"content":{"rendered":"<p style=\"text-align: justify;\">El joc de l&#8217;infant \u00e9s una activitat que sorgeix d&#8217;un est\u00edmul interior. A trav\u00e9s del joc l&#8217;infant apr\u00e8n i construeix nous coneixements, explorant i descobrint el seu entorn.<\/p>\n<p style=\"text-align: center;\"><em>&#8220;El juego para el ni\u00f1o no es un ejercicio para&#8230; ni un ensayo para&#8230; ni una preparaci\u00f3n para tareas o roles futuros, sino una manera de ser en el mundo hoy, aqu\u00ed y ahora, el juego es su vida&#8230;&#8221;<\/em><\/p>\n<p style=\"text-align: center;\">Myrtha Chokler<\/p>\n<p style=\"text-align: justify;\">A l&#8217;Escola Bressol s&#8217;ha de garantir que l&#8217;infant pugui desenvolpar el seu joc proporcionant les condicions \u00f2ptimes per fer-ho possible: Seguretat, tranquil.litat, possibilitat de moure&#8217;s lliurement, molt de temps, jocs (objectes, instruments, materials,&#8230;).<\/p>\n<p style=\"text-align: justify;\">A partir del joc l&#8217;infant satisf\u00e0 el seu desig de moviment i d&#8217;acci\u00f3, enriqueix els seus coneixements, les seves experi\u00e8ncies i coneix el m\u00f3n que l&#8217;envolta.<\/p>\n<p style=\"text-align: justify;\">Seguint a Anna Tardos el joc de l&#8217;infant li permet desenvolupar la seva imaginaci\u00f3, l&#8217;ajuda a observar, li permet con\u00e8ixer la vida dels adults, la seva activitat fins i tot provar-la. Submergit en el joc l&#8217;infant apr\u00e8n a observar, agrupar els objectes, els ajunta, construeix alguna cosa, apr\u00e8n a preveure el que construir\u00e0, a fer i dur a terme projectes tot vencent les dificutats o superant obstacles.<\/p>\n<p style=\"text-align: justify;\"><em>&#8220;Les primeres experi\u00e8ncies existeixen des del naixement en tota activitat iniciada pel mateix infant sense intervenci\u00f3 directa de l&#8217;adult i orientada pel seu plaer i les seves ganes d&#8217;actuar. Aquesta activitat aut\u00f2noma iniciada pel mateix infant \u00e9s per a ell font d&#8217;aprenentatges m\u00faltiple en els \u00e0mbist psicomotor, afectiu i cognitiu. Quan es respecten, aquests aprenentatges aut\u00f2noms constitueixen els fonaments de l&#8217;autonomia adulta.&#8221;<\/em><\/p>\n<p style=\"text-align: center;\"><em><span style=\"font-family: inherit; font-size: 1em; text-align: center;\">JUDIT FALK<\/span><\/em><\/p>\n<p>&nbsp;<\/p>\n","protected":false},"excerpt":{"rendered":"<p>El joc de l&#8217;infant \u00e9s una activitat que sorgeix d&#8217;un est\u00edmul interior. A trav\u00e9s del joc l&#8217;infant apr\u00e8n i construeix nous coneixements, explorant i descobrint el seu entorn.<br \/>\n&#8220;El juego para el ni\u00f1o no es un ejercicio para&#8230; ni un ensayo para&#8230; ni una preparaci\u00f3n para&hellip;  <a href=\"https:\/\/agora.xtec.cat\/eeilespurnajesus\/valors-pedagogics\/el-joc\/\" title=\"Read El joc\">Llegeix m\u00e9s\u00bb<\/a><\/p>\n","protected":false},"author":1,"featured_media":0,"parent":1079,"menu_order":0,"comment_status":"closed","ping_status":"closed","template":"page-templates\/side-menu.php","meta":{"_bbp_topic_count":0,"_bbp_reply_count":0,"_bbp_total_topic_count":0,"_bbp_total_reply_count":0,"_bbp_voice_count":0,"_bbp_anonymous_reply_count":0,"_bbp_topic_count_hidden":0,"_bbp_reply_count_hidden":0,"_bbp_forum_subforum_count":0,"footnotes":""},"class_list":["post-1050","page","type-page","status-publish","hentry"],"post_mailing_queue_ids":[],"_links":{"self":[{"href":"https:\/\/agora.xtec.cat\/eeilespurnajesus\/wp-json\/wp\/v2\/pages\/1050","targetHints":{"allow":["GET"]}}],"collection":[{"href":"https:\/\/agora.xtec.cat\/eeilespurnajesus\/wp-json\/wp\/v2\/pages"}],"about":[{"href":"https:\/\/agora.xtec.cat\/eeilespurnajesus\/wp-json\/wp\/v2\/types\/page"}],"author":[{"embeddable":true,"href":"https:\/\/agora.xtec.cat\/eeilespurnajesus\/wp-json\/wp\/v2\/users\/1"}],"replies":[{"embeddable":true,"href":"https:\/\/agora.xtec.cat\/eeilespurnajesus\/wp-json\/wp\/v2\/comments?post=1050"}],"version-history":[{"count":3,"href":"https:\/\/agora.xtec.cat\/eeilespurnajesus\/wp-json\/wp\/v2\/pages\/1050\/revisions"}],"predecessor-version":[{"id":1096,"href":"https:\/\/agora.xtec.cat\/eeilespurnajesus\/wp-json\/wp\/v2\/pages\/1050\/revisions\/1096"}],"up":[{"embeddable":true,"href":"https:\/\/agora.xtec.cat\/eeilespurnajesus\/wp-json\/wp\/v2\/pages\/1079"}],"wp:attachment":[{"href":"https:\/\/agora.xtec.cat\/eeilespurnajesus\/wp-json\/wp\/v2\/media?parent=1050"}],"curies":[{"name":"wp","href":"https:\/\/api.w.org\/{rel}","templated":true}]}}