{"id":1098,"date":"2022-03-30T08:24:20","date_gmt":"2022-03-30T06:24:20","guid":{"rendered":"https:\/\/agora.xtec.cat\/eeilabaldufa\/?page_id=1098"},"modified":"2022-03-30T08:24:20","modified_gmt":"2022-03-30T06:24:20","slug":"el-desenvolupament-del-control-desfinters","status":"publish","type":"page","link":"https:\/\/agora.xtec.cat\/eeilabaldufa\/el-desenvolupament-del-control-desfinters\/","title":{"rendered":"&#8220;El desenvolupament del control d&#8217;esf\u00ednters&#8221;"},"content":{"rendered":"<p style=\"text-align: justify;\">El control dels esf\u00ednters al qual anomenen, \u00abEl moment de treure els bolquers\u00bb, \u00e9s un proc\u00e9s que requereix una maduraci\u00f3 neurol\u00f2gica, emocional i motriu.<\/p>\n<p><img loading=\"lazy\" decoding=\"async\" class=\"aligncenter size-medium wp-image-1988\" src=\"http:\/\/blocs.xtec.cat\/llarlarondalla\/files\/2020\/05\/canviador-petita-300x225.jpg\" alt=\"\" width=\"300\" height=\"225\" \/><\/p>\n<p style=\"text-align: justify;\">Els infants, quan s\u00f3n nadons, fan pipi o caca de manera inconscient fins que arriba un moment en el qual el seu cos i la seva ment es coordinen i els indica que estan preparats per comen\u00e7ar a controlar, de manera volunt\u00e0ria, les seves necessitats fisiol\u00f2giques.<\/p>\n<p style=\"text-align: justify;\">Quan aix\u00f2 succeeix, les persones adultes han d\u2019estar alerta i adonar-se dels senyals que ens donen els infants tot fent-nos saber que, madurativament, estan preparats per comen\u00e7ar a dir ad\u00e9u als bolquers.<\/p>\n<p style=\"text-align: justify;\">\u00c9s convenient viure aquest proc\u00e9s des de la calma i la satisfacci\u00f3. Es tracta d\u2019un proc\u00e9s progressiu que requereix temps i paci\u00e8ncia i una actitud positiva en la persona adulta que projecti en l\u2019infant calma, respecte i confian\u00e7a. \u00c9s un moment de canvi en les seves vides i cal que li dediquem i deixem el seu temps i espai.<\/p>\n<p style=\"text-align: justify;\">\u00c9s important que la decisi\u00f3 i l\u2019inter\u00e8s d\u2019iniciar el proc\u00e9s de treure els bolquers neixi de l\u2019infant i se l\u2019impliqui en tot moment. Aix\u00ed doncs, quan l\u2019infant manifesti inter\u00e8s, us recomanem, per exemple, anar a comprar la gibrella i\/o les calcetes i cal\u00e7otets amb ella o ell abans de comen\u00e7ar a treure els bolquers i que aix\u00ed, de mica en mica, pugui anar-se mentalitzant i preparant el seu cam\u00ed cap al nou aprenentatge.<\/p>\n<p style=\"text-align: justify;\">Cal destacar per\u00f2, que no existeix una \u00fanica t\u00e8cnica a l\u2019hora d\u2019acompanyar aquest proc\u00e9s dels infants per\u00f2 s\u00ed que \u00e9s important que la persona adulta identifiqui quin \u00e9s el millor moment per iniciar-lo.<\/p>\n<p style=\"text-align: justify;\"><strong>A continuaci\u00f3 us indiquem alguns dels senyals previs que cal tenir en compte els quals ens poden ajudar a adonar-nos de quin pot ser un bon moment per iniciar el proc\u00e9s de treure els bolquers i com la persona adulta pot acompanyar l\u2019infant en aquest proc\u00e9s:<\/strong><\/p>\n<ul>\n<li style=\"text-align: justify;\">\u00c9s important que els infants es comuniquin i tinguin un cert domini de la parla (con\u00e8ixer i relacionar algunes paraules com: pipi, caca, orinal, brut\u2026). No importa que sigui estiu o hivern sin\u00f3 que l\u2019infant es mostri preparat per fer-ho.<\/li>\n<li style=\"text-align: justify;\">Un senyal important \u00e9s quan l\u2019infant \u00e9s capa\u00e7 i t\u00e9 la intenci\u00f3 d\u2019avisar-nos una mica abans, durant o tot just quan acaba de fer el pipi o la caca.<\/li>\n<li style=\"text-align: justify;\">La persona adulta pot anar fixant-se, cada vegada que els canvia el bolquer, en si est\u00e0 mullat o no, si comen\u00e7a a fer estones llargues de retenci\u00f3 entre bolquer i bolquer per identificar cada quant fa pipis, a quina hora acostuma a fer caca\u2026 I aix\u00ed poder calcular quins podrien ser els millors moments per animar-lo a seure a la gibrella o lavabo.<\/li>\n<li style=\"text-align: justify;\">\u00c9s interessant que la persona adulta es fixi en quins moments l\u2019infant est\u00e0 fent caca i\/o pipi. A vegades, se\u2019ls pot veure amagant-se en un rac\u00f3 per fer caca o caminant inc\u00f2modes quan els molesta el bolquer ple. Observant i identificant aquests moments, ens pot facilitar informaci\u00f3 per acompanyar-los oferint-los la possibilitat d\u2019anticipar-se en fer les seves necessitats a la gibrella o lavabo.<\/li>\n<li style=\"text-align: justify;\">\u00c9s molt importat que la decisi\u00f3 de treure els bolquers es prengui en un moment idoni, \u00e9s a dir, quan realment la persona adulta disposi de temps necessari per dedicar-li al proc\u00e9s l\u2019atenci\u00f3 i calma que necessita. No us recomanem plantejar aquest canvi juntament amb altres com per exemple, treure el bolquer i el xumet a la vegada.<\/li>\n<li style=\"text-align: justify;\">Una manera que pot funcionar-vos a l\u2019hora d\u2019iniciar el proc\u00e9s \u00e9s situant la gibrella en un espai d\u2019intimitat, normalment al costat del lavabo dels adults i anar animant a l\u2019infant a seure. Podeu aprofitar els moments previs al bany, als matins abans de vestir-se, abans de posar-se el pijama, abans de canviar el bolquer\u2026. Aix\u00f2 pot ajudar a fer que comenci a n\u00e9ixer l\u2019inter\u00e8s i la curiositat de l\u2019infant, que vagi adquirint una nova rutina i que vagin apareixent els primers pipis i\/o caques. De mica en mica, podreu veure com, segurament s\u2019aniran ampliant aquestes estones de voler seure a la gibrella fins a aconseguir el control dels esf\u00ednters.<\/li>\n<\/ul>\n<p><img loading=\"lazy\" decoding=\"async\" class=\"aligncenter size-medium wp-image-1989\" src=\"http:\/\/blocs.xtec.cat\/llarlarondalla\/files\/2020\/05\/wccarbasses-petita-225x300.jpg\" alt=\"\" width=\"225\" height=\"300\" \/><\/p>\n<ul>\n<li style=\"text-align: justify;\">\u00c9s normal que durant els primers dies l\u2019infant tingui alguns escapes. A vegades no se\u2019n recorden que ja no porten els bolquers o d\u2019altres no arriben a temps al lavabo perqu\u00e8 encara no controlen els tempos.<\/li>\n<\/ul>\n<p style=\"text-align: justify;\">Davant d\u2019aquestes situacions, \u00e9s molt recomanable que l\u2019actitud de la persona adulta sigui positiva, calmada i de confian\u00e7a. \u00a0 Si se\u2019ls escapa el pip\u00ed o la caca, \u00e9s bo evitar disgustar-se i\/o enfadar-se. Heu de pensar que aix\u00f2 forma part de l\u2019aprenentatge. Davant d\u2019aix\u00f2, acostuma a funcionar b\u00e9 l\u2019acompanyament a l\u2019infant des de la calma reflexionant sobre el que ha passat, oferint-li la nostra ajuda per canviar-se, netejar-se, posar-se roba neta i seguir amb el proc\u00e9s des de la tranquil\u00b7litat i aix\u00ed mostrar-li la confian\u00e7a que tenim en les seves capacitats.<\/p>\n<p style=\"text-align: justify;\">Sobretot a l\u2019inici del proc\u00e9s, \u00e9s bo que se\u2019ls vagi recordant, de tant en tant, que no porten bolquers i que se\u2019ls convidi a seure a la gibrella m\u00e9s sovint. No obstant aix\u00f2, us recomanem evitar parlar constantment del tema i que us atabaleu preguntant-los cada cinc minuts si tenen pipi o caca.<\/p>\n<p style=\"text-align: justify;\">De mica en mica, a mesura que vagin creixent i desenvolupant el control dels esf\u00ednters podreu veure com aquests \u00a0 escapes aniran disminuint-se. Aquest proc\u00e9s necessita el seu temps i \u00e9s recomanable viure\u2019l integrat en el dia a dia des de la naturalitat.<\/p>\n<p style=\"text-align: justify;\">\u2013 Sovint, hi ha vegades en les quals el nen o la nena tenen control dels esf\u00ednters i s\u00f3n capa\u00e7os d\u2019aguantar-se fins que els tornem a posar el bolquer. Aix\u00f2 ens indica que, encara que podria \u00a0 fer-ho a la gibrella o al lavabo, encara no se sent suficient preparat o preparada. Tamb\u00e9 hi ha vegades en qu\u00e8 a casa, en confian\u00e7a, fan el pipi i\/o la caca a la gibrella per\u00f2 quan surten fora necessiten el bolquer. Davant d\u2019aquestes situacions, cal que els donem temps i siguem pacients; estan fent el seu proc\u00e9s.<\/p>\n<p style=\"text-align: justify;\">\u2013 Hi ha altres vegades en les quals, durant aquest proc\u00e9s de no dur els bolquers, l\u2019infant ens pot tornar a demanar que li tornem a posar. No hem de prendre\u2019ns aquesta situaci\u00f3 com un retroc\u00e9s perqu\u00e8 \u00e9s part del proc\u00e9s. \u00c9s una manera de reafirmar-se, de guanyar en confian\u00e7a i en la que la persona adulta el podem ajudar mostrant confian\u00e7a en ell o ella, no pressionant, i respectant les seves necessitats.<\/p>\n<p style=\"text-align: justify;\">\u2013 D\u2019altra banda, si durant el proc\u00e9s de treure els bolquers heu de fer un viatge inesperat amb l\u2019infant i aquest es mostra c\u00f2mode i segur per anar sense els bolquers, us recomanem que no li poseu el bolquer perqu\u00e8 els pot confondre en el proc\u00e9s del seu control d\u2019esf\u00ednters. Davant d\u2019aix\u00f2, \u00e9s millor que programeu m\u00e9s parades durant el trajecte perqu\u00e8 l\u2019infant faci pipi o caca i que porteu suficient roba de recanvi per si la necessiteu.<\/p>\n<p style=\"text-align: justify;\">\u2013 I per \u00faltim, i no menys important, cal que se\u2019ls faciliti vestir-se i desvestir-se amb roba c\u00f2moda amb la qual sigui f\u00e0cil baixar i pujar els pantalons i les calcetes o cal\u00e7otets.<\/p>\n<p style=\"text-align: justify;\">Normalment, els infants acostumen a viure aquest proc\u00e9s d\u2019autonomia amb satisfacci\u00f3 i de seguida s\u2019engresquen en implicar-se i col\u00b7laborar. No obstant aix\u00f2, hi ha alguns que no volen saber res d\u2019aquest proc\u00e9s i ho viuen amb desconfian\u00e7a, inseguretat i, fins i tot por. Davant d\u2019aquestes situacions, \u00e9s millor esperar que l\u2019infant s\u2019interessi perqu\u00e8 els resultats siguin positius. \u00c9s preferible que l\u2019infant estigui madurativament molt preparat que no pas que ens avancem. Esperar al millor moment ens evitar\u00e0 passar mals moments i viure el proc\u00e9s amb negativitat.<\/p>\n<p style=\"text-align: justify;\">No es tracta d\u2019un proc\u00e9s amb una data d\u2019inici i de finalitzaci\u00f3 concreta sin\u00f3 que, la seva complexitat, fa que cada infant el desenvolupi al seu ritme.<\/p>\n<p style=\"text-align: justify;\">Us recomanem que tingueu paci\u00e8ncia, reflexioneu amb ells o elles, confieu en les seves capacitats i que els acompanyeu des de la calma. Ja veureu que, dia a dia, l\u2019infant anir\u00e0 creixent en control i autonomia fins a aconseguir-ho.<\/p>\n<p style=\"text-align: center;\"><strong>El vostre fill o filla mostra senyals d\u2019estar preparat per iniciar el proc\u00e9s de dir ad\u00e9u als bolquers? Si \u00e9s aix\u00ed, potser podria ser ara un bon moment per comen\u00e7ar. Si no, no patiu, espereu a trobar el millor moment.<\/strong><\/p>\n<p><strong>Animeu-vos i comenteu-nos que us ha semblat!<\/strong><\/p>\n<p style=\"text-align: right;\"><strong>Equip Llar d&#8217;infants la Baldufa<\/strong><\/p>\n","protected":false},"excerpt":{"rendered":"<p>El control dels esf\u00ednters al qual anomenen, \u00abEl moment de treure els bolquers\u00bb, \u00e9s un proc\u00e9s que requereix una maduraci\u00f3 neurol\u00f2gica, emocional i motriu. Els infants, quan s\u00f3n nadons, fan pipi o caca de manera inconscient fins que arriba un moment en el qual el seu cos i la seva ment es coordinen i els [&hellip;]<\/p>\n","protected":false},"author":1,"featured_media":0,"parent":0,"menu_order":0,"comment_status":"closed","ping_status":"closed","template":"","meta":{"_bbp_topic_count":0,"_bbp_reply_count":0,"_bbp_total_topic_count":0,"_bbp_total_reply_count":0,"_bbp_voice_count":0,"_bbp_anonymous_reply_count":0,"_bbp_topic_count_hidden":0,"_bbp_reply_count_hidden":0,"_bbp_forum_subforum_count":0,"site-sidebar-layout":"default","site-content-layout":"","ast-site-content-layout":"","site-content-style":"default","site-sidebar-style":"default","ast-global-header-display":"","ast-banner-title-visibility":"","ast-main-header-display":"","ast-hfb-above-header-display":"","ast-hfb-below-header-display":"","ast-hfb-mobile-header-display":"","site-post-title":"","ast-breadcrumbs-content":"","ast-featured-img":"","footer-sml-layout":"","theme-transparent-header-meta":"","adv-header-id-meta":"","stick-header-meta":"","header-above-stick-meta":"","header-main-stick-meta":"","header-below-stick-meta":"","astra-migrate-meta-layouts":"default","ast-page-background-enabled":"default","ast-page-background-meta":{"desktop":{"background-color":"var(--ast-global-color-4)","background-image":"","background-repeat":"repeat","background-position":"center center","background-size":"auto","background-attachment":"scroll","background-type":"","background-media":"","overlay-type":"","overlay-color":"","overlay-opacity":"","overlay-gradient":""},"tablet":{"background-color":"","background-image":"","background-repeat":"repeat","background-position":"center center","background-size":"auto","background-attachment":"scroll","background-type":"","background-media":"","overlay-type":"","overlay-color":"","overlay-opacity":"","overlay-gradient":""},"mobile":{"background-color":"","background-image":"","background-repeat":"repeat","background-position":"center center","background-size":"auto","background-attachment":"scroll","background-type":"","background-media":"","overlay-type":"","overlay-color":"","overlay-opacity":"","overlay-gradient":""}},"ast-content-background-meta":{"desktop":{"background-color":"var(--ast-global-color-5)","background-image":"","background-repeat":"repeat","background-position":"center center","background-size":"auto","background-attachment":"scroll","background-type":"","background-media":"","overlay-type":"","overlay-color":"","overlay-opacity":"","overlay-gradient":""},"tablet":{"background-color":"var(--ast-global-color-5)","background-image":"","background-repeat":"repeat","background-position":"center center","background-size":"auto","background-attachment":"scroll","background-type":"","background-media":"","overlay-type":"","overlay-color":"","overlay-opacity":"","overlay-gradient":""},"mobile":{"background-color":"var(--ast-global-color-5)","background-image":"","background-repeat":"repeat","background-position":"center center","background-size":"auto","background-attachment":"scroll","background-type":"","background-media":"","overlay-type":"","overlay-color":"","overlay-opacity":"","overlay-gradient":""}},"footnotes":""},"class_list":["post-1098","page","type-page","status-publish","hentry"],"post_mailing_queue_ids":[],"_links":{"self":[{"href":"https:\/\/agora.xtec.cat\/eeilabaldufa\/wp-json\/wp\/v2\/pages\/1098","targetHints":{"allow":["GET"]}}],"collection":[{"href":"https:\/\/agora.xtec.cat\/eeilabaldufa\/wp-json\/wp\/v2\/pages"}],"about":[{"href":"https:\/\/agora.xtec.cat\/eeilabaldufa\/wp-json\/wp\/v2\/types\/page"}],"author":[{"embeddable":true,"href":"https:\/\/agora.xtec.cat\/eeilabaldufa\/wp-json\/wp\/v2\/users\/1"}],"replies":[{"embeddable":true,"href":"https:\/\/agora.xtec.cat\/eeilabaldufa\/wp-json\/wp\/v2\/comments?post=1098"}],"version-history":[{"count":1,"href":"https:\/\/agora.xtec.cat\/eeilabaldufa\/wp-json\/wp\/v2\/pages\/1098\/revisions"}],"predecessor-version":[{"id":1101,"href":"https:\/\/agora.xtec.cat\/eeilabaldufa\/wp-json\/wp\/v2\/pages\/1098\/revisions\/1101"}],"wp:attachment":[{"href":"https:\/\/agora.xtec.cat\/eeilabaldufa\/wp-json\/wp\/v2\/media?parent=1098"}],"curies":[{"name":"wp","href":"https:\/\/api.w.org\/{rel}","templated":true}]}}