{"id":1059,"date":"2022-03-24T08:41:08","date_gmt":"2022-03-24T07:41:08","guid":{"rendered":"https:\/\/agora.xtec.cat\/eeilabaldufa\/?page_id=1059"},"modified":"2022-03-24T08:41:08","modified_gmt":"2022-03-24T07:41:08","slug":"el-massatge-infantil","status":"publish","type":"page","link":"https:\/\/agora.xtec.cat\/eeilabaldufa\/el-massatge-infantil\/","title":{"rendered":"&#8220;El massatge infantil&#8221;"},"content":{"rendered":"<p style=\"text-align: justify;\">El massatge infantil \u00e9s un m\u00f3n de tacte i car\u00edcies que ens engresca tant\u00a0als petits i petites com als m\u00e9s grans de la casa. Els massatges tenen molts beneficis saludables, tant f\u00edsics com psicol\u00f2gics i s\u00f3n molt recomanables en totes les edats sobretot en aquesta primera etapa d\u2019educaci\u00f3 infantil.<\/p>\n<p style=\"text-align: justify;\">El massatge infantil troba els seus or\u00edgens a la cultura oriental. Es tracta d\u2019un moment de calma, tranquil\u00b7litat, de confian\u00e7a m\u00fatua, de donar i rebre, d\u2019establir connexions, d\u2019enfortir vincles\u2026<\/p>\n<p style=\"text-align: justify;\">La pell \u00e9s el primer llenguatge i el primer mitj\u00e0 que tenen els nadons en n\u00e9ixer per comen\u00e7ar a entendre el m\u00f3n, per crear els primers vincles d\u2019aferrament, per identificar el seu propi cos i per comen\u00e7ar adonar-se de la seva pr\u00f2pia persona.<\/p>\n<p style=\"text-align: justify;\">Aix\u00ed doncs, el cos de l\u2019infant esdev\u00e9 un primer medi d\u2019expressi\u00f3 i de comprensi\u00f3 i, per tant, a trav\u00e9s de l\u2019estimulaci\u00f3 cut\u00e0nia i dels massatges, podreu incidir directament en la comunicaci\u00f3 amb els vostres infants. Es tracta de comunicar sense paraules, de pell a pell, creant un vincle \u00fanic acompanyat de mirades, somriures, un to de veu suau\u2026<\/p>\n<p style=\"text-align: justify;\">A trav\u00e9s del massatge i les car\u00edcies no nom\u00e9s podreu passar una bona estona plena de sensacions agradables sin\u00f3 que, a la vegada, estareu afavorint el desenvolupament emocional i biol\u00f2gic dels vostres infants, enfortireu els vincles i connexions amb ells i elles i passareu una estona on regnar\u00e0 la calma, la relaxaci\u00f3 i l\u2019eliminaci\u00f3 de l\u2019estr\u00e8s i el benestar.<\/p>\n<p style=\"text-align: justify;\">Per realitzar aquesta proposta \u00e9s important que es busqui el moment m\u00e9s \u00f2ptim i es cre\u00ef un espai acollidor on hi hagi molta tranquil\u00b7litat i calma. Podeu fer una tovallola sobre el llit o sobre una superf\u00edcie plana com el terra per limitar l\u2019espai en un espai contingut i tamb\u00e9 podeu crear un ambient relaxant posant una m\u00fasica de fons (m\u00fasica de meditaci\u00f3, ZEN\u2026), baixar o tancar les llums i posar una il\u00b7luminaci\u00f3 t\u00e8nue\/ c\u00e0lida o espelmes i, opcionalment tamb\u00e9, refor\u00e7ar l\u2019ambient acompanyant-lo d\u2019oloroterapia amb encens o olis d\u2019olors suaus.<\/p>\n<p style=\"text-align: justify;\">Un cop tingueu l\u2019espai adequat, \u00e9s moment de passar a l\u2019acci\u00f3.<\/p>\n<p>&nbsp;<\/p>\n<p>Amb els m\u00e9s petits podeu gaudir fent-los massatges directes a la pell. Feu servir olis naturals i si no en tenim, crema del cos.<\/p>\n<p><a href=\"https:\/\/agora.xtec.cat\/eeilabaldufa\/wp-content\/uploads\/usu2523\/2022\/03\/Prop1peque.jpg\"><img loading=\"lazy\" decoding=\"async\" class=\"size-full wp-image-1061 aligncenter\" src=\"https:\/\/agora.xtec.cat\/eeilabaldufa\/wp-content\/uploads\/usu2523\/2022\/03\/Prop1peque.jpg\" alt=\"\" width=\"278\" height=\"185\" \/><\/a><\/p>\n<p>Si els infants estan receptius, i sobretot amb els que s\u00f3n m\u00e9s grans, podeu combinar els massatges de mans amb massatges a partir de materials que afavoreixen l\u2019estimulaci\u00f3 de la pell i la relaxaci\u00f3 com ara plomes, pilotes petites, cot\u00f3, teles, pinzells\u2026..<\/p>\n<p style=\"text-align: right;\">\n<p style=\"text-align: right;\">\n<p><img loading=\"lazy\" decoding=\"async\" class=\"size-full wp-image-1585 aligncenter\" src=\"http:\/\/blocs.xtec.cat\/llarelbosquet\/files\/2020\/04\/Prop7-peque.jpg\" alt=\"\" width=\"277\" height=\"185\" \/><\/p>\n<p style=\"text-align: right;\"><strong><em>Rodet de massatges.<\/em><\/strong><\/p>\n<p style=\"text-align: justify;\">Podem comen\u00e7ar pels peus i les cames i anar pujant per l\u2019esquena i els bra\u00e7os, seguit de l\u2019abdomen i la cara, sempre efectuant moviments suaus i r\u00edtmics de dins a fora del cos.<\/p>\n<p><img loading=\"lazy\" decoding=\"async\" class=\"size-full wp-image-1586 aligncenter\" src=\"http:\/\/blocs.xtec.cat\/llarelbosquet\/files\/2020\/04\/Prop2-peque.jpg\" alt=\"\" width=\"278\" height=\"185\" \/><\/p>\n<p style=\"text-align: right;\"><strong><em>Massatge amb una ploma.<\/em><\/strong><\/p>\n<p><img loading=\"lazy\" decoding=\"async\" class=\"size-full wp-image-1587 aligncenter\" src=\"http:\/\/blocs.xtec.cat\/llarelbosquet\/files\/2020\/04\/Prop4-peque.jpg\" alt=\"\" width=\"276\" height=\"183\" \/><\/p>\n<p style=\"text-align: right;\"><strong><em>Massatge amb una pilota.<\/em><\/strong><\/p>\n<p style=\"text-align: justify;\">I, fins i tot, podeu fer servir objectes de joc com pilotes o cotxes amb els quals es pot combinar el joc i el massatge dibuixant-los sobre la pell carreteres (amb ceres, llapis d\u2019ulls, pintallavis\u2026) i resseguir-los amb les pilotes, els cotxets, etc. Tamb\u00e9 podeu animar-vos a fer que els vostres fills o filles us els dibuixin a vosaltres i us facin els massatges. De ben segur que passareu una estona ben entretinguts i entretingudes!<\/p>\n<p><strong>Us animeu a provar? Fem massatges?? Comenteu-nos que us han semblat! <\/strong><\/p>\n<p style=\"text-align: right;\"><strong>LLar d&#8217;infants P\u00fablica Municipal la Baldufa de Barber\u00e0 del Vall\u00e8s<\/strong><\/p>\n","protected":false},"excerpt":{"rendered":"<p>El massatge infantil \u00e9s un m\u00f3n de tacte i car\u00edcies que ens engresca tant\u00a0als petits i petites com als m\u00e9s grans de la casa. Els massatges tenen molts beneficis saludables, tant f\u00edsics com psicol\u00f2gics i s\u00f3n molt recomanables en totes les edats sobretot en aquesta primera etapa d\u2019educaci\u00f3 infantil. El massatge infantil troba els seus [&hellip;]<\/p>\n","protected":false},"author":1,"featured_media":0,"parent":0,"menu_order":0,"comment_status":"closed","ping_status":"closed","template":"","meta":{"_bbp_topic_count":0,"_bbp_reply_count":0,"_bbp_total_topic_count":0,"_bbp_total_reply_count":0,"_bbp_voice_count":0,"_bbp_anonymous_reply_count":0,"_bbp_topic_count_hidden":0,"_bbp_reply_count_hidden":0,"_bbp_forum_subforum_count":0,"site-sidebar-layout":"default","site-content-layout":"","ast-site-content-layout":"","site-content-style":"default","site-sidebar-style":"default","ast-global-header-display":"","ast-banner-title-visibility":"","ast-main-header-display":"","ast-hfb-above-header-display":"","ast-hfb-below-header-display":"","ast-hfb-mobile-header-display":"","site-post-title":"","ast-breadcrumbs-content":"","ast-featured-img":"","footer-sml-layout":"","theme-transparent-header-meta":"","adv-header-id-meta":"","stick-header-meta":"","header-above-stick-meta":"","header-main-stick-meta":"","header-below-stick-meta":"","astra-migrate-meta-layouts":"default","ast-page-background-enabled":"default","ast-page-background-meta":{"desktop":{"background-color":"var(--ast-global-color-4)","background-image":"","background-repeat":"repeat","background-position":"center center","background-size":"auto","background-attachment":"scroll","background-type":"","background-media":"","overlay-type":"","overlay-color":"","overlay-opacity":"","overlay-gradient":""},"tablet":{"background-color":"","background-image":"","background-repeat":"repeat","background-position":"center center","background-size":"auto","background-attachment":"scroll","background-type":"","background-media":"","overlay-type":"","overlay-color":"","overlay-opacity":"","overlay-gradient":""},"mobile":{"background-color":"","background-image":"","background-repeat":"repeat","background-position":"center center","background-size":"auto","background-attachment":"scroll","background-type":"","background-media":"","overlay-type":"","overlay-color":"","overlay-opacity":"","overlay-gradient":""}},"ast-content-background-meta":{"desktop":{"background-color":"var(--ast-global-color-5)","background-image":"","background-repeat":"repeat","background-position":"center center","background-size":"auto","background-attachment":"scroll","background-type":"","background-media":"","overlay-type":"","overlay-color":"","overlay-opacity":"","overlay-gradient":""},"tablet":{"background-color":"var(--ast-global-color-5)","background-image":"","background-repeat":"repeat","background-position":"center center","background-size":"auto","background-attachment":"scroll","background-type":"","background-media":"","overlay-type":"","overlay-color":"","overlay-opacity":"","overlay-gradient":""},"mobile":{"background-color":"var(--ast-global-color-5)","background-image":"","background-repeat":"repeat","background-position":"center center","background-size":"auto","background-attachment":"scroll","background-type":"","background-media":"","overlay-type":"","overlay-color":"","overlay-opacity":"","overlay-gradient":""}},"footnotes":""},"class_list":["post-1059","page","type-page","status-publish","hentry"],"post_mailing_queue_ids":[],"_links":{"self":[{"href":"https:\/\/agora.xtec.cat\/eeilabaldufa\/wp-json\/wp\/v2\/pages\/1059","targetHints":{"allow":["GET"]}}],"collection":[{"href":"https:\/\/agora.xtec.cat\/eeilabaldufa\/wp-json\/wp\/v2\/pages"}],"about":[{"href":"https:\/\/agora.xtec.cat\/eeilabaldufa\/wp-json\/wp\/v2\/types\/page"}],"author":[{"embeddable":true,"href":"https:\/\/agora.xtec.cat\/eeilabaldufa\/wp-json\/wp\/v2\/users\/1"}],"replies":[{"embeddable":true,"href":"https:\/\/agora.xtec.cat\/eeilabaldufa\/wp-json\/wp\/v2\/comments?post=1059"}],"version-history":[{"count":1,"href":"https:\/\/agora.xtec.cat\/eeilabaldufa\/wp-json\/wp\/v2\/pages\/1059\/revisions"}],"predecessor-version":[{"id":1064,"href":"https:\/\/agora.xtec.cat\/eeilabaldufa\/wp-json\/wp\/v2\/pages\/1059\/revisions\/1064"}],"wp:attachment":[{"href":"https:\/\/agora.xtec.cat\/eeilabaldufa\/wp-json\/wp\/v2\/media?parent=1059"}],"curies":[{"name":"wp","href":"https:\/\/api.w.org\/{rel}","templated":true}]}}