{"id":1041,"date":"2022-03-23T08:58:09","date_gmt":"2022-03-23T07:58:09","guid":{"rendered":"https:\/\/agora.xtec.cat\/eeilabaldufa\/?page_id=1041"},"modified":"2022-03-23T09:02:05","modified_gmt":"2022-03-23T08:02:05","slug":"el-joc-amb-material-inespecific","status":"publish","type":"page","link":"https:\/\/agora.xtec.cat\/eeilabaldufa\/el-joc-amb-material-inespecific\/","title":{"rendered":"&#8220;El joc amb material inespec\u00edfic&#8221;"},"content":{"rendered":"<p class=\"western\" lang=\"en-GB\" align=\"justify\">Aquest material va destinat als infants m\u00e9s petits, els proporciona la base de tots els aprenentatges que vindran m\u00e9s endavant.<\/p>\n<p class=\"western\" align=\"justify\"><strong>La panera dels tresors: <\/strong><\/p>\n<p class=\"western\" align=\"justify\">S\u2019inicia des del moment que l\u2019infant \u00e9s capa\u00e7 de mantenir-se assegut. Es tracta d\u2019un joc d\u2019exploraci\u00f3 a partir dels sentits, els permet interioritzar les qualitats de cada material: pes, textura, temperatura, gust, color\u2026<\/p>\n<p class=\"western\" align=\"justify\">Podeu buscar per casa diferents objectes per fer la vostra panera: com llimones, mandarines, rotlles de paper higi\u00e8nic, caixetes de fusta i de metall, moneders, cremalleres, cintes de colors, culleres de fusta i de metall, ous de fusta de cosir, claus, clauers, anelles, pilotes de llana, raspall de dents, pots petits de vidre, mirallets.<a href=\"http:\/\/blocs.xtec.cat\/llarlabaldufa\/files\/2020\/03\/paneres-tresors.jpg\"><img loading=\"lazy\" decoding=\"async\" class=\"aligncenter wp-image-2643\" src=\"http:\/\/blocs.xtec.cat\/llarlabaldufa\/files\/2020\/03\/paneres-tresors-300x169.jpg\" alt=\"\" width=\"371\" height=\"215\" \/><\/a><\/p>\n<p class=\"western\" align=\"justify\"><strong>Joc heur\u00edstic, mostra de material inespec\u00edfic:<\/strong><\/p>\n<p class=\"western\" align=\"justify\">El joc heur\u00edstic va dirigit a infants a partir de l\u2019any aproximadament. Es tracta d\u2019un joc per explorar objectes i combinar-los lliurement. Ha de permetre omplir i buidar, que passin a trav\u00e9s de (tubs, coladors i embuts) i altres combinacions.<\/p>\n<p class=\"western\" align=\"justify\">Busqueu per casa pots de diferents mides que facin de recipients contenidors de diferents objectes com pinces d\u2019estendre la roba, rul\u00b7los de perruqueria, anelles de cortina, trossos de tela, cordons de diferents colors, pompons de llana, petites ampolles, cons de cartr\u00f3\u2026 Diferents objectes que trobeu i que siguin combinables entre ells.<a href=\"http:\/\/blocs.xtec.cat\/llarlabaldufa\/files\/2020\/03\/IMG-20190207-WA0000.jpg\"><img loading=\"lazy\" decoding=\"async\" class=\"aligncenter wp-image-2642\" src=\"http:\/\/blocs.xtec.cat\/llarlabaldufa\/files\/2020\/03\/IMG-20190207-WA0000-300x225.jpg\" alt=\"\" width=\"351\" height=\"267\" \/><\/a><\/p>\n<p class=\"western\" align=\"justify\"><strong><span lang=\"ca-ES\">Joc de peces soltes:<\/span><\/strong><\/p>\n<p class=\"western\" align=\"justify\"><span lang=\"ca-ES\">En la l\u00ednia de la panera dels tresors i del joc heur\u00edstic evolutivament per a infants m\u00e9s grans trobem les \u201c<\/span><span lang=\"ca-ES\"><u>PECES SOLTES<\/u><\/span><span lang=\"ca-ES\">\u201d (d\u2019aqu\u00ed pot sorgir un MINIM\u00d3N creat amb el que tingueu per casa) que s\u00f3n materials de joc no estructurat (materials, coses, objectes, utensilis, eines, ingredients\u2026) que tenen en com\u00fa una cosa: sense ser RES poden ser TOT. L\u2019\u00fanic l\u00edmit \u00e9s la imaginaci\u00f3 de qui les fa servir. <\/span><strong><span lang=\"ca-ES\"><a href=\"http:\/\/blocs.xtec.cat\/llarlabaldufa\/files\/2020\/03\/peces-soltes.jpg\"><img loading=\"lazy\" decoding=\"async\" class=\"aligncenter wp-image-2644\" src=\"http:\/\/blocs.xtec.cat\/llarlabaldufa\/files\/2020\/03\/peces-soltes-225x300.jpg\" alt=\"\" width=\"305\" height=\"402\" \/><\/a><\/span><\/strong><\/p>\n<p class=\"western\" align=\"justify\"><strong>Us animeu a provar alguna d\u2019aquestes propostes de joc amb els vostres fill\/lles? Animeu-vos i comenteu-nos que us han semblat!<\/strong><\/p>\n<p class=\"western\" style=\"text-align: right;\"><strong>Equip Llar d\u2019Infants P\u00fablica Municipal La Baldufa\u00a0de Barber\u00e0 del Vall\u00e8s<\/strong><\/p>\n","protected":false},"excerpt":{"rendered":"<p>Aquest material va destinat als infants m\u00e9s petits, els proporciona la base de tots els aprenentatges que vindran m\u00e9s endavant. La panera dels tresors: S\u2019inicia des del moment que l\u2019infant \u00e9s capa\u00e7 de mantenir-se assegut. Es tracta d\u2019un joc d\u2019exploraci\u00f3 a partir dels sentits, els permet interioritzar les qualitats de cada material: pes, textura, temperatura, [&hellip;]<\/p>\n","protected":false},"author":1,"featured_media":0,"parent":0,"menu_order":0,"comment_status":"closed","ping_status":"closed","template":"","meta":{"_bbp_topic_count":0,"_bbp_reply_count":0,"_bbp_total_topic_count":0,"_bbp_total_reply_count":0,"_bbp_voice_count":0,"_bbp_anonymous_reply_count":0,"_bbp_topic_count_hidden":0,"_bbp_reply_count_hidden":0,"_bbp_forum_subforum_count":0,"site-sidebar-layout":"default","site-content-layout":"","ast-site-content-layout":"","site-content-style":"default","site-sidebar-style":"default","ast-global-header-display":"","ast-banner-title-visibility":"","ast-main-header-display":"","ast-hfb-above-header-display":"","ast-hfb-below-header-display":"","ast-hfb-mobile-header-display":"","site-post-title":"","ast-breadcrumbs-content":"","ast-featured-img":"","footer-sml-layout":"","theme-transparent-header-meta":"","adv-header-id-meta":"","stick-header-meta":"","header-above-stick-meta":"","header-main-stick-meta":"","header-below-stick-meta":"","astra-migrate-meta-layouts":"default","ast-page-background-enabled":"default","ast-page-background-meta":{"desktop":{"background-color":"var(--ast-global-color-4)","background-image":"","background-repeat":"repeat","background-position":"center center","background-size":"auto","background-attachment":"scroll","background-type":"","background-media":"","overlay-type":"","overlay-color":"","overlay-opacity":"","overlay-gradient":""},"tablet":{"background-color":"","background-image":"","background-repeat":"repeat","background-position":"center center","background-size":"auto","background-attachment":"scroll","background-type":"","background-media":"","overlay-type":"","overlay-color":"","overlay-opacity":"","overlay-gradient":""},"mobile":{"background-color":"","background-image":"","background-repeat":"repeat","background-position":"center center","background-size":"auto","background-attachment":"scroll","background-type":"","background-media":"","overlay-type":"","overlay-color":"","overlay-opacity":"","overlay-gradient":""}},"ast-content-background-meta":{"desktop":{"background-color":"var(--ast-global-color-5)","background-image":"","background-repeat":"repeat","background-position":"center center","background-size":"auto","background-attachment":"scroll","background-type":"","background-media":"","overlay-type":"","overlay-color":"","overlay-opacity":"","overlay-gradient":""},"tablet":{"background-color":"var(--ast-global-color-5)","background-image":"","background-repeat":"repeat","background-position":"center center","background-size":"auto","background-attachment":"scroll","background-type":"","background-media":"","overlay-type":"","overlay-color":"","overlay-opacity":"","overlay-gradient":""},"mobile":{"background-color":"var(--ast-global-color-5)","background-image":"","background-repeat":"repeat","background-position":"center center","background-size":"auto","background-attachment":"scroll","background-type":"","background-media":"","overlay-type":"","overlay-color":"","overlay-opacity":"","overlay-gradient":""}},"footnotes":""},"class_list":["post-1041","page","type-page","status-publish","hentry"],"post_mailing_queue_ids":[],"_links":{"self":[{"href":"https:\/\/agora.xtec.cat\/eeilabaldufa\/wp-json\/wp\/v2\/pages\/1041","targetHints":{"allow":["GET"]}}],"collection":[{"href":"https:\/\/agora.xtec.cat\/eeilabaldufa\/wp-json\/wp\/v2\/pages"}],"about":[{"href":"https:\/\/agora.xtec.cat\/eeilabaldufa\/wp-json\/wp\/v2\/types\/page"}],"author":[{"embeddable":true,"href":"https:\/\/agora.xtec.cat\/eeilabaldufa\/wp-json\/wp\/v2\/users\/1"}],"replies":[{"embeddable":true,"href":"https:\/\/agora.xtec.cat\/eeilabaldufa\/wp-json\/wp\/v2\/comments?post=1041"}],"version-history":[{"count":2,"href":"https:\/\/agora.xtec.cat\/eeilabaldufa\/wp-json\/wp\/v2\/pages\/1041\/revisions"}],"predecessor-version":[{"id":1045,"href":"https:\/\/agora.xtec.cat\/eeilabaldufa\/wp-json\/wp\/v2\/pages\/1041\/revisions\/1045"}],"wp:attachment":[{"href":"https:\/\/agora.xtec.cat\/eeilabaldufa\/wp-json\/wp\/v2\/media?parent=1041"}],"curies":[{"name":"wp","href":"https:\/\/api.w.org\/{rel}","templated":true}]}}