{"id":621,"date":"2020-05-07T18:01:28","date_gmt":"2020-05-07T16:01:28","guid":{"rendered":"https:\/\/agora.xtec.cat\/eeielrodo\/?page_id=621"},"modified":"2022-04-25T11:43:29","modified_gmt":"2022-04-25T09:43:29","slug":"experimentacio","status":"publish","type":"page","link":"https:\/\/agora.xtec.cat\/eeielrodo\/la-vida-a-lescola\/experimentacio\/","title":{"rendered":"Experimentaci\u00f3"},"content":{"rendered":"<p><strong>EL JOC I LES EMOCIONS COM A FIL CONDUCTOR<\/strong><\/p>\n<p><em>\u201cEs viu i s\u2019apr\u00e8n, si el joc \u00e9s lliure\u201d. F. Tonucci.<\/em><\/p>\n<p>Pensem en el joc com a propietat interna del pensament de l\u2019infant, \u00e9s per aix\u00f2 que a El Rod\u00f3 juguen lliurement amb un espai saludable f\u00edsica i mentalment. Segur, pensat i organitzat perqu\u00e8 cada criatura trobi respostes a les seves necessitats internes. \u00a0A trav\u00e9s del joc lliure, l\u2019infant explora, observa, prova, s\u2019equivoca, dubta, es comunica, &#8230; en definitiva apr\u00e8n de manera significativa i al seu ritme.<\/p>\n<p>Respectant la seva necessitat de joc i de moviment, aconseguim que s\u2019impliquin amb tot el que fan alhora que aprenen a cr\u00e9ixer per ells mateixos.<\/p>\n<p>\u00c9s a partir del joc i les activitats de vida quotidiana, que va sorgint la relaci\u00f3 i el llenguatge de cada infant, perqu\u00e8 experimentaci\u00f3, viv\u00e8ncia, relaci\u00f3 i llenguatge formen un bloc \u00fanic i indivisible.<\/p>\n<p>Quan el joc \u00e9s col\u00b7lectiu hi ha encara m\u00e9s connexions neuronals per\u00f2 aquest tipus de joc ha de ser quan els infants es posen d\u2019acord per fer-ho, de manera espont\u00e0nia, no perqu\u00e8 nosaltres ho decidim.<\/p>\n<p>Descobrir que poden fer una acci\u00f3 i tornar-ho a provar, obtenint el mateix resultat \u00e9s molt gratificant. \u00c9s la manera d\u2019aprendre a aprendre!<\/p>\n<p><strong>ELS MATERIALS\u00a0 DE JOC<\/strong><\/p>\n<p>Oferim als infants, un espai amb materials concrets perqu\u00e8 realitzin la seva activitat natural d\u2019exploraci\u00f3 i manipulaci\u00f3 d\u2019objectes. D\u2019aquesta manera, descobreixen per si mateixos el resultat de les seves pr\u00f2pies accions. Descobreixen les propietats dels objectes i s\u2019obre davant d\u2019ells i elles, una infinitat de possibilitats.<\/p>\n<p><a href=\"https:\/\/agora.xtec.cat\/eeielrodo\/wp-content\/uploads\/usu2175\/2022\/04\/IMG-20220307-WA0034-2.jpg\"><img loading=\"lazy\" decoding=\"async\" class=\"size-medium wp-image-1333 alignleft\" src=\"https:\/\/agora.xtec.cat\/eeielrodo\/wp-content\/uploads\/usu2175\/2022\/04\/IMG-20220307-WA0034-2-300x225.jpg\" alt=\"\" width=\"300\" height=\"225\" srcset=\"https:\/\/agora.xtec.cat\/eeielrodo\/wp-content\/uploads\/usu2175\/2022\/04\/IMG-20220307-WA0034-2-300x225.jpg 300w, https:\/\/agora.xtec.cat\/eeielrodo\/wp-content\/uploads\/usu2175\/2022\/04\/IMG-20220307-WA0034-2-200x150.jpg 200w, https:\/\/agora.xtec.cat\/eeielrodo\/wp-content\/uploads\/usu2175\/2022\/04\/IMG-20220307-WA0034-2.jpg 448w\" sizes=\"auto, (max-width: 300px) 100vw, 300px\" \/><\/a> <a href=\"https:\/\/agora.xtec.cat\/eeielrodo\/wp-content\/uploads\/usu2175\/2022\/04\/IMG-20220307-WA0033-1.jpg\"><img loading=\"lazy\" decoding=\"async\" class=\"size-medium wp-image-1332 alignright\" src=\"https:\/\/agora.xtec.cat\/eeielrodo\/wp-content\/uploads\/usu2175\/2022\/04\/IMG-20220307-WA0033-1-300x225.jpg\" alt=\"\" width=\"300\" height=\"225\" srcset=\"https:\/\/agora.xtec.cat\/eeielrodo\/wp-content\/uploads\/usu2175\/2022\/04\/IMG-20220307-WA0033-1-300x225.jpg 300w, https:\/\/agora.xtec.cat\/eeielrodo\/wp-content\/uploads\/usu2175\/2022\/04\/IMG-20220307-WA0033-1-200x150.jpg 200w, https:\/\/agora.xtec.cat\/eeielrodo\/wp-content\/uploads\/usu2175\/2022\/04\/IMG-20220307-WA0033-1.jpg 448w\" sizes=\"auto, (max-width: 300px) 100vw, 300px\" \/><\/a><\/p>\n<p>Mitjan\u00e7ant l\u2019experimentaci\u00f3, descobreixen i s\u2019entretenen amb les accions que m\u00e9s els agraden. Aix\u00f2 els porta a realitzar moltes comprovacions, a investigar el funcionament dels materials, la causa o efecte que produeixen amb la seva acci\u00f3. Tot aprenentatge comen\u00e7a pel desig i el segueixen l\u2019assaig, l\u2019error, la repetici\u00f3 i el temps.<\/p>\n<p><strong> \r\n\t<div class=\"slideshow_container slideshow_container_style-light\" style=\"height: 300px; \" data-slideshow-id=\"713\" data-style-name=\"style-light\" data-style-version=\"2.3.1\" >\r\n\r\n\t\t\t\t\t<div class=\"slideshow_loading_icon\"><\/div>\r\n\t\t\r\n\t\t<div class=\"slideshow_content\" style=\"display: none;\">\r\n\r\n\t\t\t<div class=\"slideshow_view\">\r\n\t\t\t\t<div class=\"slideshow_slide slideshow_slide_image\">\r\n\t\t\t\t\t\t\t\t\t\t\t<img src=\"https:\/\/agora.xtec.cat\/eeielrodo\/wp-content\/uploads\/usu2175\/2022\/04\/IMG-20220330-WA0029.jpg\" alt=\"IMG-20220330-WA0029\" width=\"2048\" height=\"1536\" \/>\r\n\t\t\t\t\t\t\t\t\t\t<div class=\"slideshow_description_box slideshow_transparent\">\r\n\t\t\t\t\t\t<div class=\"slideshow_title\">IMG-20220330-WA0029<\/div>\t\t\t\t\t\t\t\t\t\t\t<\/div>\r\n\t\t\t\t<\/div>\r\n\r\n\t\t\t\t\t\t<div style=\"clear: both;\"><\/div><\/div><div class=\"slideshow_view\">\r\n\t\t\t\t<div class=\"slideshow_slide slideshow_slide_image\">\r\n\t\t\t\t\t\t\t\t\t\t\t<img src=\"https:\/\/agora.xtec.cat\/eeielrodo\/wp-content\/uploads\/usu2175\/2022\/04\/IMG-20220304-WA0112.jpg\" alt=\"IMG-20220304-WA0112\" width=\"2048\" height=\"1536\" \/>\r\n\t\t\t\t\t\t\t\t\t\t<div class=\"slideshow_description_box slideshow_transparent\">\r\n\t\t\t\t\t\t<div class=\"slideshow_title\">IMG-20220304-WA0112<\/div>\t\t\t\t\t\t\t\t\t\t\t<\/div>\r\n\t\t\t\t<\/div>\r\n\r\n\t\t\t\t\t\t<div style=\"clear: both;\"><\/div><\/div><div class=\"slideshow_view\">\r\n\t\t\t\t<div class=\"slideshow_slide slideshow_slide_image\">\r\n\t\t\t\t\t\t\t\t\t\t\t<img src=\"https:\/\/agora.xtec.cat\/eeielrodo\/wp-content\/uploads\/usu2175\/2020\/05\/IMG_4033.jpg\" alt=\"IMG_4033\" width=\"2816\" height=\"2112\" \/>\r\n\t\t\t\t\t\t\t\t\t\t<div class=\"slideshow_description_box slideshow_transparent\">\r\n\t\t\t\t\t\t<div class=\"slideshow_title\">IMG_4033<\/div>\t\t\t\t\t\t\t\t\t\t\t<\/div>\r\n\t\t\t\t<\/div>\r\n\r\n\t\t\t\t\t\t<div style=\"clear: both;\"><\/div><\/div><div class=\"slideshow_view\">\r\n\t\t\t\t<div class=\"slideshow_slide slideshow_slide_image\">\r\n\t\t\t\t\t\t\t\t\t\t\t<img src=\"https:\/\/agora.xtec.cat\/eeielrodo\/wp-content\/uploads\/usu2175\/2020\/05\/IMG_0369.jpg\" alt=\"IMG_0369\" width=\"2816\" height=\"2112\" \/>\r\n\t\t\t\t\t\t\t\t\t\t<div class=\"slideshow_description_box slideshow_transparent\">\r\n\t\t\t\t\t\t<div class=\"slideshow_title\">IMG_0369<\/div>\t\t\t\t\t\t\t\t\t\t\t<\/div>\r\n\t\t\t\t<\/div>\r\n\r\n\t\t\t\t\t\t<div style=\"clear: both;\"><\/div><\/div><div class=\"slideshow_view\">\r\n\t\t\t\t<div class=\"slideshow_slide slideshow_slide_image\">\r\n\t\t\t\t\t\t\t\t\t\t\t<img src=\"https:\/\/agora.xtec.cat\/eeielrodo\/wp-content\/uploads\/usu2175\/2020\/05\/527bf63d-9912-4eb8-88ab-2e343f3cd41f.jpg\" alt=\"527bf63d-9912-4eb8-88ab-2e343f3cd41f\" width=\"1200\" height=\"1600\" \/>\r\n\t\t\t\t\t\t\t\t\t\t<div class=\"slideshow_description_box slideshow_transparent\">\r\n\t\t\t\t\t\t<div class=\"slideshow_title\">527bf63d-9912-4eb8-88ab-2e343f3cd41f<\/div>\t\t\t\t\t\t\t\t\t\t\t<\/div>\r\n\t\t\t\t<\/div>\r\n\r\n\t\t\t\t\t\t<div style=\"clear: both;\"><\/div><\/div><div class=\"slideshow_view\">\r\n\t\t\t\t<div class=\"slideshow_slide slideshow_slide_image\">\r\n\t\t\t\t\t\t\t\t\t\t\t<img src=\"https:\/\/agora.xtec.cat\/eeielrodo\/wp-content\/uploads\/usu2175\/2020\/05\/4b750bd1-040a-4836-8446-8bf126d85211.jpg\" alt=\"4b750bd1-040a-4836-8446-8bf126d85211\" width=\"1200\" height=\"1600\" \/>\r\n\t\t\t\t\t\t\t\t\t\t<div class=\"slideshow_description_box slideshow_transparent\">\r\n\t\t\t\t\t\t<div class=\"slideshow_title\">4b750bd1-040a-4836-8446-8bf126d85211<\/div>\t\t\t\t\t\t\t\t\t\t\t<\/div>\r\n\t\t\t\t<\/div>\r\n\r\n\t\t\t\t\t\t<div style=\"clear: both;\"><\/div><\/div><div class=\"slideshow_view\">\r\n\t\t\t\t<div class=\"slideshow_slide slideshow_slide_image\">\r\n\t\t\t\t\t\t\t\t\t\t\t<img src=\"https:\/\/agora.xtec.cat\/eeielrodo\/wp-content\/uploads\/usu2175\/2020\/05\/2c4b045d-5d0c-4132-ad66-dcfa972d041f.jpg\" alt=\"2c4b045d-5d0c-4132-ad66-dcfa972d041f\" width=\"1200\" height=\"1600\" \/>\r\n\t\t\t\t\t\t\t\t\t\t<div class=\"slideshow_description_box slideshow_transparent\">\r\n\t\t\t\t\t\t<div class=\"slideshow_title\">2c4b045d-5d0c-4132-ad66-dcfa972d041f<\/div>\t\t\t\t\t\t\t\t\t\t\t<\/div>\r\n\t\t\t\t<\/div>\r\n\r\n\t\t\t\t\t\t<div style=\"clear: both;\"><\/div><\/div>\r\n\t\t<\/div>\r\n\r\n\t\t<div class=\"slideshow_controlPanel slideshow_transparent\" style=\"display: none;\"><ul><li class=\"slideshow_togglePlay\" data-play-text=\"Visualitza\" data-pause-text=\"Pausa\"><\/li><\/ul><\/div>\r\n\r\n\t\t<div class=\"slideshow_button slideshow_previous slideshow_transparent\" role=\"button\" data-previous-text=\"Anterior\" style=\"display: none;\"><\/div>\r\n\t\t<div class=\"slideshow_button slideshow_next slideshow_transparent\" role=\"button\" data-next-text=\"Seg\u00fcent\" style=\"display: none;\"><\/div>\r\n\r\n\t\t<div class=\"slideshow_pagination\" style=\"display: none;\" data-go-to-text=\"V\u00e9s a la diapositiva\"><div class=\"slideshow_pagination_center\"><\/div><\/div>\r\n\r\n\t\t<!-- WordPress Slideshow Version 2.3.1 -->\r\n\r\n\t\t\t<\/div>\r\n\r\n<\/strong><\/p>\n<p><strong>\u00a0<\/strong><\/p>\n<p><strong>APRENDRE O ENSENYAR?<\/strong><\/p>\n<p>Oferim un ambient que facilita que aprenguin, on els infants s\u00f3n realment els protagonistes dels seus aprenentatges. El paper de l\u2019adult \u00e9s de guia d\u2019aquestes accions i facilitador de les propostes de joc, adoptant un paper m\u00e9s passiu, per\u00f2 sempre present.<\/p>\n<p><strong>MOVIMENT LLIURE<\/strong><\/p>\n<p><em>\u201cEscoltar els infants petits i entendre\u2019ls quan encara no parlen amb paraules. Saber-hi respondre en la mesura adequada, donant prioritat a l\u2019acolliment de les iniciatives de l\u2019infant abans que la satisfacci\u00f3 del plaer de l\u2019adult en la relaci\u00f3 m\u00fatua\u2026Creure en les seves capacitats de cr\u00e9ixer i adquirir aut\u00f2nomament les postures i els moviments essencials per a la vida. (Lokzy).\u00a0<\/em><\/p>\n<p>A cada estan\u00e7a hi ha un material que facilita el moviment en el moment que l\u2019infant ho necessita entenen que \u00e9s expressi\u00f3 de vida i facilitador d\u2019aprenentatge. Cada criatura, intenta superar els seus propis reptes a partir de les possibilitats del seu cos i del seu inter\u00e8s, per iniciativa pr\u00f2pia. Els adults\u00a0 observem i acompanyem el moviment de cada infant des del respecte i la pres\u00e8ncia.<\/p>\n<p>Al llarg del desenvolupament dels seus moviments, un infant no nom\u00e9s apr\u00e8n a girar-se de panxa o fer tombs, anar de quatre grapes, aixecar-se o caminar sin\u00f3 que tamb\u00e9 apr\u00e8n a aprendre. Apr\u00e8n a estar motivat amb algun objecte, o a adquirir inter\u00e8s per alguna cosa, a provar, a experimentar. Apr\u00e8n a con\u00e8ixer l\u2019alegria i la felicitat, les quals signifiquen l\u2019\u00e8xit que ha assolit, \u00e9s a dir, s\u00f3n el resultat de la seva pr\u00f2pia i pacient const\u00e0ncia.<\/p>\n<p>&nbsp;<\/p>\n<p><strong>AMBIENTS PREPARATS I ADEQUATS<\/strong><\/p>\n<p><em>\u201cHem de donar a les nenes i als nens l\u2019oportunitat de sentir abans de comprendre, d\u2019experimentar abans de con\u00e8ixer, ja que no hi ha res en la intel\u00b7lig\u00e8ncia que no hagi passat abans pels sentits\u201d. (Piaget, 1983).<\/em><\/p>\n<p>El desenvolupament parteix d\u2019una necessitat interna, per\u00f2 aquesta ha de comptar amb els materials i els ambients que permetin satisfer-la. Per aix\u00f2 oferim espais de joc en petit grup on hi ha objectes, eines i materials que conviden a descobrir i a comunicar el que aprenen.<\/p>\n<p><a href=\"https:\/\/agora.xtec.cat\/eeielrodo\/wp-content\/uploads\/usu2175\/2022\/04\/IMG-20220421-WA0107-1.jpg\"><img loading=\"lazy\" decoding=\"async\" class=\"aligncenter size-medium wp-image-1326\" src=\"https:\/\/agora.xtec.cat\/eeielrodo\/wp-content\/uploads\/usu2175\/2022\/04\/IMG-20220421-WA0107-1-300x225.jpg\" alt=\"\" width=\"300\" height=\"225\" srcset=\"https:\/\/agora.xtec.cat\/eeielrodo\/wp-content\/uploads\/usu2175\/2022\/04\/IMG-20220421-WA0107-1-300x225.jpg 300w, https:\/\/agora.xtec.cat\/eeielrodo\/wp-content\/uploads\/usu2175\/2022\/04\/IMG-20220421-WA0107-1-768x576.jpg 768w, https:\/\/agora.xtec.cat\/eeielrodo\/wp-content\/uploads\/usu2175\/2022\/04\/IMG-20220421-WA0107-1-200x150.jpg 200w, https:\/\/agora.xtec.cat\/eeielrodo\/wp-content\/uploads\/usu2175\/2022\/04\/IMG-20220421-WA0107-1.jpg 1024w\" sizes=\"auto, (max-width: 300px) 100vw, 300px\" \/><\/a><\/p>\n<p>El fet d\u2019estar en grup redu\u00eft permet gaudir d\u2019un ambient m\u00e9s tranquil. Des de la calma i sense pressa \u00e9s m\u00e9s f\u00e0cil ser conscient de les descobertes pr\u00f2pies i del que van descobrint els companys i les companyes.<\/p>\n\r\n\t<div class=\"slideshow_container slideshow_container_style-light\" style=\"height: 300px; \" data-slideshow-id=\"737\" data-style-name=\"style-light\" data-style-version=\"2.3.1\" >\r\n\r\n\t\t\t\t\t<div class=\"slideshow_loading_icon\"><\/div>\r\n\t\t\r\n\t\t<div class=\"slideshow_content\" style=\"display: none;\">\r\n\r\n\t\t\t<div class=\"slideshow_view\">\r\n\t\t\t\t<div class=\"slideshow_slide slideshow_slide_image\">\r\n\t\t\t\t\t\t\t\t\t\t\t<img src=\"https:\/\/agora.xtec.cat\/eeielrodo\/wp-content\/uploads\/usu2175\/2020\/05\/WhatsApp-Image-2020-05-11-at-16.04.33.jpeg\" alt=\"WhatsApp Image 2020-05-11 at 16.04.33\" width=\"1600\" height=\"1200\" \/>\r\n\t\t\t\t\t\t\t\t\t\t<div class=\"slideshow_description_box slideshow_transparent\">\r\n\t\t\t\t\t\t<div class=\"slideshow_title\">WhatsApp Image 2020-05-11 at 16.04.33<\/div>\t\t\t\t\t\t\t\t\t\t\t<\/div>\r\n\t\t\t\t<\/div>\r\n\r\n\t\t\t\t\t\t<div style=\"clear: both;\"><\/div><\/div><div class=\"slideshow_view\">\r\n\t\t\t\t<div class=\"slideshow_slide slideshow_slide_image\">\r\n\t\t\t\t\t\t\t\t\t\t\t<img src=\"https:\/\/agora.xtec.cat\/eeielrodo\/wp-content\/uploads\/usu2175\/2020\/05\/WhatsApp-Image-2020-05-11-at-16.04.33-2.jpeg\" alt=\"WhatsApp Image 2020-05-11 at 16.04.33 (2)\" width=\"1600\" height=\"1200\" \/>\r\n\t\t\t\t\t\t\t\t\t\t<div class=\"slideshow_description_box slideshow_transparent\">\r\n\t\t\t\t\t\t<div class=\"slideshow_title\">WhatsApp Image 2020-05-11 at 16.04.33 (2)<\/div>\t\t\t\t\t\t\t\t\t\t\t<\/div>\r\n\t\t\t\t<\/div>\r\n\r\n\t\t\t\t\t\t<div style=\"clear: both;\"><\/div><\/div><div class=\"slideshow_view\">\r\n\t\t\t\t<div class=\"slideshow_slide slideshow_slide_image\">\r\n\t\t\t\t\t\t\t\t\t\t\t<img src=\"https:\/\/agora.xtec.cat\/eeielrodo\/wp-content\/uploads\/usu2175\/2020\/05\/WhatsApp-Image-2020-05-11-at-16.04.33-1.jpeg\" alt=\"WhatsApp Image 2020-05-11 at 16.04.33 (1)\" width=\"1600\" height=\"1200\" \/>\r\n\t\t\t\t\t\t\t\t\t\t<div class=\"slideshow_description_box slideshow_transparent\">\r\n\t\t\t\t\t\t<div class=\"slideshow_title\">WhatsApp Image 2020-05-11 at 16.04.33 (1)<\/div>\t\t\t\t\t\t\t\t\t\t\t<\/div>\r\n\t\t\t\t<\/div>\r\n\r\n\t\t\t\t\t\t<div style=\"clear: both;\"><\/div><\/div><div class=\"slideshow_view\">\r\n\t\t\t\t<div class=\"slideshow_slide slideshow_slide_image\">\r\n\t\t\t\t\t\t\t\t\t\t\t<img src=\"https:\/\/agora.xtec.cat\/eeielrodo\/wp-content\/uploads\/usu2175\/2020\/05\/WhatsApp-Image-2020-05-11-at-15.58.36-6.jpeg\" alt=\"WhatsApp Image 2020-05-11 at 15.58.36 (6)\" width=\"1600\" height=\"1200\" \/>\r\n\t\t\t\t\t\t\t\t\t\t<div class=\"slideshow_description_box slideshow_transparent\">\r\n\t\t\t\t\t\t<div class=\"slideshow_title\">WhatsApp Image 2020-05-11 at 15.58.36 (6)<\/div>\t\t\t\t\t\t\t\t\t\t\t<\/div>\r\n\t\t\t\t<\/div>\r\n\r\n\t\t\t\t\t\t<div style=\"clear: both;\"><\/div><\/div><div class=\"slideshow_view\">\r\n\t\t\t\t<div class=\"slideshow_slide slideshow_slide_image\">\r\n\t\t\t\t\t\t\t\t\t\t\t<img src=\"https:\/\/agora.xtec.cat\/eeielrodo\/wp-content\/uploads\/usu2175\/2020\/05\/WhatsApp-Image-2020-05-11-at-15.58.36.jpeg\" alt=\"WhatsApp Image 2020-05-11 at 15.58.36\" width=\"488\" height=\"601\" \/>\r\n\t\t\t\t\t\t\t\t\t\t<div class=\"slideshow_description_box slideshow_transparent\">\r\n\t\t\t\t\t\t<div class=\"slideshow_title\">WhatsApp Image 2020-05-11 at 15.58.36<\/div>\t\t\t\t\t\t\t\t\t\t\t<\/div>\r\n\t\t\t\t<\/div>\r\n\r\n\t\t\t\t\t\t<div style=\"clear: both;\"><\/div><\/div><div class=\"slideshow_view\">\r\n\t\t\t\t<div class=\"slideshow_slide slideshow_slide_image\">\r\n\t\t\t\t\t\t\t\t\t\t\t<img src=\"https:\/\/agora.xtec.cat\/eeielrodo\/wp-content\/uploads\/usu2175\/2020\/05\/WhatsApp-Image-2020-05-11-at-15.58.36-2.jpeg\" alt=\"WhatsApp Image 2020-05-11 at 15.58.36 (2)\" width=\"1600\" height=\"1200\" \/>\r\n\t\t\t\t\t\t\t\t\t\t<div class=\"slideshow_description_box slideshow_transparent\">\r\n\t\t\t\t\t\t<div class=\"slideshow_title\">WhatsApp Image 2020-05-11 at 15.58.36 (2)<\/div>\t\t\t\t\t\t\t\t\t\t\t<\/div>\r\n\t\t\t\t<\/div>\r\n\r\n\t\t\t\t\t\t<div style=\"clear: both;\"><\/div><\/div><div class=\"slideshow_view\">\r\n\t\t\t\t<div class=\"slideshow_slide slideshow_slide_image\">\r\n\t\t\t\t\t\t\t\t\t\t\t<img src=\"https:\/\/agora.xtec.cat\/eeielrodo\/wp-content\/uploads\/usu2175\/2020\/05\/WhatsApp-Image-2020-05-11-at-15.58.36-1.jpeg\" alt=\"WhatsApp Image 2020-05-11 at 15.58.36 (1)\" width=\"1600\" height=\"1200\" \/>\r\n\t\t\t\t\t\t\t\t\t\t<div class=\"slideshow_description_box slideshow_transparent\">\r\n\t\t\t\t\t\t<div class=\"slideshow_title\">WhatsApp Image 2020-05-11 at 15.58.36 (1)<\/div>\t\t\t\t\t\t\t\t\t\t\t<\/div>\r\n\t\t\t\t<\/div>\r\n\r\n\t\t\t\t\t\t<div style=\"clear: both;\"><\/div><\/div>\r\n\t\t<\/div>\r\n\r\n\t\t<div class=\"slideshow_controlPanel slideshow_transparent\" style=\"display: none;\"><ul><li class=\"slideshow_togglePlay\" data-play-text=\"Visualitza\" data-pause-text=\"Pausa\"><\/li><\/ul><\/div>\r\n\r\n\t\t<div class=\"slideshow_button slideshow_previous slideshow_transparent\" role=\"button\" data-previous-text=\"Anterior\" style=\"display: none;\"><\/div>\r\n\t\t<div class=\"slideshow_button slideshow_next slideshow_transparent\" role=\"button\" data-next-text=\"Seg\u00fcent\" style=\"display: none;\"><\/div>\r\n\r\n\t\t<div class=\"slideshow_pagination\" style=\"display: none;\" data-go-to-text=\"V\u00e9s a la diapositiva\"><div class=\"slideshow_pagination_center\"><\/div><\/div>\r\n\r\n\t\t<!-- WordPress Slideshow Version 2.3.1 -->\r\n\r\n\t\t\t<\/div>\r\n\r\n\n<p>&nbsp;<\/p>\n","protected":false},"excerpt":{"rendered":"<p>EL JOC I LES EMOCIONS COM A FIL CONDUCTOR<br \/>\n\u201cEs viu i s\u2019apr\u00e8n, si el joc \u00e9s lliure\u201d. F. Tonucci.<br \/>\nPensem en el joc com a propietat interna del pensament de l\u2019infant, \u00e9s per aix\u00f2 que a El Rod\u00f3 juguen lliurement amb un espai saludable f\u00edsica i&hellip;  <a href=\"https:\/\/agora.xtec.cat\/eeielrodo\/la-vida-a-lescola\/experimentacio\/\" title=\"Read Experimentaci\u00f3\">Llegeix m\u00e9s\u00bb<\/a><\/p>\n","protected":false},"author":1,"featured_media":0,"parent":605,"menu_order":0,"comment_status":"closed","ping_status":"closed","template":"page-templates\/side-menu.php","meta":{"_bbp_topic_count":0,"_bbp_reply_count":0,"_bbp_total_topic_count":0,"_bbp_total_reply_count":0,"_bbp_voice_count":0,"_bbp_anonymous_reply_count":0,"_bbp_topic_count_hidden":0,"_bbp_reply_count_hidden":0,"_bbp_forum_subforum_count":0,"footnotes":""},"class_list":["post-621","page","type-page","status-publish","hentry"],"post_mailing_queue_ids":[],"_links":{"self":[{"href":"https:\/\/agora.xtec.cat\/eeielrodo\/wp-json\/wp\/v2\/pages\/621","targetHints":{"allow":["GET"]}}],"collection":[{"href":"https:\/\/agora.xtec.cat\/eeielrodo\/wp-json\/wp\/v2\/pages"}],"about":[{"href":"https:\/\/agora.xtec.cat\/eeielrodo\/wp-json\/wp\/v2\/types\/page"}],"author":[{"embeddable":true,"href":"https:\/\/agora.xtec.cat\/eeielrodo\/wp-json\/wp\/v2\/users\/1"}],"replies":[{"embeddable":true,"href":"https:\/\/agora.xtec.cat\/eeielrodo\/wp-json\/wp\/v2\/comments?post=621"}],"version-history":[{"count":3,"href":"https:\/\/agora.xtec.cat\/eeielrodo\/wp-json\/wp\/v2\/pages\/621\/revisions"}],"predecessor-version":[{"id":1335,"href":"https:\/\/agora.xtec.cat\/eeielrodo\/wp-json\/wp\/v2\/pages\/621\/revisions\/1335"}],"up":[{"embeddable":true,"href":"https:\/\/agora.xtec.cat\/eeielrodo\/wp-json\/wp\/v2\/pages\/605"}],"wp:attachment":[{"href":"https:\/\/agora.xtec.cat\/eeielrodo\/wp-json\/wp\/v2\/media?parent=621"}],"curies":[{"name":"wp","href":"https:\/\/api.w.org\/{rel}","templated":true}]}}