{"id":2421,"date":"2026-02-11T12:39:19","date_gmt":"2026-02-11T11:39:19","guid":{"rendered":"https:\/\/agora.xtec.cat\/eeielrodo\/?page_id=2421"},"modified":"2026-02-24T12:05:47","modified_gmt":"2026-02-24T11:05:47","slug":"projectes-i-xarxes","status":"publish","type":"page","link":"https:\/\/agora.xtec.cat\/eeielrodo\/projectes-i-xarxes\/","title":{"rendered":"Projectes i Xarxes"},"content":{"rendered":"<p class=\"isSelectedEnd\">Aquest espai recull els diferents projectes i xarxes de col\u00b7laboraci\u00f3 que impulsem amb l\u2019objectiu d\u2019enriquir l\u2019experi\u00e8ncia educativa i fomentar el treball compartit amb l\u2019entorn. A trav\u00e9s d\u2019iniciatives com el turisme pedag\u00f2gic, la participaci\u00f3 en la xarxa 0-6, el servei comunitari i la formaci\u00f3 dual, promovem aprenentatges significatius, vinculats a la realitat i basats en la cooperaci\u00f3.<\/p>\n<p>Aquests projectes ens permeten obrir el centre al territori, establir vincles amb altres institucions i oferir a l\u2019alumnat oportunitats per cr\u00e9ixer acad\u00e8micament i personalment dins d\u2019un marc educatiu actiu i comprom\u00e8s.<\/p>\n<p style=\"text-align: right;\"><em>Revisat Febrer 2026<\/em><\/p>\n","protected":false},"excerpt":{"rendered":"<p>Aquest espai recull els diferents projectes i xarxes de col\u00b7laboraci\u00f3 que impulsem amb l\u2019objectiu d\u2019enriquir l\u2019experi\u00e8ncia educativa i fomentar el treball compartit amb l\u2019entorn. A trav\u00e9s d\u2019iniciatives com el turisme pedag\u00f2gic, la participaci\u00f3 en la xarxa 0-6, el servei comunitari i la formaci\u00f3 dual, promovem&hellip;  <a href=\"https:\/\/agora.xtec.cat\/eeielrodo\/projectes-i-xarxes\/\" title=\"Read Projectes i Xarxes\">Llegeix m\u00e9s\u00bb<\/a><\/p>\n","protected":false},"author":1,"featured_media":0,"parent":0,"menu_order":0,"comment_status":"closed","ping_status":"closed","template":"page-templates\/side-menu.php","meta":{"_bbp_topic_count":0,"_bbp_reply_count":0,"_bbp_total_topic_count":0,"_bbp_total_reply_count":0,"_bbp_voice_count":0,"_bbp_anonymous_reply_count":0,"_bbp_topic_count_hidden":0,"_bbp_reply_count_hidden":0,"_bbp_forum_subforum_count":0,"footnotes":""},"class_list":["post-2421","page","type-page","status-publish","hentry"],"post_mailing_queue_ids":[],"_links":{"self":[{"href":"https:\/\/agora.xtec.cat\/eeielrodo\/wp-json\/wp\/v2\/pages\/2421","targetHints":{"allow":["GET"]}}],"collection":[{"href":"https:\/\/agora.xtec.cat\/eeielrodo\/wp-json\/wp\/v2\/pages"}],"about":[{"href":"https:\/\/agora.xtec.cat\/eeielrodo\/wp-json\/wp\/v2\/types\/page"}],"author":[{"embeddable":true,"href":"https:\/\/agora.xtec.cat\/eeielrodo\/wp-json\/wp\/v2\/users\/1"}],"replies":[{"embeddable":true,"href":"https:\/\/agora.xtec.cat\/eeielrodo\/wp-json\/wp\/v2\/comments?post=2421"}],"version-history":[{"count":6,"href":"https:\/\/agora.xtec.cat\/eeielrodo\/wp-json\/wp\/v2\/pages\/2421\/revisions"}],"predecessor-version":[{"id":2479,"href":"https:\/\/agora.xtec.cat\/eeielrodo\/wp-json\/wp\/v2\/pages\/2421\/revisions\/2479"}],"wp:attachment":[{"href":"https:\/\/agora.xtec.cat\/eeielrodo\/wp-json\/wp\/v2\/media?parent=2421"}],"curies":[{"name":"wp","href":"https:\/\/api.w.org\/{rel}","templated":true}]}}