{"id":22,"date":"2014-09-18T12:19:57","date_gmt":"2014-09-18T11:19:57","guid":{"rendered":"http:\/\/agora.xtec.cat\/eeielrodo\/?page_id=22"},"modified":"2026-03-05T10:04:41","modified_gmt":"2026-03-05T09:04:41","slug":"lescola","status":"publish","type":"page","link":"https:\/\/agora.xtec.cat\/eeielrodo\/lescola\/","title":{"rendered":"L&#8217;escola"},"content":{"rendered":"<p data-start=\"0\" data-end=\"284\">L\u2019Escola Bressol Municipal El Rod\u00f3 \u00e9s molt m\u00e9s que una escola: \u00e9s un espai de vida, de descobertes i de primers grans aprenentatges. Des de 1970 formem part del barri de Bonavista i de la hist\u00f2ria educativa de Molins de Rei, acompanyant generacions d\u2019infants en els seus primers anys.<\/p>\n<p data-start=\"286\" data-end=\"573\">El Rod\u00f3 \u00e9s, tamb\u00e9, una de les escoles bressol m\u00e9s antigues de Catalunya que continua avui dia en ple funcionament. Al llarg de m\u00e9s de cinc d\u00e8cades, l\u2019escola ha anat creixent i transformant-se, mantenint sempre viu el seu comprom\u00eds amb la petita inf\u00e0ncia i amb el territori que l\u2019envolta.<\/p>\n<p data-start=\"575\" data-end=\"812\" data-is-last-node=\"\" data-is-only-node=\"\">Al Rod\u00f3 cuidem els vincles, el respecte pels ritmes de cada infant i el valor del joc com a motor de creixement. Ens agrada que l\u2019escola sigui un lloc acollidor, proper i obert a les fam\u00edlies, on compartir el dia a dia i cr\u00e9ixer plegats.<\/p>\n<p style=\"text-align: right;\" data-start=\"328\" data-end=\"569\"><em>Revisat febrer 2026<\/em><\/p>\n","protected":false},"excerpt":{"rendered":"<p>L\u2019Escola Bressol Municipal El Rod\u00f3 \u00e9s molt m\u00e9s que una escola: \u00e9s un espai de vida, de descobertes i de primers grans aprenentatges. Des de 1970 formem part del barri de Bonavista i de la hist\u00f2ria educativa de Molins de Rei, acompanyant generacions d\u2019infants en&hellip;  <a href=\"https:\/\/agora.xtec.cat\/eeielrodo\/lescola\/\" title=\"Read L&#8217;escola\">Llegeix m\u00e9s\u00bb<\/a><\/p>\n","protected":false},"author":1,"featured_media":0,"parent":0,"menu_order":0,"comment_status":"closed","ping_status":"closed","template":"","meta":{"_bbp_topic_count":0,"_bbp_reply_count":0,"_bbp_total_topic_count":0,"_bbp_total_reply_count":0,"_bbp_voice_count":0,"_bbp_anonymous_reply_count":0,"_bbp_topic_count_hidden":0,"_bbp_reply_count_hidden":0,"_bbp_forum_subforum_count":0,"footnotes":""},"class_list":["post-22","page","type-page","status-publish","hentry"],"post_mailing_queue_ids":[],"_links":{"self":[{"href":"https:\/\/agora.xtec.cat\/eeielrodo\/wp-json\/wp\/v2\/pages\/22","targetHints":{"allow":["GET"]}}],"collection":[{"href":"https:\/\/agora.xtec.cat\/eeielrodo\/wp-json\/wp\/v2\/pages"}],"about":[{"href":"https:\/\/agora.xtec.cat\/eeielrodo\/wp-json\/wp\/v2\/types\/page"}],"author":[{"embeddable":true,"href":"https:\/\/agora.xtec.cat\/eeielrodo\/wp-json\/wp\/v2\/users\/1"}],"replies":[{"embeddable":true,"href":"https:\/\/agora.xtec.cat\/eeielrodo\/wp-json\/wp\/v2\/comments?post=22"}],"version-history":[{"count":3,"href":"https:\/\/agora.xtec.cat\/eeielrodo\/wp-json\/wp\/v2\/pages\/22\/revisions"}],"predecessor-version":[{"id":2491,"href":"https:\/\/agora.xtec.cat\/eeielrodo\/wp-json\/wp\/v2\/pages\/22\/revisions\/2491"}],"wp:attachment":[{"href":"https:\/\/agora.xtec.cat\/eeielrodo\/wp-json\/wp\/v2\/media?parent=22"}],"curies":[{"name":"wp","href":"https:\/\/api.w.org\/{rel}","templated":true}]}}