{"id":938,"date":"2020-05-15T09:07:04","date_gmt":"2020-05-15T07:07:04","guid":{"rendered":"https:\/\/agora.xtec.cat\/ecasolsones\/?page_id=938"},"modified":"2023-10-09T12:24:11","modified_gmt":"2023-10-09T10:24:11","slug":"internacionalitzacio","status":"publish","type":"page","link":"https:\/\/agora.xtec.cat\/ecasolsones\/escola\/internacionalitzacio\/","title":{"rendered":"Internacionalitzaci\u00f3"},"content":{"rendered":"<p><a href=\"https:\/\/agora.xtec.cat\/ecasolsones\/wp-content\/uploads\/usu1746\/2020\/09\/erasmus.png\"><img loading=\"lazy\" decoding=\"async\" class=\"size-large wp-image-1075 alignright\" src=\"https:\/\/agora.xtec.cat\/ecasolsones\/wp-content\/uploads\/usu1746\/2020\/09\/erasmus.png\" alt=\"\" width=\"353\" height=\"143\" srcset=\"https:\/\/agora.xtec.cat\/ecasolsones\/wp-content\/uploads\/usu1746\/2020\/09\/erasmus.png 353w, https:\/\/agora.xtec.cat\/ecasolsones\/wp-content\/uploads\/usu1746\/2020\/09\/erasmus-300x122.png 300w\" sizes=\"auto, (max-width: 353px) 100vw, 353px\" \/><\/a>La Direcci\u00f3 General d\u2019Educaci\u00f3 i Cultura de la Comissi\u00f3 Europea va concedir a finals de l\u2019any 2013 a l\u2019<a href=\"https:\/\/agora.xtec.cat\/ecasolsones\/wp-content\/uploads\/usu1746\/2020\/09\/fitxa-escola-agraria-solsones-CAT.pdf\" target=\"_blank\" rel=\"noopener noreferrer\">Escola Agr\u00e0ria del Solson\u00e8s<\/a> la <a href=\"https:\/\/agora.xtec.cat\/ecasolsones\/wp-content\/uploads\/usu1746\/2020\/09\/erasmus_charter_for_higher_education_2014_2020.pdf\" target=\"_blank\" rel=\"noopener noreferrer\">Carta Erasmus d\u2019Educaci\u00f3 Superior (ECHE)<\/a>. Gr\u00e0cies a aquest document, l&#8217;alumnat de l\u2019escola pot continuar fent estades a l&#8217;estranger per a realitzar la FCT en el marc del nou Programa Erasmus+.<\/p>\n<p>Tal com exigeix la Carta Erasmus, a continuaci\u00f3 us presentem la<strong> <a href=\"https:\/\/agora.xtec.cat\/ecasolsones\/wp-content\/uploads\/usu1746\/2020\/09\/erasmus_policy_statement.pdf\" target=\"_blank\" rel=\"noopener noreferrer\">pol\u00edtica Erasmus<\/a> <\/strong>de l\u2019Escola Agr\u00e0ria del Solson\u00e8s.<\/p>\n<p><strong>Declaraci\u00f3 de Pol\u00edtica Erasmus<\/strong><\/p>\n<p><a href=\"https:\/\/agora.xtec.cat\/ecasolsones\/wp-content\/uploads\/usu1746\/2020\/09\/ErasmusMapa.jpg\"><img loading=\"lazy\" decoding=\"async\" class=\"wp-image-1074 aligncenter\" src=\"https:\/\/agora.xtec.cat\/ecasolsones\/wp-content\/uploads\/usu1746\/2020\/09\/ErasmusMapa-1024x600.jpg\" alt=\"\" width=\"598\" height=\"350\" srcset=\"https:\/\/agora.xtec.cat\/ecasolsones\/wp-content\/uploads\/usu1746\/2020\/09\/ErasmusMapa-1024x600.jpg 1024w, https:\/\/agora.xtec.cat\/ecasolsones\/wp-content\/uploads\/usu1746\/2020\/09\/ErasmusMapa-300x176.jpg 300w, https:\/\/agora.xtec.cat\/ecasolsones\/wp-content\/uploads\/usu1746\/2020\/09\/ErasmusMapa-768x450.jpg 768w, https:\/\/agora.xtec.cat\/ecasolsones\/wp-content\/uploads\/usu1746\/2020\/09\/ErasmusMapa.jpg 1366w\" sizes=\"auto, (max-width: 598px) 100vw, 598px\" \/><\/a><\/p>\n<ol style=\"list-style-type: lower-alpha;\">\n<li><strong><em>Com escollim els nostres socis?<\/em><\/strong><\/li>\n<\/ol>\n<p>Triem les nostres empreses aliades a trav\u00e9s dels socis de l&#8217;escola de formaci\u00f3 professional al pa\u00eds on es preveu l&#8217;estada en q\u00fcesti\u00f3. Aquests centres ens ajuden a elegir les empreses en les quals els estudiants faran les seves pr\u00e0ctiques. D&#8217;aquesta manera, tamb\u00e9 en garantim la reciprocitat perqu\u00e8 ajudem al seu alumnat a realitzar les pr\u00e0ctiques a la nostra regi\u00f3.<\/p>\n<p><strong><em>b. En quina regi\u00f3 geogr\u00e0fica?<\/em><\/strong><\/p>\n<p>Les nostres prioritats s\u00f3n Fran\u00e7a, Finl\u00e0ndia i Su\u00e8cia. Fran\u00e7a \u00e9s un pa\u00eds ve\u00ed en qu\u00e8 els estudis de la ramaderia i l&#8217;agricultura estan consolidats i ben desenvolupats. Aix\u00ed mateix, tant Finl\u00e0ndia com Su\u00e8cia s\u00f3n pa\u00efsos orientats al bosc, on els nostres estudiants poden aprendre i practicar millor les ci\u00e8ncies forestals. Tot i aix\u00f2, estem oberts a la recerca de nous destins si hi ha una proposta motivada per l&#8217;alumnat.<\/p>\n<p><em><strong>c. Quins son els objectius m\u00e9s importants i els grups destinataris de les activitats de mobilitat?<\/strong><\/em><\/p>\n<p>El nostre grup objectiu s\u00f3n els estudiants que volen fer les seves pr\u00e0ctiques obligat\u00f2ries (FCT) en un pa\u00eds de la Uni\u00f3 Europea, excepte Espanya.<\/p>\n<p>Si hi ha una sol\u00b7licitud d&#8217;una escola estrangera o del seu personal per venir a la nostra escola, assumirem totes les actuacions necess\u00e0ries per integrar-los a la nostra organitzaci\u00f3 i buscar el benefici mutu.<\/p>\n<p><strong>Estrat\u00e8gia de la instituci\u00f3 per a l&#8217;organitzaci\u00f3 i implementaci\u00f3 de projectes internacionals (UE i no UE) de cooperaci\u00f3 en l&#8217;ensenyament i la formaci\u00f3 en relaci\u00f3 amb els projectes realitzats en el marc del Programa.<\/strong><\/p>\n<p>Els nostres projectes de cooperaci\u00f3 es desenvolupen sempre a trav\u00e9s dels departaments d&#8217;Educaci\u00f3 i d\u2019Acci\u00f3 Clim\u00e0tica, Alimentaci\u00f3 i Agenda Rural.<\/p>\n<p><strong>L&#8217;impacte de la seva participaci\u00f3 en el Programa per a la modernitzaci\u00f3 de la instituci\u00f3 pel que fa als objectius de la pol\u00edtica t\u00e9 la intenci\u00f3 d&#8217;aconseguir el seg\u00fcent:<\/strong><\/p>\n<ul>\n<li>La millora de la qualitat i de la import\u00e0ncia de la formaci\u00f3 i la pr\u00e0ctica investigadora per tal d&#8217;apropar els nostres graduats amb el coneixement i les compet\u00e8ncies necess\u00e0ries a ocupacions d&#8217;alta qualificaci\u00f3. En aquest sentit, nosaltres escollim les destinacions perqu\u00e8 aquests pa\u00efsos tenen una for\u00e7a especial en els camps d&#8217;inter\u00e8s del nostre alumnat. D&#8217;una banda, Fran\u00e7a per als estudis agr\u00edcoles i ramaders i, d&#8217;altra, Finl\u00e0ndia i Su\u00e8cia per a les ci\u00e8ncies forestals.<\/li>\n<li>Generaci\u00f3 de m\u00e9s oportunitats perqu\u00e8 els estudiants adquireixen habilitats addicionals a trav\u00e9s d&#8217;estudis o de formaci\u00f3 a l&#8217;estranger. Alhora, fomentem la cooperaci\u00f3 transfronterera per tal d\u2019augmentar el rendiment de l&#8217;ensenyament superior. El nostre alumnat obtindr\u00e0 habilitats addicionals \u00f2ptimes, no nom\u00e9s l&#8217;aprenentatge de nous m\u00e8todes i punts de vista, sin\u00f3 tamb\u00e9 l&#8217;aprenentatge, la pr\u00e0ctica d&#8217;idiomes i la coneixen\u00e7a d&#8217;assumptes culturals. Accions com les anteriors afavoreixen la cohesi\u00f3 de la Uni\u00f3 Europea i la seva ciutadania.<\/li>\n<\/ul>\n<p><strong>DOCUMENTACI\u00d3<\/strong><\/p>\n<ul>\n<li><a href=\"https:\/\/agora.xtec.cat\/ecasolsones\/wp-content\/uploads\/usu1746\/2022\/03\/Carta-ECHE-espanyol.pdf\">Carta ECHE (espanyol)<\/a><\/li>\n<li><a href=\"https:\/\/agora.xtec.cat\/ecasolsones\/wp-content\/uploads\/usu1746\/2022\/03\/Carta-ECHE-angles.pdf\">Carta ECHE (angl\u00e8s)<\/a><\/li>\n<li><a href=\"https:\/\/agora.xtec.cat\/ecasolsones\/wp-content\/uploads\/usu1746\/2020\/09\/fitxa-escola-agraria-Solsones-angles.pdf\" target=\"_blank\" rel=\"noopener\">Presentaci\u00f3 Escola Agr\u00e0ria del Solson\u00e8s (angl\u00e8s)<\/a><\/li>\n<li><a href=\"https:\/\/agora.xtec.cat\/ecasolsones\/wp-content\/uploads\/usu1746\/2020\/09\/fitxa-escola-agraria-solsones-CAT.pdf\" target=\"_blank\" rel=\"noopener\">Presentaci\u00f3 Escola Agr\u00e0ria del Solson\u00e8s (catal\u00e0)<\/a><\/li>\n<li><a href=\"https:\/\/agora.xtec.cat\/ecasolsones\/wp-content\/uploads\/usu1746\/2020\/09\/erasmus_policy_statement.pdf\">Erasmus policy statement<\/a><\/li>\n<\/ul>\n","protected":false},"excerpt":{"rendered":"<p><a href=\"https:\/\/agora.xtec.cat\/ecasolsones\/wp-content\/uploads\/usu1746\/2020\/09\/erasmus.png\"><\/a>La Direcci\u00f3 General d\u2019Educaci\u00f3 i Cultura de la Comissi\u00f3 Europea va concedir a finals de l\u2019any 2013 a l\u2019<a href=\"https:\/\/agora.xtec.cat\/ecasolsones\/wp-content\/uploads\/usu1746\/2020\/09\/fitxa-escola-agraria-solsones-CAT.pdf\" target=\"_blank\" rel=\"noopener noreferrer\">Escola Agr\u00e0ria del Solson\u00e8s<\/a> la <a href=\"https:\/\/agora.xtec.cat\/ecasolsones\/wp-content\/uploads\/usu1746\/2020\/09\/erasmus_charter_for_higher_education_2014_2020.pdf\" target=\"_blank\" rel=\"noopener noreferrer\">Carta Erasmus d\u2019Educaci\u00f3 Superior (ECHE)<\/a>. Gr\u00e0cies a aquest document, l&#8217;alumnat de l\u2019escola pot&hellip;  <a href=\"https:\/\/agora.xtec.cat\/ecasolsones\/escola\/internacionalitzacio\/\" title=\"Read Internacionalitzaci\u00f3\">Llegeix m\u00e9s\u00bb<\/a><\/p>\n","protected":false},"author":1,"featured_media":0,"parent":19,"menu_order":6,"comment_status":"closed","ping_status":"closed","template":"page-templates\/side-menu.php","meta":{"_bbp_topic_count":0,"_bbp_reply_count":0,"_bbp_total_topic_count":0,"_bbp_total_reply_count":0,"_bbp_voice_count":0,"_bbp_anonymous_reply_count":0,"_bbp_topic_count_hidden":0,"_bbp_reply_count_hidden":0,"_bbp_forum_subforum_count":0,"footnotes":""},"class_list":["post-938","page","type-page","status-publish","hentry"],"post_mailing_queue_ids":[],"_links":{"self":[{"href":"https:\/\/agora.xtec.cat\/ecasolsones\/wp-json\/wp\/v2\/pages\/938","targetHints":{"allow":["GET"]}}],"collection":[{"href":"https:\/\/agora.xtec.cat\/ecasolsones\/wp-json\/wp\/v2\/pages"}],"about":[{"href":"https:\/\/agora.xtec.cat\/ecasolsones\/wp-json\/wp\/v2\/types\/page"}],"author":[{"embeddable":true,"href":"https:\/\/agora.xtec.cat\/ecasolsones\/wp-json\/wp\/v2\/users\/1"}],"replies":[{"embeddable":true,"href":"https:\/\/agora.xtec.cat\/ecasolsones\/wp-json\/wp\/v2\/comments?post=938"}],"version-history":[{"count":5,"href":"https:\/\/agora.xtec.cat\/ecasolsones\/wp-json\/wp\/v2\/pages\/938\/revisions"}],"predecessor-version":[{"id":2146,"href":"https:\/\/agora.xtec.cat\/ecasolsones\/wp-json\/wp\/v2\/pages\/938\/revisions\/2146"}],"up":[{"embeddable":true,"href":"https:\/\/agora.xtec.cat\/ecasolsones\/wp-json\/wp\/v2\/pages\/19"}],"wp:attachment":[{"href":"https:\/\/agora.xtec.cat\/ecasolsones\/wp-json\/wp\/v2\/media?parent=938"}],"curies":[{"name":"wp","href":"https:\/\/api.w.org\/{rel}","templated":true}]}}