{"id":900,"date":"2020-04-30T20:41:01","date_gmt":"2020-04-30T18:41:01","guid":{"rendered":"https:\/\/agora.xtec.cat\/ecasolsones\/?page_id=900"},"modified":"2026-04-13T08:57:23","modified_gmt":"2026-04-13T06:57:23","slug":"preinscripcio","status":"publish","type":"page","link":"https:\/\/agora.xtec.cat\/ecasolsones\/escola\/secretaria\/preinscripcio\/","title":{"rendered":"Preinscripci\u00f3 i matr\u00edcula 2026-27"},"content":{"rendered":"<p>Ja pots consultar tota la informaci\u00f3 sobre la <a href=\"https:\/\/preinscripcio.gencat.cat\/ca\/estudis\/fp-grau-superior\/inici\/\" target=\"_blank\" rel=\"noopener\">preinscripci\u00f3 als cicles formatius per al curs 2026-2027<\/a>.\u00a0El proc\u00e9s de preinscripci\u00f3 acaba amb la formalitzaci\u00f3 de la matr\u00edcula, a principis de setembre. Durant tot aquest temps hi ha <strong><a href=\"https:\/\/preinscripcio.gencat.cat\/ca\/estudis\/fp-grau-superior\/informat\/calendari\/\" target=\"_blank\" rel=\"noopener\">dates i terminis<\/a><\/strong> associats a actuacions clau que has de tenir presents, ja que determinen l&#8217;assignaci\u00f3 final de places als centres educatius.<\/p>\n<ul>\n<li><strong>26\/05-01\/06\/2026<\/strong> | Presentaci\u00f3 de sol\u00b7licituds<\/li>\n<li><strong>02\/06\/2026<\/strong> | Presentaci\u00f3 de documentaci\u00f3<\/li>\n<li><strong>29\/06\/2026<\/strong>\u00a0| Llista de sol\u00b7licituds amb la puntuaci\u00f3 provisional<\/li>\n<li><strong>29\/06 &#8211; 02\/07\/2026<\/strong> | Presentaci\u00f3 de reclamacions<\/li>\n<li><strong>06\/07\/2026<\/strong> | Sorteig per resoldre les sol\u00b7licituds de preinscripci\u00f3 empatades en punts<\/li>\n<li><strong>07\/07\/2026<\/strong> | Llista de sol\u00b7licituds amb la puntuaci\u00f3 un cop resoltes les reclamacions<\/li>\n<li><strong>10\/07\/2026<\/strong> | Oferta final de places + \u00a0llista de places assignades de la primera tanda, amb indicaci\u00f3 de la petici\u00f3 atesa de l&#8217;alumne\/a<\/li>\n<li><strong>10 &#8211; 14\/07\/2026<\/strong> | Confirma la matr\u00edcula, millora l&#8217;assignaci\u00f3 o renuncia a la pla\u00e7a assignada<\/li>\n<li><strong>24\/07\/2026<\/strong> | Llista de places assignades en la segona tanda d&#8217;assignaci\u00f3 i en la proposta d\u2019assignaci\u00f3<\/li>\n<li><strong>24 &#8211; 28\/07\/2026<\/strong> | Confirma la matr\u00edcula o renuncia a la pla\u00e7a assignada<\/li>\n<\/ul>\n<p>Per a m\u00e9s informaci\u00f3 consulta el <a href=\"https:\/\/preinscripcio.gencat.cat\/ca\/estudis\/fp-grau-superior\/inici\/\" target=\"_blank\" rel=\"noopener\">web del Departament d\u2019Educaci\u00f3.<\/a><\/p>\n<p><a href=\"https:\/\/agora.xtec.cat\/ecasolsones\/wp-content\/uploads\/usu1746\/2026\/04\/fpgs-bola2.png_223078711.png\"><img loading=\"lazy\" decoding=\"async\" class=\"alignleft size-full wp-image-3474\" src=\"https:\/\/agora.xtec.cat\/ecasolsones\/wp-content\/uploads\/usu1746\/2026\/04\/fpgs-bola2.png_223078711.png\" alt=\"\" width=\"832\" height=\"468\" srcset=\"https:\/\/agora.xtec.cat\/ecasolsones\/wp-content\/uploads\/usu1746\/2026\/04\/fpgs-bola2.png_223078711.png 832w, https:\/\/agora.xtec.cat\/ecasolsones\/wp-content\/uploads\/usu1746\/2026\/04\/fpgs-bola2.png_223078711-300x169.png 300w, https:\/\/agora.xtec.cat\/ecasolsones\/wp-content\/uploads\/usu1746\/2026\/04\/fpgs-bola2.png_223078711-768x432.png 768w\" sizes=\"auto, (max-width: 832px) 100vw, 832px\" \/><\/a><\/p>\n","protected":false},"excerpt":{"rendered":"<p>Ja pots consultar tota la informaci\u00f3 sobre la <a href=\"https:\/\/preinscripcio.gencat.cat\/ca\/estudis\/fp-grau-superior\/inici\/\" target=\"_blank\" rel=\"noopener\">preinscripci\u00f3 als cicles formatius per al curs 2026-2027<\/a>.\u00a0El proc\u00e9s de preinscripci\u00f3 acaba amb la formalitzaci\u00f3 de la matr\u00edcula, a principis de setembre. Durant tot aquest temps hi ha <a href=\"https:\/\/preinscripcio.gencat.cat\/ca\/estudis\/fp-grau-superior\/informat\/calendari\/\" target=\"_blank\" rel=\"noopener\">dates i terminis<\/a>&hellip;  <a href=\"https:\/\/agora.xtec.cat\/ecasolsones\/escola\/secretaria\/preinscripcio\/\" title=\"Read Preinscripci\u00f3 i matr\u00edcula 2026-27\">Llegeix m\u00e9s\u00bb<\/a><\/p>\n","protected":false},"author":1,"featured_media":0,"parent":870,"menu_order":0,"comment_status":"closed","ping_status":"closed","template":"page-templates\/side-menu.php","meta":{"_bbp_topic_count":0,"_bbp_reply_count":0,"_bbp_total_topic_count":0,"_bbp_total_reply_count":0,"_bbp_voice_count":0,"_bbp_anonymous_reply_count":0,"_bbp_topic_count_hidden":0,"_bbp_reply_count_hidden":0,"_bbp_forum_subforum_count":0,"footnotes":""},"class_list":["post-900","page","type-page","status-publish","hentry"],"post_mailing_queue_ids":[],"_links":{"self":[{"href":"https:\/\/agora.xtec.cat\/ecasolsones\/wp-json\/wp\/v2\/pages\/900","targetHints":{"allow":["GET"]}}],"collection":[{"href":"https:\/\/agora.xtec.cat\/ecasolsones\/wp-json\/wp\/v2\/pages"}],"about":[{"href":"https:\/\/agora.xtec.cat\/ecasolsones\/wp-json\/wp\/v2\/types\/page"}],"author":[{"embeddable":true,"href":"https:\/\/agora.xtec.cat\/ecasolsones\/wp-json\/wp\/v2\/users\/1"}],"replies":[{"embeddable":true,"href":"https:\/\/agora.xtec.cat\/ecasolsones\/wp-json\/wp\/v2\/comments?post=900"}],"version-history":[{"count":6,"href":"https:\/\/agora.xtec.cat\/ecasolsones\/wp-json\/wp\/v2\/pages\/900\/revisions"}],"predecessor-version":[{"id":3475,"href":"https:\/\/agora.xtec.cat\/ecasolsones\/wp-json\/wp\/v2\/pages\/900\/revisions\/3475"}],"up":[{"embeddable":true,"href":"https:\/\/agora.xtec.cat\/ecasolsones\/wp-json\/wp\/v2\/pages\/870"}],"wp:attachment":[{"href":"https:\/\/agora.xtec.cat\/ecasolsones\/wp-json\/wp\/v2\/media?parent=900"}],"curies":[{"name":"wp","href":"https:\/\/api.w.org\/{rel}","templated":true}]}}