{"id":9,"date":"2014-09-12T10:15:01","date_gmt":"2014-09-12T10:15:01","guid":{"rendered":"http:\/\/agora.xtec.cat\/ecasolsones\/?page_id=9"},"modified":"2026-04-12T12:38:32","modified_gmt":"2026-04-12T10:38:32","slug":"pagina-dinici-buida","status":"publish","type":"page","link":"https:\/\/agora.xtec.cat\/ecasolsones\/","title":{"rendered":"Inici"},"content":{"rendered":"<p>&nbsp;<\/p>\n<div class=\"row\">\n<div class=\"columns small-12 large-2\"><img decoding=\"async\" src=\"https:\/\/img.icons8.com\/color\/120\/000000\/expired.png\" \/><\/div>\n<div class=\"columns small-12 large-10\">\n<h2>Preinscripcions del 26 de maig a l&#8217;1 de juny<\/h2>\n<p>Ben aviat s&#8217;obrir\u00e0 el per\u00edode de preinscripcions als cicles formatius de grau superior que impartim a l&#8217;Escola. Ara b\u00e9, abans de la preinscripci\u00f3 \u00e9s important con\u00e8ixer les dates clau i les accions associades, entendre els criteris de selecci\u00f3, consultar les notes de tall del curs passat, fer un simulacre de la teva preinscripci\u00f3 i preparar la documentaci\u00f3 que cal presentar.<\/p>\n<div style=\"text-align: right;\"><a href=\"https:\/\/preinscripcio.gencat.cat\/ca\/estudis\/fp-grau-superior\/inici\/\" target=\"_blank\" rel=\"noopener\">Tota la informaci\u00f3 en un sol clic!<\/a><\/div>\n<\/div>\n<\/div>\n","protected":false},"excerpt":{"rendered":"<p>&nbsp;<\/p>\n<p>Preinscripcions del 26 de maig a l&#8217;1 de juny<br \/>\nBen aviat s&#8217;obrir\u00e0 el per\u00edode de preinscripcions als cicles formatius de grau superior que impartim a l&#8217;Escola. Ara b\u00e9, abans de la preinscripci\u00f3 \u00e9s important con\u00e8ixer les dates clau i les accions associades, entendre els criteris de&hellip;  <a href=\"https:\/\/agora.xtec.cat\/ecasolsones\/\" title=\"Read Inici\">Llegeix m\u00e9s\u00bb<\/a><\/p>\n","protected":false},"author":1,"featured_media":0,"parent":0,"menu_order":0,"comment_status":"closed","ping_status":"closed","template":"page-templates\/front-page.php","meta":{"_bbp_topic_count":0,"_bbp_reply_count":0,"_bbp_total_topic_count":0,"_bbp_total_reply_count":0,"_bbp_voice_count":0,"_bbp_anonymous_reply_count":0,"_bbp_topic_count_hidden":0,"_bbp_reply_count_hidden":0,"_bbp_forum_subforum_count":0,"footnotes":""},"class_list":["post-9","page","type-page","status-publish","hentry"],"post_mailing_queue_ids":[],"_links":{"self":[{"href":"https:\/\/agora.xtec.cat\/ecasolsones\/wp-json\/wp\/v2\/pages\/9","targetHints":{"allow":["GET"]}}],"collection":[{"href":"https:\/\/agora.xtec.cat\/ecasolsones\/wp-json\/wp\/v2\/pages"}],"about":[{"href":"https:\/\/agora.xtec.cat\/ecasolsones\/wp-json\/wp\/v2\/types\/page"}],"author":[{"embeddable":true,"href":"https:\/\/agora.xtec.cat\/ecasolsones\/wp-json\/wp\/v2\/users\/1"}],"replies":[{"embeddable":true,"href":"https:\/\/agora.xtec.cat\/ecasolsones\/wp-json\/wp\/v2\/comments?post=9"}],"version-history":[{"count":7,"href":"https:\/\/agora.xtec.cat\/ecasolsones\/wp-json\/wp\/v2\/pages\/9\/revisions"}],"predecessor-version":[{"id":3477,"href":"https:\/\/agora.xtec.cat\/ecasolsones\/wp-json\/wp\/v2\/pages\/9\/revisions\/3477"}],"wp:attachment":[{"href":"https:\/\/agora.xtec.cat\/ecasolsones\/wp-json\/wp\/v2\/media?parent=9"}],"curies":[{"name":"wp","href":"https:\/\/api.w.org\/{rel}","templated":true}]}}