{"id":521,"date":"2019-10-24T11:01:35","date_gmt":"2019-10-24T09:01:35","guid":{"rendered":"https:\/\/agora.xtec.cat\/ecasolsones\/?page_id=521"},"modified":"2025-12-10T18:49:40","modified_gmt":"2025-12-10T17:49:40","slug":"paisatgisme-i-medi-rural","status":"publish","type":"page","link":"https:\/\/agora.xtec.cat\/ecasolsones\/cicles-formatius-de-grau-superior\/paisatgisme-i-medi-rural\/","title":{"rendered":"CFGS Paisatgisme i Medi Rural. Perfil agropecuari"},"content":{"rendered":"<p style=\"text-align: center;\"><iframe loading=\"lazy\" src=\"\/\/www.youtube.com\/embed\/hUYSlw3CmIg\" width=\"560\" height=\"314\" allowfullscreen=\"allowfullscreen\"><\/iframe><\/p>\n<p style=\"text-align: justify;\">Aquests estudis preparen l&#8217;alumnat per a programar, supervisar i realitzar les operacions de producci\u00f3 agr\u00e0ria, ramadera i de gesti\u00f3 del paisatge amb t\u00e8cniques de producci\u00f3 sostenible i \u00fas de les tecnologies m\u00e9s modernes, aplicant la normativa ambiental, de benestar animal, de seguretat aliment\u00e0ria i de prevenci\u00f3 de riscos laborals, d&#8217;acord amb la legislaci\u00f3 vigent.<\/p>\n<p><a href=\"https:\/\/agora.xtec.cat\/ecasolsones\/wp-content\/uploads\/usu1746\/2025\/12\/250807-EAsolsones-2triptics_page-0002.jpg\"><img loading=\"lazy\" decoding=\"async\" class=\"wp-image-3289 size-large aligncenter\" src=\"https:\/\/agora.xtec.cat\/ecasolsones\/wp-content\/uploads\/usu1746\/2025\/12\/250807-EAsolsones-2triptics_page-0002-1024x725.jpg\" alt=\"\" width=\"1024\" height=\"725\" srcset=\"https:\/\/agora.xtec.cat\/ecasolsones\/wp-content\/uploads\/usu1746\/2025\/12\/250807-EAsolsones-2triptics_page-0002-1024x725.jpg 1024w, https:\/\/agora.xtec.cat\/ecasolsones\/wp-content\/uploads\/usu1746\/2025\/12\/250807-EAsolsones-2triptics_page-0002-300x212.jpg 300w, https:\/\/agora.xtec.cat\/ecasolsones\/wp-content\/uploads\/usu1746\/2025\/12\/250807-EAsolsones-2triptics_page-0002-768x543.jpg 768w, https:\/\/agora.xtec.cat\/ecasolsones\/wp-content\/uploads\/usu1746\/2025\/12\/250807-EAsolsones-2triptics_page-0002-1536x1087.jpg 1536w, https:\/\/agora.xtec.cat\/ecasolsones\/wp-content\/uploads\/usu1746\/2025\/12\/250807-EAsolsones-2triptics_page-0002.jpg 1754w\" sizes=\"auto, (max-width: 1024px) 100vw, 1024px\" \/><\/a><\/p>\n<h1 style=\"text-align: justify;\"><span style=\"color: #008080;\">M\u00f2duls<\/span><\/h1>\n<div class=\"DC_marginBottom1\" style=\"text-align: justify;\">\n<ul>\n<li style=\"text-align: justify;\">Topografia agr\u00e0ria<\/li>\n<li style=\"text-align: justify;\">Maquin\u00e0ria i instal\u00b7lacions agroforestals<\/li>\n<li style=\"text-align: justify;\">Gesti\u00f3 i organitzaci\u00f3 del viver<\/li>\n<li style=\"text-align: justify;\">Planificaci\u00f3 de cultius<a href=\"https:\/\/agora.xtec.cat\/ecasolsones\/wp-content\/uploads\/usu1746\/2019\/10\/WhatsApp-Image-2019-02-14-at-10.18.08.jpeg\"><img loading=\"lazy\" decoding=\"async\" class=\"wp-image-620 alignright\" src=\"https:\/\/agora.xtec.cat\/ecasolsones\/wp-content\/uploads\/usu1746\/2019\/10\/WhatsApp-Image-2019-02-14-at-10.18.08-1024x576.jpeg\" alt=\"\" width=\"571\" height=\"321\" srcset=\"https:\/\/agora.xtec.cat\/ecasolsones\/wp-content\/uploads\/usu1746\/2019\/10\/WhatsApp-Image-2019-02-14-at-10.18.08-1024x576.jpeg 1024w, https:\/\/agora.xtec.cat\/ecasolsones\/wp-content\/uploads\/usu1746\/2019\/10\/WhatsApp-Image-2019-02-14-at-10.18.08-300x169.jpeg 300w, https:\/\/agora.xtec.cat\/ecasolsones\/wp-content\/uploads\/usu1746\/2019\/10\/WhatsApp-Image-2019-02-14-at-10.18.08-768x432.jpeg 768w, https:\/\/agora.xtec.cat\/ecasolsones\/wp-content\/uploads\/usu1746\/2019\/10\/WhatsApp-Image-2019-02-14-at-10.18.08.jpeg 1600w\" sizes=\"auto, (max-width: 571px) 100vw, 571px\" \/><\/a><\/li>\n<li style=\"text-align: justify;\">Gesti\u00f3 de cultius<\/li>\n<li style=\"text-align: justify;\">Gesti\u00f3 de la producci\u00f3 animal<\/li>\n<li style=\"text-align: justify;\">Organitzaci\u00f3 i control de la reproducci\u00f3 i cria<\/li>\n<li style=\"text-align: justify;\">Bioseguretat ramadera<\/li>\n<li style=\"text-align: justify;\">Fitopatologia<\/li>\n<li style=\"text-align: justify;\">Bot\u00e0nica agron\u00f2mica<\/li>\n<li style=\"text-align: justify;\">Disseny de jardins i restauraci\u00f3 del paisatge<\/li>\n<li style=\"text-align: justify;\">Conservaci\u00f3 de jardins i gespes esportives<\/li>\n<li>Angl\u00e8s professional<\/li>\n<li>Digitalitzaci\u00f3 aplicada als sectors productius<\/li>\n<li>Sostenibilitat aplicada al sistema productiu<\/li>\n<li>Itinerari per a l&#8217;ocupabilitat I<\/li>\n<li>Itinerari per a l&#8217;ocupabilitat II<\/li>\n<li>Projecte intermodular<\/li>\n<li style=\"text-align: justify;\">Gesti\u00f3 de l&#8217;Empresa Agr\u00e0ria (optatiu escola)<\/li>\n<li style=\"text-align: justify;\">Ramaderia aplicada (optatiu escola)<\/li>\n<\/ul>\n<h1><span style=\"color: #008080;\">Formaci\u00f3 en Centres de Treball (FCT)<\/span><\/h1>\n<p>La realitzaci\u00f3 d\u2019aquest m\u00f2dul facilita a l\u2019alumnat un apropament al m\u00f3n laboral i a la seva futura professi\u00f3: el fa conscient dels requisits de formaci\u00f3 i de les compet\u00e8ncies professionals, personals i socials associades als diferents llocs de treball.<\/p>\n<p>La Formaci\u00f3 en Centres de Treball (FCT) \u00e9s possible gr\u00e0cies a la col\u00b7laboraci\u00f3 d\u2019institucions i empreses del sector agr\u00edcola, ramader i de jardineria que cada curs acullen alumnes en pr\u00e0ctiques. A m\u00e9s, disposem d&#8217;un gran nombre de col\u00b7laboracions per poder fer visites t\u00e8cniques i pr\u00e0ctiques per a una formaci\u00f3 de qualitat. D\u2019altra banda, l\u2019Escola Agr\u00e0ria del Solson\u00e8s, juntament amb el Servei de Formaci\u00f3 Agr\u00e0ria, fomenta l\u2019intercanvi d\u2019alumnes en pr\u00e0ctiques amb altres pa\u00efsos d\u2019Europa.<\/p>\n<\/div>\n<h1 style=\"text-align: justify;\"><span style=\"color: #008000;\"><span style=\"color: #008080;\">Requisits d&#8217;acc\u00e9s<\/span><a href=\"https:\/\/agora.xtec.cat\/ecasolsones\/wp-content\/uploads\/usu1746\/2019\/10\/6-1.jpg\"><img loading=\"lazy\" decoding=\"async\" class=\"wp-image-622 alignright\" src=\"https:\/\/agora.xtec.cat\/ecasolsones\/wp-content\/uploads\/usu1746\/2019\/10\/6-1-1024x624.jpg\" alt=\"\" width=\"488\" height=\"297\" srcset=\"https:\/\/agora.xtec.cat\/ecasolsones\/wp-content\/uploads\/usu1746\/2019\/10\/6-1-1024x624.jpg 1024w, https:\/\/agora.xtec.cat\/ecasolsones\/wp-content\/uploads\/usu1746\/2019\/10\/6-1-300x183.jpg 300w, https:\/\/agora.xtec.cat\/ecasolsones\/wp-content\/uploads\/usu1746\/2019\/10\/6-1-768x468.jpg 768w, https:\/\/agora.xtec.cat\/ecasolsones\/wp-content\/uploads\/usu1746\/2019\/10\/6-1.jpg 1409w\" sizes=\"auto, (max-width: 488px) 100vw, 488px\" \/><\/a><\/span><\/h1>\n<ul style=\"text-align: justify;\">\n<li>T\u00edtol de batxillerat.<\/li>\n<li>Superar la prova d\u2019acc\u00e9s als cicles formatius de grau superior.<\/li>\n<li>Superar la prova d\u2019acc\u00e9s a la universitat per a majors de 25 anys.<\/li>\n<li>Tenir el t\u00edtol de t\u00e8cnic\/a de formaci\u00f3 professional o t\u00e8cnic\/a superior de formaci\u00f3 professional o t\u00e8cnic\/a especialista.<\/li>\n<li>Tenir qualsevol titulaci\u00f3 universit\u00e0ria o una d&#8217;equivalent.<\/li>\n<\/ul>\n<h1 style=\"text-align: justify;\"><span style=\"color: #008080;\">Durada<\/span><\/h1>\n<p style=\"text-align: justify;\">2.000 hores: 2 cursos.<br \/>\n\u2013 Formaci\u00f3 a l\u2019Escola: 1.485 hores<br \/>\n\u2013 Formaci\u00f3 en Centres de Treball (FCT): 515 hores<\/p>\n<h1 style=\"text-align: justify;\"><span style=\"color: #008080;\">Entorn professional<\/span><\/h1>\n<p style=\"text-align: justify;\">\u2013 Explotacions agr\u00edcoles dedicades a la producci\u00f3 de conreus de sec\u00e0 o regadiu<br \/>\n\u2013 Explotacions ramaderes<br \/>\n\u2013 Empreses de serveis de mecanitzaci\u00f3 agr\u00e0ria<br \/>\n\u2013 Empreses de serveis de productes fitosanitaris<br \/>\n\u2013 Cooperatives\/associacions de producci\u00f3 agr\u00e0ria<br \/>\n\u2013 Cooperatives i centres d\u2019emmagatzematge i comercialitzaci\u00f3 de productes agraris<br \/>\n\u2013 Comunitats de regants i serveis de zones de regadiu<br \/>\n\u2013 Centres d\u2019investigaci\u00f3 aplicada a l\u2019agricultura i la ramaderia<br \/>\n\u2013 Altres activitats relacionades amb el sector<\/p>\n<h1 style=\"text-align: justify;\"><span style=\"color: #008080;\">Acc\u00e9s a altres cicles formatius<\/span><\/h1>\n<p style=\"text-align: justify;\">El t\u00edtol de T\u00e8cnic\/a Superior en Paisatgisme i Medi Rural permet l\u2019acc\u00e9s directe a qualsevol altre cicle formatiu de grau superior mitjan\u00e7ant la convalidaci\u00f3 de les unitats formatives i els m\u00f2duls comuns.<\/p>\n<h1 style=\"text-align: justify;\"><span style=\"color: #008080;\">Acc\u00e9s a estudis universitaris<\/span><\/h1>\n<p style=\"text-align: justify;\">El t\u00edtol de T\u00e8cnic\/a Superior en Paisatgisme i Medi Rural permet l\u2019acc\u00e9s directe als estudis universitaris de grau. Les universitats tenen establertes convalidacions de cr\u00e8dits entre els t\u00edtols dels cicles formatius superiors i els ensenyaments universitaris de grau.<\/p>\n<p><a class=\"button normal\" style=\"padding: 1em; font-weight: 400; margin: 0.1em; color: white !important; background-color: #0988a9;\" href=\"https:\/\/agora.xtec.cat\/ecasolsones\/wp-content\/uploads\/usu1746\/2025\/12\/Triptic_CFGS-MR_202526-1.pdf\" target=\"_blank\" rel=\"noopener noreferrer\">Descarrega&#8217;t el tr\u00edptic del CFGS<\/a><\/p>\n","protected":false},"excerpt":{"rendered":"<p>Aquests estudis preparen l&#8217;alumnat per a programar, supervisar i realitzar les operacions de producci\u00f3 agr\u00e0ria, ramadera i de gesti\u00f3 del paisatge amb t\u00e8cniques de producci\u00f3 sostenible i \u00fas de les tecnologies m\u00e9s modernes, aplicant la normativa ambiental, de benestar animal, de seguretat aliment\u00e0ria i de&hellip;  <a href=\"https:\/\/agora.xtec.cat\/ecasolsones\/cicles-formatius-de-grau-superior\/paisatgisme-i-medi-rural\/\" title=\"Read CFGS Paisatgisme i Medi Rural. Perfil agropecuari\">Llegeix m\u00e9s\u00bb<\/a><\/p>\n","protected":false},"author":1,"featured_media":0,"parent":515,"menu_order":0,"comment_status":"closed","ping_status":"closed","template":"page-templates\/side-menu.php","meta":{"_bbp_topic_count":0,"_bbp_reply_count":0,"_bbp_total_topic_count":0,"_bbp_total_reply_count":0,"_bbp_voice_count":0,"_bbp_anonymous_reply_count":0,"_bbp_topic_count_hidden":0,"_bbp_reply_count_hidden":0,"_bbp_forum_subforum_count":0,"footnotes":""},"class_list":["post-521","page","type-page","status-publish","hentry"],"post_mailing_queue_ids":[],"_links":{"self":[{"href":"https:\/\/agora.xtec.cat\/ecasolsones\/wp-json\/wp\/v2\/pages\/521","targetHints":{"allow":["GET"]}}],"collection":[{"href":"https:\/\/agora.xtec.cat\/ecasolsones\/wp-json\/wp\/v2\/pages"}],"about":[{"href":"https:\/\/agora.xtec.cat\/ecasolsones\/wp-json\/wp\/v2\/types\/page"}],"author":[{"embeddable":true,"href":"https:\/\/agora.xtec.cat\/ecasolsones\/wp-json\/wp\/v2\/users\/1"}],"replies":[{"embeddable":true,"href":"https:\/\/agora.xtec.cat\/ecasolsones\/wp-json\/wp\/v2\/comments?post=521"}],"version-history":[{"count":6,"href":"https:\/\/agora.xtec.cat\/ecasolsones\/wp-json\/wp\/v2\/pages\/521\/revisions"}],"predecessor-version":[{"id":3293,"href":"https:\/\/agora.xtec.cat\/ecasolsones\/wp-json\/wp\/v2\/pages\/521\/revisions\/3293"}],"up":[{"embeddable":true,"href":"https:\/\/agora.xtec.cat\/ecasolsones\/wp-json\/wp\/v2\/pages\/515"}],"wp:attachment":[{"href":"https:\/\/agora.xtec.cat\/ecasolsones\/wp-json\/wp\/v2\/media?parent=521"}],"curies":[{"name":"wp","href":"https:\/\/api.w.org\/{rel}","templated":true}]}}