{"id":520,"date":"2019-10-24T11:01:35","date_gmt":"2019-10-24T09:01:35","guid":{"rendered":"https:\/\/agora.xtec.cat\/ecasolsones\/?page_id=520"},"modified":"2025-12-10T19:02:40","modified_gmt":"2025-12-10T18:02:40","slug":"gestio-forestal","status":"publish","type":"page","link":"https:\/\/agora.xtec.cat\/ecasolsones\/cicles-formatius-de-grau-superior\/gestio-forestal\/","title":{"rendered":"CFGS Gesti\u00f3 Forestal i del Medi Natural"},"content":{"rendered":"<p style=\"text-align: center;\"><iframe loading=\"lazy\" src=\"\/\/www.youtube.com\/embed\/mk3GQJ2ErWY\" width=\"560\" height=\"314\" allowfullscreen=\"allowfullscreen\"><\/iframe><\/p>\n<p>Aquests estudis capaciten l&#8217;alumnat per a programar, organitzar, supervisar i realitzar els treballs de gesti\u00f3 i conservaci\u00f3 dels boscos, la protecci\u00f3 i millora del medi natural i l&#8217;aprofitament i \u00fas sostenible dels recursos forestals, aplicant la normativa de prevenci\u00f3 de riscos laborals i de protecci\u00f3 ambiental d\u2019acord amb la legislaci\u00f3 vigent.<\/p>\n<p><a href=\"https:\/\/agora.xtec.cat\/ecasolsones\/wp-content\/uploads\/usu1746\/2025\/12\/01_CFGS_GF_202526_TripticJPG.jpg\"><img loading=\"lazy\" decoding=\"async\" class=\"wp-image-3294 size-large aligncenter\" src=\"https:\/\/agora.xtec.cat\/ecasolsones\/wp-content\/uploads\/usu1746\/2025\/12\/01_CFGS_GF_202526_TripticJPG-1024x725.jpg\" alt=\"\" width=\"1024\" height=\"725\" srcset=\"https:\/\/agora.xtec.cat\/ecasolsones\/wp-content\/uploads\/usu1746\/2025\/12\/01_CFGS_GF_202526_TripticJPG-1024x725.jpg 1024w, https:\/\/agora.xtec.cat\/ecasolsones\/wp-content\/uploads\/usu1746\/2025\/12\/01_CFGS_GF_202526_TripticJPG-300x212.jpg 300w, https:\/\/agora.xtec.cat\/ecasolsones\/wp-content\/uploads\/usu1746\/2025\/12\/01_CFGS_GF_202526_TripticJPG-768x543.jpg 768w, https:\/\/agora.xtec.cat\/ecasolsones\/wp-content\/uploads\/usu1746\/2025\/12\/01_CFGS_GF_202526_TripticJPG-1536x1087.jpg 1536w, https:\/\/agora.xtec.cat\/ecasolsones\/wp-content\/uploads\/usu1746\/2025\/12\/01_CFGS_GF_202526_TripticJPG.jpg 1754w\" sizes=\"auto, (max-width: 1024px) 100vw, 1024px\" \/><\/a><\/p>\n<h1>\nQu\u00e8 \u00e9s la formaci\u00f3 dual?<\/h1>\n<p>Aquest model de Formaci\u00f3 Professional combina la formaci\u00f3 a l\u2019escola amb un per\u00edode d\u2019activitats a l\u2019empresa a trav\u00e9s de les quals l\u2019estudiant esdev\u00e9 aprenent. L\u2019estada a l\u2019empresa \u00e9s remunerada i es formalitza mitjan\u00e7ant un contracte laboral o una beca.<\/p>\n<p>La formaci\u00f3 dual permet vincular la formaci\u00f3 professional amb el m\u00f3n laboral. Bona part de les hores de formaci\u00f3 \u2014gaireb\u00e9 un curs\u2014 es realitzen a l\u2019empresa, beneficiant-se ambdues parts d\u2019aquesta col\u00b7laboraci\u00f3. Per a l\u2019empresa significa facilitar la captaci\u00f3 i selecci\u00f3 del talent i l\u2019adaptaci\u00f3 de la formaci\u00f3 a les seves necessitats reals. Per als alumnes, una millora de la qualificaci\u00f3 professional i major perspectives d&#8217;inserci\u00f3 laboral a trav\u00e9s d\u2019un lloc de treball mentre estudien.<\/p>\n<p><strong>Per a m\u00e9s informaci\u00f3 sobre la formaci\u00f3 dual:<\/strong><br \/>\n<a class=\"button small\" style=\"padding: 1em; font-weight: 400; margin: 0.1em; color: white !important; background-color: #92ae01bf;\" href=\"https:\/\/educacio.gencat.cat\/ca\/arees-actuacio\/empreses-fpdual\/\" target=\"_blank\" rel=\"noopener noreferrer\">Empreses &#8211; FP Dual | Gencat<\/a><br \/>\n<a class=\"button small\" style=\"padding: 1em; font-weight: 400; margin: 0.1em; color: white !important; background-color: #0988a9bf;\" href=\"https:\/\/agora.xtec.cat\/fpdual\/\" target=\"_blank\" rel=\"noopener noreferrer\">Portal FP Dual | XTEC<\/a><\/p>\n<h1><span style=\"color: #008080;\">M\u00f2duls<\/span><\/h1>\n<p><img loading=\"lazy\" decoding=\"async\" class=\"wp-image-615 alignright\" src=\"https:\/\/agora.xtec.cat\/ecasolsones\/wp-content\/uploads\/usu1746\/2019\/10\/WhatsApp-Image-2019-02-13-at-15.31.46-1-576x1024.jpeg\" alt=\"\" width=\"298\" height=\"530\" srcset=\"https:\/\/agora.xtec.cat\/ecasolsones\/wp-content\/uploads\/usu1746\/2019\/10\/WhatsApp-Image-2019-02-13-at-15.31.46-1-576x1024.jpeg 576w, https:\/\/agora.xtec.cat\/ecasolsones\/wp-content\/uploads\/usu1746\/2019\/10\/WhatsApp-Image-2019-02-13-at-15.31.46-1-169x300.jpeg 169w, https:\/\/agora.xtec.cat\/ecasolsones\/wp-content\/uploads\/usu1746\/2019\/10\/WhatsApp-Image-2019-02-13-at-15.31.46-1-768x1365.jpeg 768w, https:\/\/agora.xtec.cat\/ecasolsones\/wp-content\/uploads\/usu1746\/2019\/10\/WhatsApp-Image-2019-02-13-at-15.31.46-1.jpeg 900w\" sizes=\"auto, (max-width: 298px) 100vw, 298px\" \/><\/p>\n<ul>\n<li>Bot\u00e0nica agron\u00f2mica<\/li>\n<li>Fitopatologia<\/li>\n<li>Topografia agr\u00e0ria<\/li>\n<li>Maquin\u00e0ria i instal\u00b7lacions agroforestals<\/li>\n<li>T\u00e8cniques d&#8217;educaci\u00f3 ambiental<\/li>\n<li>Gesti\u00f3 dels aprofitaments del medi forestal<\/li>\n<li>Gesti\u00f3 i organitzaci\u00f3 del viver forestal<\/li>\n<li>Gesti\u00f3 cineg\u00e8tica<\/li>\n<li>Gesti\u00f3 de la pesca continental<\/li>\n<li>Gesti\u00f3 de forests<\/li>\n<li>Gesti\u00f3 de la conservaci\u00f3 del medi natural<\/li>\n<li>Defensa contra incendis forestals<\/li>\n<li>Angl\u00e8s professional<\/li>\n<li>Digitalitzaci\u00f3 aplicada als sectors productius<\/li>\n<li>Sostenibilitat aplicada al sistema productiu<\/li>\n<li>Itinerari personal per a l&#8217;ocupabilitat I<\/li>\n<li>Itinerari personal per a l&#8217;ocupabilitat II<\/li>\n<li>Projecte intermodular<\/li>\n<li>Gesti\u00f3 forestal aplicada (optatiu escola)<\/li>\n<li>Abatiment i desembosc aplicats (optatiu escola)<\/li>\n<\/ul>\n<h1><span style=\"color: #008080;\">Formaci\u00f3 en Centres de Treball (FCT)<\/span><\/h1>\n<p>La realitzaci\u00f3 d\u2019aquest m\u00f2dul facilita a l\u2019alumnat un apropament al m\u00f3n laboral i a la seva futura professi\u00f3. D&#8217;aquesta manera, els estudiants s\u00f3n conscients dels requisits de formaci\u00f3 i de les compet\u00e8ncies professionals, personals i socials que estan associades als diferents llocs de treball.<\/p>\n<p>La Formaci\u00f3 en Centres de Treball (FCT) \u00e9s possible gr\u00e0cies a la col\u00b7laboraci\u00f3 d\u2019institucions d\u2019investigaci\u00f3 i d\u2019empreses del sector forestal i del medi natural que cada curs acullen alumnes de pr\u00e0ctiques. Per altra banda, l\u2019Escola Agr\u00e0ria del Solson\u00e8s, juntament amb el Servei de Formaci\u00f3 Agr\u00e0ria, fomenta l\u2019intercanvi d\u2019alumnes en pr\u00e0ctiques amb altres pa\u00efsos d\u2019Europa on tamb\u00e9 s\u2019imparteixen estudis forestals i del medi natural.<\/p>\n<h1 style=\"text-align: justify;\"><span style=\"color: #008000;\"><span style=\"color: #008080;\">Requisits d&#8217;acc\u00e9s<\/span><\/span><\/h1>\n<ul style=\"text-align: justify;\">\n<li>Batxillerat.<\/li>\n<li>T\u00edtol de qualsevol altre cicle formatiu de grau superior.<\/li>\n<li>T\u00edtol de t\u00e8cnic\/a de formaci\u00f3 professional o t\u00e8cnic\/a superior de formaci\u00f3 professional o t\u00e8cnic\/a especialista.<\/li>\n<li>Prova d\u2019acc\u00e9s als cicles formatius de grau superior.<\/li>\n<li>Prova d\u2019acc\u00e9s a la universitat per a majors de 25 anys.<\/li>\n<li>Qualsevol altra titulaci\u00f3 oficial de nivell superior.<\/li>\n<\/ul>\n<h1 style=\"text-align: justify;\"><span style=\"color: #008080;\">Durada<\/span><\/h1>\n<p style=\"text-align: justify;\">2.000 hores: 2 cursos.<\/p>\n<h1 style=\"text-align: justify;\"><span style=\"color: #008080;\">Entorn professional<\/span><\/h1>\n<ul>\n<li>Tractaments silv\u00edcoles<a href=\"https:\/\/agora.xtec.cat\/ecasolsones\/wp-content\/uploads\/usu1746\/2019\/10\/guanyadors-4-1.jpg\"><img loading=\"lazy\" decoding=\"async\" class=\"wp-image-629 alignright\" src=\"https:\/\/agora.xtec.cat\/ecasolsones\/wp-content\/uploads\/usu1746\/2019\/10\/guanyadors-4-1-1024x654.jpg\" alt=\"\" width=\"589\" height=\"376\" srcset=\"https:\/\/agora.xtec.cat\/ecasolsones\/wp-content\/uploads\/usu1746\/2019\/10\/guanyadors-4-1-1024x654.jpg 1024w, https:\/\/agora.xtec.cat\/ecasolsones\/wp-content\/uploads\/usu1746\/2019\/10\/guanyadors-4-1-300x192.jpg 300w, https:\/\/agora.xtec.cat\/ecasolsones\/wp-content\/uploads\/usu1746\/2019\/10\/guanyadors-4-1-768x491.jpg 768w, https:\/\/agora.xtec.cat\/ecasolsones\/wp-content\/uploads\/usu1746\/2019\/10\/guanyadors-4-1.jpg 1409w\" sizes=\"auto, (max-width: 589px) 100vw, 589px\" \/><\/a><\/li>\n<li>Aprofitaments forestals<\/li>\n<li>Inventaris forestals<\/li>\n<li>Repoblacions forestals<\/li>\n<li>Cartografia dels espais naturals<\/li>\n<li>Correccions hidrologicoforestals<\/li>\n<li>Prevenci\u00f3 i extinci\u00f3 d\u2019incendis forestals<\/li>\n<li>Lluita contra plagues i malalties forestals<\/li>\n<li>Construcci\u00f3 i manteniment de camins forestals<\/li>\n<li>Vivers forestals<\/li>\n<li>Gesti\u00f3 cineg\u00e8tica, reserves de ca\u00e7a i vedats<\/li>\n<li>Gesti\u00f3 pisc\u00edcola<\/li>\n<li>Parcs naturals<\/li>\n<li>Educador ambiental \/ monitor de natura<\/li>\n<\/ul>\n<h1 style=\"text-align: justify;\"><span style=\"color: #008080;\">Acc\u00e9s a altres cicles formatius<\/span><\/h1>\n<p style=\"text-align: justify;\">El t\u00edtol de T\u00e8cnic\/a Superior en Gesti\u00f3 Forestal i del Medi Natural permet l\u2019acc\u00e9s directe a qualsevol altre cicle formatiu de grau superior mitjan\u00e7ant la convalidaci\u00f3 de les unitats formatives i els m\u00f2duls comuns.<\/p>\n<h1 style=\"text-align: justify;\"><span style=\"color: #008080;\">Acc\u00e9s a estudis universitaris<\/span><\/h1>\n<p style=\"text-align: justify;\">El t\u00edtol de T\u00e8cnic\/a Superior en Gesti\u00f3 Forestal i del Medi Natural permet l\u2019acc\u00e9s directe als estudis universitaris de grau. Les universitats tenen establertes convalidacions de cr\u00e8dits entre els t\u00edtols dels cicles formatius superiors i els ensenyaments universitaris de grau.<\/p>\n<p><a class=\"button normal\" style=\"padding: 1em; font-weight: 400; margin: 0.1em; color: white !important; background-color: #92ae01;\" href=\"https:\/\/agora.xtec.cat\/ecasolsones\/wp-content\/uploads\/usu1746\/2025\/12\/Triptic_CFGS-GF_202526.pdf\" target=\"_blank\" rel=\"noopener noreferrer\">Descarrega&#8217;t el tr\u00edptic del CFGS<\/a><\/p>\n","protected":false},"excerpt":{"rendered":"<p>Aquests estudis capaciten l&#8217;alumnat per a programar, organitzar, supervisar i realitzar els treballs de gesti\u00f3 i conservaci\u00f3 dels boscos, la protecci\u00f3 i millora del medi natural i l&#8217;aprofitament i \u00fas sostenible dels recursos forestals, aplicant la normativa de prevenci\u00f3 de riscos laborals i de protecci\u00f3&hellip;  <a href=\"https:\/\/agora.xtec.cat\/ecasolsones\/cicles-formatius-de-grau-superior\/gestio-forestal\/\" title=\"Read CFGS Gesti\u00f3 Forestal i del Medi Natural\">Llegeix m\u00e9s\u00bb<\/a><\/p>\n","protected":false},"author":1,"featured_media":0,"parent":515,"menu_order":0,"comment_status":"closed","ping_status":"closed","template":"page-templates\/side-menu.php","meta":{"_bbp_topic_count":0,"_bbp_reply_count":0,"_bbp_total_topic_count":0,"_bbp_total_reply_count":0,"_bbp_voice_count":0,"_bbp_anonymous_reply_count":0,"_bbp_topic_count_hidden":0,"_bbp_reply_count_hidden":0,"_bbp_forum_subforum_count":0,"footnotes":""},"class_list":["post-520","page","type-page","status-publish","hentry"],"post_mailing_queue_ids":[],"_links":{"self":[{"href":"https:\/\/agora.xtec.cat\/ecasolsones\/wp-json\/wp\/v2\/pages\/520","targetHints":{"allow":["GET"]}}],"collection":[{"href":"https:\/\/agora.xtec.cat\/ecasolsones\/wp-json\/wp\/v2\/pages"}],"about":[{"href":"https:\/\/agora.xtec.cat\/ecasolsones\/wp-json\/wp\/v2\/types\/page"}],"author":[{"embeddable":true,"href":"https:\/\/agora.xtec.cat\/ecasolsones\/wp-json\/wp\/v2\/users\/1"}],"replies":[{"embeddable":true,"href":"https:\/\/agora.xtec.cat\/ecasolsones\/wp-json\/wp\/v2\/comments?post=520"}],"version-history":[{"count":7,"href":"https:\/\/agora.xtec.cat\/ecasolsones\/wp-json\/wp\/v2\/pages\/520\/revisions"}],"predecessor-version":[{"id":3301,"href":"https:\/\/agora.xtec.cat\/ecasolsones\/wp-json\/wp\/v2\/pages\/520\/revisions\/3301"}],"up":[{"embeddable":true,"href":"https:\/\/agora.xtec.cat\/ecasolsones\/wp-json\/wp\/v2\/pages\/515"}],"wp:attachment":[{"href":"https:\/\/agora.xtec.cat\/ecasolsones\/wp-json\/wp\/v2\/media?parent=520"}],"curies":[{"name":"wp","href":"https:\/\/api.w.org\/{rel}","templated":true}]}}