{"id":52,"date":"2014-09-17T16:58:07","date_gmt":"2014-09-17T14:58:07","guid":{"rendered":"http:\/\/agora.xtec.cat\/ecasolsones\/?page_id=52"},"modified":"2025-09-05T18:10:43","modified_gmt":"2025-09-05T16:10:43","slug":"calendari","status":"publish","type":"page","link":"https:\/\/agora.xtec.cat\/ecasolsones\/escola\/calendari\/","title":{"rendered":"Calendari EA Solson\u00e8s"},"content":{"rendered":"<p>El calendari del curs escolar 2025-26 es detalla a continuaci\u00f3. Hi podreu trobar els dies d&#8217;inici i final de curs, els festius i els per\u00edodes de vacances, aix\u00ed com el per\u00edode de recuperacions per als alumnes que tinguin assignatures suspeses.<\/p>\n<p><a href=\"https:\/\/agora.xtec.cat\/ecasolsones\/wp-content\/uploads\/usu1746\/2025\/09\/Captura.jpg\"><img loading=\"lazy\" decoding=\"async\" class=\"wp-image-3180 aligncenter\" src=\"https:\/\/agora.xtec.cat\/ecasolsones\/wp-content\/uploads\/usu1746\/2025\/09\/Captura.jpg\" alt=\"\" width=\"592\" height=\"342\" srcset=\"https:\/\/agora.xtec.cat\/ecasolsones\/wp-content\/uploads\/usu1746\/2025\/09\/Captura.jpg 552w, https:\/\/agora.xtec.cat\/ecasolsones\/wp-content\/uploads\/usu1746\/2025\/09\/Captura-300x173.jpg 300w\" sizes=\"auto, (max-width: 592px) 100vw, 592px\" \/><\/a><\/p>\n<div>Els horaris dels Cicles Formatius de Grau Superior (CFGS) que es desenvolupen a l&#8217;escola tenen la seg\u00fcent estructura:<\/div>\n<p>&nbsp;<\/p>\n<div><\/div>\n<div><\/div>\n<div><\/div>\n<div><a href=\"https:\/\/agora.xtec.cat\/ecasolsones\/wp-content\/uploads\/usu1746\/2020\/10\/horaris.jpg\"><img loading=\"lazy\" decoding=\"async\" class=\"wp-image-1121 aligncenter\" src=\"https:\/\/agora.xtec.cat\/ecasolsones\/wp-content\/uploads\/usu1746\/2020\/10\/horaris-300x123.jpg\" alt=\"\" width=\"444\" height=\"182\" srcset=\"https:\/\/agora.xtec.cat\/ecasolsones\/wp-content\/uploads\/usu1746\/2020\/10\/horaris-300x123.jpg 300w, https:\/\/agora.xtec.cat\/ecasolsones\/wp-content\/uploads\/usu1746\/2020\/10\/horaris.jpg 602w\" sizes=\"auto, (max-width: 444px) 100vw, 444px\" \/><\/a><\/div>\n<div><\/div>\n<p><img loading=\"lazy\" decoding=\"async\" class=\"wp-image-1125 alignleft\" src=\"https:\/\/agora.xtec.cat\/ecasolsones\/wp-content\/uploads\/usu1746\/2020\/10\/google-classroom-logo-1-300x232.png\" alt=\"\" width=\"148\" height=\"114\" srcset=\"https:\/\/agora.xtec.cat\/ecasolsones\/wp-content\/uploads\/usu1746\/2020\/10\/google-classroom-logo-1-300x232.png 300w, https:\/\/agora.xtec.cat\/ecasolsones\/wp-content\/uploads\/usu1746\/2020\/10\/google-classroom-logo-1-768x593.png 768w, https:\/\/agora.xtec.cat\/ecasolsones\/wp-content\/uploads\/usu1746\/2020\/10\/google-classroom-logo-1-1024x790.png 1024w, https:\/\/agora.xtec.cat\/ecasolsones\/wp-content\/uploads\/usu1746\/2020\/10\/google-classroom-logo-1.png 1831w\" sizes=\"auto, (max-width: 148px) 100vw, 148px\" \/><\/p>\n<div>L&#8217;alumnat podr\u00e0 consultar cada dijous, abans d&#8217;acabar el dia, els horaris de la setmana seg\u00fcent a trav\u00e9s de l&#8217;aplicaci\u00f3 <strong><em>Google Classroom<\/em><\/strong>.<\/div>\n<div><\/div>\n<div><\/div>\n<div style=\"width: 50%; float: left; padding: 2px; text-align: center;\"><\/div>\n<div style=\"width: 50%; float: left; padding: 2px; text-align: center;\"><\/div>\n","protected":false},"excerpt":{"rendered":"<p>El calendari del curs escolar 2025-26 es detalla a continuaci\u00f3. Hi podreu trobar els dies d&#8217;inici i final de curs, els festius i els per\u00edodes de vacances, aix\u00ed com el per\u00edode de recuperacions per als alumnes que tinguin assignatures suspeses.<br \/>\n<a href=\"https:\/\/agora.xtec.cat\/ecasolsones\/wp-content\/uploads\/usu1746\/2025\/09\/Captura.jpg\"><\/a><br \/>\nEls horaris dels Cicles Formatius&hellip;  <a href=\"https:\/\/agora.xtec.cat\/ecasolsones\/escola\/calendari\/\" title=\"Read Calendari EA Solson\u00e8s\">Llegeix m\u00e9s\u00bb<\/a><\/p>\n","protected":false},"author":1,"featured_media":0,"parent":19,"menu_order":5,"comment_status":"closed","ping_status":"closed","template":"page-templates\/side-menu.php","meta":{"_bbp_topic_count":0,"_bbp_reply_count":0,"_bbp_total_topic_count":0,"_bbp_total_reply_count":0,"_bbp_voice_count":0,"_bbp_anonymous_reply_count":0,"_bbp_topic_count_hidden":0,"_bbp_reply_count_hidden":0,"_bbp_forum_subforum_count":0,"footnotes":""},"class_list":["post-52","page","type-page","status-publish","hentry"],"post_mailing_queue_ids":[],"_links":{"self":[{"href":"https:\/\/agora.xtec.cat\/ecasolsones\/wp-json\/wp\/v2\/pages\/52","targetHints":{"allow":["GET"]}}],"collection":[{"href":"https:\/\/agora.xtec.cat\/ecasolsones\/wp-json\/wp\/v2\/pages"}],"about":[{"href":"https:\/\/agora.xtec.cat\/ecasolsones\/wp-json\/wp\/v2\/types\/page"}],"author":[{"embeddable":true,"href":"https:\/\/agora.xtec.cat\/ecasolsones\/wp-json\/wp\/v2\/users\/1"}],"replies":[{"embeddable":true,"href":"https:\/\/agora.xtec.cat\/ecasolsones\/wp-json\/wp\/v2\/comments?post=52"}],"version-history":[{"count":6,"href":"https:\/\/agora.xtec.cat\/ecasolsones\/wp-json\/wp\/v2\/pages\/52\/revisions"}],"predecessor-version":[{"id":3183,"href":"https:\/\/agora.xtec.cat\/ecasolsones\/wp-json\/wp\/v2\/pages\/52\/revisions\/3183"}],"up":[{"embeddable":true,"href":"https:\/\/agora.xtec.cat\/ecasolsones\/wp-json\/wp\/v2\/pages\/19"}],"wp:attachment":[{"href":"https:\/\/agora.xtec.cat\/ecasolsones\/wp-json\/wp\/v2\/media?parent=52"}],"curies":[{"name":"wp","href":"https:\/\/api.w.org\/{rel}","templated":true}]}}