{"id":518,"date":"2019-10-24T11:01:35","date_gmt":"2019-10-24T09:01:35","guid":{"rendered":"https:\/\/agora.xtec.cat\/ecasolsones\/?page_id=518"},"modified":"2026-04-12T12:16:11","modified_gmt":"2026-04-12T10:16:11","slug":"cursos","status":"publish","type":"page","link":"https:\/\/agora.xtec.cat\/ecasolsones\/formacio-continua\/cursos\/","title":{"rendered":"Cursos"},"content":{"rendered":"<p><a class=\"button normal\" style=\"padding: 1em; font-weight: 400; margin: 0.1em; color: white !important; background-color: #92ae01;\" href=\"https:\/\/forms.gle\/kdQFoZgip75SnhMF6\" target=\"_blank\" rel=\"noopener\">Preinscriu-te als cursos fent clic aqu\u00ed<\/a><\/p>\n<table style=\"width: 77.186%; height: 1440px;\">\n<tbody>\n<tr style=\"height: 32px;\">\n<td style=\"width: 71.0104%; height: 10px;\">\n<h5><strong>Nom del curs<\/strong><\/h5>\n<\/td>\n<td style=\"width: 9.60202%; height: 10px; text-align: center;\">\n<h5><strong>Hores<\/strong><\/h5>\n<\/td>\n<td style=\"width: 219.363%; height: 10px; text-align: center;\">\n<h5><strong>Dates<\/strong><\/h5>\n<\/td>\n<td style=\"width: 90.3652%; height: 10px; text-align: center;\">\n<h5><strong>Coordinaci\u00f3<\/strong><\/h5>\n<\/td>\n<td style=\"width: 86.9698%; height: 10px;\">\n<h5><strong>Preinscripci\u00f3<\/strong><\/h5>\n<\/td>\n<\/tr>\n<tr style=\"height: 49px;\">\n<td style=\"width: 71.0104%; height: 49px;\"><span style=\"color: #008000;\"><a style=\"color: #008000;\" href=\"https:\/\/agora.xtec.cat\/ecasolsones\/wp-content\/uploads\/usu1746\/2026\/02\/250211_FC_DUN.pdf\" target=\"_blank\" rel=\"noopener\">Curs pr\u00e0ctic de la DUN<\/a><\/span><\/td>\n<td style=\"width: 9.60202%; text-align: center; height: 49px;\"><span style=\"color: #999999;\">16 h<\/span><\/td>\n<td style=\"width: 219.363%; text-align: center; height: 49px;\"><span style=\"color: #999999;\">De l&#8217;11 de mar\u00e7 al 8 d&#8217;abril<\/span><\/td>\n<td style=\"width: 90.3652%; text-align: center; height: 49px;\"><span style=\"color: #999999;\">S\u00edlvia Domingo<\/span><\/td>\n<td style=\"width: 86.9698%; text-align: left; height: 49px;\"><span style=\"color: #999999;\">Preinscriu-t&#8217;hi<\/span><\/td>\n<\/tr>\n<tr style=\"height: 49px;\">\n<td style=\"width: 71.0104%; height: 49px;\"><span style=\"color: #008000;\"><a style=\"color: #008000;\" href=\"https:\/\/agora.xtec.cat\/ecasolsones\/wp-content\/uploads\/usu1746\/2026\/02\/260226_FC_Desembosc-amb-traccio-animal.pdf\" target=\"_blank\" rel=\"noopener\">Desembosc amb tracci\u00f3 animal\u00a0(Moi\u00e0)<\/a><\/span><\/td>\n<td style=\"width: 9.60202%; text-align: center; height: 49px;\"><span style=\"color: #999999;\">24 h<\/span><\/td>\n<td style=\"width: 219.363%; text-align: center; height: 49px;\"><span style=\"color: #999999;\">Del 16 al 18 de mar\u00e7<\/span><\/td>\n<td style=\"width: 90.3652%; text-align: center; height: 49px;\"><span style=\"color: #999999;\">Eduard Busquets<\/span><\/td>\n<td style=\"width: 86.9698%; height: 49px; text-align: left;\"><span style=\"color: #999999;\">Preinscriu-t&#8217;hi<\/span><\/td>\n<\/tr>\n<tr style=\"height: 64px;\">\n<td style=\"width: 71.0104%; height: 46px;\"><span style=\"color: #008000;\"><a style=\"color: #008000;\" href=\"https:\/\/agora.xtec.cat\/ecasolsones\/wp-content\/uploads\/usu1746\/2026\/02\/260210_FC_Cartell_curs_Motoserra_ECC12.pdf\" target=\"_blank\" rel=\"noopener\">Curs preparatori per a la certificaci\u00f3 europea de serra mec\u00e0nica ECC1-2<\/a><\/span><\/td>\n<td style=\"width: 9.60202%; height: 46px; text-align: center;\"><span style=\"color: #999999;\">35 h<\/span><\/td>\n<td style=\"width: 219.363%; height: 46px; text-align: center;\"><span style=\"color: #999999;\">Del 16 al 20 de mar\u00e7<\/span><\/td>\n<td style=\"width: 90.3652%; height: 46px; text-align: center;\"><span style=\"color: #999999;\">Eduard Busquets<\/span><\/td>\n<td style=\"width: 86.9698%; height: 46px; text-align: left;\"><span style=\"color: #999999;\">Preinscriu-t&#8217;hi<\/span><\/td>\n<\/tr>\n<tr style=\"height: 49px;\">\n<td style=\"width: 71.0104%; height: 49px;\"><span style=\"color: #000000;\"><a style=\"color: #000000;\" href=\"https:\/\/agora.xtec.cat\/ecasolsones\/wp-content\/uploads\/usu1746\/2026\/02\/Intelligencia-artificial.pdf\" target=\"_blank\" rel=\"noopener\">Intel\u00b7lig\u00e8ncia artificial aplicada al sector agroforestal: de la curiositat a l&#8217;\u00fas real<\/a><\/span><\/td>\n<td style=\"width: 9.60202%; text-align: center; height: 49px;\"><span style=\"color: #999999;\">12 h<\/span><\/td>\n<td style=\"width: 219.363%; text-align: center; height: 49px;\"><span style=\"color: #999999;\">Del 16 de mar\u00e7 al 13 d&#8217;abril<\/span><\/td>\n<td style=\"width: 90.3652%; text-align: center; height: 49px;\"><span style=\"color: #999999;\">Isabel Rovira<\/span><\/td>\n<td style=\"width: 86.9698%; height: 49px; text-align: left;\"><span style=\"color: #999999;\">Preinscriu-t&#8217;hi<\/span><\/td>\n<\/tr>\n<tr style=\"height: 65px;\">\n<td style=\"width: 71.0104%; height: 65px;\"><span style=\"color: #000000;\">Jardineria sostenible<\/span><\/td>\n<td style=\"width: 9.60202%; text-align: center; height: 65px;\">28 h<\/td>\n<td style=\"width: 219.363%; text-align: center; height: 65px;\"><em>Posposat al maig (dates pendents de concretar)<\/em><\/td>\n<td style=\"width: 90.3652%; text-align: center; height: 65px;\">M. Pilar Casas<\/td>\n<td style=\"width: 86.9698%; text-align: left; height: 65px;\"><span style=\"color: #008000;\"><a style=\"color: #008000;\" href=\"https:\/\/forms.gle\/kdQFoZgip75SnhMF6\" target=\"_blank\" rel=\"noopener\">Preinscriu-t&#8217;hi<\/a><\/span><\/td>\n<\/tr>\n<tr style=\"height: 49px;\">\n<td style=\"width: 71.0104%; height: 49px;\"><span style=\"color: #008000;\"><a style=\"color: #008000;\" href=\"https:\/\/agora.xtec.cat\/ecasolsones\/wp-content\/uploads\/usu1746\/2026\/03\/260310_FC_Curs-Basic-de-pedra-seca.pdf\" target=\"_blank\" rel=\"noopener\">Curs b\u00e0sic de pedra seca<\/a><\/span><\/td>\n<td style=\"width: 9.60202%; text-align: center; height: 49px;\"><span style=\"color: #808080;\">30 h<\/span><\/td>\n<td style=\"width: 219.363%; height: 49px; text-align: center;\"><span style=\"color: #808080;\">Del 9 al 20 d&#8217;abril<\/span><\/td>\n<td style=\"width: 90.3652%; text-align: center; height: 49px;\"><span style=\"color: #808080;\">Arnau Caziu<\/span><\/td>\n<td style=\"width: 86.9698%; height: 49px;\"><span style=\"color: #808080;\">Preinscriu-t&#8217;hi<\/span><\/td>\n<\/tr>\n<tr style=\"height: 49px;\">\n<td style=\"width: 71.0104%; height: 49px;\"><span style=\"color: #008000;\"><a style=\"color: #008000;\" href=\"https:\/\/agora.xtec.cat\/ecasolsones\/wp-content\/uploads\/usu1746\/2026\/03\/260309_FC_Sanitat-i-higiene-de-carn-silvestre-de-caca.pdf\" target=\"_blank\" rel=\"noopener\">Sanitat i higiene de carn silvestre de ca\u00e7a<\/a><\/span><\/td>\n<td style=\"width: 9.60202%; text-align: center; height: 49px;\"><span style=\"color: #808080;\">7 h<\/span><\/td>\n<td style=\"width: 219.363%; text-align: center; height: 49px;\"><span style=\"color: #808080;\">11 d&#8217;abril<\/span><\/td>\n<td style=\"width: 90.3652%; text-align: center; height: 49px;\"><span style=\"color: #808080;\">Eva Viladrich<\/span><\/td>\n<td style=\"width: 86.9698%; text-align: left; height: 49px;\"><span style=\"color: #808080;\">Preinscriu-t&#8217;hi<\/span><\/td>\n<\/tr>\n<tr style=\"height: 65px;\">\n<td style=\"width: 71.0104%; height: 65px;\"><span style=\"color: #000000;\">Recursos per a la gesti\u00f3 empresarial agr\u00e0ria<\/span><\/td>\n<td style=\"width: 9.60202%; text-align: center; height: 65px;\">21 h<\/td>\n<td style=\"width: 219.363%; text-align: center; height: 65px;\">Del 15 d&#8217;abril al 20 de maig<\/td>\n<td style=\"width: 90.3652%; text-align: center; height: 65px;\">S\u00edlvia Domingo<\/td>\n<td style=\"width: 86.9698%; text-align: left; height: 65px;\"><span style=\"color: #008000;\"><a style=\"color: #008000;\" href=\"https:\/\/forms.gle\/kdQFoZgip75SnhMF6\" target=\"_blank\" rel=\"noopener\">Preinscriu-t&#8217;hi<\/a><\/span><\/td>\n<\/tr>\n<tr style=\"height: 49px;\">\n<td style=\"width: 71.0104%; height: 49px;\"><span style=\"color: #008000;\"><a style=\"color: #008000;\" href=\"https:\/\/agora.xtec.cat\/ecasolsones\/wp-content\/uploads\/usu1746\/2026\/03\/260318_FC_Sanitat-i-higiene-de-carn-silvestre-de-caca.pdf\" target=\"_blank\" rel=\"noopener\">Sanitat i higiene de carn silvestre de ca\u00e7a (Berga)<\/a><\/span><\/td>\n<td style=\"width: 9.60202%; text-align: center; height: 49px;\">7 h<\/td>\n<td style=\"width: 219.363%; text-align: center; height: 49px;\">18 d&#8217;abril<\/td>\n<td style=\"width: 90.3652%; text-align: center; height: 49px;\">Eva Viladrich<\/td>\n<td style=\"width: 86.9698%; text-align: left; height: 49px;\"><span style=\"color: #008000;\"><a style=\"color: #008000;\" href=\"https:\/\/forms.gle\/kdQFoZgip75SnhMF6\" target=\"_blank\" rel=\"noopener\">Preinscriu-t&#8217;hi<\/a><\/span><\/td>\n<\/tr>\n<tr style=\"height: 65px;\">\n<td style=\"width: 71.0104%; height: 65px;\"><span style=\"color: #000000;\">PRL al sector forestal<\/span><\/td>\n<td style=\"width: 9.60202%; text-align: center; height: 65px;\">30 h<\/td>\n<td style=\"width: 219.363%; text-align: center; height: 65px;\"><em>Pendent de concretar<\/em><\/td>\n<td style=\"width: 90.3652%; text-align: center; height: 65px;\">Eduard Busquets<\/td>\n<td style=\"width: 86.9698%; text-align: left; height: 65px;\"><span style=\"color: #008000;\"><a style=\"color: #008000;\" href=\"https:\/\/forms.gle\/kdQFoZgip75SnhMF6\" target=\"_blank\" rel=\"noopener\">Preinscriu-t&#8217;hi<\/a><\/span><\/td>\n<\/tr>\n<tr style=\"height: 65px;\">\n<td style=\"width: 71.0104%; height: 65px;\"><span style=\"color: #000000;\">Qualificaci\u00f3 per executar accions de control poblacional d&#8217;esp\u00e8cies cineg\u00e8tiques<\/span><\/td>\n<td style=\"width: 9.60202%; text-align: center; height: 65px;\">15 h<\/td>\n<td style=\"width: 219.363%; text-align: center; height: 65px;\">Del 4 al 29 de maig<\/td>\n<td style=\"width: 90.3652%; text-align: center; height: 65px;\">Enric Sala<\/td>\n<td style=\"width: 86.9698%; text-align: left; height: 65px;\"><span style=\"color: #008000;\"><a style=\"color: #008000;\" href=\"https:\/\/forms.gle\/kdQFoZgip75SnhMF6\" target=\"_blank\" rel=\"noopener\">Preinscriu-t&#8217;hi<\/a><\/span><\/td>\n<\/tr>\n<tr style=\"height: 65px;\">\n<td style=\"width: 71.0104%; height: 65px;\"><span style=\"color: #000000;\">Curs b\u00e0sic d&#8217;horticultura ecol\u00f2gica<\/span><\/td>\n<td style=\"width: 9.60202%; text-align: center; height: 65px;\">30 h<\/td>\n<td style=\"width: 219.363%; text-align: center; height: 65px;\">Del 8 de maig al 12 de juny<\/td>\n<td style=\"width: 90.3652%; text-align: center; height: 65px;\">Jordi Cepero<\/td>\n<td style=\"width: 86.9698%; text-align: left; height: 65px;\"><span style=\"color: #008000;\"><a style=\"color: #008000;\" href=\"https:\/\/forms.gle\/kdQFoZgip75SnhMF6\" target=\"_blank\" rel=\"noopener\">Preinscriu-t&#8217;hi<\/a><\/span><\/td>\n<\/tr>\n<tr style=\"height: 49px;\">\n<td style=\"width: 71.0104%; height: 49px;\"><span style=\"color: #000000;\">Curs b\u00e0sic d&#8217;apicultura<\/span><\/td>\n<td style=\"width: 9.60202%; text-align: center; height: 49px;\">30 h<\/td>\n<td style=\"width: 219.363%; text-align: center; height: 49px;\">Del 9 de maig al 13 de juny<\/td>\n<td style=\"width: 90.3652%; text-align: center; height: 49px;\">Arnau Caziu<\/td>\n<td style=\"width: 86.9698%; text-align: left; height: 49px;\"><span style=\"color: #008000;\"><a style=\"color: #008000;\" href=\"https:\/\/forms.gle\/kdQFoZgip75SnhMF6\" target=\"_blank\" rel=\"noopener\">Preinscriu-t&#8217;hi<\/a><\/span><\/td>\n<\/tr>\n<tr style=\"height: 49px;\">\n<td style=\"width: 71.0104%; height: 49px;\"><span style=\"color: #000000;\">Curs preparatori per a la\u00a0certificaci\u00f3 europea de desbrossadora (EBC)<\/span><\/td>\n<td style=\"width: 9.60202%; text-align: center; height: 49px;\">15 h<\/td>\n<td style=\"width: 219.363%; text-align: center; height: 49px;\">12 i 13 de maig<\/td>\n<td style=\"width: 90.3652%; text-align: center; height: 49px;\">Eduard Busquets<\/td>\n<td style=\"width: 86.9698%; text-align: left; height: 49px;\"><span style=\"color: #008000;\"><a style=\"color: #008000;\" href=\"https:\/\/forms.gle\/kdQFoZgip75SnhMF6\" target=\"_blank\" rel=\"noopener\">Preinscriu-t&#8217;hi<\/a><\/span><\/td>\n<\/tr>\n<tr style=\"height: 49px;\">\n<td style=\"width: 71.0104%; height: 49px;\"><span style=\"color: #000000;\">Curs preparatori per a la certificaci\u00f3 europea de serra mec\u00e0nica ECC1-2 (Bellestar)<\/span><\/td>\n<td style=\"width: 9.60202%; text-align: center; height: 49px;\">35 h<\/td>\n<td style=\"width: 219.363%; text-align: center; height: 49px;\">Del 18 al 22 de maig<\/td>\n<td style=\"width: 90.3652%; text-align: center; height: 49px;\">Pau Vericat<\/td>\n<td style=\"width: 86.9698%; text-align: left; height: 49px;\"><span style=\"color: #008000;\"><a style=\"color: #008000;\" href=\"https:\/\/forms.gle\/kdQFoZgip75SnhMF6\" target=\"_blank\" rel=\"noopener\">Preinscriu-t&#8217;hi<\/a><\/span><\/td>\n<\/tr>\n<tr style=\"height: 49px;\">\n<td style=\"width: 71.0104%; height: 49px;\"><span style=\"color: #000000;\">Captura en viu d&#8217;esp\u00e8cies cineg\u00e8tiques depredadores<\/span><\/td>\n<td style=\"width: 9.60202%; text-align: center; height: 49px;\">20 h<\/td>\n<td style=\"width: 219.363%; text-align: center; height: 49px;\">Del 22 al 30 de maig<\/td>\n<td style=\"width: 90.3652%; text-align: center; height: 49px;\">Pau Vericat<\/td>\n<td style=\"width: 86.9698%; height: 49px; text-align: left;\"><span style=\"color: #008000;\"><a style=\"color: #008000;\" href=\"https:\/\/forms.gle\/kdQFoZgip75SnhMF6\" target=\"_blank\" rel=\"noopener\">Preinscriu-t&#8217;hi<\/a><\/span><\/td>\n<\/tr>\n<tr>\n<td style=\"width: 71.0104%;\"><span style=\"color: #008000;\"><a style=\"color: #008000;\" href=\"https:\/\/agora.xtec.cat\/ecasolsones\/wp-content\/uploads\/usu1746\/2026\/04\/260402_FC_Sanitat-i-higiene-de-carn-silvestre-de-caca.pdf\" target=\"_blank\" rel=\"noopener\">Sanitat i higiene de carn silvestre de ca\u00e7a (Prats de Llu\u00e7an\u00e8s)<\/a><\/span><\/td>\n<td style=\"width: 9.60202%; text-align: center;\">7 h<\/td>\n<td style=\"width: 219.363%; text-align: center;\">23 de maig<\/td>\n<td style=\"width: 90.3652%; text-align: center;\">Eva Viladrich<\/td>\n<td style=\"width: 86.9698%; text-align: left;\"><span style=\"color: #008000;\"><a style=\"color: #008000;\" href=\"https:\/\/forms.gle\/kdQFoZgip75SnhMF6\" target=\"_blank\" rel=\"noopener\">Preinscriu-t&#8217;hi<\/a><\/span><\/td>\n<\/tr>\n<tr style=\"height: 32px;\">\n<td style=\"width: 71.0104%; height: 32px;\"><span style=\"color: #000000;\"><em>Coaching<\/em> per a dones rurals<\/span><\/td>\n<td style=\"width: 9.60202%; text-align: center; height: 32px;\">20 h<\/td>\n<td style=\"width: 219.363%; height: 32px; text-align: center;\">Del 2 de juny al 7 de juliol<\/td>\n<td style=\"width: 90.3652%; height: 32px; text-align: center;\">S\u00edlvia Domingo<\/td>\n<td style=\"width: 86.9698%; height: 32px;\"><span style=\"color: #008000;\"><a style=\"color: #008000;\" href=\"https:\/\/forms.gle\/kdQFoZgip75SnhMF6\" target=\"_blank\" rel=\"noopener\">Preinscriu-t&#8217;hi<\/a><\/span><\/td>\n<\/tr>\n<tr style=\"height: 49px;\">\n<td style=\"width: 71.0104%; height: 49px;\"><span style=\"color: #000000;\">Consulta i maneig d&#8217;informaci\u00f3 LIDAR aplicada a la planificaci\u00f3 forestal<\/span><\/td>\n<td style=\"width: 9.60202%; text-align: center; height: 49px;\">34 h<\/td>\n<td style=\"width: 219.363%; text-align: center; height: 49px;\">Del 8 al 15 de juny<\/td>\n<td style=\"width: 90.3652%; text-align: center; height: 49px;\">Eduard Busquets<\/td>\n<td style=\"width: 86.9698%; height: 49px;\"><span style=\"color: #008000;\"><a style=\"color: #008000;\" href=\"https:\/\/forms.gle\/kdQFoZgip75SnhMF6\" target=\"_blank\" rel=\"noopener\">Preinscriu-t&#8217;hi<\/a><\/span><\/td>\n<\/tr>\n<tr style=\"height: 65px;\">\n<td style=\"width: 71.0104%; height: 65px;\"><span style=\"color: #000000;\">Qualificaci\u00f3 per executar accions de control poblacional d&#8217;esp\u00e8cies cineg\u00e8tiques<\/span><\/td>\n<td style=\"width: 9.60202%; text-align: center; height: 65px;\">15 h<\/td>\n<td style=\"width: 219.363%; text-align: center; height: 65px;\">De l&#8217;1 al 30 d&#8217;octubre<\/td>\n<td style=\"width: 90.3652%; text-align: center; height: 65px;\">Enric Sala<\/td>\n<td style=\"width: 86.9698%; height: 65px; text-align: left;\"><span style=\"color: #008000;\"><a style=\"color: #008000;\" href=\"https:\/\/forms.gle\/kdQFoZgip75SnhMF6\" target=\"_blank\" rel=\"noopener\">Preinscriu-t&#8217;hi<\/a><\/span><\/td>\n<\/tr>\n<tr style=\"height: 33px;\">\n<td style=\"width: 71.0104%; height: 33px;\"><span style=\"color: #000000;\">Curs pr\u00e0ctic sobre el Quadern Integrat d&#8217;Explotaci\u00f3<\/span><\/td>\n<td style=\"width: 9.60202%; text-align: center; height: 33px;\">8 h<\/td>\n<td style=\"width: 219.363%; height: 33px; text-align: center;\">Del 7 al 21 d&#8217;octubre<\/td>\n<td style=\"width: 90.3652%; text-align: center; height: 33px;\">S\u00edlvia Domingo<\/td>\n<td style=\"width: 86.9698%; height: 33px; text-align: left;\"><span style=\"color: #008000;\"><a style=\"color: #008000;\" href=\"https:\/\/forms.gle\/kdQFoZgip75SnhMF6\" target=\"_blank\" rel=\"noopener\">Preinscriu-t&#8217;hi<\/a><\/span><\/td>\n<\/tr>\n<tr style=\"height: 65px;\">\n<td style=\"width: 71.0104%; height: 65px;\"><span style=\"color: #000000;\">Curs per al personal que treballa en granges porcines<\/span><\/td>\n<td style=\"width: 9.60202%; text-align: center; height: 65px;\">10 h<\/td>\n<td style=\"width: 219.363%; text-align: center; height: 65px;\">Del 8 al 22 d&#8217;octubre<\/td>\n<td style=\"width: 90.3652%; text-align: center; height: 65px;\">Alba Reguant<\/td>\n<td style=\"width: 86.9698%; height: 65px; text-align: left;\"><span style=\"color: #008000;\"><a style=\"color: #008000;\" href=\"https:\/\/forms.gle\/kdQFoZgip75SnhMF6\" target=\"_blank\" rel=\"noopener\">Preinscriu-t&#8217;hi<\/a><\/span><\/td>\n<\/tr>\n<tr style=\"height: 49px;\">\n<td style=\"width: 71.0104%; height: 49px;\"><span style=\"color: #000000;\">Taller per a dones: unitats avan\u00e7ades de mec\u00e0nica<\/span><\/td>\n<td style=\"width: 9.60202%; text-align: center; height: 49px;\">24 h<\/td>\n<td style=\"width: 219.363%; text-align: center; height: 49px;\">Del 8 d&#8217;octubre al 12 de novembre<\/td>\n<td style=\"width: 90.3652%; text-align: center; height: 49px;\">Yolanda Ballesp\u00ed<\/td>\n<td style=\"width: 86.9698%; height: 49px; text-align: left;\"><span style=\"color: #008000;\"><a style=\"color: #008000;\" href=\"https:\/\/forms.gle\/kdQFoZgip75SnhMF6\" target=\"_blank\" rel=\"noopener\">Preinscriu-t&#8217;hi<\/a><\/span><\/td>\n<\/tr>\n<tr style=\"height: 33px;\">\n<td style=\"width: 71.0104%; height: 33px;\"><span style=\"color: #000000;\">Primers auxilis al sector forestal<\/span><\/td>\n<td style=\"width: 9.60202%; text-align: center; height: 33px;\">30 h<\/td>\n<td style=\"width: 219.363%; text-align: center; height: 33px;\">Del 9 al 31 d&#8217;octubre<\/td>\n<td style=\"width: 90.3652%; text-align: center; height: 33px;\">Eduard Busquets<\/td>\n<td style=\"width: 86.9698%; height: 33px; text-align: left;\"><span style=\"color: #008000;\"><a style=\"color: #008000;\" href=\"https:\/\/forms.gle\/kdQFoZgip75SnhMF6\" target=\"_blank\" rel=\"noopener\">Preinscriu-t&#8217;hi<\/a><\/span><\/td>\n<\/tr>\n<tr style=\"height: 65px;\">\n<td style=\"width: 71.0104%; height: 65px;\"><span style=\"color: #000000;\">Curs pr\u00e0ctic sobre el Quadern Integrat d&#8217;Explotaci\u00f3 (Berga)<\/span><\/td>\n<td style=\"width: 9.60202%; text-align: center; height: 65px;\">8 h<\/td>\n<td style=\"width: 219.363%; text-align: center; height: 65px;\">Del 28 d&#8217;octubre a l&#8217;11 de novembre<\/td>\n<td style=\"width: 90.3652%; text-align: center; height: 65px;\">S\u00edlvia Domingo<\/td>\n<td style=\"width: 86.9698%; height: 65px; text-align: left;\"><span style=\"color: #008000;\"><a style=\"color: #008000;\" href=\"https:\/\/forms.gle\/kdQFoZgip75SnhMF6\" target=\"_blank\" rel=\"noopener\">Preinscriu-t&#8217;hi<\/a><\/span><\/td>\n<\/tr>\n<tr style=\"height: 65px;\">\n<td style=\"width: 71.0104%; height: 65px;\"><span style=\"color: #000000;\">Cuina amb carn de ca\u00e7a<\/span><\/td>\n<td style=\"width: 9.60202%; text-align: center; height: 65px;\">16 h<\/td>\n<td style=\"width: 219.363%; text-align: center; height: 65px;\">Del 4 al 25 de novembre<\/td>\n<td style=\"width: 90.3652%; text-align: center; height: 65px;\">Enric Sala<\/td>\n<td style=\"width: 86.9698%; height: 65px; text-align: left;\"><span style=\"color: #008000;\"><a style=\"color: #008000;\" href=\"https:\/\/forms.gle\/kdQFoZgip75SnhMF6\" target=\"_blank\" rel=\"noopener\">Preinscriu-t&#8217;hi<\/a><\/span><\/td>\n<\/tr>\n<tr style=\"height: 33px;\">\n<td style=\"width: 71.0104%; height: 33px;\"><span style=\"color: #000000;\">Curs per al personal que treballa en granges porcines<\/span><\/td>\n<td style=\"width: 9.60202%; text-align: center; height: 33px;\">10 h<\/td>\n<td style=\"width: 219.363%; height: 33px; text-align: center;\">Del 5 al 19 de novembre<\/td>\n<td style=\"width: 90.3652%; text-align: center; height: 33px;\">Alba Reguant<\/td>\n<td style=\"width: 86.9698%; height: 33px; text-align: left;\"><span style=\"color: #008000;\"><a style=\"color: #008000;\" href=\"https:\/\/forms.gle\/kdQFoZgip75SnhMF6\" target=\"_blank\" rel=\"noopener\">Preinscriu-t&#8217;hi<\/a><\/span><\/td>\n<\/tr>\n<\/tbody>\n<\/table>\n<p>Els cursos de l&#8217;escola estan adre\u00e7ats a <strong>treballadors i treballadores en actiu<\/strong>, preferentment del sector agrari, ramader, forestal o rural. Puntualment i, en el cas que hi hagi places disponibles, s&#8217;acceptaran persones que no estiguin en actiu o d&#8217;altres sectors.<\/p>\n<p>Per a la celebraci\u00f3 del curs caldr\u00e0 un m\u00ednim de persones preinscrites. Unes setmanes abans de l&#8217;inici del curs el coordinador\/a es posar\u00e0 en contacte amb els participants per informar-los del procediment de matr\u00edcula i pagament. Si es tenen dubtes, es pot contactar amb el coordinador\/a del curs.<\/p>\n<p><strong>R\u00e8gim general<\/strong><br \/>\nEls preus venen regulats segons l\u2019<a href=\"https:\/\/portaldogc.gencat.cat\/utilsEADOP\/PDF\/8640\/1899282.pdf\" target=\"_blank\" rel=\"noopener\">Ordre ACC\/54\/2022, de 30 de mar\u00e7, de creaci\u00f3 dels preus p\u00fablics de les escoles agr\u00e0ries<\/a>.<\/p>\n<p><strong>Certificats d&#8217;assist\u00e8ncia<br \/>\n<\/strong>En els <strong>cursos presencials<\/strong> es lliuraran certificats d\u2019assist\u00e8ncia als alumnes que hagin assistit a un <strong>m\u00ednim del 80%<\/strong> de les hores programades. Pel que fa als <strong>cursos semipresencials<\/strong>, caldr\u00e0 assistir a un <strong>m\u00ednim del 90%<\/strong> de les hores presencials i dur a terme les activitats proposades per a les hores no presencials.<\/p>\n<p><a href=\"https:\/\/agora.xtec.cat\/ecasolsones\/wp-content\/uploads\/usu1746\/2026\/01\/WEB-EAS_cursos2026.jpg\"><img loading=\"lazy\" decoding=\"async\" class=\"alignleft size-large wp-image-3357\" src=\"https:\/\/agora.xtec.cat\/ecasolsones\/wp-content\/uploads\/usu1746\/2026\/01\/WEB-EAS_cursos2026-1024x465.jpg\" alt=\"\" width=\"1024\" height=\"465\" srcset=\"https:\/\/agora.xtec.cat\/ecasolsones\/wp-content\/uploads\/usu1746\/2026\/01\/WEB-EAS_cursos2026-1024x465.jpg 1024w, https:\/\/agora.xtec.cat\/ecasolsones\/wp-content\/uploads\/usu1746\/2026\/01\/WEB-EAS_cursos2026-300x136.jpg 300w, https:\/\/agora.xtec.cat\/ecasolsones\/wp-content\/uploads\/usu1746\/2026\/01\/WEB-EAS_cursos2026-768x349.jpg 768w, https:\/\/agora.xtec.cat\/ecasolsones\/wp-content\/uploads\/usu1746\/2026\/01\/WEB-EAS_cursos2026-1536x698.jpg 1536w, https:\/\/agora.xtec.cat\/ecasolsones\/wp-content\/uploads\/usu1746\/2026\/01\/WEB-EAS_cursos2026-2048x931.jpg 2048w\" sizes=\"auto, (max-width: 1024px) 100vw, 1024px\" \/><\/a><\/p>\n<p>&nbsp;<\/p>\n","protected":false},"excerpt":{"rendered":"<p><a class=\"button normal\" style=\"padding: 1em; font-weight: 400; margin: 0.1em; color: white !important; background-color: #92ae01;\" href=\"https:\/\/forms.gle\/kdQFoZgip75SnhMF6\" target=\"_blank\" rel=\"noopener\">Preinscriu-te als cursos fent clic aqu\u00ed<\/a><\/p>\n<p>Nom del curs<\/p>\n<p>Hores<\/p>\n<p>Dates<\/p>\n<p>Coordinaci\u00f3<\/p>\n<p>Preinscripci\u00f3<\/p>\n<p><a style=\"color: #008000;\" href=\"https:\/\/agora.xtec.cat\/ecasolsones\/wp-content\/uploads\/usu1746\/2026\/02\/250211_FC_DUN.pdf\" target=\"_blank\" rel=\"noopener\">Curs pr\u00e0ctic de la DUN<\/a><br \/>\n16 h<br \/>\nDe l&#8217;11 de mar\u00e7 al 8 d&#8217;abril<br \/>\nS\u00edlvia Domingo<br \/>\nPreinscriu-t&#8217;hi<\/p>\n<p><a style=\"color: #008000;\" href=\"https:\/\/agora.xtec.cat\/ecasolsones\/wp-content\/uploads\/usu1746\/2026\/02\/260226_FC_Desembosc-amb-traccio-animal.pdf\" target=\"_blank\"&hellip;  <a href=\"https:\/\/agora.xtec.cat\/ecasolsones\/formacio-continua\/cursos\/\" title=\"Read Cursos\">Llegeix m\u00e9s\u00bb<\/a><\/p>\n","protected":false},"author":1,"featured_media":0,"parent":517,"menu_order":0,"comment_status":"closed","ping_status":"closed","template":"page-templates\/side-menu.php","meta":{"_bbp_topic_count":0,"_bbp_reply_count":0,"_bbp_total_topic_count":0,"_bbp_total_reply_count":0,"_bbp_voice_count":0,"_bbp_anonymous_reply_count":0,"_bbp_topic_count_hidden":0,"_bbp_reply_count_hidden":0,"_bbp_forum_subforum_count":0,"footnotes":""},"class_list":["post-518","page","type-page","status-publish","hentry"],"post_mailing_queue_ids":[],"_links":{"self":[{"href":"https:\/\/agora.xtec.cat\/ecasolsones\/wp-json\/wp\/v2\/pages\/518","targetHints":{"allow":["GET"]}}],"collection":[{"href":"https:\/\/agora.xtec.cat\/ecasolsones\/wp-json\/wp\/v2\/pages"}],"about":[{"href":"https:\/\/agora.xtec.cat\/ecasolsones\/wp-json\/wp\/v2\/types\/page"}],"author":[{"embeddable":true,"href":"https:\/\/agora.xtec.cat\/ecasolsones\/wp-json\/wp\/v2\/users\/1"}],"replies":[{"embeddable":true,"href":"https:\/\/agora.xtec.cat\/ecasolsones\/wp-json\/wp\/v2\/comments?post=518"}],"version-history":[{"count":6,"href":"https:\/\/agora.xtec.cat\/ecasolsones\/wp-json\/wp\/v2\/pages\/518\/revisions"}],"predecessor-version":[{"id":3476,"href":"https:\/\/agora.xtec.cat\/ecasolsones\/wp-json\/wp\/v2\/pages\/518\/revisions\/3476"}],"up":[{"embeddable":true,"href":"https:\/\/agora.xtec.cat\/ecasolsones\/wp-json\/wp\/v2\/pages\/517"}],"wp:attachment":[{"href":"https:\/\/agora.xtec.cat\/ecasolsones\/wp-json\/wp\/v2\/media?parent=518"}],"curies":[{"name":"wp","href":"https:\/\/api.w.org\/{rel}","templated":true}]}}