{"id":46,"date":"2014-09-17T16:53:45","date_gmt":"2014-09-17T16:53:45","guid":{"rendered":"http:\/\/agora.xtec.cat\/ecasolsones\/?page_id=46"},"modified":"2024-05-07T08:22:40","modified_gmt":"2024-05-07T06:22:40","slug":"qualitat","status":"publish","type":"page","link":"https:\/\/agora.xtec.cat\/ecasolsones\/escola\/qualitat\/","title":{"rendered":"Qualitat i medi ambient"},"content":{"rendered":"<h4 style=\"text-align: justify;\">EL SISTEMA DE GESTI\u00d3 INTEGRAT (SGI)<\/h4>\n<p style=\"text-align: justify;\">La qualitat ha estat i continua sent un element dinamitzador inq\u00fcestionable al centre, at\u00e8s que ha afavorit la recerca de noves vies de promoci\u00f3 de l\u2019aprenentatge i del desenvolupament i la formaci\u00f3 del nostre alumnat i de la comunitat educativa. Per aix\u00f2, el sistema de gesti\u00f3 de l\u2019escola es basa en la <span style=\"color: #008000;\"><strong><a style=\"color: #008000;\" href=\"https:\/\/agora.xtec.cat\/ecasolsones\/escola\/qualitat\/sostenibilitat-ea\/\">gesti\u00f3 ambiental<\/a><\/strong><\/span> i la integraci\u00f3 de la qualitat, acreditada amb la norma UNE-EN <a href=\"https:\/\/agora.xtec.cat\/ecasolsones\/wp-content\/uploads\/usu1746\/2024\/05\/9001-CAT-ESCOLA-AGRARIA-DEL-SOLSONES_signed.pdf\" target=\"_blank\" rel=\"noopener\"><strong>ISO 9001:2015<\/strong><\/a> i la norma UNE-EN <a href=\"https:\/\/agora.xtec.cat\/ecasolsones\/wp-content\/uploads\/usu1746\/2024\/05\/14001-CAT-ESCOLA-AGRARIA-DEL-SOLSONES_signed.pdf\" target=\"_blank\" rel=\"noopener\"><strong>ISO 14001:2015<\/strong><\/a>.<\/p>\n<h4>Pol\u00edtica de qualitat i ambiental<\/h4>\n<p>L\u2019actuaci\u00f3 de l\u2019escola, d\u2019acord amb el projecte educatiu del centre, est\u00e0 dirigida a:<\/p>\n<ul>\n<li>Contribuir a la qualificaci\u00f3 professional de les persones que volen desenvolupar o desenvolupen la seva activitat en el sector rural, agrari, ramader i forestal.<\/li>\n<li>Desenvolupar i implicar el conjunt de l\u2019equip hum\u00e0 que forma part de l\u2019escola per tal d\u2019assegurar un alt nivell de satisfacci\u00f3 de tota la comunitat educativa.<\/li>\n<li>Fomentar la millora cont\u00ednua de les activitats i els serveis que es desenvolupen a l\u2019escola i del sistema de gesti\u00f3 integrat de qualitat i gesti\u00f3 ambiental.<\/li>\n<li>Promoure la protecci\u00f3 i el respecte al medi ambient en totes les activitats de l\u2019escola i fomentar una gesti\u00f3 sostenible dels recursos i del medi natural, aix\u00ed com l\u2019adaptaci\u00f3 i mitigaci\u00f3 del canvi clim\u00e0tic.<\/li>\n<\/ul>\n<p>El comprom\u00eds amb la qualitat i el medi ambient afecta tota l\u2019organitzaci\u00f3, i la millora cont\u00ednua \u00e9s una responsabilitat de tot l\u2019equip professional del centre.<\/p>\n<p>L\u2019equip directiu vetlla perqu\u00e8 la pol\u00edtica del <strong>Sistema de Gesti\u00f3 Integrat<\/strong> sigui compresa dins l\u2019organitzaci\u00f3 i d\u2019aquesta manera s\u2019assoleixen els objectius de la qualitat i ambientals. Aquests objectius s\u2019aniran revisant de forma continuada igual que la pol\u00edtica de qualitat i ambiental per tal d&#8217;adaptar-se a noves situacions.<\/p>\n<p>L\u2019escola es compromet a complir els requisits legals i reglamentaris que apliquin.<\/p>\n<p style=\"text-align: right;\"><em>Pol\u00edtica actualitzada el gener del 2024<\/em><\/p>\n<h2>Abast del sistema de gesti\u00f3 integrat<\/h2>\n<p>El sistema de gesti\u00f3 de la qualitat que l\u2019Escola Agr\u00e0ria del Solson\u00e8s t\u00e9 el seg\u00fcent <u>abast<\/u> quant a servei:<\/p>\n<ul>\n<li><strong><em>Ensenyament \/ aprenentatge de l\u2019alumnat en formaci\u00f3 inicial: formaci\u00f3 professional<\/em><\/strong><\/li>\n<li><strong><em>Ensenyament \/ aprenentatge de l\u2019alumnat en formaci\u00f3 permanent<\/em><\/strong><\/li>\n<li><strong><em>Disseny d\u2019activitats de formaci\u00f3 cont\u00ednua<\/em><\/strong><\/li>\n<\/ul>\n<p>L\u2019abast del sistema de gesti\u00f3 ambiental inclou tant els serveis de l\u2019escola com les seves instal\u00b7lacions.<\/p>\n<p><em style=\"text-align: right;\"><a style=\"color: #2795b6;\" href=\"https:\/\/agora.xtec.cat\/ecasolsones\/wp-content\/uploads\/usu1746\/2019\/10\/ISO-9001-SN-RGB-Web-miniatura.png\"><img loading=\"lazy\" decoding=\"async\" class=\"wp-image-535 alignnone\" src=\"https:\/\/agora.xtec.cat\/ecasolsones\/wp-content\/uploads\/usu1746\/2019\/10\/ISO-9001-SN-RGB-Web-miniatura-1024x919.png\" alt=\"\" width=\"275\" height=\"247\" srcset=\"https:\/\/agora.xtec.cat\/ecasolsones\/wp-content\/uploads\/usu1746\/2019\/10\/ISO-9001-SN-RGB-Web-miniatura-1024x919.png 1024w, https:\/\/agora.xtec.cat\/ecasolsones\/wp-content\/uploads\/usu1746\/2019\/10\/ISO-9001-SN-RGB-Web-miniatura-300x269.png 300w, https:\/\/agora.xtec.cat\/ecasolsones\/wp-content\/uploads\/usu1746\/2019\/10\/ISO-9001-SN-RGB-Web-miniatura-768x689.png 768w, https:\/\/agora.xtec.cat\/ecasolsones\/wp-content\/uploads\/usu1746\/2019\/10\/ISO-9001-SN-RGB-Web-miniatura.png 1030w\" sizes=\"auto, (max-width: 275px) 100vw, 275px\" \/><\/a><a href=\"https:\/\/agora.xtec.cat\/ecasolsones\/wp-content\/uploads\/usu1746\/2024\/04\/logo_iso_14001_abast_q.png\"><img loading=\"lazy\" decoding=\"async\" class=\"wp-image-2458 alignnone\" src=\"https:\/\/agora.xtec.cat\/ecasolsones\/wp-content\/uploads\/usu1746\/2024\/04\/logo_iso_14001_abast_q-e1714032338672.png\" alt=\"\" width=\"233\" height=\"264\" \/><\/a><\/em><\/p>\n<p><em>Certificaci\u00f3 UNE-EN ISO 9001:2015 de 20 de gener de 2012 i UNE-EN ISO 14001:2015 de gener 2024 renovat anualment.<\/em><\/p>\n<p><a class=\"button normal\" style=\"padding: 1em; font-weight: 400; margin: 0.1em; color: white !important; background-color: #0988a9;\" href=\"https:\/\/agora.xtec.cat\/ecasolsones\/escola\/qualitat\/sostenibilitat-ea\/\" rel=\"noopener noreferrer\">Gesti\u00f3 ambiental<\/a> <a class=\"button normal\" style=\"padding: 1em; font-weight: 400; margin: 0.1em; color: white !important; background-color: #92ae01bf;\" href=\"https:\/\/agora.xtec.cat\/ecasolsones\/escola\/qualitat\/politica-proveidors-externs\/\" rel=\"noopener noreferrer\">Pol\u00edtica prove\u00efdors externs<\/a><\/p>\n","protected":false},"excerpt":{"rendered":"<p>EL SISTEMA DE GESTI\u00d3 INTEGRAT (SGI)<br \/>\nLa qualitat ha estat i continua sent un element dinamitzador inq\u00fcestionable al centre, at\u00e8s que ha afavorit la recerca de noves vies de promoci\u00f3 de l\u2019aprenentatge i del desenvolupament i la formaci\u00f3 del nostre alumnat i de la comunitat educativa.&hellip;  <a href=\"https:\/\/agora.xtec.cat\/ecasolsones\/escola\/qualitat\/\" title=\"Read Qualitat i medi ambient\">Llegeix m\u00e9s\u00bb<\/a><\/p>\n","protected":false},"author":1,"featured_media":0,"parent":19,"menu_order":4,"comment_status":"closed","ping_status":"closed","template":"page-templates\/side-menu.php","meta":{"_bbp_topic_count":0,"_bbp_reply_count":0,"_bbp_total_topic_count":0,"_bbp_total_reply_count":0,"_bbp_voice_count":0,"_bbp_anonymous_reply_count":0,"_bbp_topic_count_hidden":0,"_bbp_reply_count_hidden":0,"_bbp_forum_subforum_count":0,"footnotes":""},"class_list":["post-46","page","type-page","status-publish","hentry"],"post_mailing_queue_ids":[],"_links":{"self":[{"href":"https:\/\/agora.xtec.cat\/ecasolsones\/wp-json\/wp\/v2\/pages\/46","targetHints":{"allow":["GET"]}}],"collection":[{"href":"https:\/\/agora.xtec.cat\/ecasolsones\/wp-json\/wp\/v2\/pages"}],"about":[{"href":"https:\/\/agora.xtec.cat\/ecasolsones\/wp-json\/wp\/v2\/types\/page"}],"author":[{"embeddable":true,"href":"https:\/\/agora.xtec.cat\/ecasolsones\/wp-json\/wp\/v2\/users\/1"}],"replies":[{"embeddable":true,"href":"https:\/\/agora.xtec.cat\/ecasolsones\/wp-json\/wp\/v2\/comments?post=46"}],"version-history":[{"count":6,"href":"https:\/\/agora.xtec.cat\/ecasolsones\/wp-json\/wp\/v2\/pages\/46\/revisions"}],"predecessor-version":[{"id":2490,"href":"https:\/\/agora.xtec.cat\/ecasolsones\/wp-json\/wp\/v2\/pages\/46\/revisions\/2490"}],"up":[{"embeddable":true,"href":"https:\/\/agora.xtec.cat\/ecasolsones\/wp-json\/wp\/v2\/pages\/19"}],"wp:attachment":[{"href":"https:\/\/agora.xtec.cat\/ecasolsones\/wp-json\/wp\/v2\/media?parent=46"}],"curies":[{"name":"wp","href":"https:\/\/api.w.org\/{rel}","templated":true}]}}