{"id":3197,"date":"2025-09-29T10:21:09","date_gmt":"2025-09-29T08:21:09","guid":{"rendered":"https:\/\/agora.xtec.cat\/ecasolsones\/?page_id=3197"},"modified":"2025-09-29T10:21:09","modified_gmt":"2025-09-29T08:21:09","slug":"complecio-de-cicles","status":"publish","type":"page","link":"https:\/\/agora.xtec.cat\/ecasolsones\/cicles-formatius-de-grau-superior\/complecio-de-cicles\/","title":{"rendered":"Compleci\u00f3 de cicles"},"content":{"rendered":"<p><strong><u>NOTA INFORMATIVA sobre la Compleci\u00f3 dels cicles formatius LOE a l\u2019Escola Agr\u00e0ria del Solson\u00e8s<\/u><\/strong><\/p>\n<p>Amb l\u2019entrada en vigor dels nous curr\u00edculums de Formaci\u00f3 Professional, alguns cicles formatius LOE han estat substitu\u00efts o extingits. Per tal de garantir que l\u2019alumnat pugui completar els seus estudis, el Departament d\u2019Educaci\u00f3 ha establert un procediment de compleci\u00f3 regulat per l\u2019<strong>Ordre EDF\/74\/2025<\/strong>.<\/p>\n<p>A la nostra escola, aquest procediment afecta els seg\u00fcents cicles formatius LOE:<\/p>\n<ul>\n<li>CFGS de <strong>Paisatgisme i medi rural<\/strong><\/li>\n<li>CFGS de <strong>Gesti\u00f3 forestal i del medi natural<\/strong><\/li>\n<\/ul>\n<p><strong>Per\u00edode de compleci\u00f3<\/strong><\/p>\n<p>Els cicles LOE es podran completar durant els cursos:<\/p>\n<ul>\n<li><strong>2025-2026<\/strong><\/li>\n<li><strong>2026-2027<\/strong><\/li>\n<\/ul>\n<p><strong>Opcions per a l\u2019alumnat amb m\u00f2duls pendents<\/strong><\/p>\n<ul>\n<li><strong>Finalitzar el cicle LOE<\/strong> durant els cursos 25-26 i 26-27, inscrivint-se a les proves pendents, al centre on es va fer la darrera matr\u00edcula.<\/li>\n<li><strong>Acollir-se al nou pla d\u2019estudis.<\/strong><\/li>\n<\/ul>\n<p><strong>Inscripci\u00f3 a les proves<\/strong><\/p>\n<ul>\n<li><strong>De l\u20191 al 15 d\u2019octubre<\/strong> \u2192 per a la convocat\u00f2ria de novembre 2025 i d\u2019abril 2026.<\/li>\n<li><strong>De l\u20191 al 15 de mar\u00e7<\/strong> \u2192 per a la convocat\u00f2ria d\u2019abril 2026.<\/li>\n<\/ul>\n<p><strong>Convocat\u00f2ries de proves<\/strong><\/p>\n<ul>\n<li><strong>Novembre de 2025<\/strong>: del 17 al 21 de novembre de 2025<\/li>\n<li><strong>Abril de 2026<\/strong>: del 13 al 17\u00a0d\u2019abril de 2026<\/li>\n<\/ul>\n<p><em>Els calendaris d\u2019ex\u00e0mens es faran arribar per correu electr\u00f2nic un cop s\u2019hagi fet la inscripci\u00f3.<\/em><\/p>\n<p><strong>Documentaci\u00f3 necess\u00e0ria<\/strong><\/p>\n<ul>\n<li>Emplenar el\u00a0formulari d\u2019inscripci\u00f3.<\/li>\n<li>Fotoc\u00f2pia del DNI.<\/li>\n<li>Justificant del pagament dels preus p\u00fablics: 25 euros\/unitat formativa.<\/li>\n<\/ul>\n<p>Per a m\u00e9s informaci\u00f3, podeu contactar amb la secretaria de l\u2019escola.<\/p>\n","protected":false},"excerpt":{"rendered":"<p>NOTA INFORMATIVA sobre la Compleci\u00f3 dels cicles formatius LOE a l\u2019Escola Agr\u00e0ria del Solson\u00e8s<br \/>\nAmb l\u2019entrada en vigor dels nous curr\u00edculums de Formaci\u00f3 Professional, alguns cicles formatius LOE han estat substitu\u00efts o extingits. Per tal de garantir que l\u2019alumnat pugui completar els seus estudis, el Departament&hellip;  <a href=\"https:\/\/agora.xtec.cat\/ecasolsones\/cicles-formatius-de-grau-superior\/complecio-de-cicles\/\" title=\"Read Compleci\u00f3 de cicles\">Llegeix m\u00e9s\u00bb<\/a><\/p>\n","protected":false},"author":1,"featured_media":0,"parent":515,"menu_order":3,"comment_status":"closed","ping_status":"closed","template":"page-templates\/side-menu.php","meta":{"_bbp_topic_count":0,"_bbp_reply_count":0,"_bbp_total_topic_count":0,"_bbp_total_reply_count":0,"_bbp_voice_count":0,"_bbp_anonymous_reply_count":0,"_bbp_topic_count_hidden":0,"_bbp_reply_count_hidden":0,"_bbp_forum_subforum_count":0,"footnotes":""},"class_list":["post-3197","page","type-page","status-publish","hentry"],"post_mailing_queue_ids":[],"_links":{"self":[{"href":"https:\/\/agora.xtec.cat\/ecasolsones\/wp-json\/wp\/v2\/pages\/3197","targetHints":{"allow":["GET"]}}],"collection":[{"href":"https:\/\/agora.xtec.cat\/ecasolsones\/wp-json\/wp\/v2\/pages"}],"about":[{"href":"https:\/\/agora.xtec.cat\/ecasolsones\/wp-json\/wp\/v2\/types\/page"}],"author":[{"embeddable":true,"href":"https:\/\/agora.xtec.cat\/ecasolsones\/wp-json\/wp\/v2\/users\/1"}],"replies":[{"embeddable":true,"href":"https:\/\/agora.xtec.cat\/ecasolsones\/wp-json\/wp\/v2\/comments?post=3197"}],"version-history":[{"count":1,"href":"https:\/\/agora.xtec.cat\/ecasolsones\/wp-json\/wp\/v2\/pages\/3197\/revisions"}],"predecessor-version":[{"id":3198,"href":"https:\/\/agora.xtec.cat\/ecasolsones\/wp-json\/wp\/v2\/pages\/3197\/revisions\/3198"}],"up":[{"embeddable":true,"href":"https:\/\/agora.xtec.cat\/ecasolsones\/wp-json\/wp\/v2\/pages\/515"}],"wp:attachment":[{"href":"https:\/\/agora.xtec.cat\/ecasolsones\/wp-json\/wp\/v2\/media?parent=3197"}],"curies":[{"name":"wp","href":"https:\/\/api.w.org\/{rel}","templated":true}]}}