{"id":3163,"date":"2025-09-03T18:23:14","date_gmt":"2025-09-03T16:23:14","guid":{"rendered":"https:\/\/agora.xtec.cat\/ecasolsones\/?page_id=3163"},"modified":"2025-11-21T10:53:21","modified_gmt":"2025-11-21T09:53:21","slug":"50-anys-descola","status":"publish","type":"page","link":"https:\/\/agora.xtec.cat\/ecasolsones\/escola\/50-anys-descola\/","title":{"rendered":"50 anys d&#8217;Escola"},"content":{"rendered":"<div class=\"row\">\n<div class=\"columns small-12 large-2\"><img decoding=\"async\" src=\"https:\/\/img.icons8.com\/color\/120\/000000\/collectibles.png\" \/><\/div>\n<div class=\"columns small-12 large-10\">\n<h2>La festa dels 50 anys en fotos<\/h2>\n<p>Les fotografies de la celebraci\u00f3 del cinquant\u00e8 aniversari s\u00f3n una bona excusa per rememorar un dia ben bonic. De segur que us hi trobareu acompanyats de companys de promoci\u00f3, docents o antics mestres.<\/p>\n<div style=\"text-align: right;\">\n<p><a href=\"https:\/\/drive.google.com\/drive\/folders\/17ATv1SfvjCiLjH5XOaAKywhcqrQhTA6b?usp=sharing\" target=\"_blank\" rel=\"noopener\">Veure la galeria de fotos<\/a><\/p>\n<\/div>\n<div>\n<hr \/>\n<\/div>\n<\/div>\n<div><\/div>\n<div><\/div>\n<\/div>\n<div class=\"row\">\n<div class=\"columns small-12 large-2\"><img decoding=\"async\" src=\"https:\/\/img.icons8.com\/color\/120\/000000\/trust.png\" \/><\/div>\n<div class=\"columns small-12 large-10\">\n<h2>La revista dedicada al cinquantenari, disponible en l\u00ednia<\/h2>\n<p>\u201cQueda lluny aquella tardor de 1975 quan vam iniciar, des de l&#8217;Ag\u00e8ncia d&#8217;Extensi\u00f3 Agr\u00e0ria de Solsona, el primer curs del Centre de Capacitaci\u00f3 Agr\u00e0ria\u201d, escrivia Llu\u00eds Mauri, impulsor del centre, a la revista del 25\u00e8 aniversari. Ara, mirem enrere amb orgull i gratitud i posem la mirada al futur reafirmant el comprom\u00eds amb la formaci\u00f3 i la qualificaci\u00f3 professionals. Cinquanta anys han donat per a molt!<\/p>\n<div style=\"text-align: right;\"><a href=\"https:\/\/agora.xtec.cat\/ecasolsones\/wp-content\/uploads\/usu1746\/2025\/05\/Revista_EASolsones-50-anys_DEF.pdf\" target=\"_blank\" rel=\"noopener\">Llegeix la publicaci\u00f3<\/a><\/div>\n<div>\n<hr \/>\n<\/div>\n<\/div>\n<\/div>\n<div class=\"row\">\n<div class=\"columns small-12 large-2\"><img decoding=\"async\" src=\"https:\/\/img.icons8.com\/color\/120\/000000\/video-conference.png\" \/><\/div>\n<div class=\"columns small-12 large-10\">\n<h2>Vida als anys | V\u00eddeo 50\u00e8 anivesari<\/h2>\n<p>Inicis, inquietuds, el context d&#8217;una \u00e8poca, canvis i progr\u00e9s. Un recull audiovisual que permet tra\u00e7ar una traject\u00f2ria cinquanten\u00e0ria que ha perm\u00e8s la consolidaci\u00f3 del centre i l&#8217;adaptaci\u00f3 davant dels canvis en el sector agrari i forestal.<\/p>\n<div style=\"text-align: right;\"><\/div>\n<\/div>\n<\/div>\n<p style=\"padding-left: 240px;\"><iframe loading=\"lazy\" title=\"YouTube video player\" src=\"https:\/\/www.youtube.com\/embed\/rUvMJmRBVaI?si=CmmO6f4T6qR9qLtx\" width=\"560\" height=\"315\" frameborder=\"0\" allowfullscreen=\"allowfullscreen\"><span data-mce-type=\"bookmark\" style=\"display: inline-block; width: 0px; overflow: hidden; line-height: 0;\" class=\"mce_SELRES_start\">\ufeff<\/span><\/iframe><\/p>\n","protected":false},"excerpt":{"rendered":"<p>La festa dels 50 anys en fotos<br \/>\nLes fotografies de la celebraci\u00f3 del cinquant\u00e8 aniversari s\u00f3n una bona excusa per rememorar un dia ben bonic. De segur que us hi trobareu acompanyats de companys de promoci\u00f3, docents o antics mestres.<\/p>\n<p><a href=\"https:\/\/drive.google.com\/drive\/folders\/17ATv1SfvjCiLjH5XOaAKywhcqrQhTA6b?usp=sharing\" target=\"_blank\" rel=\"noopener\">Veure la galeria de&hellip;  <a href=\"https:\/\/agora.xtec.cat\/ecasolsones\/escola\/50-anys-descola\/\" title=\"Read 50 anys d&#8217;Escola\">Llegeix m\u00e9s\u00bb<\/a><\/p>\n","protected":false},"author":1,"featured_media":0,"parent":19,"menu_order":9,"comment_status":"closed","ping_status":"closed","template":"page-templates\/side-menu.php","meta":{"_bbp_topic_count":0,"_bbp_reply_count":0,"_bbp_total_topic_count":0,"_bbp_total_reply_count":0,"_bbp_voice_count":0,"_bbp_anonymous_reply_count":0,"_bbp_topic_count_hidden":0,"_bbp_reply_count_hidden":0,"_bbp_forum_subforum_count":0,"footnotes":""},"class_list":["post-3163","page","type-page","status-publish","hentry"],"post_mailing_queue_ids":[],"_links":{"self":[{"href":"https:\/\/agora.xtec.cat\/ecasolsones\/wp-json\/wp\/v2\/pages\/3163","targetHints":{"allow":["GET"]}}],"collection":[{"href":"https:\/\/agora.xtec.cat\/ecasolsones\/wp-json\/wp\/v2\/pages"}],"about":[{"href":"https:\/\/agora.xtec.cat\/ecasolsones\/wp-json\/wp\/v2\/types\/page"}],"author":[{"embeddable":true,"href":"https:\/\/agora.xtec.cat\/ecasolsones\/wp-json\/wp\/v2\/users\/1"}],"replies":[{"embeddable":true,"href":"https:\/\/agora.xtec.cat\/ecasolsones\/wp-json\/wp\/v2\/comments?post=3163"}],"version-history":[{"count":6,"href":"https:\/\/agora.xtec.cat\/ecasolsones\/wp-json\/wp\/v2\/pages\/3163\/revisions"}],"predecessor-version":[{"id":3267,"href":"https:\/\/agora.xtec.cat\/ecasolsones\/wp-json\/wp\/v2\/pages\/3163\/revisions\/3267"}],"up":[{"embeddable":true,"href":"https:\/\/agora.xtec.cat\/ecasolsones\/wp-json\/wp\/v2\/pages\/19"}],"wp:attachment":[{"href":"https:\/\/agora.xtec.cat\/ecasolsones\/wp-json\/wp\/v2\/media?parent=3163"}],"curies":[{"name":"wp","href":"https:\/\/api.w.org\/{rel}","templated":true}]}}