{"id":2782,"date":"2024-11-27T12:23:19","date_gmt":"2024-11-27T11:23:19","guid":{"rendered":"https:\/\/agora.xtec.cat\/ecasolsones\/?page_id=2782"},"modified":"2025-12-19T12:19:39","modified_gmt":"2025-12-19T11:19:39","slug":"orientacio-i-acreditacio-de-competencies","status":"publish","type":"page","link":"https:\/\/agora.xtec.cat\/ecasolsones\/orientacio-i-acreditacio-de-competencies\/","title":{"rendered":"Orientaci\u00f3 i acreditaci\u00f3 de compet\u00e8ncies"},"content":{"rendered":"<h2><strong>Els serveis d&#8217;orientaci\u00f3 professional i d&#8217;acreditaci\u00f3 de compet\u00e8ncies professionals<\/strong><\/h2>\n<p>En tant que Centre de Formaci\u00f3 Professional Integrada del sector forestal, l&#8217;Escola Agr\u00e0ria del Solson\u00e8s ofereix itineraris formatius graduals i progressius adaptats a les necessitats, les circumst\u00e0ncies personals i les demandes del mercat de treball per tal de garantir la professionalitzaci\u00f3 de l&#8217;\u00e0mbit forestal. Per a realitzar aquesta qualificaci\u00f3 professional del sector al llarg de la vida, a banda de formaci\u00f3 professional, oferim orientaci\u00f3 i acreditaci\u00f3 de compet\u00e8ncies professionals.<\/p>\n<hr \/>\n<h2><strong>Orientaci\u00f3 professional<\/strong><\/h2>\n<p>Des de l&#8217;Escola Agr\u00e0ria Solson\u00e8s volem acompanyar de manera conscient, dialogada i consensuada les persones interessades a treballar en el sector forestal. L&#8217;orientaci\u00f3 en q\u00fcesti\u00f3 rau a oferir les eines i els recursos necessaris per a la presa de decisions en relaci\u00f3 amb cada objectiu professional i la construcci\u00f3 d&#8217;un itinerari formatiu, si escau, de transici\u00f3 al mercat de treball o de perfeccionament o reciclatge competencial. Amb tot, la finalitat \u00faltima d&#8217;aquest servei estandarditzat \u00e9s contribuir a la construcci\u00f3 d&#8217;un projecte vital i professional coherent i viable, aix\u00ed com facilitar una correcta gesti\u00f3 de la carrera professional de la persona al llarg de les diferents transicions formatives i laborals. Tot el proc\u00e9s es basa en principis com l&#8217;<strong>acc\u00e9s universal<\/strong>, la <strong>personalitzaci\u00f3 del servei<\/strong>, la <strong>inclusi\u00f3<\/strong>, la <strong>imparcialitat<\/strong>, la <strong>perspectiva de g\u00e8nere<\/strong> i la <strong>qualitat t\u00e8cnica de la intervenci\u00f3 orientadora<\/strong>.<\/p>\n<h4>En qu\u00e8 consisteix el pla de treball que estructura el servei d&#8217;orientaci\u00f3?<\/h4>\n<ul>\n<li style=\"list-style-type: none;\">\n<ul style=\"list-style-type: square;\">\n<li>Acollida i autoconeixement<\/li>\n<li>Investigaci\u00f3<\/li>\n<li>Concreci\u00f3 de l&#8217;objectiu professional<\/li>\n<li>Planificaci\u00f3 de l&#8217;itinerari formatiu<\/li>\n<li>Inserci\u00f3 laboral<\/li>\n<li>Seguiment i tancament<\/li>\n<\/ul>\n<\/li>\n<\/ul>\n<h4>Com i quan podeu sol\u00b7licitar aquest servei?<\/h4>\n<ul>\n<li style=\"list-style-type: none;\">\n<ul style=\"list-style-type: square;\">\n<li>Atenci\u00f3 al p\u00fablic de dilluns a divendres, de 09 a 14 h<\/li>\n<li>Per tel\u00e8fon (973 48 07 13), correu electr\u00f2nic (<a href=\"mailto:ea_solsones.agricultura@gencat.cat\" target=\"_blank\" rel=\"noopener\">ea_solsones.agricultura@<wbr \/>gencat.cat<\/a>) o presencialment (es recomana concertar cita)\u00a0a la secretaria de la nostra escola, o b\u00e9 a l&#8217;<a href=\"https:\/\/agora.xtec.cat\/ecaforestal\/\" target=\"_blank\" rel=\"noopener\">EAF Santa Coloma de Farners<\/a> i l&#8217;<a href=\"https:\/\/agora.xtec.cat\/eca-pirineu\/\" target=\"_blank\" rel=\"noopener\">EA Pirineu<\/a>.<\/li>\n<li>Acc\u00e9s obert i universal, no requereix cap requisit previ.\n<ul style=\"list-style-type: square;\">\n<li>Un cop la persona accepta iniciar el proc\u00e9s d&#8217;orientaci\u00f3, formalitza el seu comprom\u00eds mitjan\u00e7ant la signatura del document corresponent, a partir del qual es posa en marxa el pla de treball i l&#8217;acompanyament personalitzat.<\/li>\n<\/ul>\n<\/li>\n<\/ul>\n<\/li>\n<\/ul>\n<hr \/>\n<h2><strong>Acreditaci\u00f3 de compet\u00e8ncies professionals<\/strong><\/h2>\n<p>\u00c9s l\u2019oportunitat d\u2019aconseguir una acreditaci\u00f3 oficial mitjan\u00e7ant la demostraci\u00f3 d\u2019all\u00f2 que l&#8217;usuari \u00e9s capa\u00e7 de fer, a partir de la seva experi\u00e8ncia laboral, dels serveis prestats mitjan\u00e7ant una <strong>beca<\/strong> o <strong>voluntariat<\/strong> o la seva <strong>formaci\u00f3 no reconeguda oficialment<\/strong>.<\/p>\n<p>L&#8217;usuari ha de participar en una s\u00e8rie d\u2019entrevistes que preferentment s\u00f3n virtuals en les quals ha de demostrar compet\u00e8ncies professionals que constitueixen part d\u2019un certificat o t\u00edtol professional. Si la persona demostra que ha adquirit les unitats o est\u00e0ndards de compet\u00e8ncia, obt\u00e9 una <strong>certificaci\u00f3 oficial<\/strong> que permet convalidar i completar la formaci\u00f3 d\u2019un certificat professional o t\u00edtol de formaci\u00f3 professional.<\/p>\n<p>L\u2019obtenci\u00f3 d\u2019un <strong>certificat d\u2019acreditaci\u00f3<\/strong> facilita el desenvolupament professional i personal millorant el curr\u00edculum i les possibilitats de trobar feina. A m\u00e9s, quan s\u2019acaba el procediment, l&#8217;usuari rep una orientaci\u00f3 sobre quin itinerari formatiu pot seguir. Per a les <strong>empreses<\/strong> representa l&#8217;oportunitat de promoure el manteniment actualitzat de les compet\u00e8ncies dels treballadors i treballadores.<\/p>\n<p>Per a dubtes sobre el servei d\u2019acreditaci\u00f3 en compet\u00e8ncies professionals del sector forestal podeu realitzar una <strong>consulta presencial o telef\u00f2nica<\/strong> a la secretaria de la nostra escola en horari de 9 a 14 h.<\/p>\n<p><a class=\"button normal\" style=\"padding: 1em; font-weight: 400; margin: 0.1em; color: white !important; background-color: #92ae01bf;\" href=\"https:\/\/fp.gencat.cat\/ca\/acreditacio\/em-vull-acreditar\/inscripcio\/\" target=\"_blank\" rel=\"noopener noreferrer\">Em vull acreditar<\/a><\/p>\n<p><em>\u00daltima actualitzaci\u00f3: 19 de desembre de 2025.<\/em><\/p>\n","protected":false},"excerpt":{"rendered":"<p>Els serveis d&#8217;orientaci\u00f3 professional i d&#8217;acreditaci\u00f3 de compet\u00e8ncies professionals<br \/>\nEn tant que Centre de Formaci\u00f3 Professional Integrada del sector forestal, l&#8217;Escola Agr\u00e0ria del Solson\u00e8s ofereix itineraris formatius graduals i progressius adaptats a les necessitats, les circumst\u00e0ncies personals i les demandes del mercat de treball per tal&hellip;  <a href=\"https:\/\/agora.xtec.cat\/ecasolsones\/orientacio-i-acreditacio-de-competencies\/\" title=\"Read Orientaci\u00f3 i acreditaci\u00f3 de compet\u00e8ncies\">Llegeix m\u00e9s\u00bb<\/a><\/p>\n","protected":false},"author":1,"featured_media":0,"parent":0,"menu_order":0,"comment_status":"closed","ping_status":"closed","template":"","meta":{"_bbp_topic_count":0,"_bbp_reply_count":0,"_bbp_total_topic_count":0,"_bbp_total_reply_count":0,"_bbp_voice_count":0,"_bbp_anonymous_reply_count":0,"_bbp_topic_count_hidden":0,"_bbp_reply_count_hidden":0,"_bbp_forum_subforum_count":0,"footnotes":""},"class_list":["post-2782","page","type-page","status-publish","hentry"],"post_mailing_queue_ids":[],"_links":{"self":[{"href":"https:\/\/agora.xtec.cat\/ecasolsones\/wp-json\/wp\/v2\/pages\/2782","targetHints":{"allow":["GET"]}}],"collection":[{"href":"https:\/\/agora.xtec.cat\/ecasolsones\/wp-json\/wp\/v2\/pages"}],"about":[{"href":"https:\/\/agora.xtec.cat\/ecasolsones\/wp-json\/wp\/v2\/types\/page"}],"author":[{"embeddable":true,"href":"https:\/\/agora.xtec.cat\/ecasolsones\/wp-json\/wp\/v2\/users\/1"}],"replies":[{"embeddable":true,"href":"https:\/\/agora.xtec.cat\/ecasolsones\/wp-json\/wp\/v2\/comments?post=2782"}],"version-history":[{"count":6,"href":"https:\/\/agora.xtec.cat\/ecasolsones\/wp-json\/wp\/v2\/pages\/2782\/revisions"}],"predecessor-version":[{"id":3305,"href":"https:\/\/agora.xtec.cat\/ecasolsones\/wp-json\/wp\/v2\/pages\/2782\/revisions\/3305"}],"wp:attachment":[{"href":"https:\/\/agora.xtec.cat\/ecasolsones\/wp-json\/wp\/v2\/media?parent=2782"}],"curies":[{"name":"wp","href":"https:\/\/api.w.org\/{rel}","templated":true}]}}