{"id":2456,"date":"2024-04-25T09:59:58","date_gmt":"2024-04-25T07:59:58","guid":{"rendered":"https:\/\/agora.xtec.cat\/ecasolsones\/?page_id=2456"},"modified":"2026-04-13T09:00:58","modified_gmt":"2026-04-13T07:00:58","slug":"politica-proveidors-externs","status":"publish","type":"page","link":"https:\/\/agora.xtec.cat\/ecasolsones\/escola\/qualitat\/politica-proveidors-externs\/","title":{"rendered":"Pol\u00edtica de prove\u00efdors externs"},"content":{"rendered":"<p>L&#8217;Escola Agr\u00e0ria del Solson\u00e8s es troba certificada per la norma de qualitat <strong>ISO <a href=\"https:\/\/agora.xtec.cat\/ecasolsones\/wp-content\/uploads\/usu1746\/2024\/05\/9001-CAT-ESCOLA-AGRARIA-DEL-SOLSONES_signed.pdf\" target=\"_blank\" rel=\"noopener\">9001:2015<\/a><\/strong> i la norma ambiental <strong>ISO <a href=\"https:\/\/agora.xtec.cat\/ecasolsones\/wp-content\/uploads\/usu1746\/2024\/05\/14001-CAT-ESCOLA-AGRARIA-DEL-SOLSONES_signed.pdf\" target=\"_blank\" rel=\"noopener\">14001:2015<\/a><\/strong>.<\/p>\n<p>Aix\u00ed mateix, el centre t\u00e9 implantat un<strong> Sistema de Gesti\u00f3 Integrat de Qualitat<\/strong> que requereix realitzar una selecci\u00f3, avaluaci\u00f3 i reavaluaci\u00f3 de prove\u00efdors. Els prove\u00efdors habituals de l\u2019Escola Agr\u00e0ria del Solson\u00e8s se seleccionen i s\u2019avaluen segons els seg\u00fcents criteris:<\/p>\n<ul>\n<li><strong>Capacitat<\/strong>: habilitaci\u00f3 professional o titulaci\u00f3 adequada.<\/li>\n<li><strong>Altres m\u00e8rits del prestador<\/strong>: titulacions, experi\u00e8ncia, serveis similars prestats satisfact\u00f2riament i capacitat t\u00e8cnica.<\/li>\n<li><strong>Criteris ambientals<\/strong>: proximitat, tenir acreditacions o certificacions ambientals (SGI, ISO 14001) o inclusi\u00f3 de bones pr\u00e0ctiques ambientals en la seva pol\u00edtica d\u2019empresa.<\/li>\n<li><strong>Tracte, interlocuci\u00f3 i condicions econ\u00f2miques dins de la banda normal<\/strong>.<\/li>\n<\/ul>\n<p>Aix\u00ed doncs, a l&#8217;hora d&#8217;avaluar la prestaci\u00f3 d&#8217;un servei com a <strong>prove\u00efdor homologat de l&#8217;Escola<\/strong> es t\u00e9 en compte el compliment d&#8217;aquests criteris. Un cop homologat per primera vegada, el prove\u00efdor resta homologat indefinidament tret que hi hagi alguna incid\u00e8ncia negativa en la prestaci\u00f3 del servei que en motivi la deshomologaci\u00f3.<\/p>\n<p>Per a m\u00e9s informaci\u00f3, podeu consultar <strong><a href=\"https:\/\/agora.xtec.cat\/ecasolsones\/escola\/qualitat\/\" target=\"_blank\" rel=\"noopener\">aqu\u00ed<\/a><\/strong>\u00a0la <strong>pol\u00edtica de qualitat<\/strong> del nostre centre.<\/p>\n","protected":false},"excerpt":{"rendered":"<p>L&#8217;Escola Agr\u00e0ria del Solson\u00e8s es troba certificada per la norma de qualitat ISO <a href=\"https:\/\/agora.xtec.cat\/ecasolsones\/wp-content\/uploads\/usu1746\/2024\/05\/9001-CAT-ESCOLA-AGRARIA-DEL-SOLSONES_signed.pdf\" target=\"_blank\" rel=\"noopener\">9001:2015<\/a> i la norma ambiental ISO <a href=\"https:\/\/agora.xtec.cat\/ecasolsones\/wp-content\/uploads\/usu1746\/2024\/05\/14001-CAT-ESCOLA-AGRARIA-DEL-SOLSONES_signed.pdf\" target=\"_blank\" rel=\"noopener\">14001:2015<\/a>.<br \/>\nAix\u00ed mateix, el centre t\u00e9 implantat un Sistema de Gesti\u00f3 Integrat de Qualitat que requereix realitzar una selecci\u00f3, avaluaci\u00f3 i&hellip;  <a href=\"https:\/\/agora.xtec.cat\/ecasolsones\/escola\/qualitat\/politica-proveidors-externs\/\" title=\"Read Pol\u00edtica de prove\u00efdors externs\">Llegeix m\u00e9s\u00bb<\/a><\/p>\n","protected":false},"author":1,"featured_media":0,"parent":46,"menu_order":2,"comment_status":"closed","ping_status":"closed","template":"page-templates\/side-menu.php","meta":{"_bbp_topic_count":0,"_bbp_reply_count":0,"_bbp_total_topic_count":0,"_bbp_total_reply_count":0,"_bbp_voice_count":0,"_bbp_anonymous_reply_count":0,"_bbp_topic_count_hidden":0,"_bbp_reply_count_hidden":0,"_bbp_forum_subforum_count":0,"footnotes":""},"class_list":["post-2456","page","type-page","status-publish","hentry"],"post_mailing_queue_ids":[],"_links":{"self":[{"href":"https:\/\/agora.xtec.cat\/ecasolsones\/wp-json\/wp\/v2\/pages\/2456","targetHints":{"allow":["GET"]}}],"collection":[{"href":"https:\/\/agora.xtec.cat\/ecasolsones\/wp-json\/wp\/v2\/pages"}],"about":[{"href":"https:\/\/agora.xtec.cat\/ecasolsones\/wp-json\/wp\/v2\/types\/page"}],"author":[{"embeddable":true,"href":"https:\/\/agora.xtec.cat\/ecasolsones\/wp-json\/wp\/v2\/users\/1"}],"replies":[{"embeddable":true,"href":"https:\/\/agora.xtec.cat\/ecasolsones\/wp-json\/wp\/v2\/comments?post=2456"}],"version-history":[{"count":6,"href":"https:\/\/agora.xtec.cat\/ecasolsones\/wp-json\/wp\/v2\/pages\/2456\/revisions"}],"predecessor-version":[{"id":3481,"href":"https:\/\/agora.xtec.cat\/ecasolsones\/wp-json\/wp\/v2\/pages\/2456\/revisions\/3481"}],"up":[{"embeddable":true,"href":"https:\/\/agora.xtec.cat\/ecasolsones\/wp-json\/wp\/v2\/pages\/46"}],"wp:attachment":[{"href":"https:\/\/agora.xtec.cat\/ecasolsones\/wp-json\/wp\/v2\/media?parent=2456"}],"curies":[{"name":"wp","href":"https:\/\/api.w.org\/{rel}","templated":true}]}}