{"id":2294,"date":"2024-02-02T13:06:26","date_gmt":"2024-02-02T12:06:26","guid":{"rendered":"https:\/\/agora.xtec.cat\/ecasolsones\/?page_id=2294"},"modified":"2025-11-21T10:52:07","modified_gmt":"2025-11-21T09:52:07","slug":"treballa-amb-nosaltres","status":"publish","type":"page","link":"https:\/\/agora.xtec.cat\/ecasolsones\/escola\/treballa-amb-nosaltres\/","title":{"rendered":"Treballa amb nosaltres"},"content":{"rendered":"<h2><strong>Qui som?<\/strong><\/h2>\n<p><span style=\"color: #000000;\">El personal de l&#8217;Escola Agr\u00e0ria del Solson\u00e8s consta d&#8217;un equip d&#8217;<strong>onze docents<\/strong> i<strong> dues persones de PAS<\/strong>, dedicades a l&#8217;administraci\u00f3 i al manteniment. Pel que fa a l&#8217;equip docent, es tracta de perfils professionals diversos amb formaci\u00f3 en veterin\u00e0ria o enginyeria agr\u00f2noma, superior agr\u00edcola o de forests, entre altres. La plantilla de l&#8217;Escola t\u00e9 l&#8217;<strong>experi\u00e8ncia i la dedicaci\u00f3<\/strong> d&#8217;un gran equip de professionals que acompanya i prepara l&#8217;alumnat per a l&#8217;entrada al m\u00f3n laboral mentre afronta els reptes educatius i s&#8217;adapta dia a dia a les noves necessitats per tal d&#8217;oferir una formaci\u00f3 de qualitat.<\/span><\/p>\n<h2><strong>Vols treballar amb nosaltres?\u00a0<\/strong><\/h2>\n<h3>SENSE OFERTES ACTIVES<\/h3>\n<p><span style=\"color: #000000;\">Tot i que no hi hagi cap vacant, <strong>si est\u00e0s interessat\/da en treballar amb nosaltres<\/strong>, pots enviar el teu curr\u00edculum a<\/span> <a href=\"mailto:ea_solsones.agricultura@gencat.cat\" target=\"_blank\" rel=\"noopener\">ea_solsones.agricultura@<wbr \/>gencat.cat<\/a>\u00a0<span style=\"color: #000000;\">i tindrem en compte el teu perfil en futures convocat\u00f2ries.<\/span><\/p>\n<p><span style=\"color: #000000;\">Aix\u00ed mateix, si ets un\/a professional del sector agrari, ramader o forestal i creus que el teu perfil pot encaixar com a <strong>formador\/a en alguna de les activitats agroforestals de <a href=\"https:\/\/agora.xtec.cat\/ecasolsones\/formacio-continua\/\" target=\"_blank\" rel=\"noopener\">formaci\u00f3 cont\u00ednua<\/a><\/strong>, pots fer-nos arribar el curr\u00edculum a la mateixa adre\u00e7a.\u00a0<\/span><\/p>\n","protected":false},"excerpt":{"rendered":"<p>Qui som?<br \/>\nEl personal de l&#8217;Escola Agr\u00e0ria del Solson\u00e8s consta d&#8217;un equip d&#8217;onze docents i dues persones de PAS, dedicades a l&#8217;administraci\u00f3 i al manteniment. Pel que fa a l&#8217;equip docent, es tracta de perfils professionals diversos amb formaci\u00f3 en veterin\u00e0ria o enginyeria agr\u00f2noma, superior agr\u00edcola&hellip;  <a href=\"https:\/\/agora.xtec.cat\/ecasolsones\/escola\/treballa-amb-nosaltres\/\" title=\"Read Treballa amb nosaltres\">Llegeix m\u00e9s\u00bb<\/a><\/p>\n","protected":false},"author":1,"featured_media":0,"parent":19,"menu_order":8,"comment_status":"closed","ping_status":"closed","template":"page-templates\/side-menu.php","meta":{"_bbp_topic_count":0,"_bbp_reply_count":0,"_bbp_total_topic_count":0,"_bbp_total_reply_count":0,"_bbp_voice_count":0,"_bbp_anonymous_reply_count":0,"_bbp_topic_count_hidden":0,"_bbp_reply_count_hidden":0,"_bbp_forum_subforum_count":0,"footnotes":""},"class_list":["post-2294","page","type-page","status-publish","hentry"],"post_mailing_queue_ids":[],"_links":{"self":[{"href":"https:\/\/agora.xtec.cat\/ecasolsones\/wp-json\/wp\/v2\/pages\/2294","targetHints":{"allow":["GET"]}}],"collection":[{"href":"https:\/\/agora.xtec.cat\/ecasolsones\/wp-json\/wp\/v2\/pages"}],"about":[{"href":"https:\/\/agora.xtec.cat\/ecasolsones\/wp-json\/wp\/v2\/types\/page"}],"author":[{"embeddable":true,"href":"https:\/\/agora.xtec.cat\/ecasolsones\/wp-json\/wp\/v2\/users\/1"}],"replies":[{"embeddable":true,"href":"https:\/\/agora.xtec.cat\/ecasolsones\/wp-json\/wp\/v2\/comments?post=2294"}],"version-history":[{"count":7,"href":"https:\/\/agora.xtec.cat\/ecasolsones\/wp-json\/wp\/v2\/pages\/2294\/revisions"}],"predecessor-version":[{"id":3266,"href":"https:\/\/agora.xtec.cat\/ecasolsones\/wp-json\/wp\/v2\/pages\/2294\/revisions\/3266"}],"up":[{"embeddable":true,"href":"https:\/\/agora.xtec.cat\/ecasolsones\/wp-json\/wp\/v2\/pages\/19"}],"wp:attachment":[{"href":"https:\/\/agora.xtec.cat\/ecasolsones\/wp-json\/wp\/v2\/media?parent=2294"}],"curies":[{"name":"wp","href":"https:\/\/api.w.org\/{rel}","templated":true}]}}