{"id":2066,"date":"2023-09-18T10:00:45","date_gmt":"2023-09-18T08:00:45","guid":{"rendered":"https:\/\/agora.xtec.cat\/ecasolsones\/?page_id=2066"},"modified":"2026-04-13T09:00:03","modified_gmt":"2026-04-13T07:00:03","slug":"sostenibilitat-ea","status":"publish","type":"page","link":"https:\/\/agora.xtec.cat\/ecasolsones\/escola\/qualitat\/sostenibilitat-ea\/","title":{"rendered":"Gesti\u00f3 ambiental"},"content":{"rendered":"<h2 class=\"basic_title col-sm-12 pd-10\">Accions per a la millora de la <strong>sostenibilitat<\/strong> i la lluita contra l&#8217;<strong>emerg\u00e8ncia clim\u00e0tica<\/strong><\/h2>\n<p>A l\u2019Escola Agr\u00e0ria del Solson\u00e8s \u00e9s ferm el comprom\u00eds amb la sostenibilitat, la qualitat i la protecci\u00f3 del medi ambient. Ho fa pal\u00e8s la certificaci\u00f3 de les <strong>normes<\/strong> <a href=\"https:\/\/agora.xtec.cat\/ecasolsones\/wp-content\/uploads\/usu1746\/2024\/05\/14001-CAT-ESCOLA-AGRARIA-DEL-SOLSONES_signed.pdf\" target=\"_blank\" rel=\"noopener\"><strong>ISO 14001:2015<\/strong><\/a> i <a href=\"https:\/\/agora.xtec.cat\/ecasolsones\/wp-content\/uploads\/usu1746\/2024\/05\/9001-CAT-ESCOLA-AGRARIA-DEL-SOLSONES_signed.pdf\" target=\"_blank\" rel=\"noopener\"><strong>ISO 9001:2015<\/strong><\/a>, que acrediten un sistema de centre basat en la gesti\u00f3 ambiental i la integraci\u00f3 de la qualitat.<\/p>\n<p>L&#8217;ISO 14001 de Sistemes de Gesti\u00f3 Ambiental (SGA) ajuda a gestionar i identificar els riscs mediambientals que puguin produir-se en el transcurs de l&#8217;activitat educativa. En canvi, l&#8217;ISO 9001 s&#8217;ocupa del control i la direcci\u00f3 de la qualitat. Si voleu ampliar la informaci\u00f3 respecte de les normes esmentades, podeu consultar <strong><a href=\"https:\/\/agora.xtec.cat\/ecasolsones\/general\/lescola-agraria-del-solsones-aposta-per-la-millora-de-la-sostenibilitat-i-la-conscienciacio-mediambiental\/\" target=\"_blank\" rel=\"noopener\">aquest article<\/a><\/strong>.<\/p>\n<p>A m\u00e9s a m\u00e9s, procurem la incorporaci\u00f3 gradual d\u2019infraestructures i tecnologies que contribueixin positivament a un desenvolupament sostenible i que, alhora, permetin a la comunitat educativa fer front a l\u2019emerg\u00e8ncia clim\u00e0tica. En aquest sentit, les actuacions executades durant els \u00faltims sis anys comprenen principalment els \u00e0mbits de l\u2019<strong>estalvi energ\u00e8tic<\/strong> i <strong>d\u2019aigua<\/strong> i el <strong>seu reaprofitament<\/strong>, la<strong> millora dels sistemes constructius<\/strong>, la <strong>reducci\u00f3 de residus<\/strong> i la <strong>minimitzaci\u00f3 de la petjada ecol\u00f2gica.<\/strong><\/p>\n<p><a class=\"button large\" style=\"padding: 1em; font-weight: 400; margin: 0.1em; color: white !important; background-color: #0988a9;\" href=\"https:\/\/agora.xtec.cat\/ecasolsones\/wp-content\/uploads\/usu1746\/2024\/10\/Sostenibilitat-2_compressed.pdf\" target=\"_blank\" rel=\"noopener noreferrer\">Presentaci\u00f3 | La sostenibilitat a l&#8217;Escola<\/a><\/p>\n<p>A continuaci\u00f3, detallem un seguit d&#8217;<strong>accions<\/strong> que s&#8217;han dut a terme en els darrers anys per posar en pr\u00e0ctica el comprom\u00eds de l&#8217;escola amb la sostenibilitat:<\/p>\n<table style=\"border-collapse: collapse; width: 100%;\">\n<tbody>\n<tr>\n<td style=\"width: 25%;\"><a href=\"https:\/\/agora.xtec.cat\/ecasolsones\/wp-content\/uploads\/usu1746\/2024\/05\/Titol1.jpg\"><img loading=\"lazy\" decoding=\"async\" class=\"alignright size-full wp-image-2520\" src=\"https:\/\/agora.xtec.cat\/ecasolsones\/wp-content\/uploads\/usu1746\/2024\/05\/Titol1.jpg\" alt=\"\" width=\"893\" height=\"621\" srcset=\"https:\/\/agora.xtec.cat\/ecasolsones\/wp-content\/uploads\/usu1746\/2024\/05\/Titol1.jpg 893w, https:\/\/agora.xtec.cat\/ecasolsones\/wp-content\/uploads\/usu1746\/2024\/05\/Titol1-300x209.jpg 300w, https:\/\/agora.xtec.cat\/ecasolsones\/wp-content\/uploads\/usu1746\/2024\/05\/Titol1-768x534.jpg 768w\" sizes=\"auto, (max-width: 893px) 100vw, 893px\" \/><\/a><a href=\"https:\/\/agora.xtec.cat\/ecasolsones\/wp-content\/uploads\/usu1746\/2024\/05\/Titol2.jpg\"><img loading=\"lazy\" decoding=\"async\" class=\"wp-image-2521 alignleft\" src=\"https:\/\/agora.xtec.cat\/ecasolsones\/wp-content\/uploads\/usu1746\/2024\/05\/Titol2.jpg\" alt=\"\" width=\"252\" height=\"174\" srcset=\"https:\/\/agora.xtec.cat\/ecasolsones\/wp-content\/uploads\/usu1746\/2024\/05\/Titol2.jpg 894w, https:\/\/agora.xtec.cat\/ecasolsones\/wp-content\/uploads\/usu1746\/2024\/05\/Titol2-300x208.jpg 300w, https:\/\/agora.xtec.cat\/ecasolsones\/wp-content\/uploads\/usu1746\/2024\/05\/Titol2-768x532.jpg 768w\" sizes=\"auto, (max-width: 252px) 100vw, 252px\" \/><\/a><\/td>\n<td style=\"width: 25.0236%;\"><a href=\"https:\/\/agora.xtec.cat\/ecasolsones\/wp-content\/uploads\/usu1746\/2023\/09\/Diapositiva1.jpg\"><img loading=\"lazy\" decoding=\"async\" class=\"aligncenter size-full wp-image-2079\" src=\"https:\/\/agora.xtec.cat\/ecasolsones\/wp-content\/uploads\/usu1746\/2023\/09\/Diapositiva1.jpg\" alt=\"\" width=\"1008\" height=\"1344\" srcset=\"https:\/\/agora.xtec.cat\/ecasolsones\/wp-content\/uploads\/usu1746\/2023\/09\/Diapositiva1.jpg 1008w, https:\/\/agora.xtec.cat\/ecasolsones\/wp-content\/uploads\/usu1746\/2023\/09\/Diapositiva1-225x300.jpg 225w, https:\/\/agora.xtec.cat\/ecasolsones\/wp-content\/uploads\/usu1746\/2023\/09\/Diapositiva1-768x1024.jpg 768w\" sizes=\"auto, (max-width: 1008px) 100vw, 1008px\" \/><\/a><\/td>\n<td style=\"width: 25.0236%;\"><span style=\"color: #2795b6;\"><a style=\"color: #2795b6;\" href=\"https:\/\/agora.xtec.cat\/ecasolsones\/wp-content\/uploads\/usu1746\/2024\/05\/Diapositiva6.jpg\"><img loading=\"lazy\" decoding=\"async\" class=\"size-large wp-image-2519 aligncenter\" src=\"https:\/\/agora.xtec.cat\/ecasolsones\/wp-content\/uploads\/usu1746\/2024\/05\/Diapositiva6-768x1024.jpg\" alt=\"\" width=\"768\" height=\"1024\" srcset=\"https:\/\/agora.xtec.cat\/ecasolsones\/wp-content\/uploads\/usu1746\/2024\/05\/Diapositiva6-768x1024.jpg 768w, https:\/\/agora.xtec.cat\/ecasolsones\/wp-content\/uploads\/usu1746\/2024\/05\/Diapositiva6-225x300.jpg 225w, https:\/\/agora.xtec.cat\/ecasolsones\/wp-content\/uploads\/usu1746\/2024\/05\/Diapositiva6.jpg 1008w\" sizes=\"auto, (max-width: 768px) 100vw, 768px\" \/><\/a><br \/>\n<\/span><\/td>\n<td style=\"width: 25%;\"><a href=\"https:\/\/agora.xtec.cat\/ecasolsones\/wp-content\/uploads\/usu1746\/2024\/05\/Diapositiva2.jpg\"><img loading=\"lazy\" decoding=\"async\" class=\"size-large wp-image-2524 aligncenter\" src=\"https:\/\/agora.xtec.cat\/ecasolsones\/wp-content\/uploads\/usu1746\/2024\/05\/Diapositiva2-768x1024.jpg\" alt=\"\" width=\"768\" height=\"1024\" srcset=\"https:\/\/agora.xtec.cat\/ecasolsones\/wp-content\/uploads\/usu1746\/2024\/05\/Diapositiva2-768x1024.jpg 768w, https:\/\/agora.xtec.cat\/ecasolsones\/wp-content\/uploads\/usu1746\/2024\/05\/Diapositiva2-225x300.jpg 225w, https:\/\/agora.xtec.cat\/ecasolsones\/wp-content\/uploads\/usu1746\/2024\/05\/Diapositiva2.jpg 1008w\" sizes=\"auto, (max-width: 768px) 100vw, 768px\" \/><\/a><\/td>\n<\/tr>\n<tr>\n<td style=\"width: 25%;\"><img loading=\"lazy\" decoding=\"async\" class=\"aligncenter size-full wp-image-2067\" style=\"border: none; color: #2795b6;\" src=\"https:\/\/agora.xtec.cat\/ecasolsones\/wp-content\/uploads\/usu1746\/2023\/09\/Diapositiva5.jpg\" alt=\"\" width=\"1008\" height=\"1344\" srcset=\"https:\/\/agora.xtec.cat\/ecasolsones\/wp-content\/uploads\/usu1746\/2023\/09\/Diapositiva5.jpg 1008w, https:\/\/agora.xtec.cat\/ecasolsones\/wp-content\/uploads\/usu1746\/2023\/09\/Diapositiva5-225x300.jpg 225w, https:\/\/agora.xtec.cat\/ecasolsones\/wp-content\/uploads\/usu1746\/2023\/09\/Diapositiva5-768x1024.jpg 768w\" sizes=\"auto, (max-width: 1008px) 100vw, 1008px\" \/><\/td>\n<td style=\"width: 25.0236%;\"><img loading=\"lazy\" decoding=\"async\" class=\"aligncenter size-full wp-image-2069\" style=\"border: none; color: #2795b6;\" src=\"https:\/\/agora.xtec.cat\/ecasolsones\/wp-content\/uploads\/usu1746\/2023\/09\/Diapositiva7.jpg\" alt=\"\" width=\"1008\" height=\"1344\" srcset=\"https:\/\/agora.xtec.cat\/ecasolsones\/wp-content\/uploads\/usu1746\/2023\/09\/Diapositiva7.jpg 1008w, https:\/\/agora.xtec.cat\/ecasolsones\/wp-content\/uploads\/usu1746\/2023\/09\/Diapositiva7-225x300.jpg 225w, https:\/\/agora.xtec.cat\/ecasolsones\/wp-content\/uploads\/usu1746\/2023\/09\/Diapositiva7-768x1024.jpg 768w\" sizes=\"auto, (max-width: 1008px) 100vw, 1008px\" \/><\/td>\n<td style=\"width: 25.0236%;\"><img loading=\"lazy\" decoding=\"async\" class=\"aligncenter size-full wp-image-2082\" src=\"https:\/\/agora.xtec.cat\/ecasolsones\/wp-content\/uploads\/usu1746\/2023\/09\/Diapositiva4.jpg\" alt=\"\" width=\"1008\" height=\"1344\" srcset=\"https:\/\/agora.xtec.cat\/ecasolsones\/wp-content\/uploads\/usu1746\/2023\/09\/Diapositiva4.jpg 1008w, https:\/\/agora.xtec.cat\/ecasolsones\/wp-content\/uploads\/usu1746\/2023\/09\/Diapositiva4-225x300.jpg 225w, https:\/\/agora.xtec.cat\/ecasolsones\/wp-content\/uploads\/usu1746\/2023\/09\/Diapositiva4-768x1024.jpg 768w\" sizes=\"auto, (max-width: 1008px) 100vw, 1008px\" \/><\/td>\n<td style=\"width: 25%;\"><a href=\"https:\/\/agora.xtec.cat\/ecasolsones\/wp-content\/uploads\/usu1746\/2023\/09\/Diapositiva3.jpg\"><img loading=\"lazy\" decoding=\"async\" class=\"aligncenter size-full wp-image-2081\" src=\"https:\/\/agora.xtec.cat\/ecasolsones\/wp-content\/uploads\/usu1746\/2023\/09\/Diapositiva3.jpg\" alt=\"\" width=\"1008\" height=\"1344\" srcset=\"https:\/\/agora.xtec.cat\/ecasolsones\/wp-content\/uploads\/usu1746\/2023\/09\/Diapositiva3.jpg 1008w, https:\/\/agora.xtec.cat\/ecasolsones\/wp-content\/uploads\/usu1746\/2023\/09\/Diapositiva3-225x300.jpg 225w, https:\/\/agora.xtec.cat\/ecasolsones\/wp-content\/uploads\/usu1746\/2023\/09\/Diapositiva3-768x1024.jpg 768w\" sizes=\"auto, (max-width: 1008px) 100vw, 1008px\" \/><\/a><\/td>\n<\/tr>\n<tr>\n<td style=\"width: 25%;\"><span style=\"color: #2795b6;\"><a style=\"color: #2795b6;\" href=\"https:\/\/agora.xtec.cat\/ecasolsones\/wp-content\/uploads\/usu1746\/2023\/09\/Diapositiva8.jpg\"><img loading=\"lazy\" decoding=\"async\" class=\"aligncenter size-full wp-image-2070\" src=\"https:\/\/agora.xtec.cat\/ecasolsones\/wp-content\/uploads\/usu1746\/2023\/09\/Diapositiva8.jpg\" alt=\"\" width=\"1008\" height=\"1344\" srcset=\"https:\/\/agora.xtec.cat\/ecasolsones\/wp-content\/uploads\/usu1746\/2023\/09\/Diapositiva8.jpg 1008w, https:\/\/agora.xtec.cat\/ecasolsones\/wp-content\/uploads\/usu1746\/2023\/09\/Diapositiva8-225x300.jpg 225w, https:\/\/agora.xtec.cat\/ecasolsones\/wp-content\/uploads\/usu1746\/2023\/09\/Diapositiva8-768x1024.jpg 768w\" sizes=\"auto, (max-width: 1008px) 100vw, 1008px\" \/><\/a><\/span><\/td>\n<td style=\"width: 25.0236%;\"><a href=\"https:\/\/agora.xtec.cat\/ecasolsones\/wp-content\/uploads\/usu1746\/2023\/09\/Diapositiva12.jpg\"><img loading=\"lazy\" decoding=\"async\" class=\"aligncenter size-full wp-image-2074\" src=\"https:\/\/agora.xtec.cat\/ecasolsones\/wp-content\/uploads\/usu1746\/2023\/09\/Diapositiva12.jpg\" alt=\"\" width=\"1008\" height=\"1344\" srcset=\"https:\/\/agora.xtec.cat\/ecasolsones\/wp-content\/uploads\/usu1746\/2023\/09\/Diapositiva12.jpg 1008w, https:\/\/agora.xtec.cat\/ecasolsones\/wp-content\/uploads\/usu1746\/2023\/09\/Diapositiva12-225x300.jpg 225w, https:\/\/agora.xtec.cat\/ecasolsones\/wp-content\/uploads\/usu1746\/2023\/09\/Diapositiva12-768x1024.jpg 768w\" sizes=\"auto, (max-width: 1008px) 100vw, 1008px\" \/><\/a><\/td>\n<td style=\"width: 25.0236%;\"><a href=\"https:\/\/agora.xtec.cat\/ecasolsones\/wp-content\/uploads\/usu1746\/2023\/09\/Diapositiva11.jpg\"><img loading=\"lazy\" decoding=\"async\" class=\"aligncenter size-full wp-image-2073\" src=\"https:\/\/agora.xtec.cat\/ecasolsones\/wp-content\/uploads\/usu1746\/2023\/09\/Diapositiva11.jpg\" alt=\"\" width=\"1008\" height=\"1344\" srcset=\"https:\/\/agora.xtec.cat\/ecasolsones\/wp-content\/uploads\/usu1746\/2023\/09\/Diapositiva11.jpg 1008w, https:\/\/agora.xtec.cat\/ecasolsones\/wp-content\/uploads\/usu1746\/2023\/09\/Diapositiva11-225x300.jpg 225w, https:\/\/agora.xtec.cat\/ecasolsones\/wp-content\/uploads\/usu1746\/2023\/09\/Diapositiva11-768x1024.jpg 768w\" sizes=\"auto, (max-width: 1008px) 100vw, 1008px\" \/><\/a><\/td>\n<td style=\"width: 25%;\"><a href=\"https:\/\/agora.xtec.cat\/ecasolsones\/wp-content\/uploads\/usu1746\/2023\/09\/Diapositiva9.jpg\"><img loading=\"lazy\" decoding=\"async\" class=\"aligncenter size-full wp-image-2071\" src=\"https:\/\/agora.xtec.cat\/ecasolsones\/wp-content\/uploads\/usu1746\/2023\/09\/Diapositiva9.jpg\" alt=\"\" width=\"1008\" height=\"1344\" srcset=\"https:\/\/agora.xtec.cat\/ecasolsones\/wp-content\/uploads\/usu1746\/2023\/09\/Diapositiva9.jpg 1008w, https:\/\/agora.xtec.cat\/ecasolsones\/wp-content\/uploads\/usu1746\/2023\/09\/Diapositiva9-225x300.jpg 225w, https:\/\/agora.xtec.cat\/ecasolsones\/wp-content\/uploads\/usu1746\/2023\/09\/Diapositiva9-768x1024.jpg 768w\" sizes=\"auto, (max-width: 1008px) 100vw, 1008px\" \/><\/a><\/td>\n<\/tr>\n<tr>\n<td style=\"width: 25%;\"><span style=\"color: #2795b6;\"><a style=\"color: #2795b6;\" href=\"https:\/\/agora.xtec.cat\/ecasolsones\/wp-content\/uploads\/usu1746\/2023\/09\/Diapositiva10.jpg\"><img loading=\"lazy\" decoding=\"async\" class=\"aligncenter size-full wp-image-2072\" src=\"https:\/\/agora.xtec.cat\/ecasolsones\/wp-content\/uploads\/usu1746\/2023\/09\/Diapositiva10.jpg\" alt=\"\" width=\"1008\" height=\"1344\" srcset=\"https:\/\/agora.xtec.cat\/ecasolsones\/wp-content\/uploads\/usu1746\/2023\/09\/Diapositiva10.jpg 1008w, https:\/\/agora.xtec.cat\/ecasolsones\/wp-content\/uploads\/usu1746\/2023\/09\/Diapositiva10-225x300.jpg 225w, https:\/\/agora.xtec.cat\/ecasolsones\/wp-content\/uploads\/usu1746\/2023\/09\/Diapositiva10-768x1024.jpg 768w\" sizes=\"auto, (max-width: 1008px) 100vw, 1008px\" \/><\/a><\/span><\/td>\n<td style=\"width: 25.0236%;\"><a href=\"https:\/\/agora.xtec.cat\/ecasolsones\/wp-content\/uploads\/usu1746\/2023\/09\/Diapositiva13.jpg\"><img loading=\"lazy\" decoding=\"async\" class=\"aligncenter size-full wp-image-2075\" src=\"https:\/\/agora.xtec.cat\/ecasolsones\/wp-content\/uploads\/usu1746\/2023\/09\/Diapositiva13.jpg\" alt=\"\" width=\"1008\" height=\"1344\" srcset=\"https:\/\/agora.xtec.cat\/ecasolsones\/wp-content\/uploads\/usu1746\/2023\/09\/Diapositiva13.jpg 1008w, https:\/\/agora.xtec.cat\/ecasolsones\/wp-content\/uploads\/usu1746\/2023\/09\/Diapositiva13-225x300.jpg 225w, https:\/\/agora.xtec.cat\/ecasolsones\/wp-content\/uploads\/usu1746\/2023\/09\/Diapositiva13-768x1024.jpg 768w\" sizes=\"auto, (max-width: 1008px) 100vw, 1008px\" \/><\/a><\/td>\n<td style=\"width: 25.0236%;\"><a href=\"https:\/\/agora.xtec.cat\/ecasolsones\/wp-content\/uploads\/usu1746\/2023\/09\/Diapositiva14.jpg\"><img loading=\"lazy\" decoding=\"async\" class=\"aligncenter size-full wp-image-2076\" src=\"https:\/\/agora.xtec.cat\/ecasolsones\/wp-content\/uploads\/usu1746\/2023\/09\/Diapositiva14.jpg\" alt=\"\" width=\"1008\" height=\"1344\" srcset=\"https:\/\/agora.xtec.cat\/ecasolsones\/wp-content\/uploads\/usu1746\/2023\/09\/Diapositiva14.jpg 1008w, https:\/\/agora.xtec.cat\/ecasolsones\/wp-content\/uploads\/usu1746\/2023\/09\/Diapositiva14-225x300.jpg 225w, https:\/\/agora.xtec.cat\/ecasolsones\/wp-content\/uploads\/usu1746\/2023\/09\/Diapositiva14-768x1024.jpg 768w\" sizes=\"auto, (max-width: 1008px) 100vw, 1008px\" \/><\/a><\/td>\n<td style=\"width: 25%;\"><a href=\"https:\/\/agora.xtec.cat\/ecasolsones\/wp-content\/uploads\/usu1746\/2023\/09\/Diapositiva15.jpg\"><img loading=\"lazy\" decoding=\"async\" class=\"aligncenter size-full wp-image-2077\" src=\"https:\/\/agora.xtec.cat\/ecasolsones\/wp-content\/uploads\/usu1746\/2023\/09\/Diapositiva15.jpg\" alt=\"\" width=\"1008\" height=\"1344\" srcset=\"https:\/\/agora.xtec.cat\/ecasolsones\/wp-content\/uploads\/usu1746\/2023\/09\/Diapositiva15.jpg 1008w, https:\/\/agora.xtec.cat\/ecasolsones\/wp-content\/uploads\/usu1746\/2023\/09\/Diapositiva15-225x300.jpg 225w, https:\/\/agora.xtec.cat\/ecasolsones\/wp-content\/uploads\/usu1746\/2023\/09\/Diapositiva15-768x1024.jpg 768w\" sizes=\"auto, (max-width: 1008px) 100vw, 1008px\" \/><\/a><\/td>\n<\/tr>\n<tr>\n<td style=\"width: 25%;\"><a href=\"https:\/\/agora.xtec.cat\/ecasolsones\/wp-content\/uploads\/usu1746\/2023\/09\/Diapositiva16.jpg\"><img loading=\"lazy\" decoding=\"async\" class=\"aligncenter size-full wp-image-2078\" src=\"https:\/\/agora.xtec.cat\/ecasolsones\/wp-content\/uploads\/usu1746\/2023\/09\/Diapositiva16.jpg\" alt=\"\" width=\"1008\" height=\"1344\" srcset=\"https:\/\/agora.xtec.cat\/ecasolsones\/wp-content\/uploads\/usu1746\/2023\/09\/Diapositiva16.jpg 1008w, https:\/\/agora.xtec.cat\/ecasolsones\/wp-content\/uploads\/usu1746\/2023\/09\/Diapositiva16-225x300.jpg 225w, https:\/\/agora.xtec.cat\/ecasolsones\/wp-content\/uploads\/usu1746\/2023\/09\/Diapositiva16-768x1024.jpg 768w\" sizes=\"auto, (max-width: 1008px) 100vw, 1008px\" \/><\/a><\/td>\n<td style=\"width: 25.0236%;\"><a href=\"https:\/\/agora.xtec.cat\/ecasolsones\/wp-content\/uploads\/usu1746\/2024\/05\/Diapositiva18.jpg\"><img loading=\"lazy\" decoding=\"async\" class=\"alignright size-large wp-image-2526\" src=\"https:\/\/agora.xtec.cat\/ecasolsones\/wp-content\/uploads\/usu1746\/2024\/05\/Diapositiva18-768x1024.jpg\" alt=\"\" width=\"768\" height=\"1024\" srcset=\"https:\/\/agora.xtec.cat\/ecasolsones\/wp-content\/uploads\/usu1746\/2024\/05\/Diapositiva18-768x1024.jpg 768w, https:\/\/agora.xtec.cat\/ecasolsones\/wp-content\/uploads\/usu1746\/2024\/05\/Diapositiva18-225x300.jpg 225w, https:\/\/agora.xtec.cat\/ecasolsones\/wp-content\/uploads\/usu1746\/2024\/05\/Diapositiva18.jpg 1008w\" sizes=\"auto, (max-width: 768px) 100vw, 768px\" \/><\/a><\/td>\n<td style=\"width: 25.0236%;\"><a href=\"https:\/\/agora.xtec.cat\/ecasolsones\/wp-content\/uploads\/usu1746\/2024\/05\/Diapositiva19-1.jpg\"><img loading=\"lazy\" decoding=\"async\" class=\"alignright size-large wp-image-2531\" src=\"https:\/\/agora.xtec.cat\/ecasolsones\/wp-content\/uploads\/usu1746\/2024\/05\/Diapositiva19-1-768x1024.jpg\" alt=\"\" width=\"768\" height=\"1024\" srcset=\"https:\/\/agora.xtec.cat\/ecasolsones\/wp-content\/uploads\/usu1746\/2024\/05\/Diapositiva19-1-768x1024.jpg 768w, https:\/\/agora.xtec.cat\/ecasolsones\/wp-content\/uploads\/usu1746\/2024\/05\/Diapositiva19-1-225x300.jpg 225w, https:\/\/agora.xtec.cat\/ecasolsones\/wp-content\/uploads\/usu1746\/2024\/05\/Diapositiva19-1.jpg 1008w\" sizes=\"auto, (max-width: 768px) 100vw, 768px\" \/><\/a><\/td>\n<td style=\"width: 25%;\"><a href=\"https:\/\/agora.xtec.cat\/ecasolsones\/wp-content\/uploads\/usu1746\/2024\/05\/Diapositiva17.jpg\"><img loading=\"lazy\" decoding=\"async\" class=\"alignright size-large wp-image-2525\" src=\"https:\/\/agora.xtec.cat\/ecasolsones\/wp-content\/uploads\/usu1746\/2024\/05\/Diapositiva17-768x1024.jpg\" alt=\"\" width=\"768\" height=\"1024\" srcset=\"https:\/\/agora.xtec.cat\/ecasolsones\/wp-content\/uploads\/usu1746\/2024\/05\/Diapositiva17-768x1024.jpg 768w, https:\/\/agora.xtec.cat\/ecasolsones\/wp-content\/uploads\/usu1746\/2024\/05\/Diapositiva17-225x300.jpg 225w, https:\/\/agora.xtec.cat\/ecasolsones\/wp-content\/uploads\/usu1746\/2024\/05\/Diapositiva17.jpg 1008w\" sizes=\"auto, (max-width: 768px) 100vw, 768px\" \/><\/a><\/td>\n<\/tr>\n<tr>\n<td style=\"width: 25%;\"><a href=\"https:\/\/agora.xtec.cat\/ecasolsones\/wp-content\/uploads\/usu1746\/2024\/05\/Diapositiva20.jpg\"><img loading=\"lazy\" decoding=\"async\" class=\"alignright size-large wp-image-2528\" src=\"https:\/\/agora.xtec.cat\/ecasolsones\/wp-content\/uploads\/usu1746\/2024\/05\/Diapositiva20-768x1024.jpg\" alt=\"\" width=\"768\" height=\"1024\" srcset=\"https:\/\/agora.xtec.cat\/ecasolsones\/wp-content\/uploads\/usu1746\/2024\/05\/Diapositiva20-768x1024.jpg 768w, https:\/\/agora.xtec.cat\/ecasolsones\/wp-content\/uploads\/usu1746\/2024\/05\/Diapositiva20-225x300.jpg 225w, https:\/\/agora.xtec.cat\/ecasolsones\/wp-content\/uploads\/usu1746\/2024\/05\/Diapositiva20.jpg 1008w\" sizes=\"auto, (max-width: 768px) 100vw, 768px\" \/><\/a><\/td>\n<td style=\"width: 25.0236%;\"><a href=\"https:\/\/agora.xtec.cat\/ecasolsones\/wp-content\/uploads\/usu1746\/2024\/05\/Diapositiva21.jpg\"><img loading=\"lazy\" decoding=\"async\" class=\"alignright size-large wp-image-2529\" src=\"https:\/\/agora.xtec.cat\/ecasolsones\/wp-content\/uploads\/usu1746\/2024\/05\/Diapositiva21-768x1024.jpg\" alt=\"\" width=\"768\" height=\"1024\" srcset=\"https:\/\/agora.xtec.cat\/ecasolsones\/wp-content\/uploads\/usu1746\/2024\/05\/Diapositiva21-768x1024.jpg 768w, https:\/\/agora.xtec.cat\/ecasolsones\/wp-content\/uploads\/usu1746\/2024\/05\/Diapositiva21-225x300.jpg 225w, https:\/\/agora.xtec.cat\/ecasolsones\/wp-content\/uploads\/usu1746\/2024\/05\/Diapositiva21.jpg 1008w\" sizes=\"auto, (max-width: 768px) 100vw, 768px\" \/><\/a><\/td>\n<td style=\"width: 25.0236%;\"><\/td>\n<td style=\"width: 25%;\"><\/td>\n<\/tr>\n<\/tbody>\n<\/table>\n","protected":false},"excerpt":{"rendered":"<p>Accions per a la millora de la sostenibilitat i la lluita contra l&#8217;emerg\u00e8ncia clim\u00e0tica<br \/>\nA l\u2019Escola Agr\u00e0ria del Solson\u00e8s \u00e9s ferm el comprom\u00eds amb la sostenibilitat, la qualitat i la protecci\u00f3 del medi ambient. Ho fa pal\u00e8s la certificaci\u00f3 de les normes <a href=\"https:\/\/agora.xtec.cat\/ecasolsones\/wp-content\/uploads\/usu1746\/2024\/05\/14001-CAT-ESCOLA-AGRARIA-DEL-SOLSONES_signed.pdf\" target=\"_blank\" rel=\"noopener\">ISO&hellip;  <a href=\"https:\/\/agora.xtec.cat\/ecasolsones\/escola\/qualitat\/sostenibilitat-ea\/\" title=\"Read Gesti\u00f3 ambiental\">Llegeix m\u00e9s\u00bb<\/a><\/p>\n","protected":false},"author":1,"featured_media":0,"parent":46,"menu_order":1,"comment_status":"closed","ping_status":"closed","template":"page-templates\/side-menu.php","meta":{"_bbp_topic_count":0,"_bbp_reply_count":0,"_bbp_total_topic_count":0,"_bbp_total_reply_count":0,"_bbp_voice_count":0,"_bbp_anonymous_reply_count":0,"_bbp_topic_count_hidden":0,"_bbp_reply_count_hidden":0,"_bbp_forum_subforum_count":0,"footnotes":""},"class_list":["post-2066","page","type-page","status-publish","hentry"],"post_mailing_queue_ids":[],"_links":{"self":[{"href":"https:\/\/agora.xtec.cat\/ecasolsones\/wp-json\/wp\/v2\/pages\/2066","targetHints":{"allow":["GET"]}}],"collection":[{"href":"https:\/\/agora.xtec.cat\/ecasolsones\/wp-json\/wp\/v2\/pages"}],"about":[{"href":"https:\/\/agora.xtec.cat\/ecasolsones\/wp-json\/wp\/v2\/types\/page"}],"author":[{"embeddable":true,"href":"https:\/\/agora.xtec.cat\/ecasolsones\/wp-json\/wp\/v2\/users\/1"}],"replies":[{"embeddable":true,"href":"https:\/\/agora.xtec.cat\/ecasolsones\/wp-json\/wp\/v2\/comments?post=2066"}],"version-history":[{"count":6,"href":"https:\/\/agora.xtec.cat\/ecasolsones\/wp-json\/wp\/v2\/pages\/2066\/revisions"}],"predecessor-version":[{"id":3479,"href":"https:\/\/agora.xtec.cat\/ecasolsones\/wp-json\/wp\/v2\/pages\/2066\/revisions\/3479"}],"up":[{"embeddable":true,"href":"https:\/\/agora.xtec.cat\/ecasolsones\/wp-json\/wp\/v2\/pages\/46"}],"wp:attachment":[{"href":"https:\/\/agora.xtec.cat\/ecasolsones\/wp-json\/wp\/v2\/media?parent=2066"}],"curies":[{"name":"wp","href":"https:\/\/api.w.org\/{rel}","templated":true}]}}