{"id":19,"date":"2014-09-17T14:56:56","date_gmt":"2014-09-17T12:56:56","guid":{"rendered":"http:\/\/agora.xtec.cat\/ecasolsones\/?page_id=19"},"modified":"2025-03-21T13:01:32","modified_gmt":"2025-03-21T12:01:32","slug":"escola","status":"publish","type":"page","link":"https:\/\/agora.xtec.cat\/ecasolsones\/escola\/","title":{"rendered":"L&#8217;Escola Agr\u00e0ria del Solson\u00e8s"},"content":{"rendered":"<p style=\"text-align: justify;\">L\u2019Escola Agr\u00e0ria del Solson\u00e8s \u00e9s un centre p\u00fablic del <a href=\"http:\/\/agricultura.gencat.cat\/ca\/inici\" target=\"_blank\" rel=\"noopener\">Departament d&#8217;Agricultura, Ramaderia, Pesca i Alimentaci\u00f3<\/a> de la Generalitat de Catalunya. Des del curs 2024-25 \u00e9s <a href=\"https:\/\/agricultura.gencat.cat\/ca\/ambits\/formacio-innovacio\/centres-formacio-professional-integrada\/sector-forestal\/\" target=\"_blank\" rel=\"noopener\"><strong>Centre coordinador de Formaci\u00f3 Professional Integrada (CFPI) Forestal<\/strong><\/a> del Servei de Formaci\u00f3 Agr\u00e0ria. Juntament amb l&#8217;Escola Agr\u00e0ria del Pirineu i l&#8217;Escola Agr\u00e0ria i Forestal de Santa Coloma de Farners forma una agrupaci\u00f3 de centres amb l&#8217;objectiu de donar resposta a les necessitats formatives del sector forestal mitjan\u00e7ant una oferta de cicles formatius de grau superior, cursos i jornades de formaci\u00f3 cont\u00ednua i certificats professionals, aix\u00ed com l&#8217;assessorament i l&#8217;acreditaci\u00f3 de compet\u00e8ncies professionals.<\/p>\n<p><a href=\"https:\/\/agora.xtec.cat\/ecasolsones\/wp-content\/uploads\/usu1746\/2023\/04\/WhatsApp-Image-2023-04-21-at-11.53.28-AM-e1682070977155.jpeg\"><img loading=\"lazy\" decoding=\"async\" class=\"aligncenter size-full wp-image-1884\" src=\"https:\/\/agora.xtec.cat\/ecasolsones\/wp-content\/uploads\/usu1746\/2023\/04\/WhatsApp-Image-2023-04-21-at-11.53.28-AM-e1682070977155.jpeg\" alt=\"\" width=\"1600\" height=\"412\" srcset=\"https:\/\/agora.xtec.cat\/ecasolsones\/wp-content\/uploads\/usu1746\/2023\/04\/WhatsApp-Image-2023-04-21-at-11.53.28-AM-e1682070977155.jpeg 1600w, https:\/\/agora.xtec.cat\/ecasolsones\/wp-content\/uploads\/usu1746\/2023\/04\/WhatsApp-Image-2023-04-21-at-11.53.28-AM-e1682070977155-300x77.jpeg 300w, https:\/\/agora.xtec.cat\/ecasolsones\/wp-content\/uploads\/usu1746\/2023\/04\/WhatsApp-Image-2023-04-21-at-11.53.28-AM-e1682070977155-1024x264.jpeg 1024w, https:\/\/agora.xtec.cat\/ecasolsones\/wp-content\/uploads\/usu1746\/2023\/04\/WhatsApp-Image-2023-04-21-at-11.53.28-AM-e1682070977155-768x198.jpeg 768w, https:\/\/agora.xtec.cat\/ecasolsones\/wp-content\/uploads\/usu1746\/2023\/04\/WhatsApp-Image-2023-04-21-at-11.53.28-AM-e1682070977155-1536x396.jpeg 1536w\" sizes=\"auto, (max-width: 1600px) 100vw, 1600px\" \/><\/a><\/p>\n<p style=\"text-align: justify;\">Es troba al municipi d\u2019Olius, a la comarca del Solson\u00e8s, al Prepirineu central. T\u00e9 com a finalitat oferir una formaci\u00f3 integral i de qualitat en els \u00e0mbits agr\u00edcola, ramader i forestal. Amb quaranta anys d\u2019experi\u00e8ncia treballant amb formaci\u00f3 reglada i cont\u00ednua i amb grups redu\u00efts d\u2019alumnes, ofereix una formaci\u00f3 professionalitzadora i eminentment pr\u00e0ctica que permet diverses sortides laborals en una societat que demana personal t\u00e8cnic cada vegada m\u00e9s qualificat.<\/p>\n<p style=\"text-align: justify;\">A l\u2019Escola Agr\u00e0ria del Solson\u00e8s s\u2019imparteix formaci\u00f3 per al sector rural: agricultura, ramaderia i forestal. La seva ubicaci\u00f3, al Prepirineu central, permet una relaci\u00f3 directa amb l\u2019entorn on hi trobem extensos boscos i explotacions agr\u00edcoles i ramaderes.<\/p>\n<p style=\"text-align: center;\"><iframe loading=\"lazy\" title=\"YouTube video player\" src=\"\/\/www.youtube.com\/embed\/1-9BfUctlZ4?si=tAVWqtkY6gM8X6Yb\" width=\"560\" height=\"315\" frameborder=\"0\" allowfullscreen=\"allowfullscreen\"><\/iframe><\/p>\n<p style=\"text-align: justify;\">Formem als joves i als professionals del sector rural a trav\u00e9s de:<\/p>\n<h1><a href=\"https:\/\/agora.xtec.cat\/ecasolsones\/cicles-formatius-de-grau-superior\/\"><span style=\"color: #008080;\">Cicles Formatius de Grau Superior<\/span><\/a><\/h1>\n<ul>\n<li><a href=\"https:\/\/agora.xtec.cat\/ecasolsones\/cicles-formatius-de-grau-superior\/paisatgisme-i-medi-rural\/\">Paisatgisme i medi rural. Perfil professional de gesti\u00f3 agropecu\u00e0ria<\/a><\/li>\n<li><a href=\"https:\/\/agora.xtec.cat\/ecasolsones\/cicles-formatius-de-grau-superior\/gestio-forestal\/\">Gesti\u00f3 forestal i del medi natural<\/a><\/li>\n<\/ul>\n<ul>\n<li style=\"list-style-type: none;\">\n<ul>\n<li>Pr\u00e0ctiques a empreses (FCT)<\/li>\n<li><a href=\"https:\/\/agora.xtec.cat\/ecasolsones\/escola\/internacionalitzacio\/\">Projectes de mobilitat internacional<\/a> (ERASMUS)<\/li>\n<\/ul>\n<\/li>\n<\/ul>\n<h1><a href=\"https:\/\/agora.xtec.cat\/ecasolsones\/formacio-continua\/\"><span style=\"color: #008080;\">Formaci\u00f3 cont\u00ednua<\/span><\/a><\/h1>\n<ul>\n<li><a href=\"https:\/\/agora.xtec.cat\/ecasolsones\/formacio-continua\/cursos\/\">Cursos<\/a> (presencials o a dist\u00e0ncia)<\/li>\n<li><a href=\"https:\/\/agora.xtec.cat\/ecasolsones\/formacio-continua\/jornades\/\">Jornades<\/a> i activitats de transfer\u00e8ncia tecnol\u00f2gica.<\/li>\n<li>Incorporaci\u00f3 de joves a l\u2019empresa agr\u00e0ria<\/li>\n<\/ul>\n<h1><a href=\"https:\/\/agora.xtec.cat\/ecasolsones\/formacio-ocupacional\/\" target=\"_blank\" rel=\"noopener\"><span style=\"color: #008080;\">Formaci\u00f3 ocupacional<\/span><\/a><\/h1>\n<ul>\n<li>Certificat professional en <a href=\"https:\/\/agora.xtec.cat\/ecasolsones\/wp-content\/uploads\/usu1746\/2024\/11\/CP_Aprofitaments-forestals_EAS_DEF.pdf\" target=\"_blank\" rel=\"noopener\"><strong>aprofitaments forestals<\/strong><\/a><\/li>\n<li>Col\u00b7laboraci\u00f3 amb altres certificats professionals<\/li>\n<\/ul>\n<h1><a href=\"https:\/\/agora.xtec.cat\/ecasolsones\/orientacio-i-acreditacio-de-competencies\/\" target=\"_blank\" rel=\"noopener\"><span style=\"color: #008080;\">Orientaci\u00f3 i acreditaci\u00f3 de compet\u00e8ncies professionals en el sector forestal<\/span><\/a><\/h1>\n<ul>\n<li>Orientaci\u00f3 professional<\/li>\n<li>Acreditaci\u00f3 de compet\u00e8ncies professionals<\/li>\n<\/ul>\n<p><a href=\"https:\/\/agora.xtec.cat\/ecasolsones\/wp-content\/uploads\/usu1746\/2019\/10\/WhatsApp-Image-2019-05-13-at-12.43.03-4.jpeg\"><img loading=\"lazy\" decoding=\"async\" class=\"wp-image-479 aligncenter\" src=\"https:\/\/agora.xtec.cat\/ecasolsones\/wp-content\/uploads\/usu1746\/2019\/10\/WhatsApp-Image-2019-05-13-at-12.43.03-4-1024x768.jpeg\" alt=\"\" width=\"513\" height=\"385\" srcset=\"https:\/\/agora.xtec.cat\/ecasolsones\/wp-content\/uploads\/usu1746\/2019\/10\/WhatsApp-Image-2019-05-13-at-12.43.03-4.jpeg 1024w, https:\/\/agora.xtec.cat\/ecasolsones\/wp-content\/uploads\/usu1746\/2019\/10\/WhatsApp-Image-2019-05-13-at-12.43.03-4-300x225.jpeg 300w, https:\/\/agora.xtec.cat\/ecasolsones\/wp-content\/uploads\/usu1746\/2019\/10\/WhatsApp-Image-2019-05-13-at-12.43.03-4-768x576.jpeg 768w, https:\/\/agora.xtec.cat\/ecasolsones\/wp-content\/uploads\/usu1746\/2019\/10\/WhatsApp-Image-2019-05-13-at-12.43.03-4-200x150.jpeg 200w\" sizes=\"auto, (max-width: 513px) 100vw, 513px\" \/><\/a><\/p>\n<p><strong>Missi\u00f3:<\/strong> La nostra missi\u00f3 consisteix a contribuir a la qualificaci\u00f3 professional de les persones que volen desenvolupar o desenvolupen la seva activitat en el sector rural, agrari i forestal, mitjan\u00e7ant una formaci\u00f3 integral que els faciliti la inserci\u00f3 en el m\u00f3n laboral i els capaciti per continuar formant-se i afrontar amb competitivitat la seva tasca com a professionals d\u2019aquest sector. Aquest projecte de formaci\u00f3 es fonamenta en la integraci\u00f3 dels \u00e0mbits de la formaci\u00f3 inicial, de la formaci\u00f3 cont\u00ednua i de la transfer\u00e8ncia tecnol\u00f2gica, sota directrius i criteris d\u2019innovaci\u00f3 i de qualitat i millora cont\u00ednua.<\/p>\n<p style=\"text-align: justify;\"><strong>Visi\u00f3:<\/strong>\u00a0Volem ser un centre integrat de formaci\u00f3 i transfer\u00e8ncia tecnol\u00f2gica, especialitzat en agricultura i ramaderia extensives, gesti\u00f3 del medi natural i paisatgisme, connectat amb l\u2019entorn i de refer\u00e8ncia per al sector agroforestal de Catalunya. Volem ser un centre on puguem gaudir d\u2019un entorn de treball agradable, participatiu i motivador, i on l\u2019equip hum\u00e0 s\u2019impliqui en els projectes i el funcionament del centre.<\/p>\n<h1><span style=\"color: #008080;\">Resultats<\/span><\/h1>\n<p><strong>Formaci\u00f3 professional<\/strong><\/p>\n<ul>\n<li>Dos cicles formatius de grau superior: es formen entre 60 i 70 alumnes cada any.<\/li>\n<\/ul>\n<p><strong>Formaci\u00f3 permanent<\/strong><\/p>\n<ul>\n<li>Cursos i jornades de transfer\u00e8ncia tecnol\u00f2gica: 400 hores\/any i uns 400 alumnes\/any.<\/li>\n<li>Activitats de transfer\u00e8ncia tecnol\u00f2gica: aproximadament 12 jornades organitzades anualment.<\/li>\n<\/ul>\n<p><strong>Incorporaci\u00f3 de joves a l\u2019agricultura:<\/strong> una vintena d&#8217;alumnes tutoritzats anualment.<\/p>\n<p>M\u00e9s de 100 ofertes de feina gestionades anualment des de la borsa de treball de l\u2019escola i dirigides a antics alumnes.<\/p>\n<p>Per a m\u00e9s informaci\u00f3 sobre l&#8217;oferta de <strong>formaci\u00f3 professional<\/strong> de les <strong>Escoles Agr\u00e0ries<\/strong>, pots consultar aquest <strong><a href=\"https:\/\/agora.xtec.cat\/ecasolsones\/wp-content\/uploads\/usu1746\/2024\/03\/AAFF_forma_profesional-2024.pdf\" target=\"_blank\" rel=\"noopener\">fullet informatiu<\/a><\/strong>.\u00a0<a href=\"https:\/\/agora.xtec.cat\/ecasolsones\/wp-content\/uploads\/usu1746\/2019\/10\/logo-EAS.png\"><br \/>\n<img loading=\"lazy\" decoding=\"async\" class=\"size-full wp-image-475 aligncenter\" src=\"https:\/\/agora.xtec.cat\/ecasolsones\/wp-content\/uploads\/usu1746\/2019\/10\/logo-EAS.png\" alt=\"\" width=\"528\" height=\"340\" srcset=\"https:\/\/agora.xtec.cat\/ecasolsones\/wp-content\/uploads\/usu1746\/2019\/10\/logo-EAS.png 528w, https:\/\/agora.xtec.cat\/ecasolsones\/wp-content\/uploads\/usu1746\/2019\/10\/logo-EAS-300x193.png 300w\" sizes=\"auto, (max-width: 528px) 100vw, 528px\" \/><\/a><\/p>\n","protected":false},"excerpt":{"rendered":"<p>L\u2019Escola Agr\u00e0ria del Solson\u00e8s \u00e9s un centre p\u00fablic del <a href=\"http:\/\/agricultura.gencat.cat\/ca\/inici\" target=\"_blank\" rel=\"noopener\">Departament d&#8217;Agricultura, Ramaderia, Pesca i Alimentaci\u00f3<\/a> de la Generalitat de Catalunya. Des del curs 2024-25 \u00e9s <a href=\"https:\/\/agricultura.gencat.cat\/ca\/ambits\/formacio-innovacio\/centres-formacio-professional-integrada\/sector-forestal\/\" target=\"_blank\" rel=\"noopener\">Centre coordinador de Formaci\u00f3 Professional Integrada (CFPI) Forestal<\/a> del Servei de Formaci\u00f3 Agr\u00e0ria. Juntament&hellip;  <a href=\"https:\/\/agora.xtec.cat\/ecasolsones\/escola\/\" title=\"Read L&#8217;Escola Agr\u00e0ria del Solson\u00e8s\">Llegeix m\u00e9s\u00bb<\/a><\/p>\n","protected":false},"author":1,"featured_media":0,"parent":0,"menu_order":0,"comment_status":"closed","ping_status":"closed","template":"page-templates\/side-menu.php","meta":{"_bbp_topic_count":0,"_bbp_reply_count":0,"_bbp_total_topic_count":0,"_bbp_total_reply_count":0,"_bbp_voice_count":0,"_bbp_anonymous_reply_count":0,"_bbp_topic_count_hidden":0,"_bbp_reply_count_hidden":0,"_bbp_forum_subforum_count":0,"footnotes":""},"class_list":["post-19","page","type-page","status-publish","hentry"],"post_mailing_queue_ids":[],"_links":{"self":[{"href":"https:\/\/agora.xtec.cat\/ecasolsones\/wp-json\/wp\/v2\/pages\/19","targetHints":{"allow":["GET"]}}],"collection":[{"href":"https:\/\/agora.xtec.cat\/ecasolsones\/wp-json\/wp\/v2\/pages"}],"about":[{"href":"https:\/\/agora.xtec.cat\/ecasolsones\/wp-json\/wp\/v2\/types\/page"}],"author":[{"embeddable":true,"href":"https:\/\/agora.xtec.cat\/ecasolsones\/wp-json\/wp\/v2\/users\/1"}],"replies":[{"embeddable":true,"href":"https:\/\/agora.xtec.cat\/ecasolsones\/wp-json\/wp\/v2\/comments?post=19"}],"version-history":[{"count":7,"href":"https:\/\/agora.xtec.cat\/ecasolsones\/wp-json\/wp\/v2\/pages\/19\/revisions"}],"predecessor-version":[{"id":3001,"href":"https:\/\/agora.xtec.cat\/ecasolsones\/wp-json\/wp\/v2\/pages\/19\/revisions\/3001"}],"wp:attachment":[{"href":"https:\/\/agora.xtec.cat\/ecasolsones\/wp-json\/wp\/v2\/media?parent=19"}],"curies":[{"name":"wp","href":"https:\/\/api.w.org\/{rel}","templated":true}]}}