{"id":1685,"date":"2022-10-11T09:49:53","date_gmt":"2022-10-11T07:49:53","guid":{"rendered":"https:\/\/agora.xtec.cat\/ecasolsones\/?page_id=1685"},"modified":"2025-02-03T11:29:18","modified_gmt":"2025-02-03T10:29:18","slug":"estrategia-digital","status":"publish","type":"page","link":"https:\/\/agora.xtec.cat\/ecasolsones\/escola\/estrategia-digital\/","title":{"rendered":"Estrat\u00e8gia Digital de Centre"},"content":{"rendered":"<p>L\u2019estrat\u00e8gia Digital de Centre (EDC) defineix i concreta les l\u00ednies d\u2019actuaci\u00f3 de l&#8217;Escola Agr\u00e0ria del Solson\u00e8s que fan possible que personal docent, alumnat i centre assoleixin la compet\u00e8ncia digital. Per aconseguir aquesta compet\u00e8ncia digital, l\u2019EDC compr\u00e8n tots els \u00e0mbits de l&#8217;escola: organitzatius, metodol\u00f2gics, curriculars i comunicatius, els quals s\u2019han de veure necess\u00e0riament implicats i, si s&#8217;escau, transformats des d\u2019una perspectiva d\u2019innovaci\u00f3 i de millora cont\u00ednua.<\/p>\n<p>Durant el curs 2024-2025 tenim com a objectiu l&#8217;elaboraci\u00f3 d&#8217;aquesta estrat\u00e8gia, que es pot consultar <strong><a href=\"https:\/\/sites.google.com\/easolsones.cat\/estrategia-digital\/inici\" target=\"_blank\" rel=\"noopener\">aqu\u00ed<\/a><\/strong>.<\/p>\n<p><a href=\"https:\/\/sites.google.com\/easolsones.cat\/estrategia-digital\/inici\" target=\"_blank\" rel=\"noopener\"><img loading=\"lazy\" decoding=\"async\" class=\"aligncenter wp-image-1873\" src=\"https:\/\/agora.xtec.cat\/ecasolsones\/wp-content\/uploads\/usu1746\/2023\/03\/EstrategiaDigialCentre.jpg\" alt=\"\" width=\"928\" height=\"273\" srcset=\"https:\/\/agora.xtec.cat\/ecasolsones\/wp-content\/uploads\/usu1746\/2023\/03\/EstrategiaDigialCentre.jpg 993w, https:\/\/agora.xtec.cat\/ecasolsones\/wp-content\/uploads\/usu1746\/2023\/03\/EstrategiaDigialCentre-300x88.jpg 300w, https:\/\/agora.xtec.cat\/ecasolsones\/wp-content\/uploads\/usu1746\/2023\/03\/EstrategiaDigialCentre-768x226.jpg 768w\" sizes=\"auto, (max-width: 928px) 100vw, 928px\" \/><\/a><\/p>\n","protected":false},"excerpt":{"rendered":"<p>L\u2019estrat\u00e8gia Digital de Centre (EDC) defineix i concreta les l\u00ednies d\u2019actuaci\u00f3 de l&#8217;Escola Agr\u00e0ria del Solson\u00e8s que fan possible que personal docent, alumnat i centre assoleixin la compet\u00e8ncia digital. Per aconseguir aquesta compet\u00e8ncia digital, l\u2019EDC compr\u00e8n tots els \u00e0mbits de l&#8217;escola: organitzatius, metodol\u00f2gics, curriculars i&hellip;  <a href=\"https:\/\/agora.xtec.cat\/ecasolsones\/escola\/estrategia-digital\/\" title=\"Read Estrat\u00e8gia Digital de Centre\">Llegeix m\u00e9s\u00bb<\/a><\/p>\n","protected":false},"author":1,"featured_media":0,"parent":19,"menu_order":7,"comment_status":"closed","ping_status":"closed","template":"page-templates\/side-menu.php","meta":{"_bbp_topic_count":0,"_bbp_reply_count":0,"_bbp_total_topic_count":0,"_bbp_total_reply_count":0,"_bbp_voice_count":0,"_bbp_anonymous_reply_count":0,"_bbp_topic_count_hidden":0,"_bbp_reply_count_hidden":0,"_bbp_forum_subforum_count":0,"footnotes":""},"class_list":["post-1685","page","type-page","status-publish","hentry"],"post_mailing_queue_ids":[],"_links":{"self":[{"href":"https:\/\/agora.xtec.cat\/ecasolsones\/wp-json\/wp\/v2\/pages\/1685","targetHints":{"allow":["GET"]}}],"collection":[{"href":"https:\/\/agora.xtec.cat\/ecasolsones\/wp-json\/wp\/v2\/pages"}],"about":[{"href":"https:\/\/agora.xtec.cat\/ecasolsones\/wp-json\/wp\/v2\/types\/page"}],"author":[{"embeddable":true,"href":"https:\/\/agora.xtec.cat\/ecasolsones\/wp-json\/wp\/v2\/users\/1"}],"replies":[{"embeddable":true,"href":"https:\/\/agora.xtec.cat\/ecasolsones\/wp-json\/wp\/v2\/comments?post=1685"}],"version-history":[{"count":4,"href":"https:\/\/agora.xtec.cat\/ecasolsones\/wp-json\/wp\/v2\/pages\/1685\/revisions"}],"predecessor-version":[{"id":2899,"href":"https:\/\/agora.xtec.cat\/ecasolsones\/wp-json\/wp\/v2\/pages\/1685\/revisions\/2899"}],"up":[{"embeddable":true,"href":"https:\/\/agora.xtec.cat\/ecasolsones\/wp-json\/wp\/v2\/pages\/19"}],"wp:attachment":[{"href":"https:\/\/agora.xtec.cat\/ecasolsones\/wp-json\/wp\/v2\/media?parent=1685"}],"curies":[{"name":"wp","href":"https:\/\/api.w.org\/{rel}","templated":true}]}}