{"id":858,"date":"2021-04-15T18:19:33","date_gmt":"2021-04-15T16:19:33","guid":{"rendered":"https:\/\/agora.xtec.cat\/ecapallars\/?page_id=858"},"modified":"2026-01-29T10:44:06","modified_gmt":"2026-01-29T09:44:06","slug":"obrador-es-pallares","status":"publish","type":"page","link":"https:\/\/agora.xtec.cat\/ecapallars\/projectes-i-collaboracions\/obrador-es-pallares\/","title":{"rendered":"Obrador \u00c9s Pallar\u00e8s"},"content":{"rendered":"<h5>Tenim la gran sort de poder comptar amb l&#8217;ajuda i el suport de l&#8217;<a href=\"http:\/\/www.espallares.com\/ca\/\" target=\"_blank\" rel=\"noopener noreferrer\"><strong>obrador \u00c9s Pallar\u00e8s<\/strong><\/a>, una iniciativa gastron\u00f2mica ubicada a Tremp (Pallars Juss\u00e0).<\/h5>\n<p>Fruit d\u2019anys d\u2019experi\u00e8ncia en el <strong>m\u00f3n de l\u2019hostaleria i la cuina,\u00a0<\/strong>l&#8217;<strong>Oriol Pallar\u00e8s<\/strong> va posar en marxa l&#8217;<a href=\"http:\/\/www.espallares.com\/ca\/\" target=\"_blank\" rel=\"noopener noreferrer\">obrador <strong>\u00c9s Pallar\u00e8s <\/strong><\/a>per tal d\u2019elaborar productes artesanals i de qualitat. Ell \u00e9s un dels col\u00b7laboradors externs del nostre centre, la qual cosa ens permet aprendre de l&#8217;experi\u00e8ncia i els coneixements d&#8217;aquest gran professional i disposar de les instal\u00b7lacions de l&#8217;obrador per estudiar la<strong> transformaci\u00f3 agroaliment\u00e0ria de muntanya<\/strong>.<\/p>\n<p>&nbsp;<\/p>\n<div id='gallery-1' class='gallery galleryid-858 gallery-columns-2 gallery-size-medium'><figure class='gallery-item'>\n\t\t\t<div class='gallery-icon landscape'>\n\t\t\t\t<a href='https:\/\/agora.xtec.cat\/ecapallars\/projectes-i-collaboracions\/obrador-es-pallares\/attachment\/whc15c1-2\/'><img loading=\"lazy\" decoding=\"async\" width=\"300\" height=\"225\" src=\"https:\/\/agora.xtec.cat\/ecapallars\/wp-content\/uploads\/usu2194\/2021\/04\/WHC15C1-300x225.jpe\" class=\"attachment-medium size-medium\" alt=\"\" srcset=\"https:\/\/agora.xtec.cat\/ecapallars\/wp-content\/uploads\/usu2194\/2021\/04\/WHC15C1-300x225.jpe 300w, https:\/\/agora.xtec.cat\/ecapallars\/wp-content\/uploads\/usu2194\/2021\/04\/WHC15C1-768x576.jpe 768w, https:\/\/agora.xtec.cat\/ecapallars\/wp-content\/uploads\/usu2194\/2021\/04\/WHC15C1.jpe 1024w, https:\/\/agora.xtec.cat\/ecapallars\/wp-content\/uploads\/usu2194\/2021\/04\/WHC15C1-200x150.jpe 200w\" sizes=\"auto, (max-width: 300px) 100vw, 300px\" \/><\/a>\n\t\t\t<\/div><\/figure><figure class='gallery-item'>\n\t\t\t<div class='gallery-icon landscape'>\n\t\t\t\t<a href='https:\/\/agora.xtec.cat\/ecapallars\/projectes-i-collaboracions\/obrador-es-pallares\/attachment\/whc4481\/'><img loading=\"lazy\" decoding=\"async\" width=\"300\" height=\"225\" src=\"https:\/\/agora.xtec.cat\/ecapallars\/wp-content\/uploads\/usu2194\/2021\/04\/WHC4481-300x225.jpe\" class=\"attachment-medium size-medium\" alt=\"\" srcset=\"https:\/\/agora.xtec.cat\/ecapallars\/wp-content\/uploads\/usu2194\/2021\/04\/WHC4481-300x225.jpe 300w, https:\/\/agora.xtec.cat\/ecapallars\/wp-content\/uploads\/usu2194\/2021\/04\/WHC4481-768x576.jpe 768w, https:\/\/agora.xtec.cat\/ecapallars\/wp-content\/uploads\/usu2194\/2021\/04\/WHC4481.jpe 1024w, https:\/\/agora.xtec.cat\/ecapallars\/wp-content\/uploads\/usu2194\/2021\/04\/WHC4481-200x150.jpe 200w\" sizes=\"auto, (max-width: 300px) 100vw, 300px\" \/><\/a>\n\t\t\t<\/div><\/figure><figure class='gallery-item'>\n\t\t\t<div class='gallery-icon landscape'>\n\t\t\t\t<a href='https:\/\/agora.xtec.cat\/ecapallars\/projectes-i-collaboracions\/obrador-es-pallares\/attachment\/whatsa1-3\/'><img loading=\"lazy\" decoding=\"async\" width=\"300\" height=\"225\" src=\"https:\/\/agora.xtec.cat\/ecapallars\/wp-content\/uploads\/usu2194\/2021\/04\/WHATSA1-1-300x225.jpe\" class=\"attachment-medium size-medium\" alt=\"\" srcset=\"https:\/\/agora.xtec.cat\/ecapallars\/wp-content\/uploads\/usu2194\/2021\/04\/WHATSA1-1-300x225.jpe 300w, https:\/\/agora.xtec.cat\/ecapallars\/wp-content\/uploads\/usu2194\/2021\/04\/WHATSA1-1-768x576.jpe 768w, https:\/\/agora.xtec.cat\/ecapallars\/wp-content\/uploads\/usu2194\/2021\/04\/WHATSA1-1.jpe 1024w, https:\/\/agora.xtec.cat\/ecapallars\/wp-content\/uploads\/usu2194\/2021\/04\/WHATSA1-1-200x150.jpe 200w\" sizes=\"auto, (max-width: 300px) 100vw, 300px\" \/><\/a>\n\t\t\t<\/div><\/figure><figure class='gallery-item'>\n\t\t\t<div class='gallery-icon landscape'>\n\t\t\t\t<a href='https:\/\/agora.xtec.cat\/ecapallars\/projectes-i-collaboracions\/obrador-es-pallares\/attachment\/whatsapp-image-2020-12-18-at-12-20-02-3\/'><img loading=\"lazy\" decoding=\"async\" width=\"300\" height=\"225\" src=\"https:\/\/agora.xtec.cat\/ecapallars\/wp-content\/uploads\/usu2194\/2021\/04\/WhatsApp-Image-2020-12-18-at-12.20.02-300x225.jpeg\" class=\"attachment-medium size-medium\" alt=\"\" srcset=\"https:\/\/agora.xtec.cat\/ecapallars\/wp-content\/uploads\/usu2194\/2021\/04\/WhatsApp-Image-2020-12-18-at-12.20.02-300x225.jpeg 300w, https:\/\/agora.xtec.cat\/ecapallars\/wp-content\/uploads\/usu2194\/2021\/04\/WhatsApp-Image-2020-12-18-at-12.20.02-768x576.jpeg 768w, https:\/\/agora.xtec.cat\/ecapallars\/wp-content\/uploads\/usu2194\/2021\/04\/WhatsApp-Image-2020-12-18-at-12.20.02-1024x768.jpeg 1024w, https:\/\/agora.xtec.cat\/ecapallars\/wp-content\/uploads\/usu2194\/2021\/04\/WhatsApp-Image-2020-12-18-at-12.20.02-200x150.jpeg 200w, https:\/\/agora.xtec.cat\/ecapallars\/wp-content\/uploads\/usu2194\/2021\/04\/WhatsApp-Image-2020-12-18-at-12.20.02.jpeg 1600w\" sizes=\"auto, (max-width: 300px) 100vw, 300px\" \/><\/a>\n\t\t\t<\/div><\/figure><figure class='gallery-item'>\n\t\t\t<div class='gallery-icon landscape'>\n\t\t\t\t<a href='https:\/\/agora.xtec.cat\/ecapallars\/projectes-i-collaboracions\/obrador-es-pallares\/attachment\/whatsa1-2\/'><img loading=\"lazy\" decoding=\"async\" width=\"300\" height=\"225\" src=\"https:\/\/agora.xtec.cat\/ecapallars\/wp-content\/uploads\/usu2194\/2021\/04\/WHATSA1-300x225.jpe\" class=\"attachment-medium size-medium\" alt=\"\" srcset=\"https:\/\/agora.xtec.cat\/ecapallars\/wp-content\/uploads\/usu2194\/2021\/04\/WHATSA1-300x225.jpe 300w, https:\/\/agora.xtec.cat\/ecapallars\/wp-content\/uploads\/usu2194\/2021\/04\/WHATSA1-768x576.jpe 768w, https:\/\/agora.xtec.cat\/ecapallars\/wp-content\/uploads\/usu2194\/2021\/04\/WHATSA1.jpe 1024w, https:\/\/agora.xtec.cat\/ecapallars\/wp-content\/uploads\/usu2194\/2021\/04\/WHATSA1-200x150.jpe 200w\" sizes=\"auto, (max-width: 300px) 100vw, 300px\" \/><\/a>\n\t\t\t<\/div><\/figure><figure class='gallery-item'>\n\t\t\t<div class='gallery-icon landscape'>\n\t\t\t\t<a href='https:\/\/agora.xtec.cat\/ecapallars\/projectes-i-collaboracions\/obrador-es-pallares\/attachment\/wh48111\/'><img loading=\"lazy\" decoding=\"async\" width=\"300\" height=\"225\" src=\"https:\/\/agora.xtec.cat\/ecapallars\/wp-content\/uploads\/usu2194\/2021\/04\/WH48111-300x225.jpe\" class=\"attachment-medium size-medium\" alt=\"\" srcset=\"https:\/\/agora.xtec.cat\/ecapallars\/wp-content\/uploads\/usu2194\/2021\/04\/WH48111-300x225.jpe 300w, https:\/\/agora.xtec.cat\/ecapallars\/wp-content\/uploads\/usu2194\/2021\/04\/WH48111-768x576.jpe 768w, https:\/\/agora.xtec.cat\/ecapallars\/wp-content\/uploads\/usu2194\/2021\/04\/WH48111.jpe 1024w, https:\/\/agora.xtec.cat\/ecapallars\/wp-content\/uploads\/usu2194\/2021\/04\/WH48111-200x150.jpe 200w\" sizes=\"auto, (max-width: 300px) 100vw, 300px\" \/><\/a>\n\t\t\t<\/div><\/figure>\n\t\t<\/div>\n\n","protected":false},"excerpt":{"rendered":"<p>Tenim la gran sort de poder comptar amb l&#8217;ajuda i el suport de l&#8217;obrador \u00c9s Pallar\u00e8s, una iniciativa gastron\u00f2mica ubicada a Tremp (Pallars Juss\u00e0). Fruit d\u2019anys d\u2019experi\u00e8ncia en el m\u00f3n de l\u2019hostaleria i la cuina,\u00a0l&#8217;Oriol Pallar\u00e8s va posar en marxa l&#8217;obrador \u00c9s Pallar\u00e8s per tal d\u2019elaborar productes artesanals i de qualitat. Ell \u00e9s un dels [&hellip;]<\/p>\n","protected":false},"author":1,"featured_media":0,"parent":523,"menu_order":0,"comment_status":"closed","ping_status":"closed","template":"","meta":{"_bbp_topic_count":0,"_bbp_reply_count":0,"_bbp_total_topic_count":0,"_bbp_total_reply_count":0,"_bbp_voice_count":0,"_bbp_anonymous_reply_count":0,"_bbp_topic_count_hidden":0,"_bbp_reply_count_hidden":0,"_bbp_forum_subforum_count":0,"site-sidebar-layout":"default","site-content-layout":"","ast-site-content-layout":"","site-content-style":"default","site-sidebar-style":"default","ast-global-header-display":"","ast-banner-title-visibility":"","ast-main-header-display":"","ast-hfb-above-header-display":"","ast-hfb-below-header-display":"","ast-hfb-mobile-header-display":"","site-post-title":"","ast-breadcrumbs-content":"","ast-featured-img":"","footer-sml-layout":"","theme-transparent-header-meta":"","adv-header-id-meta":"","stick-header-meta":"","header-above-stick-meta":"","header-main-stick-meta":"","header-below-stick-meta":"","astra-migrate-meta-layouts":"default","ast-page-background-enabled":"default","ast-page-background-meta":{"desktop":{"background-color":"var(--ast-global-color-4)","background-image":"","background-repeat":"repeat","background-position":"center center","background-size":"auto","background-attachment":"scroll","background-type":"","background-media":"","overlay-type":"","overlay-color":"","overlay-opacity":"","overlay-gradient":""},"tablet":{"background-color":"","background-image":"","background-repeat":"repeat","background-position":"center center","background-size":"auto","background-attachment":"scroll","background-type":"","background-media":"","overlay-type":"","overlay-color":"","overlay-opacity":"","overlay-gradient":""},"mobile":{"background-color":"","background-image":"","background-repeat":"repeat","background-position":"center center","background-size":"auto","background-attachment":"scroll","background-type":"","background-media":"","overlay-type":"","overlay-color":"","overlay-opacity":"","overlay-gradient":""}},"ast-content-background-meta":{"desktop":{"background-color":"var(--ast-global-color-5)","background-image":"","background-repeat":"repeat","background-position":"center center","background-size":"auto","background-attachment":"scroll","background-type":"","background-media":"","overlay-type":"","overlay-color":"","overlay-opacity":"","overlay-gradient":""},"tablet":{"background-color":"var(--ast-global-color-5)","background-image":"","background-repeat":"repeat","background-position":"center center","background-size":"auto","background-attachment":"scroll","background-type":"","background-media":"","overlay-type":"","overlay-color":"","overlay-opacity":"","overlay-gradient":""},"mobile":{"background-color":"var(--ast-global-color-5)","background-image":"","background-repeat":"repeat","background-position":"center center","background-size":"auto","background-attachment":"scroll","background-type":"","background-media":"","overlay-type":"","overlay-color":"","overlay-opacity":"","overlay-gradient":""}},"footnotes":""},"class_list":["post-858","page","type-page","status-publish","hentry"],"post_mailing_queue_ids":[],"_links":{"self":[{"href":"https:\/\/agora.xtec.cat\/ecapallars\/wp-json\/wp\/v2\/pages\/858","targetHints":{"allow":["GET"]}}],"collection":[{"href":"https:\/\/agora.xtec.cat\/ecapallars\/wp-json\/wp\/v2\/pages"}],"about":[{"href":"https:\/\/agora.xtec.cat\/ecapallars\/wp-json\/wp\/v2\/types\/page"}],"author":[{"embeddable":true,"href":"https:\/\/agora.xtec.cat\/ecapallars\/wp-json\/wp\/v2\/users\/1"}],"replies":[{"embeddable":true,"href":"https:\/\/agora.xtec.cat\/ecapallars\/wp-json\/wp\/v2\/comments?post=858"}],"version-history":[{"count":4,"href":"https:\/\/agora.xtec.cat\/ecapallars\/wp-json\/wp\/v2\/pages\/858\/revisions"}],"predecessor-version":[{"id":2048,"href":"https:\/\/agora.xtec.cat\/ecapallars\/wp-json\/wp\/v2\/pages\/858\/revisions\/2048"}],"up":[{"embeddable":true,"href":"https:\/\/agora.xtec.cat\/ecapallars\/wp-json\/wp\/v2\/pages\/523"}],"wp:attachment":[{"href":"https:\/\/agora.xtec.cat\/ecapallars\/wp-json\/wp\/v2\/media?parent=858"}],"curies":[{"name":"wp","href":"https:\/\/api.w.org\/{rel}","templated":true}]}}