{"id":596,"date":"2020-09-16T12:57:14","date_gmt":"2020-09-16T10:57:14","guid":{"rendered":"https:\/\/agora.xtec.cat\/ecapallars\/?page_id=596"},"modified":"2023-02-08T11:56:23","modified_gmt":"2023-02-08T10:56:23","slug":"borsa-de-treball","status":"publish","type":"page","link":"https:\/\/agora.xtec.cat\/ecapallars\/lescola\/borsa-de-treball\/","title":{"rendered":"Borsa de treball"},"content":{"rendered":"<h5>Oferim un servei de <strong>borsa de treball<\/strong> per facilitar la <strong>incorporaci\u00f3 al m\u00f3n laboral<\/strong> dels nostres alumnes i exalumnes.<\/h5>\n<p>L\u2019objectiu principal de la <strong>borsa de treball<\/strong> \u00e9s facilitar la <strong>inserci\u00f3<\/strong> a la <strong>vida activa laboral<\/strong> d\u2019acord amb les aspiracions i interessos dels alumnes i exalumnes. Oferim una atenci\u00f3 i un acompanyament personalitzat per tal que puguin trobar un lloc en el <strong>mercat laboral<\/strong> actual. Tenim una bona relaci\u00f3 i proximitat amb el m\u00f3n professional del <strong>m\u00f3n agroalimentari<\/strong>\u00a0o d\u2019altres sectors que ens coneixen pels anys d\u2019experi\u00e8ncia i de dedicaci\u00f3.<\/p>\n<p>Actualment la borsa de treball gestiona, al llarg del curs escolar, totes les ofertes laborals rebudes a les catorze\u00a0<a href=\"http:\/\/agricultura.gencat.cat\/ca\/ambits\/formacio-innovacio\/escoles-agraries\/\"><strong>Escoles Agr\u00e0ries<\/strong><\/a>\u00a0del\u00a0<strong>Servei de Formaci\u00f3 Agr\u00e0ria<\/strong> del <a href=\"http:\/\/agricultura.gencat.cat\/ca\/inici\/\" target=\"_blank\" rel=\"noopener noreferrer\"><strong>Departament d\u2019Acci\u00f3 Clim\u00e0tica, Alimentaci\u00f3 i Agenda Rural<\/strong><\/a>, fruit d\u2019un treball col\u00b7laboratiu entre elles.<\/p>\n<p><strong>A QUI VA DIRIGIT?\u00a0<\/strong><\/p>\n<ul>\n<li style=\"list-style-type: none;\">\n<ul style=\"list-style-type: disc;\">\n<li>Exalumnes que malgrat haver finalitzat l\u2019etapa formativa a l\u2019escola poden seguir gaudint d&#8217;aquest servei.<\/li>\n<li>Alumnes que per necessitats i interessos volen accedir al m\u00f3n laboral.<\/li>\n<\/ul>\n<\/li>\n<\/ul>\n<p><strong>COM FUNCIONA?<\/strong><\/p>\n<p>Informem de les ofertes laborals rebudes, orientem segons les prefer\u00e8ncies i, acompanyem de manera personalitzada a tothom que vol fer \u00fas del servei.<\/p>\n<p>&nbsp;<\/p>\n<p style=\"text-align: center;\"><strong style=\"text-align: center;\">Per a m\u00e9s informaci\u00f3 pots contactar amb nosaltres:<\/strong><br style=\"text-align: center;\" \/><span style=\"text-align: center;\">Tel\u00e8fon: 973 650 179<\/span><br style=\"text-align: center;\" \/><span style=\"text-align: center;\">Correu electr\u00f2nic: alexandra.homs<span class=\"atwho-query\">@gencat.cat<\/span><\/span><\/p>\n","protected":false},"excerpt":{"rendered":"<p>Oferim un servei de borsa de treball per facilitar la incorporaci\u00f3 al m\u00f3n laboral dels nostres alumnes i exalumnes. L\u2019objectiu principal de la borsa de treball \u00e9s facilitar la inserci\u00f3 a la vida activa laboral d\u2019acord amb les aspiracions i interessos dels alumnes i exalumnes. Oferim una atenci\u00f3 i un acompanyament personalitzat per tal que [&hellip;]<\/p>\n","protected":false},"author":1,"featured_media":0,"parent":581,"menu_order":0,"comment_status":"closed","ping_status":"closed","template":"","meta":{"_bbp_topic_count":0,"_bbp_reply_count":0,"_bbp_total_topic_count":0,"_bbp_total_reply_count":0,"_bbp_voice_count":0,"_bbp_anonymous_reply_count":0,"_bbp_topic_count_hidden":0,"_bbp_reply_count_hidden":0,"_bbp_forum_subforum_count":0,"site-sidebar-layout":"default","site-content-layout":"","ast-site-content-layout":"","site-content-style":"default","site-sidebar-style":"default","ast-global-header-display":"","ast-banner-title-visibility":"","ast-main-header-display":"","ast-hfb-above-header-display":"","ast-hfb-below-header-display":"","ast-hfb-mobile-header-display":"","site-post-title":"","ast-breadcrumbs-content":"","ast-featured-img":"","footer-sml-layout":"","theme-transparent-header-meta":"","adv-header-id-meta":"","stick-header-meta":"","header-above-stick-meta":"","header-main-stick-meta":"","header-below-stick-meta":"","astra-migrate-meta-layouts":"default","ast-page-background-enabled":"default","ast-page-background-meta":{"desktop":{"background-color":"var(--ast-global-color-4)","background-image":"","background-repeat":"repeat","background-position":"center center","background-size":"auto","background-attachment":"scroll","background-type":"","background-media":"","overlay-type":"","overlay-color":"","overlay-opacity":"","overlay-gradient":""},"tablet":{"background-color":"","background-image":"","background-repeat":"repeat","background-position":"center center","background-size":"auto","background-attachment":"scroll","background-type":"","background-media":"","overlay-type":"","overlay-color":"","overlay-opacity":"","overlay-gradient":""},"mobile":{"background-color":"","background-image":"","background-repeat":"repeat","background-position":"center center","background-size":"auto","background-attachment":"scroll","background-type":"","background-media":"","overlay-type":"","overlay-color":"","overlay-opacity":"","overlay-gradient":""}},"ast-content-background-meta":{"desktop":{"background-color":"var(--ast-global-color-5)","background-image":"","background-repeat":"repeat","background-position":"center center","background-size":"auto","background-attachment":"scroll","background-type":"","background-media":"","overlay-type":"","overlay-color":"","overlay-opacity":"","overlay-gradient":""},"tablet":{"background-color":"var(--ast-global-color-5)","background-image":"","background-repeat":"repeat","background-position":"center center","background-size":"auto","background-attachment":"scroll","background-type":"","background-media":"","overlay-type":"","overlay-color":"","overlay-opacity":"","overlay-gradient":""},"mobile":{"background-color":"var(--ast-global-color-5)","background-image":"","background-repeat":"repeat","background-position":"center center","background-size":"auto","background-attachment":"scroll","background-type":"","background-media":"","overlay-type":"","overlay-color":"","overlay-opacity":"","overlay-gradient":""}},"footnotes":""},"class_list":["post-596","page","type-page","status-publish","hentry"],"post_mailing_queue_ids":[],"_links":{"self":[{"href":"https:\/\/agora.xtec.cat\/ecapallars\/wp-json\/wp\/v2\/pages\/596","targetHints":{"allow":["GET"]}}],"collection":[{"href":"https:\/\/agora.xtec.cat\/ecapallars\/wp-json\/wp\/v2\/pages"}],"about":[{"href":"https:\/\/agora.xtec.cat\/ecapallars\/wp-json\/wp\/v2\/types\/page"}],"author":[{"embeddable":true,"href":"https:\/\/agora.xtec.cat\/ecapallars\/wp-json\/wp\/v2\/users\/1"}],"replies":[{"embeddable":true,"href":"https:\/\/agora.xtec.cat\/ecapallars\/wp-json\/wp\/v2\/comments?post=596"}],"version-history":[{"count":4,"href":"https:\/\/agora.xtec.cat\/ecapallars\/wp-json\/wp\/v2\/pages\/596\/revisions"}],"predecessor-version":[{"id":1411,"href":"https:\/\/agora.xtec.cat\/ecapallars\/wp-json\/wp\/v2\/pages\/596\/revisions\/1411"}],"up":[{"embeddable":true,"href":"https:\/\/agora.xtec.cat\/ecapallars\/wp-json\/wp\/v2\/pages\/581"}],"wp:attachment":[{"href":"https:\/\/agora.xtec.cat\/ecapallars\/wp-json\/wp\/v2\/media?parent=596"}],"curies":[{"name":"wp","href":"https:\/\/api.w.org\/{rel}","templated":true}]}}