{"id":594,"date":"2020-09-16T12:56:55","date_gmt":"2020-09-16T10:56:55","guid":{"rendered":"https:\/\/agora.xtec.cat\/ecapallars\/?page_id=594"},"modified":"2023-02-08T11:53:37","modified_gmt":"2023-02-08T10:53:37","slug":"mobilitat-internacional","status":"publish","type":"page","link":"https:\/\/agora.xtec.cat\/ecapallars\/lescola\/mobilitat-internacional\/","title":{"rendered":"Mobilitat internacional"},"content":{"rendered":"<h5><img loading=\"lazy\" decoding=\"async\" class=\"wp-image-728 alignleft\" src=\"https:\/\/agora.xtec.cat\/ecapallars\/wp-content\/uploads\/usu2194\/2021\/01\/Mobilitat-internacional-1024x768.jpg\" alt=\"\" width=\"529\" height=\"397\" srcset=\"https:\/\/agora.xtec.cat\/ecapallars\/wp-content\/uploads\/usu2194\/2021\/01\/Mobilitat-internacional-1024x768.jpg 1024w, https:\/\/agora.xtec.cat\/ecapallars\/wp-content\/uploads\/usu2194\/2021\/01\/Mobilitat-internacional-300x225.jpg 300w, https:\/\/agora.xtec.cat\/ecapallars\/wp-content\/uploads\/usu2194\/2021\/01\/Mobilitat-internacional-768x576.jpg 768w, https:\/\/agora.xtec.cat\/ecapallars\/wp-content\/uploads\/usu2194\/2021\/01\/Mobilitat-internacional-200x150.jpg 200w, https:\/\/agora.xtec.cat\/ecapallars\/wp-content\/uploads\/usu2194\/2021\/01\/Mobilitat-internacional.jpg 1600w\" sizes=\"auto, (max-width: 529px) 100vw, 529px\" \/>Formem part del <strong>Programa de mobilitat formativa i cooperaci\u00f3 europea i internacional en els ensenyaments professionals<\/strong> que dona la possibilitat als alumnes de realitzar pr\u00e0ctiques a l&#8217;estranger.<\/h5>\n<p>Aquestes accions es duen a terme en el marc de projectes de cooperaci\u00f3 transnacional que el <strong><a href=\"http:\/\/educacio.gencat.cat\/ca\/inici\">Departament d\u2019Educaci\u00f3<\/a><\/strong> promou i gestiona, en l\u2019\u00e0mbit de la <strong>formaci\u00f3 professional<\/strong>, i en el marc de programes i iniciatives de la <strong>Uni\u00f3 Europea<\/strong>, com el programa <strong><a href=\"https:\/\/ec.europa.eu\/programmes\/erasmus-plus\/opportunities\/vocational-education-and-training-0_es\" target=\"_blank\" rel=\"noopener noreferrer\">Erasmus+<\/a>.\u00a0<\/strong><\/p>\n<p>El Departament d\u2019Educaci\u00f3, amb objectiu d\u2019incorporar la dimensi\u00f3 europea als <strong>ensenyaments professionals<\/strong>, i de millorar les compet\u00e8ncies professionals del seu alumnat i professorat, apropant-lo a la realitat socioecon\u00f2mica d\u2019altres pa\u00efsos, considera oport\u00fa dur a terme accions que els permetin realitzar <strong>estades formatives<\/strong> en empreses o entitats estrangeres.<\/p>\n<p>Aquestes estades representen una iniciativa de primer ordre per a la <strong>millora de la qualitat<\/strong> dels ensenyaments professionals. L\u2019<strong>Escola Agr\u00e0ria del Pallars<\/strong> ha participat durant molts anys d\u2019aquesta iniciativa, per\u00f2 actualment resta aturada a l\u2019espera de poder-la oferir en cursos vinents.<\/p>\n","protected":false},"excerpt":{"rendered":"<p>Formem part del Programa de mobilitat formativa i cooperaci\u00f3 europea i internacional en els ensenyaments professionals que dona la possibilitat als alumnes de realitzar pr\u00e0ctiques a l&#8217;estranger. Aquestes accions es duen a terme en el marc de projectes de cooperaci\u00f3 transnacional que el Departament d\u2019Educaci\u00f3 promou i gestiona, en l\u2019\u00e0mbit de la formaci\u00f3 professional, i [&hellip;]<\/p>\n","protected":false},"author":1,"featured_media":0,"parent":581,"menu_order":0,"comment_status":"closed","ping_status":"closed","template":"","meta":{"_bbp_topic_count":0,"_bbp_reply_count":0,"_bbp_total_topic_count":0,"_bbp_total_reply_count":0,"_bbp_voice_count":0,"_bbp_anonymous_reply_count":0,"_bbp_topic_count_hidden":0,"_bbp_reply_count_hidden":0,"_bbp_forum_subforum_count":0,"site-sidebar-layout":"default","site-content-layout":"","ast-site-content-layout":"","site-content-style":"default","site-sidebar-style":"default","ast-global-header-display":"","ast-banner-title-visibility":"","ast-main-header-display":"","ast-hfb-above-header-display":"","ast-hfb-below-header-display":"","ast-hfb-mobile-header-display":"","site-post-title":"","ast-breadcrumbs-content":"","ast-featured-img":"","footer-sml-layout":"","theme-transparent-header-meta":"","adv-header-id-meta":"","stick-header-meta":"","header-above-stick-meta":"","header-main-stick-meta":"","header-below-stick-meta":"","astra-migrate-meta-layouts":"default","ast-page-background-enabled":"default","ast-page-background-meta":{"desktop":{"background-color":"var(--ast-global-color-4)","background-image":"","background-repeat":"repeat","background-position":"center center","background-size":"auto","background-attachment":"scroll","background-type":"","background-media":"","overlay-type":"","overlay-color":"","overlay-opacity":"","overlay-gradient":""},"tablet":{"background-color":"","background-image":"","background-repeat":"repeat","background-position":"center center","background-size":"auto","background-attachment":"scroll","background-type":"","background-media":"","overlay-type":"","overlay-color":"","overlay-opacity":"","overlay-gradient":""},"mobile":{"background-color":"","background-image":"","background-repeat":"repeat","background-position":"center center","background-size":"auto","background-attachment":"scroll","background-type":"","background-media":"","overlay-type":"","overlay-color":"","overlay-opacity":"","overlay-gradient":""}},"ast-content-background-meta":{"desktop":{"background-color":"var(--ast-global-color-5)","background-image":"","background-repeat":"repeat","background-position":"center center","background-size":"auto","background-attachment":"scroll","background-type":"","background-media":"","overlay-type":"","overlay-color":"","overlay-opacity":"","overlay-gradient":""},"tablet":{"background-color":"var(--ast-global-color-5)","background-image":"","background-repeat":"repeat","background-position":"center center","background-size":"auto","background-attachment":"scroll","background-type":"","background-media":"","overlay-type":"","overlay-color":"","overlay-opacity":"","overlay-gradient":""},"mobile":{"background-color":"var(--ast-global-color-5)","background-image":"","background-repeat":"repeat","background-position":"center center","background-size":"auto","background-attachment":"scroll","background-type":"","background-media":"","overlay-type":"","overlay-color":"","overlay-opacity":"","overlay-gradient":""}},"footnotes":""},"class_list":["post-594","page","type-page","status-publish","hentry"],"post_mailing_queue_ids":[],"_links":{"self":[{"href":"https:\/\/agora.xtec.cat\/ecapallars\/wp-json\/wp\/v2\/pages\/594","targetHints":{"allow":["GET"]}}],"collection":[{"href":"https:\/\/agora.xtec.cat\/ecapallars\/wp-json\/wp\/v2\/pages"}],"about":[{"href":"https:\/\/agora.xtec.cat\/ecapallars\/wp-json\/wp\/v2\/types\/page"}],"author":[{"embeddable":true,"href":"https:\/\/agora.xtec.cat\/ecapallars\/wp-json\/wp\/v2\/users\/1"}],"replies":[{"embeddable":true,"href":"https:\/\/agora.xtec.cat\/ecapallars\/wp-json\/wp\/v2\/comments?post=594"}],"version-history":[{"count":3,"href":"https:\/\/agora.xtec.cat\/ecapallars\/wp-json\/wp\/v2\/pages\/594\/revisions"}],"predecessor-version":[{"id":1410,"href":"https:\/\/agora.xtec.cat\/ecapallars\/wp-json\/wp\/v2\/pages\/594\/revisions\/1410"}],"up":[{"embeddable":true,"href":"https:\/\/agora.xtec.cat\/ecapallars\/wp-json\/wp\/v2\/pages\/581"}],"wp:attachment":[{"href":"https:\/\/agora.xtec.cat\/ecapallars\/wp-json\/wp\/v2\/media?parent=594"}],"curies":[{"name":"wp","href":"https:\/\/api.w.org\/{rel}","templated":true}]}}